{"id":33,"date":"2014-07-07T14:45:03","date_gmt":"2014-07-07T17:45:03","guid":{"rendered":"https:\/\/wp.ufpel.edu.br\/ppgveterinaria\/?page_id=33"},"modified":"2026-04-27T09:40:21","modified_gmt":"2026-04-27T12:40:21","slug":"historico","status":"publish","type":"page","link":"https:\/\/wp.ufpel.edu.br\/ppgveterinaria\/programa\/historico\/","title":{"rendered":"Sobre o Programa"},"content":{"rendered":"<p>&nbsp;<\/p>\n<ul style=\"text-align: justify;\">\n<li><span style=\"color: #464646; font-family: georgia, palatino, serif; font-size: 12pt;\"><strong>Miss\u00e3o<\/strong><\/span><\/li>\n<\/ul>\n<p style=\"text-align: justify;\"><span style=\"color: #464646; font-family: georgia, palatino, serif; font-size: 12pt;\">O Programa de P\u00f3s-Gradua\u00e7\u00e3o em Veterin\u00e1ria (PPGV) da Universidade Federal de Pelotas (UFPel) possui a <strong>miss\u00e3o<\/strong> de formar profissionais de excel\u00eancia para atuar no ensino, pesquisa e extens\u00e3o, gerando inova\u00e7\u00e3o e desenvolvimento cient\u00edfico e tecnol\u00f3gico, nas \u00e1reas de Cl\u00ednica M\u00e9dica Veterin\u00e1ria,\u00a0 Reprodu\u00e7\u00e3o, Patologia Animal e Sa\u00fade \u00danica, fortalecendo a inser\u00e7\u00e3o social e as demandas Nacionais e Internacionais.<\/span><\/p>\n<p>&nbsp;<\/p>\n<ul style=\"text-align: justify;\">\n<li><span style=\"color: #464646; font-family: georgia, palatino, serif; font-size: 12pt;\"><strong style=\"line-height: 1.5;\">Valores<\/strong><\/span><\/li>\n<\/ul>\n<p style=\"text-align: justify;\"><span style=\"color: #464646; font-family: georgia, palatino, serif; font-size: 12pt;\">Os <strong>valores<\/strong> do PPGV incluem a transpar\u00eancia, a \u00e9tica, a responsabilidade ao meio ambiente, \u00e0 comunidade acad\u00eamica, e \u00e0 sociedade, o comprometimento \u00e0 sua miss\u00e3o e vis\u00e3o, e a obstina\u00e7\u00e3o pela qualidade e supera\u00e7\u00e3o de desempenho, num processo de melhoria cont\u00ednua.<\/span><\/p>\n<p>&nbsp;<\/p>\n<ul style=\"text-align: justify;\">\n<li style=\"text-align: justify;\"><span style=\"color: #464646; font-family: georgia, palatino, serif; font-size: 12pt;\"><strong>Objetivos<\/strong><\/span><\/li>\n<\/ul>\n<p style=\"text-align: justify;\"><span style=\"color: #464646; font-family: georgia, palatino, serif; font-size: 12pt;\">O PPGV\u00a0tem por objetivo formar e qualificar profissionais para o ensino, a pesquisa e a extens\u00e3o, gerando inova\u00e7\u00e3o e desenvolvimento cient\u00edfico e tecnol\u00f3gico na \u00e1rea de Medicina Veterin\u00e1ria e \u00e1reas afins. Neste sentido, o Programa acolhe estudantes n\u00e3o s\u00f3 da veterin\u00e1ria, como tamb\u00e9m de outras forma\u00e7\u00f5es superiores (\u00e1rea biol\u00f3gica, biotecnol\u00f3gica, pedag\u00f3gica, psicol\u00f3gica, farmac\u00eautica e tecnol\u00f3gica, por exemplo), diplomados por Institui\u00e7\u00f5es Nacionais reconhecidas ou por Institui\u00e7\u00f5es estrangeiras consideradas equivalentes.<\/span><\/p>\n<p>&nbsp;<\/p>\n<ul style=\"text-align: justify;\">\n<li><span style=\"color: #464646; font-family: georgia, palatino, serif; font-size: 12pt;\"><strong style=\"line-height: 1.5;\">Hist\u00f3rico<\/strong><\/span><\/li>\n<\/ul>\n<p style=\"line-height: 1.5; text-align: justify;\"><span style=\"color: #464646; font-family: georgia, palatino, serif; font-size: 12pt;\">O Programa de P\u00f3s-Gradua\u00e7\u00e3o da Faculdade de Veterin\u00e1ria foi criado em dezembro de 1975, sob a denomina\u00e7\u00e3o de Ornitopatologia, passando, em 1977, a ser chamado de Patologia Veterin\u00e1ria e, em 1980, Sanidade Animal. Desde sua cria\u00e7\u00e3o, o curso teve uma orienta\u00e7\u00e3o abrangente nas v\u00e1rias sub\u00e1reas da Medicina Veterin\u00e1ria e, em 1984, foi feita uma ampla reestrutura\u00e7\u00e3o curricular, direcionada para a Sanidade Animal, com disciplinas voltadas para o diagn\u00f3stico das doen\u00e7as de animais de produ\u00e7\u00e3o. A partir de 1995, a estrutura curricular sofreu novas modifica\u00e7\u00f5es substanciais com a adequa\u00e7\u00e3o das linhas de pesquisa. O Curso de Doutorado iniciou em 2006 e atualmente o Programa \u00e9 denominado Programa de P\u00f3s-Gradua\u00e7\u00e3o em Veterin\u00e1ria (PPGV). Os cursos de Mestrado e Doutorado do PPGV\/UFPel est\u00e3o consolidados e reconhecidos pela CAPES com conceito 6 e abrangem as seguintes sub\u00e1reas do conhecimento (CNPq): Cl\u00ednica Veterin\u00e1ria, Inspe\u00e7\u00e3o de Produtos de Origem Animal, Medicina Veterin\u00e1ria Preventiva, Patologia e Reprodu\u00e7\u00e3o Animal. O PPGV conta atualmente com 27 docentes (20 permanentes\/74% e 07 colaboradores\/26%), dos quais 15 s\u00e3o bolsistas do CNPq (13 s\u00e3o bolsistas de produtividade em pesquisa e 2 s\u00e3o bolsistas de desenvolvimento tecnol\u00f3gico), distribu\u00eddos em todas as linhas de pesquisa do Programa. Desde sua cria\u00e7\u00e3o at\u00e9 2026, o Programa j\u00e1 titulou 527 mestres e 180 doutores. <\/span><\/p>\n","protected":false},"excerpt":{"rendered":"<p>&nbsp; Miss\u00e3o O Programa de P\u00f3s-Gradua\u00e7\u00e3o em Veterin\u00e1ria (PPGV) da Universidade Federal de Pelotas (UFPel) possui a miss\u00e3o de formar profissionais de excel\u00eancia para atuar no ensino, pesquisa e extens\u00e3o, gerando inova\u00e7\u00e3o e desenvolvimento cient\u00edfico e tecnol\u00f3gico, nas \u00e1reas de Cl\u00ednica M\u00e9dica Veterin\u00e1ria,\u00a0 Reprodu\u00e7\u00e3o, Patologia Animal e Sa\u00fade \u00danica, fortalecendo a inser\u00e7\u00e3o social e as [&hellip;]<\/p>\n","protected":false},"author":391,"featured_media":0,"parent":4440,"menu_order":3,"comment_status":"closed","ping_status":"closed","template":"","meta":{"footnotes":""},"class_list":["post-33","page","type-page","status-publish","hentry"],"_links":{"self":[{"href":"https:\/\/wp.ufpel.edu.br\/ppgveterinaria\/wp-json\/wp\/v2\/pages\/33","targetHints":{"allow":["GET"]}}],"collection":[{"href":"https:\/\/wp.ufpel.edu.br\/ppgveterinaria\/wp-json\/wp\/v2\/pages"}],"about":[{"href":"https:\/\/wp.ufpel.edu.br\/ppgveterinaria\/wp-json\/wp\/v2\/types\/page"}],"author":[{"embeddable":true,"href":"https:\/\/wp.ufpel.edu.br\/ppgveterinaria\/wp-json\/wp\/v2\/users\/391"}],"replies":[{"embeddable":true,"href":"https:\/\/wp.ufpel.edu.br\/ppgveterinaria\/wp-json\/wp\/v2\/comments?post=33"}],"version-history":[{"count":3,"href":"https:\/\/wp.ufpel.edu.br\/ppgveterinaria\/wp-json\/wp\/v2\/pages\/33\/revisions"}],"predecessor-version":[{"id":7714,"href":"https:\/\/wp.ufpel.edu.br\/ppgveterinaria\/wp-json\/wp\/v2\/pages\/33\/revisions\/7714"}],"up":[{"embeddable":true,"href":"https:\/\/wp.ufpel.edu.br\/ppgveterinaria\/wp-json\/wp\/v2\/pages\/4440"}],"wp:attachment":[{"href":"https:\/\/wp.ufpel.edu.br\/ppgveterinaria\/wp-json\/wp\/v2\/media?parent=33"}],"curies":[{"name":"wp","href":"https:\/\/api.w.org\/{rel}","templated":true}]}}