{"id":2983,"date":"2017-03-21T10:24:44","date_gmt":"2017-03-21T13:24:44","guid":{"rendered":"https:\/\/wp.ufpel.edu.br\/ppgveterinaria\/?page_id=2983"},"modified":"2019-08-26T15:38:13","modified_gmt":"2019-08-26T18:38:13","slug":"2017-2","status":"publish","type":"page","link":"https:\/\/wp.ufpel.edu.br\/ppgveterinaria\/dissertacoesteses\/dissertacoes\/2017-2\/","title":{"rendered":"2017"},"content":{"rendered":"<p>&nbsp;<\/p>\n<ul>\n<li><span style=\"color: #464646\"><strong>Disserta\u00e7\u00f5es 2017<\/strong><\/span><\/li>\n<\/ul>\n<p>&nbsp;<\/p>\n<p><span style=\"color: #464646\">___________________________________________________________________________<\/span><\/p>\n<p><span style=\"color: #464646\"><strong>Alice Corr\u00eaa Santos\u00a0\u00a0\u00a0\u00a0\u00a0\u00a0<\/strong><\/span><\/p>\n<p><span style=\"font-style: inherit;font-weight: inherit;color: #464646\"><strong style=\"font-style: inherit\">T\u00edtulo: <\/strong><a style=\"color: #464646\" href=\"https:\/\/wp.ufpel.edu.br\/ppgveterinaria\/files\/2017\/03\/Alice-Corr\u00eaa-Santos.pdf\" target=\"_blank\" rel=\"noopener noreferrer\">Resposta vacinal \u00e0 prote\u00edna recombinante EMA-2 de Theileria equi em \u00e9guas prenhes e seu reflexo no neonato<\/a><\/span><\/p>\n<p><span style=\"color: #464646\"><strong>Orientador:<\/strong>\u00a0\u00a0Carlos Eduardo Wayne Nogueira<\/span><\/p>\n<p><span style=\"font-style: inherit;font-weight: inherit;color: #464646\"><strong style=\"font-style: inherit\">Data de Defesa:\u00a0<\/strong>10\/02\/2017<\/span><\/p>\n<p><span style=\"font-style: inherit;font-weight: inherit;color: #464646\">__________________________________________________________________________<\/span><\/p>\n<p><span style=\"color: #464646\"><strong>Anna Luiza Silva \u00a0 \u00a0\u00a0<\/strong><\/span><\/p>\n<p><span style=\"font-style: inherit;font-weight: inherit;color: #464646\"><strong style=\"font-style: inherit\">T\u00edtulo: <\/strong><a style=\"color: #464646\" href=\"https:\/\/wp.ufpel.edu.br\/ppgveterinaria\/files\/2018\/04\/Anna-Luiza-Silva.pdf\" target=\"_blank\" rel=\"noopener noreferrer\">Potencial da radia\u00e7\u00e3o ultravioleta na inibi\u00e7\u00e3o de fungos leveduriformes e filamentosos<\/a><\/span><\/p>\n<p><span style=\"color: #464646\"><strong>Orientador:<\/strong>\u00a0\u00a0M\u00e1rio Carlos Ara\u00fajo Meireles<\/span><\/p>\n<p><span style=\"font-style: inherit;font-weight: inherit;color: #464646\"><strong style=\"font-style: inherit\">Data de Defesa:\u00a0<\/strong>18\/12\/2017<\/span><\/p>\n<p><span style=\"font-style: inherit;font-weight: inherit;color: #464646\">__________________________________________________________________________<\/span><\/p>\n<p><span style=\"font-style: inherit;font-weight: inherit;color: #464646\"><strong style=\"font-style: inherit\">Camila Pizoni\u00a0\u00a0\u00a0<\/strong><\/span><\/p>\n<p><span style=\"font-style: inherit;font-weight: inherit;color: #464646\"><strong style=\"font-style: inherit\">T\u00edtulo: <\/strong><a style=\"color: #464646\" href=\"https:\/\/wp.ufpel.edu.br\/ppgveterinaria\/files\/2017\/03\/Camila-Pizoni.pdf\" target=\"_blank\" rel=\"noopener noreferrer\">Efeito da dieta ani\u00f4nica por diferentes per\u00edodos sobre o metabolismo de vacas leiteiras durante o periparto<\/a><\/span><\/p>\n<p><span style=\"color: #464646\"><strong>Orientador:<\/strong>\u00a0\u00a0Marcio Nunes Corr\u00eaa<\/span><\/p>\n<p><span style=\"font-style: inherit;font-weight: inherit;color: #464646\"><strong style=\"font-style: inherit\">Data de Defesa:\u00a0<\/strong>14\/02\/2017<\/span><\/p>\n<p><span style=\"font-style: inherit;font-weight: inherit;color: #464646\">__________________________________________________________________________<\/span><\/p>\n<p><span style=\"font-style: inherit;font-weight: inherit;color: #464646\"><strong style=\"font-style: inherit\">C<span style=\"color: #464646\">arolina Litchina Brasil<\/span><\/strong><\/span><\/p>\n<p><span style=\"font-style: inherit;font-weight: inherit;color: #464646\"><strong style=\"font-style: inherit\">T\u00edtulo: <\/strong><a style=\"color: #464646\" href=\"https:\/\/wp.ufpel.edu.br\/ppgveterinaria\/files\/2019\/01\/Carolina-Litchina-Brasil.pdf\" target=\"_blank\" rel=\"noopener noreferrer\">Avalia\u00e7\u00e3o do colostro de \u00e9guas e utiliza\u00e7\u00e3o da silagem (fermenta\u00e7\u00e3o anaer\u00f3bica) como m\u00e9todo substituto do colostro in natura<\/a><\/span><\/p>\n<p><span style=\"color: #464646\"><strong>Orientador:<\/strong>\u00a0\u00a0Carlos Eduardo Wayne Nogueira<\/span><\/p>\n<p><span style=\"font-style: inherit;font-weight: inherit;color: #464646\"><strong style=\"font-style: inherit\">Data de Defesa:\u00a0<\/strong>07\/02\/2017<\/span><\/p>\n<p><span style=\"font-style: inherit;font-weight: inherit;color: #464646\">__________________________________________________________________________<\/span><\/p>\n<p><span style=\"font-style: inherit;font-weight: inherit;color: #464646\"><strong style=\"font-style: inherit\">Caroline Dewes\u00a0\u00a0\u00a0\u00a0\u00a0\u00a0\u00a0\u00a0\u00a0\u00a0\u00a0\u00a0\u00a0\u00a0<\/strong><\/span><\/p>\n<p><span style=\"font-style: inherit;font-weight: inherit;color: #464646\"><strong style=\"font-style: inherit\">T\u00edtulo: <\/strong><a style=\"color: #464646\" href=\"https:\/\/wp.ufpel.edu.br\/ppgveterinaria\/files\/2017\/03\/Caroline-Dewes.pdf\" target=\"_blank\" rel=\"noopener noreferrer\">Estudos epidemiol\u00f3gicos da leptospirose equina na regi\u00e3o sul do Rio Grande do Sul<\/a><\/span><\/p>\n<p><span style=\"color: #464646\"><strong>Orientador:<\/strong>\u00a0\u00a0\u00c9verton Fagonde da Silva<\/span><\/p>\n<p><span style=\"font-style: inherit;font-weight: inherit;color: #464646\"><strong style=\"font-style: inherit\">Data de Defesa:<\/strong>\u00a020\/02\/2017<\/span><\/p>\n<p><span style=\"font-style: inherit;font-weight: inherit;color: #464646\">__________________________________________________________________________<\/span><\/p>\n<p><span style=\"color: #464646\"><strong>Caroline Lunkes dos Santos\u00a0\u00a0\u00a0\u00a0\u00a0\u00a0<\/strong><\/span><\/p>\n<p><span style=\"font-style: inherit;font-weight: inherit;color: #464646\"><strong style=\"font-style: inherit\">T\u00edtulo: <\/strong><a style=\"color: #464646\" href=\"https:\/\/wp.ufpel.edu.br\/ppgveterinaria\/files\/2017\/03\/Caroline-Lunkes-dos-Santos.pdf\" target=\"_blank\" rel=\"noopener noreferrer\">Microbiota de psitaciformes silvestres e ex\u00f3ticos mantidos em centros de reabilita\u00e7\u00e3o e triagem<\/a><\/span><\/p>\n<p><span style=\"color: #464646\"><strong>Orientador:<\/strong>\u00a0\u00a0M\u00e1rio Carlos Ara\u00fajo Meireles<\/span><\/p>\n<p><span style=\"font-style: inherit;font-weight: inherit;color: #464646\"><strong style=\"font-style: inherit\">Data de Defesa:\u00a0<\/strong>13\/01\/2017<\/span><\/p>\n<p><span style=\"font-style: inherit;font-weight: inherit;color: #464646\">__________________________________________________________________________<\/span><\/p>\n<p><span style=\"font-style: inherit;font-weight: inherit;color: #464646\"><strong style=\"font-style: inherit\">Diego Martins Pires\u00a0\u00a0\u00a0\u00a0\u00a0\u00a0<\/strong><\/span><\/p>\n<p><span style=\"font-style: inherit;font-weight: inherit;color: #464646\"><strong style=\"font-style: inherit\">T\u00edtulo: <\/strong><a style=\"color: #464646\" href=\"https:\/\/wp.ufpel.edu.br\/ppgveterinaria\/files\/2018\/01\/Diego-Martins-Pires.pdf\" target=\"_blank\" rel=\"noopener noreferrer\">DMSO associado com a\u00e7ucares na criopreserva\u00e7\u00e3o esperm\u00e1tica de Pacu<\/a><\/span><\/p>\n<p><span style=\"color: #464646\"><strong>Orientador:<\/strong>\u00a0\u00a0Antonio Sergio Varela Junior<\/span><\/p>\n<p><span style=\"font-style: inherit;font-weight: inherit;color: #464646\"><strong style=\"font-style: inherit\">Data de Defesa:\u00a0<\/strong>16\/02\/2017<\/span><\/p>\n<p><span style=\"font-style: inherit;font-weight: inherit;color: #464646\">__________________________________________________________________________<\/span><\/p>\n<p><span style=\"font-style: inherit;font-weight: inherit;color: #464646\"><strong style=\"font-style: inherit\">Emanoele Figueiredo Serra\u00a0\u00a0\u00a0\u00a0\u00a0\u00a0<\/strong><\/span><\/p>\n<p><span style=\"font-style: inherit;font-weight: inherit;color: #464646\"><strong style=\"font-style: inherit\">T\u00edtulo: <\/strong><a style=\"color: #464646\" href=\"https:\/\/wp.ufpel.edu.br\/ppgveterinaria\/files\/2017\/03\/Emanoele-Figueiredo-Serra.pdf\" target=\"_blank\" rel=\"noopener noreferrer\">Biodiversidade de macromicetos da regi\u00e3o sul do Rio Grande do Sul<\/a><\/span><\/p>\n<p><span style=\"color: #464646\"><strong>Orientador:<\/strong>\u00a0\u00a0M\u00e1rio Carlos Ara\u00fajo Meireles<\/span><\/p>\n<p><span style=\"font-style: inherit;font-weight: inherit;color: #464646\"><strong style=\"font-style: inherit\">Data de Defesa:\u00a0<\/strong>23\/02\/2017<\/span><\/p>\n<p><span style=\"font-style: inherit;font-weight: inherit;color: #464646\">__________________________________________________________________________<\/span><\/p>\n<p><span style=\"font-style: inherit;font-weight: inherit;color: #464646\"><strong style=\"font-style: inherit\">Gabriela de Almeida Capella\u00a0\u00a0\u00a0<\/strong><\/span><\/p>\n<p><span style=\"font-style: inherit;font-weight: inherit;color: #464646\"><strong style=\"font-style: inherit\">T\u00edtulo: <\/strong><a style=\"color: #464646\" href=\"https:\/\/wp.ufpel.edu.br\/ppgveterinaria\/files\/2018\/01\/Gabriela-de-Almeida-Capella.pdf\" target=\"_blank\" rel=\"noopener noreferrer\">Ambiente como fonte de formas parasit\u00e1rias e potencial de extratos vegetais da fam\u00edlia Lamiaceae contra parasitos do g\u00eanero Toxocara<\/a><\/span><\/p>\n<p><span style=\"color: #464646\"><strong>Orientador:<\/strong>\u00a0\u00a0Marlete Brum Cleff<\/span><\/p>\n<p><span style=\"font-style: inherit;font-weight: inherit;color: #464646\"><strong style=\"font-style: inherit\">Data de Defesa:\u00a0<\/strong>24\/02\/2017<\/span><\/p>\n<p><span style=\"font-style: inherit;font-weight: inherit;color: #464646\">__________________________________________________________________________<\/span><\/p>\n<p><span style=\"font-style: inherit;font-weight: inherit;color: #464646\"><strong style=\"font-style: inherit\">Gustavo Felipe Gois Padilha Hugen \u00a0<\/strong><\/span><\/p>\n<p><span style=\"font-style: inherit;font-weight: inherit;color: #464646\"><strong style=\"font-style: inherit\">T\u00edtulo: <\/strong><a style=\"color: #464646\" href=\"https:\/\/wp.ufpel.edu.br\/ppgveterinaria\/files\/2018\/05\/Gustavo-Felipe-G\u00f3is-Padilha-Hugen.pdf\" target=\"_blank\" rel=\"noopener noreferrer\">Estudo Retrospectivo de Neoplasmas do Sistema Digest\u00f3rio em Caninos<\/a><\/span><\/p>\n<p><span style=\"color: #464646\"><strong>Orientador:<\/strong>\u00a0 Cristina Gevehr Fernandes <\/span><\/p>\n<p><span style=\"font-style: inherit;font-weight: inherit;color: #464646\"><strong style=\"font-style: inherit\">Data de Defesa:\u00a0<\/strong>19\/12\/2017<\/span><\/p>\n<p><span style=\"font-style: inherit;font-weight: inherit;color: #464646\">__________________________________________________________________________<\/span><\/p>\n<p><span style=\"font-style: inherit;font-weight: inherit;color: #464646\"><strong style=\"font-style: inherit\">Henrique Schneider Pestano\u00a0\u00a0\u00a0<\/strong><\/span><\/p>\n<p><span style=\"font-style: inherit;font-weight: inherit;color: #464646\"><strong style=\"font-style: inherit\">T\u00edtulo: <\/strong><a style=\"color: #464646\" href=\"https:\/\/wp.ufpel.edu.br\/ppgveterinaria\/files\/2017\/03\/Henrique-Schneider-Pestano.pdf\" target=\"_blank\" rel=\"noopener noreferrer\">Indu\u00e7\u00e3o da lacta\u00e7\u00e3o em vacas: perfil end\u00f3crino e de marcadores inflamat\u00f3rios<\/a><\/span><\/p>\n<p><span style=\"color: #464646\"><strong>Orientador:<\/strong>\u00a0\u00a0Bernardo Garziera Gasperin<\/span><\/p>\n<p><span style=\"font-style: inherit;font-weight: inherit;color: #464646\"><strong style=\"font-style: inherit\">Data de Defesa:\u00a0<\/strong>20\/01\/2017<\/span><\/p>\n<p><span style=\"font-style: inherit;font-weight: inherit;color: #464646\">__________________________________________________________________________<\/span><\/p>\n<p><span style=\"font-style: inherit;font-weight: inherit;color: #464646\"><strong style=\"font-style: inherit\">Lauren Machado Moreira\u00a0\u00a0\u00a0\u00a0\u00a0\u00a0\u00a0\u00a0\u00a0\u00a0<\/strong><\/span><\/p>\n<p><span style=\"font-style: inherit;font-weight: inherit;color: #464646\"><strong style=\"font-style: inherit\">T\u00edtulo: <\/strong><a style=\"color: #464646\" href=\"https:\/\/wp.ufpel.edu.br\/ppgveterinaria\/files\/2018\/01\/Lauren-Machado-Moreira.pdf\" target=\"_blank\" rel=\"noopener noreferrer\">Fontes de contamina\u00e7\u00e3o de Staphylococcus coagulase positiva e Yersinia enterocolitica no fluxograma de abate de su\u00ednos<\/a><\/span><\/p>\n<p><span style=\"color: #464646\"><strong>Orientador:<\/strong>\u00a0\u00a0Cl\u00e1udio Dias Timm<\/span><\/p>\n<p><span style=\"font-style: inherit;font-weight: inherit;color: #464646\"><strong style=\"font-style: inherit\">Data de Defesa:\u00a0<\/strong>23\/02\/2017<\/span><\/p>\n<p><span style=\"font-style: inherit;font-weight: inherit;color: #464646\">__________________________________________________________________________<\/span><\/p>\n<p><span style=\"font-style: inherit;font-weight: inherit;color: #464646\"><strong style=\"font-style: inherit\">Let\u00edcia Franco Collares<\/strong><\/span><\/p>\n<p><span style=\"font-style: inherit;font-weight: inherit;color: #464646\"><strong style=\"font-style: inherit\">T\u00edtulo: <\/strong><a style=\"color: #464646\" href=\"https:\/\/wp.ufpel.edu.br\/ppgveterinaria\/files\/2018\/04\/Let\u00edcia-Franco-Collares.pdf\" target=\"_blank\" rel=\"noopener noreferrer\">Suplementa\u00e7\u00e3o com soro sangu\u00edneo de vacas leiteiras em diferentes per\u00edodos de lacta\u00e7\u00e3o na produ\u00e7\u00e3o in vitro de embri\u00f5es bovinos<\/a><\/span><\/p>\n<p><span style=\"color: #464646\"><strong>Orientador:<\/strong>\u00a0\u00a0Marcio Nunes Corr\u00eaa<\/span><\/p>\n<p><span style=\"font-style: inherit;font-weight: inherit;color: #464646\"><strong style=\"font-style: inherit\">Data de Defesa:\u00a0<\/strong>14\/02\/2017<\/span><\/p>\n<p><span style=\"font-style: inherit;font-weight: inherit;color: #464646\">__________________________________________________________________________<\/span><\/p>\n<p><span style=\"font-style: inherit;font-weight: inherit;color: #464646\"><strong style=\"font-style: inherit\">L\u00facia Pereira Dias\u00a0\u00a0\u00a0\u00a0\u00a0\u00a0\u00a0\u00a0\u00a0\u00a0<\/strong><\/span><\/p>\n<p><span style=\"font-style: inherit;font-weight: inherit;color: #464646\"><strong style=\"font-style: inherit\">T\u00edtulo: <\/strong><a style=\"color: #464646\" href=\"https:\/\/wp.ufpel.edu.br\/ppgveterinaria\/files\/2018\/01\/L\u00facia-Pereira-Dias.pdf\" target=\"_blank\" rel=\"noopener noreferrer\">Adesonia Trifosfato (ATP) na criopreserva\u00e7\u00e3o de s\u00eamen su\u00edno<\/a><\/span><\/p>\n<p><span style=\"color: #464646\"><strong>Orientador:<\/strong>\u00a0\u00a0Carine Dahl Corcini<\/span><\/p>\n<p><span style=\"font-style: inherit;font-weight: inherit;color: #464646\"><strong style=\"font-style: inherit\">Data de Defesa:\u00a0<\/strong>10\/02\/2017<\/span><\/p>\n<p><span style=\"font-style: inherit;font-weight: inherit;color: #464646\">__________________________________________________________________________<\/span><\/p>\n<p><span style=\"font-style: inherit;font-weight: inherit;color: #464646\"><strong style=\"font-style: inherit\">Lu\u00edsa Mariano Cerqueira da Silva\u00a0\u00a0\u00a0\u00a0\u00a0\u00a0\u00a0\u00a0\u00a0\u00a0\u00a0<\/strong><\/span><\/p>\n<p><span style=\"font-style: inherit;font-weight: inherit;color: #464646\"><strong style=\"font-style: inherit\">T\u00edtulo: <\/strong><a style=\"color: #464646\" href=\"https:\/\/wp.ufpel.edu.br\/ppgveterinaria\/files\/2018\/01\/Lu\u00edsa-Mariano-Cerqueira-da-Silva.pdf\" target=\"_blank\" rel=\"noopener noreferrer\">Estudo de les\u00f5es hep\u00e1ticas em c\u00e3es e gatos e intoxica\u00e7\u00f5es em felinos<\/a><\/span><\/p>\n<p><span style=\"color: #464646\"><strong>Orientador:<\/strong>\u00a0\u00a0Fabiane Borelli Grecco<\/span><\/p>\n<p><span style=\"font-style: inherit;font-weight: inherit;color: #464646\"><strong style=\"font-style: inherit\">Data de Defesa:\u00a0<\/strong>15\/02\/2017<\/span><\/p>\n<p><span style=\"font-style: inherit;font-weight: inherit;color: #464646\">__________________________________________________________________________<\/span><\/p>\n<p><span style=\"font-style: inherit;font-weight: inherit;color: #464646\"><strong style=\"font-style: inherit\">Marina Vianna Otte\u00a0\u00a0\u00a0\u00a0\u00a0\u00a0<\/strong><\/span><\/p>\n<p><span style=\"font-style: inherit;font-weight: inherit;color: #464646\"><strong style=\"font-style: inherit\">T\u00edtulo: <\/strong><a style=\"color: #464646\" href=\"https:\/\/wp.ufpel.edu.br\/ppgveterinaria\/files\/2018\/01\/Marina-Vianna-Otte.pdf\" target=\"_blank\" rel=\"noopener noreferrer\">Par\u00e2metros metab\u00f3licos e reprodutivos de f\u00eameas su\u00ednas pr\u00e9-p\u00faberes ap\u00f3s suplementa\u00e7\u00e3o da dieta com \u00e1cidos graxos poli-insaturados<\/a><\/span><\/p>\n<p><span style=\"color: #464646\"><strong>Orientador:<\/strong>\u00a0\u00a0Thomaz Lucia J\u00fanior<\/span><\/p>\n<p><span style=\"font-style: inherit;font-weight: inherit;color: #464646\"><strong style=\"font-style: inherit\">Data de Defesa:\u00a0<\/strong>20\/02\/2017<\/span><\/p>\n<p><span style=\"font-style: inherit;font-weight: inherit;color: #464646\">__________________________________________________________________________<\/span><\/p>\n<p><span style=\"font-style: inherit;font-weight: inherit;color: #464646\"><strong style=\"font-style: inherit\">Nat\u00e1lia Berne Pinto\u00a0\u00a0\u00a0\u00a0\u00a0\u00a0<\/strong><\/span><\/p>\n<p><span style=\"font-style: inherit;font-weight: inherit;color: #464646\"><strong style=\"font-style: inherit\">T\u00edtulo: <\/strong><a style=\"color: #464646\" href=\"https:\/\/wp.ufpel.edu.br\/ppgveterinaria\/files\/2017\/03\/Nat\u00e1lia-Berne-Pinto.pdf\" target=\"_blank\" rel=\"noopener noreferrer\">Controle integrado de nemat\u00f3deos de ruminantes com a utiliza\u00e7\u00e3o de bact\u00e9rias e fitoter\u00e1picos<\/a><\/span><\/p>\n<p><span style=\"color: #464646\"><strong>Orientador:<\/strong>\u00a0\u00a0F\u00e1bio Pereira Leivas Leite<\/span><\/p>\n<p><span style=\"font-style: inherit;font-weight: inherit;color: #464646\"><strong style=\"font-style: inherit\">Data de Defesa:\u00a0<\/strong>16\/02\/2017<\/span><\/p>\n<p><span style=\"font-style: inherit;font-weight: inherit;color: #464646\">__________________________________________________________________________<\/span><\/p>\n<p><span style=\"font-style: inherit;font-weight: inherit;color: #464646\"><strong style=\"font-style: inherit\">Pablo Estima Silva\u00a0\u00a0\u00a0\u00a0\u00a0\u00a0\u00a0\u00a0\u00a0<\/strong><\/span><\/p>\n<p><span style=\"font-style: inherit;font-weight: inherit;color: #464646\"><strong style=\"font-style: inherit\">T\u00edtulo: <\/strong><a style=\"color: #464646\" href=\"https:\/\/wp.ufpel.edu.br\/ppgveterinaria\/files\/2017\/03\/Pablo-Estima-Silva.pdf\" target=\"_blank\" rel=\"noopener noreferrer\">Fibrose pulmonar multinodular dos equinos no Sul do Rio Grande do Sul: patologia e diagn\u00f3stico diferencial<\/a><\/span><\/p>\n<p><span style=\"color: #464646\"><strong>Orientador:<\/strong>\u00a0\u00a0Ana Lucia Pereira Schild<\/span><\/p>\n<p><span style=\"font-style: inherit;font-weight: inherit;color: #464646\"><strong style=\"font-style: inherit\">Data de Defesa:\u00a0<\/strong>16\/02\/2017<\/span><\/p>\n<p><span style=\"font-style: inherit;font-weight: inherit;color: #464646\">__________________________________________________________________________<\/span><\/p>\n<p><span style=\"font-style: inherit;font-weight: inherit;color: #464646\"><strong style=\"font-style: inherit\">R\u00f3ber Zardo\u00a0\u00a0\u00a0\u00a0\u00a0<\/strong><\/span><\/p>\n<p><span style=\"font-style: inherit;font-weight: inherit;color: #464646\"><strong style=\"font-style: inherit\">T\u00edtulo: <\/strong><a style=\"color: #464646\" href=\"https:\/\/wp.ufpel.edu.br\/ppgveterinaria\/files\/2017\/03\/R\u00f3ber-Zardo.pdf\" target=\"_blank\" rel=\"noopener noreferrer\">Preval\u00eancia e vari\u00e1veis associadas \u00e0 infec\u00e7\u00e3o por BoHV-1, BVDV, Leptospira spp. e Neospora caninum em bovinos leiteiros no munic\u00edpio de Novo Xingu-RS<\/a><\/span><\/p>\n<p><span style=\"color: #464646\"><strong>Orientador:<\/strong>\u00a0\u00a0Odir Antonio Dellagostin<\/span><\/p>\n<p><span style=\"font-style: inherit;font-weight: inherit;color: #464646\"><strong style=\"font-style: inherit\">Data de Defesa:\u00a0<\/strong>27\/02\/2017<\/span><\/p>\n<p><span style=\"font-style: inherit;font-weight: inherit;color: #464646\">__________________________________________________________________________<\/span><\/p>\n<p><span style=\"font-style: inherit;font-weight: inherit;color: #464646\"><strong style=\"font-style: inherit\">Rodrigo Chaves Barcellos Grazziotin\u00a0\u00a0\u00a0\u00a0<\/strong><\/span><\/p>\n<p><span style=\"font-style: inherit;font-weight: inherit;color: #464646\"><strong style=\"font-style: inherit\">T\u00edtulo: <\/strong><a style=\"color: #464646\" href=\"https:\/\/wp.ufpel.edu.br\/ppgveterinaria\/files\/2017\/03\/Rodrigo-Chaves-Barcellos-Grazziotin.pdf\" target=\"_blank\" rel=\"noopener noreferrer\">Coproduto da ind\u00fastria da vitivinifica\u00e7\u00e3o na dieta de ovinos como estrat\u00e9gia para mitiga\u00e7\u00e3o do metano ent\u00e9rico<\/a><\/span><\/p>\n<p><span style=\"color: #464646\"><strong>Orientador:<\/strong>\u00a0\u00a0Marcio Nunes Corr\u00eaa<\/span><\/p>\n<p><span style=\"font-style: inherit;font-weight: inherit;color: #464646\"><strong style=\"font-style: inherit\">Data de Defesa:\u00a0<\/strong>13\/02\/2017<\/span><\/p>\n<p><span style=\"font-style: inherit;font-weight: inherit;color: #464646\">__________________________________________________________________________<\/span><\/p>\n<p><span style=\"font-style: inherit;font-weight: inherit;color: #464646\"><strong style=\"font-style: inherit\">Rosimeri Zamboni\u00a0\u00a0\u00a0\u00a0\u00a0\u00a0\u00a0\u00a0\u00a0<\/strong><\/span><\/p>\n<p><span style=\"font-style: inherit;font-weight: inherit;color: #464646\"><strong style=\"font-style: inherit\">T\u00edtulo: <\/strong><a style=\"color: #464646\" href=\"https:\/\/wp.ufpel.edu.br\/ppgveterinaria\/files\/2017\/03\/Rosimeri-Zamboni.pdf\" target=\"_blank\" rel=\"noopener noreferrer\">Doen\u00e7as e\/ou les\u00f5es que afetam o sistema nervoso central de caninos no sul do Rio Grande do Sul<\/a><\/span><\/p>\n<p><span style=\"color: #464646\"><strong>Orientador:<\/strong>\u00a0\u00a0Eliza Simone Vi\u00e9gas Sallis<\/span><\/p>\n<p><span style=\"font-style: inherit;font-weight: inherit;color: #464646\"><strong style=\"font-style: inherit\">Data de Defesa:\u00a0<\/strong>16\/02\/2017<\/span><\/p>\n<p><span style=\"font-style: inherit;font-weight: inherit;color: #464646\">__________________________________________________________________________<\/span><\/p>\n<p><span style=\"font-style: inherit;font-weight: inherit;color: #464646\"><strong style=\"font-style: inherit\">T\u00e1ssia Gomes Guimar\u00e3es\u00a0\u00a0\u00a0\u00a0\u00a0\u00a0\u00a0\u00a0\u00a0\u00a0<\/strong><\/span><\/p>\n<p><span style=\"font-style: inherit;font-weight: inherit;color: #464646\"><strong style=\"font-style: inherit\">T\u00edtulo: <\/strong><a style=\"color: #464646\" href=\"https:\/\/wp.ufpel.edu.br\/ppgveterinaria\/files\/2019\/08\/T\u00e1ssia-Gomes-Guimar\u00e3es.pdf\" target=\"_blank\" rel=\"noopener noreferrer\">Avalia\u00e7\u00e3o de Diferentes T\u00e9cnicas de Diagn\u00f3stico da Tuberculose Bovina em Animais Reagentes \u00e0 Tuberculiniza\u00e7\u00e3o<\/a><\/span><\/p>\n<p><span style=\"color: #464646\"><strong>Orientador:<\/strong>\u00a0\u00a0Luiz Filipe Dam\u00e9 Schuch<\/span><\/p>\n<p><span style=\"font-style: inherit;font-weight: inherit;color: #464646\"><strong style=\"font-style: inherit\">Data de Defesa:<\/strong><strong>\u00a0<\/strong>22\/06\/2017<\/span><\/p>\n<p><span style=\"color: #464646\">__________________________________________________________________________<\/span><\/p>\n<p><span style=\"font-style: inherit;font-weight: inherit;color: #464646\"><strong style=\"font-style: inherit\">\u00a0<\/strong><\/span><\/p>\n","protected":false},"excerpt":{"rendered":"<p>&nbsp; Disserta\u00e7\u00f5es 2017 &nbsp; ___________________________________________________________________________ Alice Corr\u00eaa Santos\u00a0\u00a0\u00a0\u00a0\u00a0\u00a0 T\u00edtulo: Resposta vacinal \u00e0 prote\u00edna recombinante EMA-2 de Theileria equi em \u00e9guas prenhes e seu reflexo no neonato Orientador:\u00a0\u00a0Carlos Eduardo Wayne Nogueira Data de Defesa:\u00a010\/02\/2017 __________________________________________________________________________ Anna Luiza Silva \u00a0 \u00a0\u00a0 T\u00edtulo: Potencial da radia\u00e7\u00e3o ultravioleta na inibi\u00e7\u00e3o de fungos leveduriformes e filamentosos Orientador:\u00a0\u00a0M\u00e1rio Carlos Ara\u00fajo Meireles [&hellip;]<\/p>\n","protected":false},"author":391,"featured_media":0,"parent":152,"menu_order":-3,"comment_status":"closed","ping_status":"closed","template":"","meta":{"footnotes":""},"class_list":["post-2983","page","type-page","status-publish","hentry"],"_links":{"self":[{"href":"https:\/\/wp.ufpel.edu.br\/ppgveterinaria\/wp-json\/wp\/v2\/pages\/2983","targetHints":{"allow":["GET"]}}],"collection":[{"href":"https:\/\/wp.ufpel.edu.br\/ppgveterinaria\/wp-json\/wp\/v2\/pages"}],"about":[{"href":"https:\/\/wp.ufpel.edu.br\/ppgveterinaria\/wp-json\/wp\/v2\/types\/page"}],"author":[{"embeddable":true,"href":"https:\/\/wp.ufpel.edu.br\/ppgveterinaria\/wp-json\/wp\/v2\/users\/391"}],"replies":[{"embeddable":true,"href":"https:\/\/wp.ufpel.edu.br\/ppgveterinaria\/wp-json\/wp\/v2\/comments?post=2983"}],"version-history":[{"count":11,"href":"https:\/\/wp.ufpel.edu.br\/ppgveterinaria\/wp-json\/wp\/v2\/pages\/2983\/revisions"}],"predecessor-version":[{"id":4192,"href":"https:\/\/wp.ufpel.edu.br\/ppgveterinaria\/wp-json\/wp\/v2\/pages\/2983\/revisions\/4192"}],"up":[{"embeddable":true,"href":"https:\/\/wp.ufpel.edu.br\/ppgveterinaria\/wp-json\/wp\/v2\/pages\/152"}],"wp:attachment":[{"href":"https:\/\/wp.ufpel.edu.br\/ppgveterinaria\/wp-json\/wp\/v2\/media?parent=2983"}],"curies":[{"name":"wp","href":"https:\/\/api.w.org\/{rel}","templated":true}]}}