{"id":2980,"date":"2017-03-21T10:23:30","date_gmt":"2017-03-21T13:23:30","guid":{"rendered":"https:\/\/wp.ufpel.edu.br\/ppgveterinaria\/?page_id=2980"},"modified":"2022-09-16T14:31:05","modified_gmt":"2022-09-16T17:31:05","slug":"2017-2","status":"publish","type":"page","link":"https:\/\/wp.ufpel.edu.br\/ppgveterinaria\/dissertacoesteses\/teses\/2017-2\/","title":{"rendered":"2017"},"content":{"rendered":"<p>&nbsp;<\/p>\n<ul>\n<li><span style=\"color: #464646;\"><strong>Teses 2017<\/strong><\/span><\/li>\n<\/ul>\n<p>&nbsp;<\/p>\n<p><span style=\"color: #464646;\">__________________________________________________________________________<\/span><\/p>\n<p><span style=\"color: #464646;\"><strong>Alceu Gon\u00e7alves dos Santos Junior\u00a0\u00a0\u00a0\u00a0\u00a0\u00a0\u00a0<\/strong><\/span><\/p>\n<p><span style=\"font-style: inherit; font-weight: inherit; color: #464646;\"><strong style=\"font-style: inherit;\">T\u00edtulo: <\/strong><a style=\"color: #464646;\" href=\"https:\/\/wp.ufpel.edu.br\/ppgveterinaria\/files\/2022\/09\/Alceu-Goncalves-dos-Santos-Junior.pdf\" target=\"_blank\" rel=\"noopener\">Avalia\u00e7\u00e3o de ROP2 recombinante de Neospora caninum como imunobiol\u00f3gico<\/a><\/span><\/p>\n<p><span style=\"color: #464646;\"><strong>Orientador:<\/strong><strong>\u00a0<\/strong>F\u00e1bio Pereira Leivas Leite<\/span><\/p>\n<p><span style=\"font-style: inherit; font-weight: inherit; color: #464646;\"><strong style=\"font-style: inherit;\">Data da Defesa:<\/strong><strong>\u00a0<\/strong>04\/04\/2017<\/span><\/p>\n<p><span style=\"font-style: inherit; font-weight: inherit; color: #464646;\">__________________________________________________________________________<\/span><\/p>\n<p><span style=\"font-style: inherit; font-weight: inherit; color: #464646;\"><strong style=\"font-style: inherit;\">Alice Teixeira Meirelles Leite\u00a0<\/strong><\/span><\/p>\n<p><span style=\"font-style: inherit; font-weight: inherit; color: #464646;\"><strong style=\"font-style: inherit;\">T\u00edtulo: <\/strong><a style=\"color: #464646;\" href=\"https:\/\/wp.ufpel.edu.br\/ppgveterinaria\/files\/2021\/11\/Alice-Teixeira-Meirelles-Leite.pdf\" target=\"_blank\" rel=\"noopener\">Investiga\u00e7\u00e3o de v\u00edrus de impacto na sanidade av\u00edcola em aves silvestres no Rio Grande do Sul<\/a><\/span><\/p>\n<p><span style=\"color: #464646;\"><strong>Orientador:<\/strong><strong>\u00a0<\/strong>Gilberto D\u2019Avila Vargas<\/span><\/p>\n<p><span style=\"font-style: inherit; font-weight: inherit; color: #464646;\"><strong style=\"font-style: inherit;\">Data da Defesa:<\/strong><strong>\u00a0<\/strong>31\/08\/2017<\/span><\/p>\n<p><span style=\"font-style: inherit; font-weight: inherit; color: #464646;\">__________________________________________________________________________<\/span><\/p>\n<p><span style=\"font-style: inherit; font-weight: inherit; color: #464646;\"><strong style=\"font-style: inherit;\">\u00c2ngela Faccin\u00a0\u00a0<\/strong><\/span><\/p>\n<p><span style=\"font-style: inherit; font-weight: inherit; color: #464646;\"><strong style=\"font-style: inherit;\">T\u00edtulo: <\/strong>Epidemiologia e diagn\u00f3stico da tuberculose bovina e brucelose bovina no Rio Grande do Sul <span style=\"font-style: inherit; font-weight: inherit;\">(em corre\u00e7\u00e3o)<\/span><\/span><\/p>\n<p><span style=\"color: #464646;\"><strong>Orientador:<\/strong><strong>\u00a0<\/strong>Luiz Filipe Dam\u00e9 Schuch<\/span><\/p>\n<p><span style=\"font-style: inherit; font-weight: inherit; color: #464646;\"><strong style=\"font-style: inherit;\">Data da Defesa:<\/strong><strong>\u00a0<\/strong>30\/06\/2017<\/span><\/p>\n<p><span style=\"font-style: inherit; font-weight: inherit; color: #464646;\">__________________________________________________________________________<\/span><\/p>\n<p><span style=\"font-style: inherit; font-weight: inherit; color: #464646;\"><strong style=\"font-style: inherit;\">\u00c2ngela Leitzke Cabana<\/strong><\/span><\/p>\n<p><span style=\"font-style: inherit; font-weight: inherit; color: #464646;\"><strong style=\"font-style: inherit;\">T\u00edtulo: <\/strong><a style=\"color: #464646;\" href=\"https:\/\/wp.ufpel.edu.br\/ppgveterinaria\/files\/2021\/11\/Angela-Leitzke-Cabana.pdf\" target=\"_blank\" rel=\"noopener\">Avalia\u00e7\u00e3o do teste platelia EIA\u00ae Aspergillus para diagn\u00f3stico da aspergilose em pinguins e interfer\u00eancia da contamina\u00e7\u00e3o ambiental<\/a><\/span><\/p>\n<p><span style=\"color: #464646;\"><strong>Orientador:<\/strong><strong>\u00a0<\/strong>M\u00e1rio Carlos Ara\u00fajo Meireles<\/span><\/p>\n<p><span style=\"font-style: inherit; font-weight: inherit; color: #464646;\"><strong style=\"font-style: inherit;\">Data da Defesa:<\/strong><strong>\u00a0<\/strong>16\/02\/2017<\/span><\/p>\n<p><span style=\"font-style: inherit; font-weight: inherit; color: #464646;\">__________________________________________________________________________<\/span><\/p>\n<p><span style=\"font-style: inherit; font-weight: inherit; color: #464646;\"><strong style=\"font-style: inherit;\">Carlos Eduardo Ranquetat Ferreira\u00a0\u00a0\u00a0\u00a0\u00a0\u00a0\u00a0<\/strong><\/span><\/p>\n<p><span style=\"font-style: inherit; font-weight: inherit; color: #464646;\"><strong style=\"font-style: inherit;\">T\u00edtulo: <\/strong><a style=\"color: #464646;\" href=\"https:\/\/wp.ufpel.edu.br\/ppgveterinaria\/files\/2018\/01\/Carlos-Eduardo-Ranquetat-Ferreira.pdf\" target=\"_blank\" rel=\"noopener noreferrer\">Marcadores associados a caracter\u00edsticas reprodutivas de touros<\/a><\/span><\/p>\n<p><span style=\"color: #464646;\"><strong>Orientador:<\/strong><strong>\u00a0<\/strong>Thomaz Lucia J\u00fanior<\/span><\/p>\n<p><span style=\"font-style: inherit; font-weight: inherit; color: #464646;\"><strong style=\"font-style: inherit;\">Data da Defesa:<\/strong><strong>\u00a0<\/strong>22\/02\/2017<\/span><\/p>\n<p><span style=\"font-style: inherit; font-weight: inherit; color: #464646;\">__________________________________________________________________________<\/span><\/p>\n<p><span style=\"font-style: inherit; font-weight: inherit; color: #464646;\"><strong style=\"font-style: inherit;\">Claudia Giordani\u00a0\u00a0\u00a0\u00a0\u00a0\u00a0\u00a0\u00a0\u00a0\u00a0\u00a0\u00a0<\/strong><\/span><\/p>\n<p><span style=\"font-style: inherit; font-weight: inherit; color: #464646;\"><strong style=\"font-style: inherit;\">T\u00edtulo: <\/strong><a style=\"color: #464646;\" href=\"https:\/\/wp.ufpel.edu.br\/ppgveterinaria\/files\/2018\/04\/Claudia-Giordani.pdf\" target=\"_blank\" rel=\"noopener noreferrer\">Atividade antimicrobiana de extratos vegetais e toxicidade em modelos alternativos<\/a><\/span><\/p>\n<p><span style=\"color: #464646;\"><strong>Orientador:<\/strong><strong>\u00a0<\/strong>Marlete Brum Cleff<\/span><\/p>\n<p><span style=\"font-style: inherit; font-weight: inherit; color: #464646;\"><strong style=\"font-style: inherit;\">Data da Defesa:<\/strong><strong>\u00a0<\/strong>22\/02\/2017<\/span><\/p>\n<p><span style=\"font-style: inherit; font-weight: inherit; color: #464646;\">__________________________________________________________________________<\/span><\/p>\n<p><span style=\"font-style: inherit; font-weight: inherit; color: #464646;\"><strong style=\"font-style: inherit;\">Cristiano Silva da Rosa<\/strong><\/span><\/p>\n<p><span style=\"font-style: inherit; font-weight: inherit; color: #464646;\"><strong style=\"font-style: inherit;\">T\u00edtulo: <\/strong><a style=\"color: #464646;\" href=\"https:\/\/wp.ufpel.edu.br\/ppgveterinaria\/files\/2018\/01\/Cristiano-Silva-da-Rosa.pdf\" target=\"_blank\" rel=\"noopener noreferrer\">Esporotricose felina e canina em \u00e1rea end\u00eamica: epidemiologia e tratamento<\/a><\/span><\/p>\n<p><span style=\"color: #464646;\"><strong>Orientador:<\/strong><strong>\u00a0<\/strong>M\u00e1rio Carlos Ara\u00fajo Meireles<\/span><\/p>\n<p><span style=\"font-style: inherit; font-weight: inherit; color: #464646;\"><strong style=\"font-style: inherit;\">Data da Defesa:<\/strong><strong>\u00a0<\/strong>28\/04\/2017<\/span><\/p>\n<p><span style=\"font-style: inherit; font-weight: inherit; color: #464646;\">__________________________________________________________________________<\/span><\/p>\n<p><span style=\"font-style: inherit; font-weight: inherit; color: #464646;\"><strong style=\"font-style: inherit;\">D\u00e9bora Scopel e Silva\u00a0\u00a0<\/strong><\/span><\/p>\n<p><span style=\"font-style: inherit; font-weight: inherit; color: #464646;\"><strong style=\"font-style: inherit;\">T\u00edtulo: <\/strong><a style=\"color: #464646;\" href=\"https:\/\/wp.ufpel.edu.br\/ppgveterinaria\/files\/2018\/01\/D\u00e9bora-Scopel-e-Silva.pdf\" target=\"_blank\" rel=\"noopener noreferrer\">Infec\u00e7\u00e3o experimental de camundongos BALB\/c com herpesv\u00edrus felino tipo 1 (FHV-1) e avalia\u00e7\u00e3o terap\u00eautica de diferentes compostos antivirais<\/a><\/span><\/p>\n<p><span style=\"color: #464646;\"><strong>Orientador:<\/strong><strong>\u00a0<\/strong>Silvia de Oliveira H\u00fcbner<\/span><\/p>\n<p><span style=\"font-style: inherit; font-weight: inherit; color: #464646;\"><strong style=\"font-style: inherit;\">Data da Defesa:<\/strong><strong>\u00a0<\/strong>27\/09\/2017<\/span><\/p>\n<p><span style=\"font-style: inherit; font-weight: inherit; color: #464646;\">__________________________________________________________________________<\/span><\/p>\n<p><span style=\"font-style: inherit; font-weight: inherit; color: #464646;\"><strong style=\"font-style: inherit;\">F\u00e1bio da Silva e Silva\u00a0\u00a0\u00a0\u00a0<\/strong><\/span><\/p>\n<p><span style=\"font-style: inherit; font-weight: inherit; color: #464646;\"><strong style=\"font-style: inherit;\">T\u00edtulo: <\/strong><a style=\"color: #464646;\" href=\"https:\/\/wp.ufpel.edu.br\/ppgveterinaria\/files\/2018\/01\/F\u00e1bio-da-Silva-e-Silva.pdf\" target=\"_blank\" rel=\"noopener noreferrer\">Terapia Antirretroviral no Controle do V\u00edrus da Imunodefici\u00eancia Felina<\/a><\/span><\/p>\n<p><span style=\"color: #464646;\"><strong>Orientador:<\/strong><strong>\u00a0<\/strong>Silvia de Oliveira H\u00fcbner<\/span><\/p>\n<p><span style=\"font-style: inherit; font-weight: inherit; color: #464646;\"><strong style=\"font-style: inherit;\">Data da Defesa:\u00a0<\/strong>30\/08\/2017<\/span><\/p>\n<p><span style=\"font-style: inherit; font-weight: inherit; color: #464646;\">__________________________________________________________________________<\/span><\/p>\n<p><span style=\"font-style: inherit; font-weight: inherit; color: #464646;\"><strong style=\"font-style: inherit;\">Lourdes Caruccio Hirschmann Prates <\/strong><\/span><\/p>\n<p><span style=\"font-style: inherit; font-weight: inherit; color: #464646;\"><strong style=\"font-style: inherit;\">T\u00edtulo: <\/strong><a style=\"color: #464646;\" href=\"https:\/\/wp.ufpel.edu.br\/ppgveterinaria\/files\/2022\/02\/Tese-atualizada-para-publicacao_lourdes_hirschmann.pdf\" target=\"_blank\" rel=\"noopener noreferrer\">Estudo retrospectivo de doen\u00e7as infecciosas e parasit\u00e1rias em aves dom\u00e9sticas na Regi\u00e3o Sul do RS<\/a><\/span><\/p>\n<p><span style=\"color: #464646;\"><strong>Orientador:<\/strong><strong>\u00a0<\/strong>Gilberto D\u2019Avila Vargas<\/span><\/p>\n<p><span style=\"font-style: inherit; font-weight: inherit; color: #464646;\"><strong style=\"font-style: inherit;\">Data da Defesa:<\/strong><strong>\u00a0<\/strong>18\/12\/2017<\/span><\/p>\n<p><span style=\"font-style: inherit; font-weight: inherit; color: #464646;\">__________________________________________________________________________<\/span><\/p>\n<p><span style=\"font-style: inherit; font-weight: inherit; color: #464646;\"><strong style=\"font-style: inherit;\">Rafael da Fonseca Prietsch\u00a0\u00a0\u00a0\u00a0\u00a0\u00a0\u00a0<\/strong><\/span><\/p>\n<p><span style=\"font-style: inherit; font-weight: inherit; color: #464646;\"><strong style=\"font-style: inherit;\">T\u00edtulo: <\/strong><a style=\"color: #464646;\" href=\"https:\/\/wp.ufpel.edu.br\/ppgveterinaria\/files\/2017\/03\/Rafael-da-Fonsceca-Prietsch-Resumo.pdf\" target=\"_blank\" rel=\"noopener noreferrer\">Formas farmac\u00eauticas de libera\u00e7\u00e3o controlada para administra\u00e7\u00e3o de minerais org\u00e2nicos<\/a><\/span><\/p>\n<p><span style=\"color: #464646;\"><strong>Orientador:<\/strong><strong>\u00a0<\/strong>Marcio Nunes Corr\u00eaa<\/span><\/p>\n<p><span style=\"font-style: inherit; font-weight: inherit; color: #464646;\"><strong style=\"font-style: inherit;\">Data da Defesa:<\/strong><strong>\u00a0<\/strong>10\/02\/2017<\/span><\/p>\n<p><span style=\"font-style: inherit; font-weight: inherit; color: #464646;\">__________________________________________________________________________<\/span><\/p>\n<p><span style=\"font-style: inherit; font-weight: inherit; color: #464646;\"><strong style=\"font-style: inherit;\">Tanise Pacheco Fortes\u00a0<\/strong><\/span><\/p>\n<p><span style=\"font-style: inherit; font-weight: inherit; color: #464646;\"><strong style=\"font-style: inherit;\">T\u00edtulo: <\/strong><a style=\"color: #464646;\" href=\"https:\/\/wp.ufpel.edu.br\/ppgveterinaria\/files\/2017\/03\/Tanise-Pacheco-Fortes.pdf\" target=\"_blank\" rel=\"noopener noreferrer\">Prospec\u00e7\u00e3o e avalia\u00e7\u00e3o de prote\u00ednas recombinantes para o desenvolvimento de uma vacina contra a leptospirose<\/a><\/span><\/p>\n<p><span style=\"color: #464646;\"><strong>Orientador:<\/strong><strong>\u00a0<\/strong>\u00c9verton Fagonde da Silva<\/span><\/p>\n<p><span style=\"font-style: inherit; font-weight: inherit; color: #464646;\"><strong style=\"font-style: inherit;\">Data da Defesa:<\/strong><strong>\u00a0<\/strong>21\/02\/2017<\/span><\/p>\n<p><span style=\"font-style: inherit; font-weight: inherit; color: #464646;\">__________________________________________________________________________<\/span><\/p>\n<p><span style=\"color: #464646;\"><strong>\u00a0<\/strong><\/span><\/p>\n","protected":false},"excerpt":{"rendered":"<p>&nbsp; Teses 2017 &nbsp; __________________________________________________________________________ Alceu Gon\u00e7alves dos Santos Junior\u00a0\u00a0\u00a0\u00a0\u00a0\u00a0\u00a0 T\u00edtulo: Avalia\u00e7\u00e3o de ROP2 recombinante de Neospora caninum como imunobiol\u00f3gico Orientador:\u00a0F\u00e1bio Pereira Leivas Leite Data da Defesa:\u00a004\/04\/2017 __________________________________________________________________________ Alice Teixeira Meirelles Leite\u00a0 T\u00edtulo: Investiga\u00e7\u00e3o de v\u00edrus de impacto na sanidade av\u00edcola em aves silvestres no Rio Grande do Sul Orientador:\u00a0Gilberto D\u2019Avila Vargas Data da Defesa:\u00a031\/08\/2017 [&hellip;]<\/p>\n","protected":false},"author":391,"featured_media":0,"parent":426,"menu_order":-3,"comment_status":"closed","ping_status":"closed","template":"","meta":{"footnotes":""},"class_list":["post-2980","page","type-page","status-publish","hentry"],"_links":{"self":[{"href":"https:\/\/wp.ufpel.edu.br\/ppgveterinaria\/wp-json\/wp\/v2\/pages\/2980","targetHints":{"allow":["GET"]}}],"collection":[{"href":"https:\/\/wp.ufpel.edu.br\/ppgveterinaria\/wp-json\/wp\/v2\/pages"}],"about":[{"href":"https:\/\/wp.ufpel.edu.br\/ppgveterinaria\/wp-json\/wp\/v2\/types\/page"}],"author":[{"embeddable":true,"href":"https:\/\/wp.ufpel.edu.br\/ppgveterinaria\/wp-json\/wp\/v2\/users\/391"}],"replies":[{"embeddable":true,"href":"https:\/\/wp.ufpel.edu.br\/ppgveterinaria\/wp-json\/wp\/v2\/comments?post=2980"}],"version-history":[{"count":17,"href":"https:\/\/wp.ufpel.edu.br\/ppgveterinaria\/wp-json\/wp\/v2\/pages\/2980\/revisions"}],"predecessor-version":[{"id":6014,"href":"https:\/\/wp.ufpel.edu.br\/ppgveterinaria\/wp-json\/wp\/v2\/pages\/2980\/revisions\/6014"}],"up":[{"embeddable":true,"href":"https:\/\/wp.ufpel.edu.br\/ppgveterinaria\/wp-json\/wp\/v2\/pages\/426"}],"wp:attachment":[{"href":"https:\/\/wp.ufpel.edu.br\/ppgveterinaria\/wp-json\/wp\/v2\/media?parent=2980"}],"curies":[{"name":"wp","href":"https:\/\/api.w.org\/{rel}","templated":true}]}}