{"id":252,"date":"2014-07-09T17:34:18","date_gmt":"2014-07-09T20:34:18","guid":{"rendered":"https:\/\/wp.ufpel.edu.br\/ppgveterinaria\/?page_id=252"},"modified":"2016-03-15T17:13:03","modified_gmt":"2016-03-15T20:13:03","slug":"2005-2","status":"publish","type":"page","link":"https:\/\/wp.ufpel.edu.br\/ppgveterinaria\/egressos\/mestrado\/2005-2\/","title":{"rendered":"2005"},"content":{"rendered":"<p class=\"titulo_interno\" style=\"color: #006600\"><span class=\"span_interno\" style=\"font-weight: bold;font-style: inherit;color: #464646\">Egresso Mestrado 2005<\/span><\/p>\n<p class=\"titulo_interno\" style=\"color: #006600\"><span style=\"color: #464646\">___________________________________________________________<\/span><\/p>\n<div class=\"dicente\" style=\"color: #006600\">\n<p class=\"dicente_nome\" style=\"font-weight: bold;font-style: inherit;color: #006600\"><span style=\"color: #464646\">Andr\u00e9 Michelon<\/span><\/p>\n<p class=\"dicente_texto\" style=\"font-weight: inherit;font-style: inherit;color: #006600\"><span style=\"color: #464646\"><strong>Email:<\/strong><\/span><\/p>\n<p class=\"dicente_texto\" style=\"font-weight: inherit;font-style: inherit;color: #006600\"><span style=\"color: #464646\"><strong>Data de Ingresso:<\/strong> 03\/2003<\/span><\/p>\n<p class=\"dicente_texto\" style=\"font-weight: inherit;font-style: inherit;color: #006600\"><span style=\"color: #464646\"><strong>Data de defesa:<\/strong> 07\/2005<\/span><\/p>\n<p class=\"dicente_texto\" style=\"font-weight: inherit;font-style: inherit;color: #006600\"><span style=\"color: #464646\">___________________________________________________________<\/span><\/p>\n<\/div>\n<div class=\"dicente\" style=\"color: #006600\">\n<p class=\"dicente_nome\" style=\"font-weight: bold;font-style: inherit;color: #006600\"><span style=\"color: #464646\">Ant\u00f4nio S\u00e9rgio Varela J\u00fanior<\/span><\/p>\n<p class=\"dicente_texto\" style=\"font-weight: inherit;font-style: inherit;color: #006600\"><span style=\"color: #464646\"><strong>Email:<\/strong><\/span><\/p>\n<p class=\"dicente_texto\" style=\"font-weight: inherit;font-style: inherit;color: #006600\"><span style=\"color: #464646\"><strong>Data de Ingresso:<\/strong> 03\/2003<\/span><\/p>\n<p class=\"dicente_texto\" style=\"font-weight: inherit;font-style: inherit;color: #006600\"><span style=\"color: #464646\"><strong>Data de defesa:<\/strong> 01\/2005<\/span><\/p>\n<p class=\"dicente_texto\" style=\"font-weight: inherit;font-style: inherit;color: #006600\"><span style=\"color: #464646\">___________________________________________________________<\/span><\/p>\n<\/div>\n<div class=\"dicente\" style=\"color: #006600\">\n<p class=\"dicente_nome\" style=\"font-weight: bold;font-style: inherit;color: #006600\"><span style=\"color: #464646\">Bruna da Rosa Curcio<\/span><\/p>\n<p class=\"dicente_texto\" style=\"font-weight: inherit;font-style: inherit;color: #006600\"><span style=\"color: #464646\"><strong>Email:<\/strong><\/span><\/p>\n<p class=\"dicente_texto\" style=\"font-weight: inherit;font-style: inherit;color: #006600\"><span style=\"color: #464646\"><strong>Data de Ingresso:<\/strong> 03\/2003<\/span><\/p>\n<p class=\"dicente_texto\" style=\"font-weight: inherit;font-style: inherit;color: #006600\"><span style=\"color: #464646\"><strong>Data de defesa:<\/strong> 02\/2005<\/span><\/p>\n<p class=\"dicente_texto\" style=\"font-weight: inherit;font-style: inherit;color: #006600\"><span style=\"color: #464646\">___________________________________________________________<\/span><\/p>\n<\/div>\n<div class=\"dicente\" style=\"color: #006600\">\n<p class=\"dicente_nome\" style=\"font-weight: bold;font-style: inherit;color: #006600\"><span style=\"color: #464646\">Caren Gularte Quincozes<\/span><\/p>\n<p class=\"dicente_texto\" style=\"font-weight: inherit;font-style: inherit;color: #006600\"><span style=\"color: #464646\"><strong>Email:<\/strong><\/span><\/p>\n<p class=\"dicente_texto\" style=\"font-weight: inherit;font-style: inherit;color: #006600\"><span style=\"color: #464646\"><strong>Data de Ingresso:<\/strong> 03\/2003<\/span><\/p>\n<p class=\"dicente_texto\" style=\"font-weight: inherit;font-style: inherit;color: #006600\"><span style=\"color: #464646\"><strong>Data de defesa:<\/strong> 08\/2005<\/span><\/p>\n<p class=\"dicente_texto\" style=\"font-weight: inherit;font-style: inherit;color: #006600\"><span style=\"color: #464646\">___________________________________________________________<\/span><\/p>\n<\/div>\n<div class=\"dicente\" style=\"color: #006600\">\n<p class=\"dicente_nome\" style=\"font-weight: bold;font-style: inherit;color: #006600\"><span style=\"color: #464646\">Cristiano Silva da Rosa<\/span><\/p>\n<p class=\"dicente_texto\" style=\"font-weight: inherit;font-style: inherit;color: #006600\"><span style=\"color: #464646\"><strong>Email:<\/strong><\/span><\/p>\n<p class=\"dicente_texto\" style=\"font-weight: inherit;font-style: inherit;color: #006600\"><span style=\"color: #464646\"><strong>Data de Ingresso:<\/strong> 03\/2003<\/span><\/p>\n<p class=\"dicente_texto\" style=\"font-weight: inherit;font-style: inherit;color: #006600\"><span style=\"color: #464646\"><strong>Data de defesa:<\/strong> 06\/2005<\/span><\/p>\n<p class=\"dicente_texto\" style=\"font-weight: inherit;font-style: inherit;color: #006600\"><span style=\"color: #464646\">___________________________________________________________<\/span><\/p>\n<\/div>\n<div class=\"dicente\" style=\"color: #006600\">\n<p class=\"dicente_nome\" style=\"font-weight: bold;font-style: inherit;color: #006600\"><span style=\"color: #464646\">Diego Moscarelli Pinto<\/span><\/p>\n<p class=\"dicente_texto\" style=\"font-weight: inherit;font-style: inherit;color: #006600\"><span style=\"color: #464646\"><strong>Email:<\/strong><\/span><\/p>\n<p class=\"dicente_texto\" style=\"font-weight: inherit;font-style: inherit;color: #006600\"><span style=\"color: #464646\"><strong>Data de Ingresso:<\/strong> 03\/2002<\/span><\/p>\n<p class=\"dicente_texto\" style=\"font-weight: inherit;font-style: inherit;color: #006600\"><span style=\"color: #464646\"><strong>Data de defesa:<\/strong> 11\/01\/2005<\/span><\/p>\n<p class=\"dicente_texto\" style=\"font-weight: inherit;font-style: inherit;color: #006600\"><span style=\"color: #464646\">___________________________________________________________<\/span><\/p>\n<\/div>\n<div class=\"dicente\" style=\"color: #006600\">\n<p class=\"dicente_nome\" style=\"font-weight: bold;font-style: inherit;color: #006600\"><span style=\"color: #464646\">Eduardo Schmitt<\/span><\/p>\n<p class=\"dicente_texto\" style=\"font-weight: inherit;font-style: inherit;color: #006600\"><span style=\"color: #464646\"><strong>Email:<\/strong><\/span><\/p>\n<p class=\"dicente_texto\" style=\"font-weight: inherit;font-style: inherit;color: #006600\"><span style=\"color: #464646\"><strong>Data de Ingresso:<\/strong> 03\/2002<\/span><\/p>\n<p class=\"dicente_texto\" style=\"font-weight: inherit;font-style: inherit;color: #006600\"><span style=\"color: #464646\"><strong>Data de defesa:<\/strong> 08\/04\/2005<\/span><\/p>\n<p class=\"dicente_texto\" style=\"font-weight: inherit;font-style: inherit;color: #006600\"><span style=\"color: #464646\">___________________________________________________________<\/span><\/p>\n<\/div>\n<div class=\"dicente\" style=\"color: #006600\">\n<p class=\"dicente_nome\" style=\"font-weight: bold;font-style: inherit;color: #006600\"><span style=\"color: #464646\">Fernanda Fernandez Mu\u00f1oz<\/span><\/p>\n<p class=\"dicente_texto\" style=\"font-weight: inherit;font-style: inherit;color: #006600\"><span style=\"color: #464646\"><strong>Email:<\/strong><\/span><\/p>\n<p class=\"dicente_texto\" style=\"font-weight: inherit;font-style: inherit;color: #006600\"><span style=\"color: #464646\"><strong>Data de Ingresso:<\/strong> 03\/2002<\/span><\/p>\n<p class=\"dicente_texto\" style=\"font-weight: inherit;font-style: inherit;color: #006600\"><span style=\"color: #464646\"><strong>Data de defesa:<\/strong> 03\/02\/2005<\/span><\/p>\n<p class=\"dicente_texto\" style=\"font-weight: inherit;font-style: inherit;color: #006600\"><span style=\"color: #464646\">___________________________________________________________<\/span><\/p>\n<\/div>\n<div class=\"dicente\" style=\"color: #006600\">\n<p class=\"dicente_nome\" style=\"font-weight: bold;font-style: inherit;color: #006600\"><span style=\"color: #464646\">Fl\u00e1vio Juliano<\/span><\/p>\n<p class=\"dicente_texto\" style=\"font-weight: inherit;font-style: inherit;color: #006600\"><span style=\"color: #464646\"><strong>Email:<\/strong><\/span><\/p>\n<p class=\"dicente_texto\" style=\"font-weight: inherit;font-style: inherit;color: #006600\"><span style=\"color: #464646\"><strong>Data de Ingresso:<\/strong> 03\/2003<\/span><\/p>\n<p class=\"dicente_texto\" style=\"font-weight: inherit;font-style: inherit;color: #006600\"><span style=\"color: #464646\"><strong>Data de defesa:<\/strong> 08\/2005<\/span><\/p>\n<p class=\"dicente_texto\" style=\"font-weight: inherit;font-style: inherit;color: #006600\"><span style=\"color: #464646\">___________________________________________________________<\/span><\/p>\n<\/div>\n<div class=\"dicente\" style=\"color: #006600\">\n<p class=\"dicente_nome\" style=\"font-weight: bold;font-style: inherit;color: #006600\"><span style=\"color: #464646\">Isabel Cristina Pereira<\/span><\/p>\n<p class=\"dicente_texto\" style=\"font-weight: inherit;font-style: inherit;color: #006600\"><span style=\"color: #464646\"><strong>Email:<\/strong><\/span><\/p>\n<p class=\"dicente_texto\" style=\"font-weight: inherit;font-style: inherit;color: #006600\"><span style=\"color: #464646\"><strong>Data de Ingresso:<\/strong> 03\/2003<\/span><\/p>\n<p class=\"dicente_texto\" style=\"font-weight: inherit;font-style: inherit;color: #006600\"><span style=\"color: #464646\"><strong>Data de defesa:<\/strong> 08\/2005<\/span><\/p>\n<p class=\"dicente_texto\" style=\"font-weight: inherit;font-style: inherit;color: #006600\"><span style=\"color: #464646\">___________________________________________________________<\/span><\/p>\n<\/div>\n<div class=\"dicente\" style=\"color: #006600\">\n<p class=\"dicente_nome\" style=\"font-weight: bold;font-style: inherit;color: #006600\"><span style=\"color: #464646\">Leandro Quintana Nizoli<\/span><\/p>\n<p class=\"dicente_texto\" style=\"font-weight: inherit;font-style: inherit;color: #006600\"><span style=\"color: #464646\"><strong>Email:<\/strong><\/span><\/p>\n<p class=\"dicente_texto\" style=\"font-weight: inherit;font-style: inherit;color: #006600\"><span style=\"color: #464646\"><strong>Data de Ingresso:<\/strong> 03\/2002<\/span><\/p>\n<p class=\"dicente_texto\" style=\"font-weight: inherit;font-style: inherit;color: #006600\"><span style=\"color: #464646\"><strong>Data de defesa:<\/strong> 18\/02\/2005<\/span><\/p>\n<p class=\"dicente_texto\" style=\"font-weight: inherit;font-style: inherit;color: #006600\"><span style=\"color: #464646\">___________________________________________________________<\/span><\/p>\n<\/div>\n<div class=\"dicente\" style=\"color: #006600\">\n<p class=\"dicente_nome\" style=\"font-weight: bold;font-style: inherit;color: #006600\"><span style=\"color: #464646\">Luiz Francisco Machado Pfeifer<\/span><\/p>\n<p class=\"dicente_texto\" style=\"font-weight: inherit;font-style: inherit;color: #006600\"><span style=\"color: #464646\"><strong>Email:<\/strong><\/span><\/p>\n<p class=\"dicente_texto\" style=\"font-weight: inherit;font-style: inherit;color: #006600\"><span style=\"color: #464646\"><strong>Data de Ingresso:<\/strong> 03\/2003<\/span><\/p>\n<p class=\"dicente_texto\" style=\"font-weight: inherit;font-style: inherit;color: #006600\"><span style=\"color: #464646\"><strong>Data de defesa:<\/strong> 03\/2005<\/span><\/p>\n<p class=\"dicente_texto\" style=\"font-weight: inherit;font-style: inherit;color: #006600\"><span style=\"color: #464646\">___________________________________________________________<\/span><\/p>\n<\/div>\n<div class=\"dicente\" style=\"color: #006600\">\n<p class=\"dicente_nome\" style=\"font-weight: bold;font-style: inherit;color: #006600\"><span style=\"color: #464646\">Marcus Vin\u00edcius Figueira de Alvarenga<\/span><\/p>\n<p class=\"dicente_texto\" style=\"font-weight: inherit;font-style: inherit;color: #006600\"><span style=\"color: #464646\"><strong>Email:<\/strong><\/span><\/p>\n<p class=\"dicente_texto\" style=\"font-weight: inherit;font-style: inherit;color: #006600\"><span style=\"color: #464646\"><strong>Data de Ingresso:<\/strong> 03\/2003<\/span><\/p>\n<p class=\"dicente_texto\" style=\"font-weight: inherit;font-style: inherit;color: #006600\"><span style=\"color: #464646\"><strong>Data de defesa:<\/strong> 04\/2005<\/span><\/p>\n<p class=\"dicente_texto\" style=\"font-weight: inherit;font-style: inherit;color: #006600\"><span style=\"color: #464646\">___________________________________________________________<\/span><\/p>\n<\/div>\n<div class=\"dicente\" style=\"color: #006600\">\n<p class=\"dicente_nome\" style=\"font-weight: bold;font-style: inherit;color: #006600\"><span style=\"color: #464646\">Neila Cilene Medeiros de Morais<\/span><\/p>\n<p class=\"dicente_texto\" style=\"font-weight: inherit;font-style: inherit;color: #006600\"><span style=\"color: #464646\"><strong>Email:<\/strong><\/span><\/p>\n<p class=\"dicente_texto\" style=\"font-weight: inherit;font-style: inherit;color: #006600\"><span style=\"color: #464646\"><strong>Data de Ingresso:<\/strong> 03\/2003<\/span><\/p>\n<p class=\"dicente_texto\" style=\"font-weight: inherit;font-style: inherit;color: #006600\"><span style=\"color: #464646\"><strong>Data de defesa:<\/strong> 10\/2005<\/span><\/p>\n<p class=\"dicente_texto\" style=\"font-weight: inherit;font-style: inherit;color: #006600\"><span style=\"color: #464646\">___________________________________________________________<\/span><\/p>\n<\/div>\n<div class=\"dicente\" style=\"color: #006600\">\n<p class=\"dicente_nome\" style=\"font-weight: bold;font-style: inherit;color: #006600\"><span style=\"color: #464646\">Patr\u00edcia Silva Vives<\/span><\/p>\n<p class=\"dicente_texto\" style=\"font-weight: inherit;font-style: inherit;color: #006600\"><span style=\"color: #464646\"><strong>Email:<\/strong><\/span><\/p>\n<p class=\"dicente_texto\" style=\"font-weight: inherit;font-style: inherit;color: #006600\"><span style=\"color: #464646\"><strong>Data de Ingresso:<\/strong> 03\/2003<\/span><\/p>\n<p class=\"dicente_texto\" style=\"font-weight: inherit;font-style: inherit;color: #006600\"><span style=\"color: #464646\"><strong>Data de defesa:<\/strong> 07\/2005<\/span><\/p>\n<p class=\"dicente_texto\" style=\"font-weight: inherit;font-style: inherit;color: #006600\"><span style=\"color: #464646\">___________________________________________________________<\/span><\/p>\n<\/div>\n","protected":false},"excerpt":{"rendered":"<p>Egresso Mestrado 2005 ___________________________________________________________ Andr\u00e9 Michelon Email: Data de Ingresso: 03\/2003 Data de defesa: 07\/2005 ___________________________________________________________ Ant\u00f4nio S\u00e9rgio Varela J\u00fanior Email: Data de Ingresso: 03\/2003 Data de defesa: 01\/2005 ___________________________________________________________ Bruna da Rosa Curcio Email: Data de Ingresso: 03\/2003 Data de defesa: 02\/2005 ___________________________________________________________ Caren Gularte Quincozes Email: Data de Ingresso: 03\/2003 Data de defesa: [&hellip;]<\/p>\n","protected":false},"author":391,"featured_media":0,"parent":114,"menu_order":30,"comment_status":"closed","ping_status":"closed","template":"","meta":{"footnotes":""},"class_list":["post-252","page","type-page","status-publish","hentry"],"_links":{"self":[{"href":"https:\/\/wp.ufpel.edu.br\/ppgveterinaria\/wp-json\/wp\/v2\/pages\/252","targetHints":{"allow":["GET"]}}],"collection":[{"href":"https:\/\/wp.ufpel.edu.br\/ppgveterinaria\/wp-json\/wp\/v2\/pages"}],"about":[{"href":"https:\/\/wp.ufpel.edu.br\/ppgveterinaria\/wp-json\/wp\/v2\/types\/page"}],"author":[{"embeddable":true,"href":"https:\/\/wp.ufpel.edu.br\/ppgveterinaria\/wp-json\/wp\/v2\/users\/391"}],"replies":[{"embeddable":true,"href":"https:\/\/wp.ufpel.edu.br\/ppgveterinaria\/wp-json\/wp\/v2\/comments?post=252"}],"version-history":[{"count":7,"href":"https:\/\/wp.ufpel.edu.br\/ppgveterinaria\/wp-json\/wp\/v2\/pages\/252\/revisions"}],"predecessor-version":[{"id":2305,"href":"https:\/\/wp.ufpel.edu.br\/ppgveterinaria\/wp-json\/wp\/v2\/pages\/252\/revisions\/2305"}],"up":[{"embeddable":true,"href":"https:\/\/wp.ufpel.edu.br\/ppgveterinaria\/wp-json\/wp\/v2\/pages\/114"}],"wp:attachment":[{"href":"https:\/\/wp.ufpel.edu.br\/ppgveterinaria\/wp-json\/wp\/v2\/media?parent=252"}],"curies":[{"name":"wp","href":"https:\/\/api.w.org\/{rel}","templated":true}]}}