{"id":2394,"date":"2016-03-15T17:40:10","date_gmt":"2016-03-15T20:40:10","guid":{"rendered":"https:\/\/wp.ufpel.edu.br\/ppgveterinaria\/?page_id=2394"},"modified":"2019-08-26T15:40:07","modified_gmt":"2019-08-26T18:40:07","slug":"2016-2","status":"publish","type":"page","link":"https:\/\/wp.ufpel.edu.br\/ppgveterinaria\/dissertacoesteses\/teses\/2016-2\/","title":{"rendered":"2016"},"content":{"rendered":"<p>&nbsp;<\/p>\n<ul>\n<li><span style=\"color: #464646\"><strong>Teses 2016<\/strong><\/span><\/li>\n<\/ul>\n<p>&nbsp;<\/p>\n<p><span style=\"color: #464646\">__________________________________________________________________________<\/span><\/p>\n<p><span style=\"color: #464646\"><strong>Adriana L\u00fccke Stigger\u00a0\u00a0<\/strong><\/span><\/p>\n<p><span style=\"color: #464646\"><strong>T\u00edtulo:\u00a0<\/strong><a style=\"color: #464646\" href=\"https:\/\/wp.ufpel.edu.br\/ppgveterinaria\/files\/2018\/04\/Adriana-L\u00fccke-Stigger-Resumo.pdf\" target=\"_blank\" rel=\"noopener noreferrer\">Controle de Senecio madagascariensis e de Senecio brasiliensis pelo pastejo com ovinos<\/a><\/span><\/p>\n<p><span style=\"color: #464646\"><strong>Orientador: <\/strong>Ana Lucia Pereira Schild<\/span><\/p>\n<p><span style=\"color: #464646\"><strong>Data da Defesa: <\/strong>09\/12\/2016<\/span><\/p>\n<p><span style=\"color: #464646\">__________________________________________________________________________<\/span><\/p>\n<p><span style=\"color: #464646\"><strong>Ana Mu\u00f1oz Vianna\u00a0\u00a0\u00a0\u00a0\u00a0\u00a0\u00a0<\/strong><\/span><\/p>\n<p><span style=\"color: #464646\"><strong>T\u00edtulo: <\/strong><a style=\"color: #464646\" href=\"https:\/\/wp.ufpel.edu.br\/ppgveterinaria\/files\/2016\/03\/Ana-Mu\u00f1oz-Vianna.pdf\" target=\"_blank\" rel=\"noopener noreferrer\">Utiliza\u00e7\u00e3o da prote\u00edna EMA-2 recombinante de <em>Theileria equi<\/em>, expressa em <em>Pichia pastoris<\/em>, como imunobiol\u00f3gico<\/a><\/span><\/p>\n<p><span style=\"color: #464646\"><strong>Orientador:<\/strong><strong>\u00a0<\/strong>F\u00e1bio Pereira Leivas Leite<\/span><\/p>\n<p><span style=\"color: #464646\"><strong>Data da Defesa:<\/strong><strong>\u00a0<\/strong>25\/02\/2016<\/span><\/p>\n<p><span style=\"color: #464646\">__________________________________________________________________________<\/span><\/p>\n<p><span style=\"color: #464646\"><strong>Angelita dos Reis Gomes\u00a0\u00a0\u00a0\u00a0\u00a0\u00a0\u00a0\u00a0\u00a0\u00a0\u00a0<\/strong><\/span><\/p>\n<p><span style=\"color: #464646\"><strong>T\u00edtulo:\u00a0<\/strong><a style=\"color: #464646\" href=\"https:\/\/wp.ufpel.edu.br\/ppgveterinaria\/files\/2016\/03\/Angelita-dos-Reis-Gomes-Resumo.pdf\" target=\"_blank\" rel=\"noopener noreferrer\">Infec\u00e7\u00f5es f\u00fangicas e micotoxicoses em animais no sul do Rio Grande do Sul<\/a><\/span><\/p>\n<p><span style=\"color: #464646\"><strong>Orientador: <\/strong>M\u00e1rio Carlos Ara\u00fajo Meireles<\/span><\/p>\n<p><span style=\"color: #464646\"><strong>Data da Defesa: <\/strong>30\/06\/2016<\/span><\/p>\n<p><span style=\"color: #464646\">__________________________________________________________________________<\/span><\/p>\n<p><span style=\"color: #464646\"><strong>Clarissa Caetano de Castro\u00a0\u00a0\u00a0\u00a0\u00a0\u00a0\u00a0\u00a0<\/strong><\/span><\/p>\n<p><span style=\"color: #464646\"><strong>T\u00edtulo: <\/strong><a style=\"color: #464646\" href=\"https:\/\/wp.ufpel.edu.br\/ppgveterinaria\/files\/2016\/03\/Clarissa-Caetano-de-Castro.pdf\" target=\"_blank\" rel=\"noopener noreferrer\">Avalia\u00e7\u00e3o da atividade antiviral do pept\u00eddeo P34 e mol\u00e9culas da classe da 4-tiazolidinona frente a v\u00edrus de import\u00e2ncia veterin\u00e1ria<\/a><\/span><\/p>\n<p><span style=\"color: #464646\"><strong>Orientador:<\/strong><strong>\u00a0<\/strong>Silvia de Oliveira H\u00fcbner<\/span><\/p>\n<p><span style=\"color: #464646\"><strong>Data da Defesa:<\/strong><strong> 24\/03\/2016<\/strong><\/span><\/p>\n<p><span style=\"color: #464646\">__________________________________________________________________________<\/span><\/p>\n<p><span style=\"color: #464646\"><strong>Diego Andres Velasco Acosta\u00a0\u00a0<\/strong><\/span><\/p>\n<p><span style=\"color: #464646\"><strong>T\u00edtulo: <\/strong><a style=\"color: #464646\" href=\"https:\/\/wp.ufpel.edu.br\/ppgveterinaria\/files\/2016\/03\/Diego-Andres-Velasco-Acosta.pdf\" target=\"_blank\" rel=\"noopener noreferrer\">Estrat\u00e9gias nutrac\u00eauticas no per\u00edodo de transi\u00e7\u00e3o em bovinos leiteiros e seus efeitos sobre par\u00e2metros metab\u00f3licos e fertilidade<\/a><\/span><\/p>\n<p><span style=\"color: #464646\"><strong>Orientador:<\/strong><strong>\u00a0<\/strong>Marcio Nunes Corr\u00eaa<\/span><\/p>\n<p><span style=\"color: #464646\"><strong>Data da Defesa:<\/strong><strong>\u00a0<\/strong>12\/01\/2016<\/span><\/p>\n<p><span style=\"color: #464646\">__________________________________________________________________________<\/span><\/p>\n<p><span style=\"color: #464646\"><strong>Josiane de Oliveira Feij\u00f3\u00a0\u00a0\u00a0\u00a0\u00a0\u00a0\u00a0\u00a0\u00a0\u00a0\u00a0<\/strong><\/span><\/p>\n<p><span style=\"color: #464646\"><strong>T\u00edtulo:\u00a0<\/strong><a style=\"color: #464646\" href=\"https:\/\/wp.ufpel.edu.br\/ppgveterinaria\/files\/2018\/01\/Josiane-de-Oliveira-Feij\u00f3.pdf\" target=\"_blank\" rel=\"noopener noreferrer\">Desenvolvimento de uma estrat\u00e9gia farmac\u00eautica para preven\u00e7\u00e3o de hipocalcemia em vacas leiteiras<\/a><\/span><\/p>\n<p><span style=\"color: #464646\"><strong>Orientador: <\/strong>Marcio Nunes Corr\u00eaa<\/span><\/p>\n<p><span style=\"color: #464646\"><strong>Data da Defesa: <\/strong>05\/07\/2016<\/span><\/p>\n<p><span style=\"color: #464646\">__________________________________________________________________________<\/span><\/p>\n<p><span style=\"color: #464646\"><strong>Roberta Silva Silveira da Mota<\/strong><\/span><\/p>\n<p><span style=\"color: #464646\"><strong>T\u00edtulo: <\/strong><a style=\"color: #464646\" href=\"https:\/\/wp.ufpel.edu.br\/ppgveterinaria\/files\/2016\/03\/Roberta-Silva-Silveira-da-Mota.pdf\" target=\"_blank\" rel=\"noopener noreferrer\">Raiva urbana no Rio Grande do Sul: circula\u00e7\u00e3o do v\u00edrus da raiva em morcegos n\u00e3o hemat\u00f3fagos no munic\u00edpio de Pelotas e perfil da profilaxia antirr\u00e1bica humana pr\u00e9-exposi\u00e7\u00e3o<\/a><\/span><\/p>\n<p><span style=\"color: #464646\"><strong>Orientador:<\/strong><strong>\u00a0<\/strong>Luiz Filipe Dam\u00e9 Schuch<\/span><\/p>\n<p><span style=\"color: #464646\"><strong>Data da Defesa:\u00a0<\/strong>20\/01\/2016<\/span><\/p>\n<p><span style=\"color: #464646\">__________________________________________________________________________<\/span><\/p>\n<p><span style=\"color: #464646\"><strong>Talita Schneid Tejada\u00a0\u00a0\u00a0<\/strong><\/span><\/p>\n<p><span style=\"color: #464646\"><strong>T\u00edtulo:\u00a0<\/strong><a style=\"color: #464646\" href=\"https:\/\/wp.ufpel.edu.br\/ppgveterinaria\/files\/2019\/08\/Talita-Schneid-Tejada.pdf\" target=\"_blank\" rel=\"noopener noreferrer\">Detec\u00e7\u00e3o de Campylobacter jejuni em produtos de frango utilizando t\u00e9cnicas convencionais e separa\u00e7\u00e3o imunomagn\u00e9tica<\/a><\/span><\/p>\n<p><span style=\"color: #464646\"><strong>Orientador: <\/strong>Cl\u00e1udio Dias Timm<\/span><\/p>\n<p><span style=\"color: #464646\"><strong>Data da Defesa:\u00a0<\/strong>21\/11\/2016<\/span><\/p>\n<p><span style=\"color: #464646\">__________________________________________________________________________<\/span><\/p>\n<p><span style=\"color: #464646\"><strong>Tony Picoli\u00a0\u00a0\u00a0\u00a0\u00a0\u00a0\u00a0\u00a0<\/strong><\/span><\/p>\n<p><span style=\"color: #464646\"><strong>T\u00edtulo:\u00a0<\/strong><a style=\"color: #464646\" href=\"https:\/\/wp.ufpel.edu.br\/ppgveterinaria\/files\/2016\/03\/Tony-Picoli.pdf\" target=\"_blank\" rel=\"noopener noreferrer\">Prospec\u00e7\u00e3o de atividades biol\u00f3gicas da apamina e melitina<\/a><\/span><\/p>\n<p><span style=\"color: #464646\"><strong>Orientador: <\/strong>Geferson Fischer<\/span><\/p>\n<p><span style=\"color: #464646\"><strong>Data da Defesa:\u00a0<\/strong>28\/11\/2016<\/span><\/p>\n<p><span style=\"color: #464646\">__________________________________________________________________________<\/span><\/p>\n","protected":false},"excerpt":{"rendered":"<p>&nbsp; Teses 2016 &nbsp; __________________________________________________________________________ Adriana L\u00fccke Stigger\u00a0\u00a0 T\u00edtulo:\u00a0Controle de Senecio madagascariensis e de Senecio brasiliensis pelo pastejo com ovinos Orientador: Ana Lucia Pereira Schild Data da Defesa: 09\/12\/2016 __________________________________________________________________________ Ana Mu\u00f1oz Vianna\u00a0\u00a0\u00a0\u00a0\u00a0\u00a0\u00a0 T\u00edtulo: Utiliza\u00e7\u00e3o da prote\u00edna EMA-2 recombinante de Theileria equi, expressa em Pichia pastoris, como imunobiol\u00f3gico Orientador:\u00a0F\u00e1bio Pereira Leivas Leite Data da Defesa:\u00a025\/02\/2016 [&hellip;]<\/p>\n","protected":false},"author":391,"featured_media":0,"parent":426,"menu_order":-2,"comment_status":"closed","ping_status":"closed","template":"","meta":{"footnotes":""},"class_list":["post-2394","page","type-page","status-publish","hentry"],"_links":{"self":[{"href":"https:\/\/wp.ufpel.edu.br\/ppgveterinaria\/wp-json\/wp\/v2\/pages\/2394","targetHints":{"allow":["GET"]}}],"collection":[{"href":"https:\/\/wp.ufpel.edu.br\/ppgveterinaria\/wp-json\/wp\/v2\/pages"}],"about":[{"href":"https:\/\/wp.ufpel.edu.br\/ppgveterinaria\/wp-json\/wp\/v2\/types\/page"}],"author":[{"embeddable":true,"href":"https:\/\/wp.ufpel.edu.br\/ppgveterinaria\/wp-json\/wp\/v2\/users\/391"}],"replies":[{"embeddable":true,"href":"https:\/\/wp.ufpel.edu.br\/ppgveterinaria\/wp-json\/wp\/v2\/comments?post=2394"}],"version-history":[{"count":19,"href":"https:\/\/wp.ufpel.edu.br\/ppgveterinaria\/wp-json\/wp\/v2\/pages\/2394\/revisions"}],"predecessor-version":[{"id":4194,"href":"https:\/\/wp.ufpel.edu.br\/ppgveterinaria\/wp-json\/wp\/v2\/pages\/2394\/revisions\/4194"}],"up":[{"embeddable":true,"href":"https:\/\/wp.ufpel.edu.br\/ppgveterinaria\/wp-json\/wp\/v2\/pages\/426"}],"wp:attachment":[{"href":"https:\/\/wp.ufpel.edu.br\/ppgveterinaria\/wp-json\/wp\/v2\/media?parent=2394"}],"curies":[{"name":"wp","href":"https:\/\/api.w.org\/{rel}","templated":true}]}}