{"id":176,"date":"2014-07-08T08:08:37","date_gmt":"2014-07-08T11:08:37","guid":{"rendered":"https:\/\/wp.ufpel.edu.br\/ppgveterinaria\/?page_id=176"},"modified":"2016-04-07T17:51:35","modified_gmt":"2016-04-07T20:51:35","slug":"2009-2","status":"publish","type":"page","link":"https:\/\/wp.ufpel.edu.br\/ppgveterinaria\/dissertacoesteses\/dissertacoes\/2009-2\/","title":{"rendered":"2009"},"content":{"rendered":"<div id=\"logos_vertical\" style=\"color: #006600\">\n<p>&nbsp;<\/p>\n<ul>\n<li><span style=\"color: #464646\"><strong>Disserta\u00e7\u00f5es 2009<\/strong><\/span><\/li>\n<\/ul>\n<p>&nbsp;<\/p>\n<p><span style=\"color: #464646\">___________________________________________________________________________<\/span><\/p>\n<\/div>\n<div style=\"color: #006600\">\n<div class=\"discertacoes\" style=\"text-align: justify\"><span style=\"color: #464646\"><strong><span style=\"font-size: 16px\">Ana Paula Neuschrank Albano\u00a0<\/span><\/strong><\/span><\/div>\n<div class=\"discertacoes\" style=\"text-align: justify\"><span style=\"color: #464646\">\u00a0<\/span><\/div>\n<div class=\"discertacoes\" style=\"text-align: justify\">\n<p class=\"titulo_discertacoes\"><span style=\"color: #464646\"><strong><a style=\"color: #464646;text-decoration: underline\" href=\"http:\/\/www2.ufpel.edu.br\/tede\/tde_busca\/arquivo.php?codArquivo=617\" target=\"_blank\">T\u00edtulo:<\/a><\/strong><span style=\"text-decoration: underline\"><a style=\"color: #464646;text-decoration: underline\" href=\"http:\/\/www2.ufpel.edu.br\/tede\/tde_busca\/arquivo.php?codArquivo=617\" target=\"_blank\"> Fungos e micoses em animais silvestres recebidos por Centros de Triagem<\/a><\/span><\/span><\/p>\n<p class=\"dicente_texto\"><span style=\"color: #464646\"><strong>Orientador:<\/strong> M\u00e1rio Carlos Ara\u00fajo Meireles<\/span><\/p>\n<p class=\"dicente_texto\"><span style=\"color: #464646\"><strong>Defesa:<\/strong> 23\/07\/2009<\/span><\/p>\n<p><span style=\"color: #464646\">___________________________________________________________________________<\/span><\/p>\n<p class=\"dicente_texto\"><span style=\"color: #464646\">\u00a0<strong>Eduardo Negri Mueller<\/strong><\/span><\/p>\n<div class=\"discertacoes\"><span style=\"color: #464646\"><strong><a style=\"font-size: 16px;color: #464646;text-decoration: underline\" href=\"http:\/\/www2.ufpel.edu.br\/tede\/tde_busca\/arquivo.php?codArquivo=796\" target=\"_blank\">T\u00edtulo:<\/a><\/strong><span style=\"text-decoration: underline\"><a style=\"font-size: 16px;color: #464646;text-decoration: underline\" href=\"http:\/\/www2.ufpel.edu.br\/tede\/tde_busca\/arquivo.php?codArquivo=796\" target=\"_blank\"> Avalia\u00e7\u00e3o e tratamento da otite externa canina<\/a><\/span><\/span><\/div>\n<div class=\"discertacoes\"><span style=\"color: #464646\">\u00a0<\/span><\/div>\n<div class=\"discertacoes\">\n<p class=\"dicente_texto\"><span style=\"color: #464646\"><strong>Orientador:<\/strong> M\u00e1rcia de Oliveira Nobre<\/span><\/p>\n<p class=\"dicente_texto\"><span style=\"color: #464646\"><strong>Defesa:<\/strong> 27\/02\/2009<\/span><\/p>\n<p><span style=\"color: #464646\">___________________________________________________________________________<\/span><\/p>\n<p class=\"dicente_texto\"><span style=\"color: #464646\"><strong>Eduardo Schmitt<\/strong><\/span><\/p>\n<p class=\"dicente_texto\"><span style=\"color: #464646\"><a style=\"color: #464646;text-decoration: underline\" href=\"http:\/\/www2.ufpel.edu.br\/tede\/tde_busca\/arquivo.php?codArquivo=721\" target=\"_blank\"><strong>T\u00edtulo:<\/strong><\/a><span style=\"text-decoration: underline\"><a style=\"color: #464646;text-decoration: underline\" href=\"http:\/\/www2.ufpel.edu.br\/tede\/tde_busca\/arquivo.php?codArquivo=721\" target=\"_blank\"> Influ\u00eancia da hipocalcemia subcl\u00ednica no metabolismo energ\u00e9tico de ruminantes<\/a><\/span><\/span><\/p>\n<p class=\"dicente_texto\"><span style=\"color: #464646\"><strong>Orientador:<\/strong> M\u00e1rcio nunes Corr\u00eaa<\/span><\/p>\n<p class=\"dicente_texto\"><span style=\"color: #464646\"><strong>Defesa:<\/strong> 12\/11\/2009<\/span><\/p>\n<p><span style=\"color: #464646\">___________________________________________________________________________<\/span><\/p>\n<p class=\"dicente_texto\"><span style=\"color: #464646\">\u00a0<strong style=\"font-size: 12px\"><span style=\"font-size: 16px\">Elizabeth Schwegler<\/span><\/strong><\/span><\/p>\n<div class=\"discertacoes\">\n<p class=\"titulo_discertacoes\"><span style=\"color: #464646\"><a style=\"color: #464646;text-decoration: underline\" href=\"http:\/\/www2.ufpel.edu.br\/tede\/tde_busca\/arquivo.php?codArquivo=581\" target=\"_blank\"><strong>T\u00edtulo:<\/strong><\/a><span style=\"text-decoration: underline\"><a style=\"color: #464646;text-decoration: underline\" href=\"http:\/\/www2.ufpel.edu.br\/tede\/tde_busca\/arquivo.php?codArquivo=581\" target=\"_blank\"> Par\u00e2metros Metab\u00f3licos e Ruminais de Ovelhas Induzidas \u00e0 Acidose Ruminal Sub-Cl\u00ednica, Suplementadas com Probi\u00f3tico, Monensina e Sel\u00eanio Levedura<\/a><\/span><\/span><\/p>\n<p class=\"dicente_texto\"><span style=\"color: #464646\"><strong>Orientador:<\/strong> Carlos Gil Turnes<\/span><\/p>\n<p class=\"dicente_texto\"><span style=\"color: #464646\"><strong>Defesa:<\/strong> 17\/03\/2009<\/span><\/p>\n<p><span style=\"color: #464646\">___________________________________________________________________________<\/span><\/p>\n<p class=\"dicente_texto\"><span style=\"color: #464646\">\u00a0<strong style=\"font-size: 12px\"><span style=\"font-size: 16px\">Let\u00edcia Fiss<\/span><\/strong><\/span><\/p>\n<\/div>\n<div class=\"discertacoes\">\n<p class=\"dicente_texto\"><span style=\"color: #464646\"><a style=\"color: #464646;text-decoration: underline\" href=\"http:\/\/www2.ufpel.edu.br\/tede\/tde_busca\/arquivo.php?codArquivo=587\" target=\"_blank\"><strong>T\u00edtulo:<\/strong><\/a><span style=\"text-decoration: underline\"><a style=\"color: #464646;text-decoration: underline\" href=\"http:\/\/www2.ufpel.edu.br\/tede\/tde_busca\/arquivo.php?codArquivo=587\" target=\"_blank\"> Hidranencefalia e hipoplasia cerebelar cong\u00eanita em b\u00fafalos murrah<\/a><\/span><\/span><\/p>\n<\/div>\n<div class=\"discertacoes\">\n<p class=\"dicente_texto\"><span style=\"color: #464646\"><strong>Orientador:<\/strong> Ana Lucia Schild<\/span><\/p>\n<p class=\"dicente_texto\"><span style=\"color: #464646\"><strong>Defesa:<\/strong> 03\/03\/2009<\/span><\/p>\n<p><span style=\"color: #464646\">___________________________________________________________________________<\/span><\/p>\n<p class=\"dicente_texto\"><span style=\"color: #464646\"><strong style=\"font-size: 12px\">\u00a0<span style=\"font-size: 16px\">L\u00edlian das Neves Ferreira<\/span><\/strong><\/span><\/p>\n<\/div>\n<div class=\"discertacoes\">\n<p class=\"titulo_discertacoes\"><span style=\"color: #464646\"><a style=\"color: #464646;text-decoration: underline\" href=\"http:\/\/www2.ufpel.edu.br\/tede\/tde_busca\/arquivo.php?codArquivo=727\" target=\"_blank\"><strong>T\u00edtulo:<\/strong><\/a><span style=\"text-decoration: underline\"><a style=\"color: #464646;text-decoration: underline\" href=\"http:\/\/www2.ufpel.edu.br\/tede\/tde_busca\/arquivo.php?codArquivo=727\" target=\"_blank\"> Capacidade imunomoduladora de extratos etan\u00f3lico de pr\u00f3polis verde e aquoso de pr\u00f3polis marrom em camundongos inoculados com ant\u00edgenos m\u00faltiplos<\/a><\/span><\/span><\/p>\n<p class=\"dicente_texto\"><span style=\"color: #464646\"><strong>Orientador:<\/strong> Silvia de Oliveira H\u00fcbner<\/span><\/p>\n<p class=\"dicente_texto\"><span style=\"color: #464646\"><strong>Defesa:<\/strong> 30\/03\/2009<\/span><\/p>\n<p><span style=\"color: #464646\">___________________________________________________________________________<\/span><\/p>\n<p class=\"dicente_texto\"><span style=\"color: #464646\">\u00a0<strong style=\"font-size: 12px\"><span style=\"font-size: 16px\">Luciana Welter Wendt<\/span><\/strong><\/span><\/p>\n<\/div>\n<div class=\"discertacoes\">\n<p class=\"titulo_discertacoes\"><span style=\"color: #464646\"><a style=\"color: #464646;text-decoration: underline\" href=\"http:\/\/www2.ufpel.edu.br\/tede\/tde_busca\/arquivo.php?codArquivo=728\" target=\"_blank\"><strong>T\u00edtulo:<\/strong><\/a><span style=\"text-decoration: underline\"><a style=\"color: #464646;text-decoration: underline\" href=\"http:\/\/www2.ufpel.edu.br\/tede\/tde_busca\/arquivo.php?codArquivo=728\" target=\"_blank\"> Fauna parasit\u00e1ria de capivaras (Hydrochoerus hydrochaeris Linnaeus, 1766) em sistema de cria\u00e7\u00e3o semi-intensivo na regi\u00e3o sul do Rio Grande do Sul<\/a><\/span><\/span><\/p>\n<p class=\"dicente_texto\"><span style=\"color: #464646\"><strong>Orientador:<\/strong> Nara Am\u00e9lia da Rosa Farias<\/span><\/p>\n<p class=\"dicente_texto\"><span style=\"color: #464646\"><strong>Defesa:<\/strong> 27\/07\/2009<\/span><\/p>\n<p><span style=\"color: #464646\">___________________________________________________________________________<\/span><\/p>\n<p class=\"dicente_texto\"><span style=\"color: #464646\">\u00a0<strong style=\"font-size: 12px\"><span style=\"font-size: 16px\">Maikel Alan Goulart<\/span><\/strong><\/span><\/p>\n<\/div>\n<div class=\"discertacoes\">\n<p class=\"titulo_discertacoes\"><span style=\"color: #464646\"><a style=\"color: #464646;text-decoration: underline\" href=\"http:\/\/www2.ufpel.edu.br\/tede\/tde_busca\/arquivo.php?codArquivo=598\" target=\"_blank\"><strong>T\u00edtulo:<\/strong><\/a><span style=\"text-decoration: underline\"><a style=\"color: #464646;text-decoration: underline\" href=\"http:\/\/www2.ufpel.edu.br\/tede\/tde_busca\/arquivo.php?codArquivo=598\" target=\"_blank\"> Efeitos da restri\u00e7\u00e3o alimentar e da somatotropina bovina recombinante sobre par\u00e2metros do metabolismo energ\u00e9tico, prot\u00e9ico, enzim\u00e1tico e mineral de novilhas leiteiras no pr\u00e9-parto<\/a><\/span><\/span><\/p>\n<p class=\"dicente_texto\"><span style=\"color: #464646\"><strong>Orientador:<\/strong> M\u00e1rcio Nunes Corr\u00eaa<\/span><\/p>\n<p class=\"dicente_texto\"><span style=\"color: #464646\"><strong>Defesa:<\/strong> 02\/04\/2009<\/span><\/p>\n<p><span style=\"color: #464646\">___________________________________________________________________________<\/span><\/p>\n<p class=\"dicente_texto\"><span style=\"color: #464646\">\u00a0<strong>Matheus Folgearini Silveira<\/strong><\/span><\/p>\n<\/div>\n<p class=\"dicente_texto\"><span style=\"color: #464646\"><strong><a style=\"color: #464646;text-decoration: underline\" href=\"http:\/\/www2.ufpel.edu.br\/tede\/tde_busca\/arquivo.php?codArquivo=601\" target=\"_blank\">T\u00edtulo:<\/a><\/strong><span style=\"text-decoration: underline\"><a style=\"color: #464646;text-decoration: underline\" href=\"http:\/\/www2.ufpel.edu.br\/tede\/tde_busca\/arquivo.php?codArquivo=601\" target=\"_blank\"> Avalia\u00e7\u00e3o da Microdensidade Vascular como Fator Progn\u00f3stico em Sarcomas de Tecidos Moles em Caninos e Felinos<\/a><\/span><\/span><\/p>\n<\/div>\n<\/div>\n<\/div>\n<div id=\"interno1\" style=\"color: #006600\">\n<div class=\"discertacoes\" style=\"font-weight: inherit;font-style: inherit;text-align: justify\">\n<p class=\"dicente_texto\" style=\"font-weight: inherit;font-style: inherit;color: #006600\"><span style=\"color: #464646\"><strong>Orientador:<\/strong> Cristina Gevehr Fernandes<\/span><\/p>\n<p class=\"dicente_texto\" style=\"font-weight: inherit;font-style: inherit;color: #006600\"><span style=\"color: #464646\"><strong>Defesa:<\/strong> 20\/05\/2009<\/span><\/p>\n<p><span style=\"color: #464646\">___________________________________________________________________________<\/span><\/p>\n<p class=\"dicente_texto\" style=\"font-weight: inherit;font-style: inherit;color: #006600\"><span style=\"color: #464646\">\u00a0<strong style=\"font-style: inherit\">Melissa Borba Spader<\/strong><\/span><\/p>\n<div class=\"discertacoes\">\n<p class=\"titulo_discertacoes\"><span style=\"color: #464646\"><a style=\"color: #464646;text-decoration: underline\" href=\"http:\/\/www2.ufpel.edu.br\/tede\/tde_busca\/arquivo.php?codArquivo=597\" target=\"_blank\"><strong>T\u00edtulo:<\/strong><\/a><span style=\"text-decoration: underline\"><a style=\"color: #464646;text-decoration: underline\" href=\"http:\/\/www2.ufpel.edu.br\/tede\/tde_busca\/arquivo.php?codArquivo=597\" target=\"_blank\"> Estudo epidemiologico, classifica\u00e7\u00e3o histol\u00f3gica, e fatores progn\u00f3sticos pela t\u00e9cnica de quantifica\u00e7\u00e3o das agnors em tumores mam\u00e1rios felinos<\/a><\/span><\/span><\/p>\n<p class=\"dicente_texto\"><span style=\"color: #464646\"><strong>Orientador:<\/strong> Cristina Gevehr Fernandes<\/span><\/p>\n<p class=\"dicente_texto\"><span style=\"color: #464646\"><strong>Defesa:<\/strong> 20\/05\/2009<\/span><\/p>\n<p><span style=\"color: #464646\">___________________________________________________________________________<\/span><\/p>\n<p class=\"dicente_texto\"><span style=\"color: #464646\">\u00a0<strong style=\"font-style: inherit;font-size: 12px\"><span style=\"font-size: 16px;font-style: inherit\">Rosema Santin<\/span><\/strong><\/span><\/p>\n<\/div>\n<div class=\"discertacoes\">\n<p class=\"titulo_discertacoes\"><span style=\"color: #464646\"><a style=\"color: #464646;text-decoration: underline\" href=\"http:\/\/www2.ufpel.edu.br\/tede\/tde_busca\/arquivo.php?codArquivo=588\" target=\"_blank\"><strong>T\u00edtulo:<\/strong><\/a><span style=\"text-decoration: underline\"><a style=\"color: #464646;text-decoration: underline\" href=\"http:\/\/www2.ufpel.edu.br\/tede\/tde_busca\/arquivo.php?codArquivo=588\" target=\"_blank\"> Isolamento, identifica\u00e7\u00e3o e suscetibilidade in vitro de leveduras isoladas da cavidade oral de f\u00eameas caninas<\/a><\/span><\/span><\/p>\n<p class=\"dicente_texto\"><span style=\"color: #464646\"><strong>Orientador:<\/strong> Mario Carlos Ara\u00fajo Meireles<\/span><\/p>\n<p class=\"dicente_texto\"><span style=\"color: #464646\"><strong>Defesa:<\/strong> 26\/02\/2009<\/span><\/p>\n<\/div>\n<p><span style=\"color: #464646\">___________________________________________________________________________<\/span><\/p>\n<\/div>\n<div class=\"discertacoes\" style=\"font-weight: inherit;font-style: inherit\">\n<p class=\"titulo_discertacoes\" style=\"font-weight: inherit;font-style: inherit;color: #395d24;text-align: justify\"><span style=\"color: #464646\"><strong>Samuel Rodrigues Felix<\/strong><\/span><\/p>\n<p class=\"titulo_discertacoes\" style=\"font-weight: inherit;font-style: inherit;color: #395d24;text-align: justify\"><span style=\"color: #464646\"><a style=\"color: #464646;text-decoration: underline\" href=\"http:\/\/www2.ufpel.edu.br\/tede\/tde_busca\/arquivo.php?codArquivo=831\" target=\"_blank\"><strong>T\u00edtulo:<\/strong><\/a><span style=\"text-decoration: underline\"><a style=\"color: #464646;text-decoration: underline\" href=\"http:\/\/www2.ufpel.edu.br\/tede\/tde_busca\/arquivo.php?codArquivo=831\" target=\"_blank\"> Avalia\u00e7\u00e3o do potencial imunoprotetor de ant\u00edgenos recombinantes de Leptospira interrogans<\/a><\/span><\/span><\/p>\n<p class=\"dicente_texto\" style=\"font-weight: inherit;font-style: inherit;color: #006600;text-align: justify\"><span style=\"color: #464646\"><strong>Orientador:<\/strong> Odir Ant\u00f4nio Dellagostin<\/span><\/p>\n<p class=\"dicente_texto\" style=\"font-weight: inherit;font-style: inherit;color: #006600;text-align: justify\"><span style=\"color: #464646\"><strong>Defesa:<\/strong> 27\/11\/2009<\/span><\/p>\n<p><span style=\"color: #464646\">___________________________________________________________________________<\/span><\/p>\n<p class=\"titulo_discertacoes\" style=\"text-align: justify\"><span style=\"color: #464646\"><strong>S\u00e9rgio Jorge<\/strong><\/span><\/p>\n<p class=\"titulo_discertacoes\" style=\"text-align: justify\"><span style=\"color: #464646\"><a style=\"color: #464646;text-decoration: underline\" href=\"http:\/\/www2.ufpel.edu.br\/tede\/tde_busca\/arquivo.php?codArquivo=620\" target=\"_blank\"><strong>T\u00edtulo:<\/strong><\/a><span style=\"text-decoration: underline\"><a style=\"color: #464646;text-decoration: underline\" href=\"http:\/\/www2.ufpel.edu.br\/tede\/tde_busca\/arquivo.php?codArquivo=620\" target=\"_blank\"> Identifica\u00e7\u00e3o Molecular e Perfil Sorol\u00f3gico de Leptospira spp. Isolada de Gamb\u00e1s-de-Orelha-Branca (Didelphis albiventris) no Sul do Brasil<\/a><\/span><\/span><\/p>\n<p class=\"dicente_texto\" style=\"text-align: justify\"><span style=\"color: #464646\"><strong>Orientador:<\/strong> Claudiomar Soares Brod<\/span><\/p>\n<p class=\"dicente_texto\" style=\"text-align: justify\"><span style=\"color: #464646\"><strong>Defesa:<\/strong> 20\/07\/2009<\/span><\/p>\n<p><span style=\"color: #464646\">___________________________________________________________________________<\/span><\/p>\n<\/div>\n<\/div>\n","protected":false},"excerpt":{"rendered":"<p>&nbsp; Disserta\u00e7\u00f5es 2009 &nbsp; ___________________________________________________________________________ Ana Paula Neuschrank Albano\u00a0 \u00a0 T\u00edtulo: Fungos e micoses em animais silvestres recebidos por Centros de Triagem Orientador: M\u00e1rio Carlos Ara\u00fajo Meireles Defesa: 23\/07\/2009 ___________________________________________________________________________ \u00a0Eduardo Negri Mueller T\u00edtulo: Avalia\u00e7\u00e3o e tratamento da otite externa canina \u00a0 Orientador: M\u00e1rcia de Oliveira Nobre Defesa: 27\/02\/2009 ___________________________________________________________________________ Eduardo Schmitt T\u00edtulo: Influ\u00eancia da [&hellip;]<\/p>\n","protected":false},"author":391,"featured_media":0,"parent":152,"menu_order":55,"comment_status":"closed","ping_status":"closed","template":"","meta":{"footnotes":""},"class_list":["post-176","page","type-page","status-publish","hentry"],"_links":{"self":[{"href":"https:\/\/wp.ufpel.edu.br\/ppgveterinaria\/wp-json\/wp\/v2\/pages\/176","targetHints":{"allow":["GET"]}}],"collection":[{"href":"https:\/\/wp.ufpel.edu.br\/ppgveterinaria\/wp-json\/wp\/v2\/pages"}],"about":[{"href":"https:\/\/wp.ufpel.edu.br\/ppgveterinaria\/wp-json\/wp\/v2\/types\/page"}],"author":[{"embeddable":true,"href":"https:\/\/wp.ufpel.edu.br\/ppgveterinaria\/wp-json\/wp\/v2\/users\/391"}],"replies":[{"embeddable":true,"href":"https:\/\/wp.ufpel.edu.br\/ppgveterinaria\/wp-json\/wp\/v2\/comments?post=176"}],"version-history":[{"count":17,"href":"https:\/\/wp.ufpel.edu.br\/ppgveterinaria\/wp-json\/wp\/v2\/pages\/176\/revisions"}],"predecessor-version":[{"id":2455,"href":"https:\/\/wp.ufpel.edu.br\/ppgveterinaria\/wp-json\/wp\/v2\/pages\/176\/revisions\/2455"}],"up":[{"embeddable":true,"href":"https:\/\/wp.ufpel.edu.br\/ppgveterinaria\/wp-json\/wp\/v2\/pages\/152"}],"wp:attachment":[{"href":"https:\/\/wp.ufpel.edu.br\/ppgveterinaria\/wp-json\/wp\/v2\/media?parent=176"}],"curies":[{"name":"wp","href":"https:\/\/api.w.org\/{rel}","templated":true}]}}