{"id":174,"date":"2014-07-08T08:08:14","date_gmt":"2014-07-08T11:08:14","guid":{"rendered":"https:\/\/wp.ufpel.edu.br\/ppgveterinaria\/?page_id=174"},"modified":"2016-04-07T17:52:20","modified_gmt":"2016-04-07T20:52:20","slug":"2008-2","status":"publish","type":"page","link":"https:\/\/wp.ufpel.edu.br\/ppgveterinaria\/dissertacoesteses\/dissertacoes\/2008-2\/","title":{"rendered":"2008"},"content":{"rendered":"<div id=\"logos_vertical\" style=\"color: #006600\">\n<p>&nbsp;<\/p>\n<ul>\n<li><span style=\"color: #464646\"><strong>Disserta\u00e7\u00f5es 2008<\/strong><\/span><\/li>\n<\/ul>\n<p>&nbsp;<\/p>\n<p><span style=\"color: #464646\">___________________________________________________________________________<\/span><\/p>\n<p><span style=\"color: #464646\"><strong>Ot\u00e1vio Brod Storch<\/strong><\/span><\/p>\n<\/div>\n<div id=\"interno1\" style=\"color: #006600\">\n<div class=\"discertacoes\" style=\"font-weight: inherit;font-style: inherit\">\n<p class=\"dicente_texto\" style=\"font-weight: inherit;font-style: inherit;color: #006600\"><span style=\"color: #464646\"><strong>T\u00edtulo:\u00a0<\/strong><a style=\"color: #464646\" href=\"http:\/\/www2.ufpel.edu.br\/tede\/tde_busca\/arquivo.php?codArquivo=562\" target=\"_blank\">Avalia\u00e7\u00e3o como probi\u00f3ticos para frangos de corte de Pichia pastoris e Pichia pastoris recombinante contendo o gene da fosfolipase C de Clostridium perfringens<\/a><\/span><\/p>\n<p class=\"dicente_texto\" style=\"font-weight: inherit;font-style: inherit;color: #006600\"><span style=\"color: #464646\"><strong>Orientador:<\/strong> Carlos Gil Turnes<\/span><\/p>\n<p class=\"dicente_texto\" style=\"font-weight: inherit;font-style: inherit;color: #006600\"><span style=\"color: #464646\"><strong>Defesa:<\/strong> 17\/11\/2008<\/span><\/p>\n<p><span style=\"color: #464646\">___________________________________________________________________________<\/span><\/p>\n<\/div>\n<div class=\"discertacoes\" style=\"font-weight: inherit;font-style: inherit\">\n<p class=\"titulo_discertacoes\" style=\"font-weight: inherit;font-style: inherit;color: #395d24\"><span style=\"color: #464646\"><strong>Gissele Rambo<\/strong><\/span><\/p>\n<p class=\"titulo_discertacoes\" style=\"font-weight: inherit;font-style: inherit;color: #395d24\"><span style=\"color: #464646\"><strong>T\u00edtulo:<\/strong><a style=\"color: #464646\" href=\"http:\/\/www2.ufpel.edu.br\/tede\/tde_busca\/arquivo.php?codArquivo=631\" target=\"_blank\"><strong style=\"color: #000000\">\u00a0<\/strong>Avalia\u00e7\u00e3o da dimetilacetamida e do glicerol na criopreserva\u00e7\u00e3o do s\u00eamen de su\u00ednos atrav\u00e9s de testes de fertiliza\u00e7\u00e3o in vitro<\/a><\/span><\/p>\n<p class=\"dicente_texto\" style=\"font-weight: inherit;font-style: inherit;color: #006600\"><span style=\"color: #464646\"><strong>Orientador:<\/strong> Jo\u00e3o Carlos Deschamps<\/span><\/p>\n<p class=\"dicente_texto\" style=\"font-weight: inherit;font-style: inherit;color: #006600\"><span style=\"color: #464646\"><strong>Defesa:<\/strong> 24\/11\/2008<\/span><\/p>\n<p><span style=\"color: #464646\">___________________________________________________________________________<\/span><\/p>\n<\/div>\n<div class=\"discertacoes\" style=\"font-weight: inherit;font-style: inherit\">\n<p class=\"titulo_discertacoes\" style=\"font-weight: inherit;font-style: inherit;color: #395d24\"><span style=\"color: #464646\"><strong>Anelise Afonso Martins<\/strong><\/span><\/p>\n<p class=\"titulo_discertacoes\" style=\"font-weight: inherit;font-style: inherit;color: #395d24\"><span style=\"color: #464646\"><strong>T\u00edtulo:<\/strong>\u00a0<a style=\"color: #464646\" href=\"http:\/\/www2.ufpel.edu.br\/tede\/tde_busca\/arquivo.php?codArquivo=560\" target=\"_blank\">Avalia\u00e7\u00e3o do uso do imunomodulador<\/a><\/span><\/p>\n<p class=\"dicente_texto\" style=\"font-weight: inherit;font-style: inherit;color: #006600\"><span style=\"color: #464646\"><strong>Orientador:<\/strong> M\u00e1rio Carlos Ara\u00fajo Meireles<\/span><\/p>\n<p class=\"dicente_texto\" style=\"font-weight: inherit;font-style: inherit;color: #006600\"><span style=\"color: #464646\"><strong>Defesa:<\/strong> 20\/02\/2008<\/span><\/p>\n<p><span style=\"color: #464646\">___________________________________________________________________________<\/span><\/p>\n<\/div>\n<div class=\"discertacoes\" style=\"font-weight: inherit;font-style: inherit\">\n<p class=\"titulo_discertacoes\" style=\"font-weight: inherit;font-style: inherit;color: #395d24\"><span style=\"color: #464646\"><strong>Leandro do Monte Ribas<\/strong><\/span><\/p>\n<p class=\"titulo_discertacoes\" style=\"font-weight: inherit;font-style: inherit;color: #395d24\"><span style=\"color: #464646\"><strong>T\u00edtulo:\u00a0<\/strong><a style=\"color: #464646\" href=\"http:\/\/www2.ufpel.edu.br\/tede\/tde_busca\/arquivo.php?codArquivo=450\" target=\"_blank\">Fatores epidemiol\u00f3gicos associados a doen\u00e7as respirat\u00f3rias em potros Puro Sangue Ingl\u00eas em quatro propriedades na regi\u00e3o de Bag\u00e9\/RS, Brasil<\/a><\/span><\/p>\n<p class=\"dicente_texto\" style=\"font-weight: inherit;font-style: inherit;color: #006600\"><span style=\"color: #464646\"><strong>Orientador:<\/strong> Carlos Eduardo Wayne Nogueira<\/span><\/p>\n<p class=\"dicente_texto\" style=\"font-weight: inherit;font-style: inherit;color: #006600\"><span style=\"color: #464646\"><strong>Defesa:<\/strong> 10\/03\/2008<\/span><\/p>\n<p><span style=\"color: #464646\">___________________________________________________________________________<\/span><\/p>\n<p class=\"dicente_texto\" style=\"font-weight: inherit;font-style: inherit;color: #006600\"><span style=\"color: #464646\"><strong>Priscila Marques Moura De Leon<\/strong><\/span><\/p>\n<p class=\"dicente_texto\" style=\"font-weight: inherit;font-style: inherit;color: #006600\"><span style=\"color: #464646\"><strong>T\u00edtulo:\u00a0<\/strong>O\u00f3citos equinos: matura\u00e7\u00e3o in vitro e vitrifica\u00e7\u00e3o.<\/span><\/p>\n<p class=\"dicente_texto\" style=\"font-weight: inherit;font-style: inherit;color: #006600\"><span style=\"color: #464646\"><strong>Orientador:<\/strong> Jos\u00e9 Carlos Deschamps<\/span><\/p>\n<p class=\"dicente_texto\" style=\"font-weight: inherit;font-style: inherit;color: #006600\"><span style=\"color: #464646\"><strong>Defesa:<\/strong> 30\/04\/2008<\/span><\/p>\n<p><span style=\"color: #464646\">___________________________________________________________________________<\/span><\/p>\n<\/div>\n<div class=\"discertacoes\" style=\"font-weight: inherit;font-style: inherit\">\n<p class=\"titulo_discertacoes\" style=\"font-weight: inherit;font-style: inherit;color: #395d24\"><span style=\"color: #464646\"><strong>Carine Dahl Corcini<\/strong><\/span><\/p>\n<p class=\"titulo_discertacoes\" style=\"font-weight: inherit;font-style: inherit;color: #395d24\"><span style=\"color: #464646\"><strong>T\u00edtulo:\u00a0<\/strong><a style=\"color: #464646\" href=\"http:\/\/www2.ufpel.edu.br\/tede\/tde_busca\/arquivo.php?codArquivo=543\" target=\"_blank\">Perfil prot\u00e9ico do plasma seminal de su\u00ednos e sua associa\u00e7\u00e3o com a qualidade do s\u00eamen congelado<\/a><\/span><\/p>\n<p class=\"dicente_texto\" style=\"font-weight: inherit;font-style: inherit;color: #006600\"><span style=\"color: #464646\"><strong>Orientador:<\/strong> Thomaz Lucia Jr.<\/span><\/p>\n<p class=\"dicente_texto\" style=\"font-weight: inherit;font-style: inherit;color: #006600\"><span style=\"color: #464646\"><strong>Defesa:<\/strong> 18\/04\/2008<\/span><\/p>\n<p><span style=\"color: #464646\">___________________________________________________________________________<\/span><\/p>\n<\/div>\n<div class=\"discertacoes\" style=\"font-weight: inherit;font-style: inherit\">\n<p class=\"titulo_discertacoes\" style=\"font-weight: inherit;font-style: inherit;color: #395d24\"><span style=\"color: #464646\"><strong>Felipe Geraldes Pappen<\/strong><\/span><\/p>\n<p class=\"titulo_discertacoes\" style=\"font-weight: inherit;font-style: inherit;color: #395d24\"><span style=\"color: #464646\"><strong>T\u00edtulo:\u00a0<\/strong>Preval\u00eancia de anticorpos para Toxoplasma gondii (Nicolle e Manceaux, 1909) em ovinos da regi\u00e3o sul do Estado do Rio Grande do Sul<\/span><\/p>\n<p class=\"dicente_texto\" style=\"font-weight: inherit;font-style: inherit;color: #006600\"><span style=\"color: #464646\"><strong>Orientador:<\/strong> Nara Am\u00e9lia da Rosa Farias<\/span><\/p>\n<p class=\"dicente_texto\" style=\"font-weight: inherit;font-style: inherit;color: #006600\"><span style=\"color: #464646\"><strong>Defesa:<\/strong> 13\/03\/2008<\/span><\/p>\n<p><span style=\"color: #464646\">___________________________________________________________________________<\/span><\/p>\n<\/div>\n<div class=\"discertacoes\" style=\"font-weight: inherit;font-style: inherit\">\n<p class=\"titulo_discertacoes\" style=\"font-weight: inherit;font-style: inherit;color: #395d24\"><span style=\"color: #464646\"><strong>Marcelo Mendon\u00e7a<\/strong><\/span><\/p>\n<p class=\"titulo_discertacoes\" style=\"font-weight: inherit;font-style: inherit;color: #395d24\"><span style=\"color: #464646\"><strong>T\u00edtulo:<\/strong>\u00a0<a style=\"color: #464646\" href=\"http:\/\/www2.ufpel.edu.br\/tede\/tde_busca\/arquivo.php?codArquivo=552\" target=\"_blank\">Produ\u00e7\u00e3o e caracteriza\u00e7\u00e3o de anticorpos monoclonais contra InlA de Listeria monocytogenes<\/a><\/span><\/p>\n<p class=\"dicente_texto\" style=\"font-weight: inherit;font-style: inherit;color: #006600\"><span style=\"color: #464646\"><strong>Orientador:<\/strong> Wladimir Padilha da Silva<\/span><\/p>\n<p class=\"dicente_texto\" style=\"font-weight: inherit;font-style: inherit;color: #006600\"><span style=\"color: #464646\"><strong>Defesa:<\/strong> 10\/03\/2008<\/span><\/p>\n<p><span style=\"color: #464646\">___________________________________________________________________________<\/span><\/p>\n<\/div>\n<div class=\"discertacoes\" style=\"font-weight: inherit;font-style: inherit\">\n<p class=\"titulo_discertacoes\" style=\"font-weight: inherit;font-style: inherit;color: #395d24\"><span style=\"color: #464646\"><strong>Rafael Adolfo Tonieto<\/strong><\/span><\/p>\n<p class=\"titulo_discertacoes\" style=\"font-weight: inherit;font-style: inherit;color: #395d24\"><span style=\"color: #464646\"><strong>T\u00edtulo:\u00a0<\/strong><a style=\"color: #464646\" href=\"http:\/\/www2.ufpel.edu.br\/tede\/tde_busca\/arquivo.php?codArquivo=561\" target=\"_blank\">Uso de trealose e lipoprote\u00edna de baixa densidade em diluentes para s\u00eamen ovino congelado<\/a><\/span><\/p>\n<p class=\"dicente_texto\" style=\"font-weight: inherit;font-style: inherit;color: #006600\"><span style=\"color: #464646\"><strong>Orientador:<\/strong> Thomaz Lucia Jr.<\/span><\/p>\n<p class=\"dicente_texto\" style=\"font-weight: inherit;font-style: inherit;color: #006600\"><span style=\"color: #464646\"><strong>Defesa:<\/strong> 24\/10\/2008<\/span><\/p>\n<p><span style=\"color: #464646\">___________________________________________________________________________<\/span><\/p>\n<p class=\"dicente_texto\" style=\"font-weight: inherit;font-style: inherit;color: #006600\"><span style=\"color: #000000\">\u00a0<\/span><\/p>\n<\/div>\n<\/div>\n","protected":false},"excerpt":{"rendered":"<p>&nbsp; Disserta\u00e7\u00f5es 2008 &nbsp; ___________________________________________________________________________ Ot\u00e1vio Brod Storch T\u00edtulo:\u00a0Avalia\u00e7\u00e3o como probi\u00f3ticos para frangos de corte de Pichia pastoris e Pichia pastoris recombinante contendo o gene da fosfolipase C de Clostridium perfringens Orientador: Carlos Gil Turnes Defesa: 17\/11\/2008 ___________________________________________________________________________ Gissele Rambo T\u00edtulo:\u00a0Avalia\u00e7\u00e3o da dimetilacetamida e do glicerol na criopreserva\u00e7\u00e3o do s\u00eamen de su\u00ednos atrav\u00e9s de testes [&hellip;]<\/p>\n","protected":false},"author":391,"featured_media":0,"parent":152,"menu_order":56,"comment_status":"closed","ping_status":"closed","template":"","meta":{"footnotes":""},"class_list":["post-174","page","type-page","status-publish","hentry"],"_links":{"self":[{"href":"https:\/\/wp.ufpel.edu.br\/ppgveterinaria\/wp-json\/wp\/v2\/pages\/174","targetHints":{"allow":["GET"]}}],"collection":[{"href":"https:\/\/wp.ufpel.edu.br\/ppgveterinaria\/wp-json\/wp\/v2\/pages"}],"about":[{"href":"https:\/\/wp.ufpel.edu.br\/ppgveterinaria\/wp-json\/wp\/v2\/types\/page"}],"author":[{"embeddable":true,"href":"https:\/\/wp.ufpel.edu.br\/ppgveterinaria\/wp-json\/wp\/v2\/users\/391"}],"replies":[{"embeddable":true,"href":"https:\/\/wp.ufpel.edu.br\/ppgveterinaria\/wp-json\/wp\/v2\/comments?post=174"}],"version-history":[{"count":20,"href":"https:\/\/wp.ufpel.edu.br\/ppgveterinaria\/wp-json\/wp\/v2\/pages\/174\/revisions"}],"predecessor-version":[{"id":2456,"href":"https:\/\/wp.ufpel.edu.br\/ppgveterinaria\/wp-json\/wp\/v2\/pages\/174\/revisions\/2456"}],"up":[{"embeddable":true,"href":"https:\/\/wp.ufpel.edu.br\/ppgveterinaria\/wp-json\/wp\/v2\/pages\/152"}],"wp:attachment":[{"href":"https:\/\/wp.ufpel.edu.br\/ppgveterinaria\/wp-json\/wp\/v2\/media?parent=174"}],"curies":[{"name":"wp","href":"https:\/\/api.w.org\/{rel}","templated":true}]}}