{"id":172,"date":"2014-07-08T08:07:54","date_gmt":"2014-07-08T11:07:54","guid":{"rendered":"https:\/\/wp.ufpel.edu.br\/ppgveterinaria\/?page_id=172"},"modified":"2016-04-07T17:54:27","modified_gmt":"2016-04-07T20:54:27","slug":"2007-2","status":"publish","type":"page","link":"https:\/\/wp.ufpel.edu.br\/ppgveterinaria\/dissertacoesteses\/dissertacoes\/2007-2\/","title":{"rendered":"2007"},"content":{"rendered":"<p>&nbsp;<\/p>\n<ul>\n<li><span style=\"color: #464646;font-size: 12pt\"><strong>Disserta\u00e7\u00f5es 2007<\/strong><\/span><\/li>\n<\/ul>\n<p>&nbsp;<\/p>\n<p><span style=\"color: #464646\">___________________________________________________________________________<\/span><\/p>\n<p class=\"titulo_discertacoes\" style=\"font-weight: inherit;font-style: inherit;color: #395d24\"><span style=\"color: #464646;font-size: 12pt\"><strong>Andr\u00e9ia da Silveira Lucas<\/strong><\/span><\/p>\n<p class=\"titulo_discertacoes\" style=\"font-weight: inherit;font-style: inherit;color: #395d24\"><span style=\"color: #464646;font-size: 12pt\"><strong>T\u00edtulo:\u00a0<\/strong><a style=\"color: #464646\" href=\"http:\/\/www2.ufpel.edu.br\/tede\/tde_busca\/arquivo.php?codArquivo=558\" target=\"_blank\">Neospora caninum em bovinos da bacia leiteira da regi\u00e3o de Pelotas, RS: soropreval\u00eancia e associa\u00e7\u00e3o com fatores de risco.<\/a><\/span><\/p>\n<p class=\"dicente_texto\" style=\"font-weight: inherit;font-style: inherit;color: #006600\"><span style=\"color: #464646;font-size: 12pt\"><strong>Orientador:<\/strong> Nara Am\u00e9lia da Rosa Farias<\/span><\/p>\n<p class=\"dicente_texto\" style=\"font-weight: inherit;font-style: inherit;color: #006600\"><span style=\"color: #464646;font-size: 12pt\"><strong>Defesa:<\/strong> 25\/06\/2007<\/span><\/p>\n<p><span style=\"color: #464646\">___________________________________________________________________________<\/span><\/p>\n<div class=\"discertacoes\" style=\"color: #006600\">\n<p class=\"titulo_discertacoes\" style=\"font-weight: inherit;font-style: inherit;color: #395d24\"><span style=\"color: #464646;font-size: 12pt\"><strong>Eduardo Gularte Xavier<\/strong><\/span><\/p>\n<p class=\"titulo_discertacoes\" style=\"font-weight: inherit;font-style: inherit;color: #395d24\"><span style=\"color: #464646;font-size: 12pt\"><b>T\u00edtulo:\u00a0<\/b><a style=\"color: #464646\" href=\"http:\/\/www2.ufpel.edu.br\/tede\/tde_busca\/arquivo.php?codArquivo=633\" target=\"_blank\">Rein\u00edcio da atividade ovariana p\u00f3s-parto de vacas bos indicus em presen\u00e7a ou n\u00e3o do terneiro.<\/a><\/span><\/p>\n<p class=\"dicente_texto\" style=\"font-weight: inherit;font-style: inherit;color: #006600\"><span style=\"color: #464646;font-size: 12pt\"><strong>Orientador:<\/strong> Cl\u00e1udio Alves Pimentel<\/span><\/p>\n<p class=\"dicente_texto\" style=\"font-weight: inherit;font-style: inherit;color: #006600\"><span style=\"color: #464646;font-size: 12pt\"><strong>Defesa:<\/strong> 29\/05\/2007<\/span><\/p>\n<\/div>\n<div class=\"discertacoes\" style=\"color: #006600\">\n<p><span style=\"color: #464646\">___________________________________________________________________________<\/span><\/p>\n<\/div>\n<div class=\"discertacoes\" style=\"color: #006600\"><span style=\"font-size: 12pt;color: #464646\">\u00a0<strong>Isabel Martins Madrid<\/strong><\/span><\/div>\n<p class=\"titulo_discertacoes\" style=\"font-weight: inherit;font-style: inherit;color: #395d24\"><span style=\"color: #464646;font-size: 12pt\"><strong>T\u00edtulo:<\/strong>\u00a0<a style=\"color: #464646\" href=\"http:\/\/www2.ufpel.edu.br\/tede\/tde_busca\/arquivo.php?codArquivo=275\" target=\"_blank\">Estudo de casos espont\u00e2neos de esporotricose canina e felina, e avalia\u00e7\u00e3o da melanina em c\u00e9lulas de Sporothrix schenckii em modelo murino.<\/a><\/span><\/p>\n<p class=\"dicente_texto\" style=\"font-weight: inherit;font-style: inherit;color: #006600\"><span style=\"color: #464646;font-size: 12pt\"><strong>Orientador:<\/strong> M\u00e1rio Carlos Ara\u00fajo Meireles<\/span><\/p>\n<p class=\"dicente_texto\" style=\"font-weight: inherit;font-style: inherit;color: #006600\"><span style=\"color: #464646;font-size: 12pt\"><strong>Defesa:<\/strong> 16\/02\/2007<\/span><\/p>\n<div class=\"discertacoes\" style=\"color: #006600\">\n<p><span style=\"color: #464646\">___________________________________________________________________________<\/span><\/p>\n<\/div>\n<div class=\"discertacoes\" style=\"color: #006600\"><span style=\"font-size: 12pt;color: #464646\">\u00a0<strong>Marcelo Brandi Vieira<\/strong><\/span><\/div>\n<div class=\"discertacoes\" style=\"color: #006600\">\n<p class=\"titulo_discertacoes\" style=\"font-weight: inherit;font-style: inherit;color: #395d24\"><span style=\"color: #464646;font-size: 12pt\"><strong>T\u00edtulo:\u00a0<\/strong><a style=\"color: #464646\" href=\"http:\/\/www2.ufpel.edu.br\/tede\/tde_busca\/arquivo.php?codArquivo=632\" target=\"_blank\">Influ\u00eancia da somatotropina recombinante bovina (rbst) sobre par\u00e2metros metab\u00f3licos, hormonais e de qualidade de s\u00eamen em touros.<\/a><\/span><\/p>\n<p class=\"dicente_texto\" style=\"font-weight: inherit;font-style: inherit;color: #006600\"><span style=\"color: #464646;font-size: 12pt\"><strong>Orientador:<\/strong> M\u00e1rcio Nunes Corr\u00eaa<\/span><\/p>\n<p class=\"dicente_texto\" style=\"font-weight: inherit;font-style: inherit;color: #006600\"><span style=\"color: #464646;font-size: 12pt\"><strong>Defesa:<\/strong> 07\/05\/2007<\/span><\/p>\n<div class=\"discertacoes\" style=\"color: #006600\">\n<p><span style=\"color: #464646\">___________________________________________________________________________<\/span><\/p>\n<\/div>\n<div class=\"discertacoes\" style=\"color: #006600\"><span style=\"color: #464646;font-size: 12pt\">\u00a0<strong>Melissa Orzechowski Xavier<\/strong><\/span><\/div>\n<\/div>\n<div class=\"discertacoes\" style=\"color: #006600\">\n<p class=\"titulo_discertacoes\" style=\"font-weight: inherit;font-style: inherit;color: #395d24\"><span style=\"color: #464646;font-size: 12pt\"><strong>T\u00edtulo:\u00a0<\/strong><a style=\"color: #464646\" href=\"http:\/\/www2.ufpel.edu.br\/tede\/tde_busca\/arquivo.php?codArquivo=269\" target=\"_blank\">Aspergilose em Ping\u00fcins em Cativeiro: Diagn\u00f3stico, Preven\u00e7\u00e3o e Controle em Centro de Recupera\u00e7\u00e3o de Animais Marinhos.<\/a><\/span><\/p>\n<p class=\"dicente_texto\" style=\"font-weight: inherit;font-style: inherit;color: #006600\"><span style=\"color: #464646;font-size: 12pt\"><strong>Orientador:<\/strong> M\u00e1rio Carlos Ara\u00fajo Meireles<\/span><\/p>\n<p class=\"dicente_texto\" style=\"font-weight: inherit;font-style: inherit;color: #006600\"><span style=\"color: #464646;font-size: 12pt\"><strong>Defesa:<\/strong> 16\/02\/2007<\/span><\/p>\n<p><span style=\"color: #464646\">___________________________________________________________________________<\/span><\/p>\n<\/div>\n<div class=\"discertacoes\" style=\"color: #006600\">\n<p class=\"titulo_discertacoes\" style=\"font-weight: inherit;font-style: inherit;color: #395d24\"><span style=\"color: #464646;font-size: 12pt\"><strong>Virgilio Baldu\u00edno Scheid Filho<\/strong><\/span><\/p>\n<p class=\"titulo_discertacoes\" style=\"font-weight: inherit;font-style: inherit;color: #395d24\"><span style=\"color: #464646;font-size: 12pt\"><strong>T\u00edtulo:\u00a0<\/strong><a style=\"color: #464646\" href=\"http:\/\/www2.ufpel.edu.br\/tede\/tde_busca\/arquivo.php?codArquivo=559\" target=\"_blank\">Associa\u00e7\u00e3o entre a ocorr\u00eancia de algumas enfermidades reprodutivas e o desempenho reprodutivo e produtivo de quatro rebanhos leiteiros da ra\u00e7a Holand\u00eas.<\/a><\/span><\/p>\n<p class=\"dicente_texto\" style=\"font-weight: inherit;font-style: inherit;color: #006600\"><span style=\"color: #464646;font-size: 12pt\"><strong>Orientador:<\/strong> Thomaz Lucia Jr.<\/span><\/p>\n<p class=\"dicente_texto\" style=\"font-weight: inherit;font-style: inherit;color: #006600\"><span style=\"color: #464646;font-size: 12pt\"><strong>Defesa:<\/strong> 02\/08\/2007<\/span><\/p>\n<p><span style=\"color: #464646\">___________________________________________________________________________<\/span><\/p>\n<\/div>\n<div class=\"discertacoes\" style=\"color: #006600\">\n<p class=\"titulo_discertacoes\" style=\"font-weight: inherit;font-style: inherit;color: #395d24\"><span style=\"color: #464646;font-size: 12pt\"><strong>Viviane Rohrig Rabassa<\/strong><\/span><\/p>\n<p class=\"titulo_discertacoes\" style=\"font-weight: inherit;font-style: inherit;color: #395d24\"><span style=\"color: #464646;font-size: 12pt\"><strong>T\u00edtulo:\u00a0<\/strong><a style=\"color: #464646\" href=\"http:\/\/www2.ufpel.edu.br\/tede\/tde_busca\/arquivo.php?codArquivo=580\" target=\"_blank\">Efeito da insemina\u00e7\u00e3o artificial transcervical e da aplica\u00e7\u00e3o de flunixin meglumine sobre a taxa de prenhez de ovelhas.<\/a><\/span><\/p>\n<p class=\"dicente_texto\" style=\"font-weight: inherit;font-style: inherit;color: #006600\"><span style=\"color: #464646;font-size: 12pt\"><strong>Orientador:<\/strong> M\u00e1rcio Nunes Corr\u00eaa<\/span><\/p>\n<p class=\"dicente_texto\" style=\"font-weight: inherit;font-style: inherit;color: #006600\"><span style=\"color: #464646;font-size: 12pt\"><strong>Defesa:<\/strong> 05\/02\/2007<\/span><\/p>\n<p><span style=\"color: #464646\">___________________________________________________________________________<\/span><\/p>\n<\/div>\n<div class=\"discertacoes\" style=\"color: #006600\"><\/div>\n<div class=\"discertacoes\" style=\"color: #006600\">\n<p class=\"dicente_texto\" style=\"font-weight: inherit;font-style: inherit;color: #006600\"><span style=\"color: #000000\">\u00a0<\/span><\/p>\n<\/div>\n","protected":false},"excerpt":{"rendered":"<p>&nbsp; Disserta\u00e7\u00f5es 2007 &nbsp; ___________________________________________________________________________ Andr\u00e9ia da Silveira Lucas T\u00edtulo:\u00a0Neospora caninum em bovinos da bacia leiteira da regi\u00e3o de Pelotas, RS: soropreval\u00eancia e associa\u00e7\u00e3o com fatores de risco. Orientador: Nara Am\u00e9lia da Rosa Farias Defesa: 25\/06\/2007 ___________________________________________________________________________ Eduardo Gularte Xavier T\u00edtulo:\u00a0Rein\u00edcio da atividade ovariana p\u00f3s-parto de vacas bos indicus em presen\u00e7a ou n\u00e3o do terneiro. [&hellip;]<\/p>\n","protected":false},"author":391,"featured_media":0,"parent":152,"menu_order":57,"comment_status":"closed","ping_status":"closed","template":"","meta":{"footnotes":""},"class_list":["post-172","page","type-page","status-publish","hentry"],"_links":{"self":[{"href":"https:\/\/wp.ufpel.edu.br\/ppgveterinaria\/wp-json\/wp\/v2\/pages\/172","targetHints":{"allow":["GET"]}}],"collection":[{"href":"https:\/\/wp.ufpel.edu.br\/ppgveterinaria\/wp-json\/wp\/v2\/pages"}],"about":[{"href":"https:\/\/wp.ufpel.edu.br\/ppgveterinaria\/wp-json\/wp\/v2\/types\/page"}],"author":[{"embeddable":true,"href":"https:\/\/wp.ufpel.edu.br\/ppgveterinaria\/wp-json\/wp\/v2\/users\/391"}],"replies":[{"embeddable":true,"href":"https:\/\/wp.ufpel.edu.br\/ppgveterinaria\/wp-json\/wp\/v2\/comments?post=172"}],"version-history":[{"count":24,"href":"https:\/\/wp.ufpel.edu.br\/ppgveterinaria\/wp-json\/wp\/v2\/pages\/172\/revisions"}],"predecessor-version":[{"id":2460,"href":"https:\/\/wp.ufpel.edu.br\/ppgveterinaria\/wp-json\/wp\/v2\/pages\/172\/revisions\/2460"}],"up":[{"embeddable":true,"href":"https:\/\/wp.ufpel.edu.br\/ppgveterinaria\/wp-json\/wp\/v2\/pages\/152"}],"wp:attachment":[{"href":"https:\/\/wp.ufpel.edu.br\/ppgveterinaria\/wp-json\/wp\/v2\/media?parent=172"}],"curies":[{"name":"wp","href":"https:\/\/api.w.org\/{rel}","templated":true}]}}