{"id":170,"date":"2014-07-08T08:07:38","date_gmt":"2014-07-08T11:07:38","guid":{"rendered":"https:\/\/wp.ufpel.edu.br\/ppgveterinaria\/?page_id=170"},"modified":"2016-04-07T17:55:25","modified_gmt":"2016-04-07T20:55:25","slug":"2006-2","status":"publish","type":"page","link":"https:\/\/wp.ufpel.edu.br\/ppgveterinaria\/dissertacoesteses\/dissertacoes\/2006-2\/","title":{"rendered":"2006"},"content":{"rendered":"<div id=\"interno1\" style=\"color: #006600\">\n<p>&nbsp;<\/p>\n<ul>\n<li><span style=\"color: #464646\"><strong>Disserta\u00e7\u00f5es 2006<\/strong><\/span><\/li>\n<\/ul>\n<p>&nbsp;<\/p>\n<p><span style=\"color: #464646\">___________________________________________________________________________<\/span><\/p>\n<div class=\"discertacoes\" style=\"font-weight: inherit;font-style: inherit\">\n<p class=\"titulo_discertacoes\"><span style=\"color: #464646\"><strong>Andr\u00e9a Panzardi<\/strong><\/span><\/p>\n<p class=\"titulo_discertacoes\"><span style=\"color: #464646\"><strong>T\u00edtulo:<\/strong>\u00a0<a style=\"color: #464646\" href=\"http:\/\/www2.ufpel.edu.br\/tede\/tde_busca\/arquivo.php?codArquivo=263\" target=\"_blank\">Determina\u00e7\u00e3o da paternidade de leitegadas su\u00ednas por marcadores microssat\u00e9lites utilizando insemina\u00e7\u00e3o heterosp\u00e9rmica, com deposi\u00e7\u00e3o esperm\u00e1tica intracervical e intrauterina, para a verifica\u00e7\u00e3o da contribui\u00e7\u00e3o individual de machos su\u00ednos.<\/a><\/span><\/p>\n<p class=\"dicente_texto\"><span style=\"color: #464646\"><strong>Orientador:<\/strong> Thomaz Lucia Jr.<\/span><\/p>\n<p class=\"dicente_texto\"><span style=\"color: #464646\"><strong>Defesa:<\/strong> 06\/04\/2006<\/span><\/p>\n<p class=\"titulo_discertacoes\" style=\"font-weight: inherit;font-style: inherit;color: #395d24\"><span style=\"color: #464646\">___________________________________________________________________________<\/span><\/p>\n<\/div>\n<\/div>\n<p class=\"dicente_texto\"><span style=\"color: #464646\"><strong>Friedrich Frey Junior<\/strong><\/span><\/p>\n<p class=\"dicente_texto\"><span style=\"color: #464646\"><strong>T\u00edtulo:<\/strong>\u00a0<a style=\"color: #464646\" href=\"http:\/\/www2.ufpel.edu.br\/tede\/tde_busca\/arquivo.php?codArquivo=265\" target=\"_blank\">\u00cdndices epidemiol\u00f3gicos em Potros Puro Sangue Ingl\u00eas, do nascimento at\u00e9 os seis meses de vida, na regi\u00e3o de Bag\u00e9-RS.<\/a><\/span><\/p>\n<p class=\"dicente_texto\"><span style=\"color: #464646\"><strong>Orientador:<\/strong> Carlos Eduardo Wayne Nogueira<\/span><\/p>\n<p class=\"dicente_texto\"><span style=\"color: #464646\"><strong>Defesa:<\/strong> 26\/06\/2006<\/span><\/p>\n<p class=\"dicente_texto\"><span style=\"color: #464646\">___________________________________________________________________________<\/span><\/p>\n<p class=\"dicente_texto\"><span style=\"color: #464646\"><strong>L\u00edgia Maria Piassi<\/strong><\/span><\/p>\n<p class=\"dicente_texto\"><span style=\"color: #464646\"><strong>T\u00edtulo:<\/strong>\u00a0<a style=\"color: #464646\" href=\"http:\/\/www2.ufpel.edu.br\/tede\/tde_busca\/arquivo.php?codArquivo=261\" target=\"_blank\">Efeito de crioprotetores externos sobre a viabilidade in vitro de espermatoz\u00f3ides congelados de camundongos (Musmusculus) das linhagens SWISSALBINA e BALB\/c.<\/a>\u00a0<\/span><\/p>\n<p class=\"dicente_texto\"><span style=\"color: #464646\"><strong>Orientador:<\/strong> Jo\u00e3o Carlos Deschamps<\/span><\/p>\n<p class=\"dicente_texto\"><span style=\"color: #464646\"><strong>Defesa:<\/strong> 07\/04\/2006<\/span><\/p>\n<p class=\"dicente_texto\"><span style=\"color: #464646\">___________________________________________________________________________<\/span><\/p>\n<p class=\"titulo_discertacoes\"><span style=\"color: #464646\"><strong>Luciana de Souza Prestes<\/strong><\/span><\/p>\n<p class=\"titulo_discertacoes\"><span style=\"color: #464646\"><strong>T\u00edtulo:\u00a0<\/strong><a style=\"color: #464646\" href=\"http:\/\/www2.ufpel.edu.br\/tede\/tde_busca\/arquivo.php?codArquivo=262\" target=\"_blank\">Avalia\u00e7\u00e3o in vitro da atividade de diferentes extratos de origanum vulgare l. e thymus vulgaris frente a microrganismos de import\u00e2ncia veterin\u00e1ria.<\/a><\/span><\/p>\n<p class=\"dicente_texto\"><span style=\"color: #464646\"><strong>Orientador:<\/strong> M\u00e1rio Carlos Ara\u00fajo Meireles<\/span><\/p>\n<p class=\"dicente_texto\"><span style=\"color: #464646\"><strong>Defesa:<\/strong> 27\/04\/2006<\/span><\/p>\n<p class=\"dicente_texto\"><span style=\"color: #464646\">___________________________________________________________________________<\/span><\/p>\n<p class=\"titulo_discertacoes\"><span style=\"color: #464646\"><strong>M\u00e1rcia Cristiane Feltrin Dias de Souza<\/strong><\/span><\/p>\n<p class=\"titulo_discertacoes\"><span style=\"color: #464646\"><strong>T\u00edtulo:<\/strong> Estudo da aplicabilidade de crit\u00e9rios morfol\u00f3gicos e morfom\u00e9tricos para a gradua\u00e7\u00e3o de mastocitomas cut\u00e2neos em caninos.<\/span><\/p>\n<p class=\"dicente_texto\"><span style=\"color: #464646\"><strong>Orientador:<\/strong> Cristina Gevehr Fernandes<\/span><\/p>\n<p class=\"dicente_texto\"><span style=\"color: #464646\"><strong>Defesa:<\/strong> 23\/06\/2006<\/span><\/p>\n<p class=\"dicente_texto\"><span style=\"color: #464646\">___________________________________________________________________________<\/span><\/p>\n<p class=\"titulo_discertacoes\"><span style=\"color: #464646\"><strong>Milton Begeres de Almeida<\/strong><\/span><\/p>\n<p class=\"titulo_discertacoes\"><span style=\"color: #464646\"><strong>T\u00edtulo:\u00a0<\/strong><a style=\"color: #464646\" href=\"http:\/\/www2.ufpel.edu.br\/tede\/tde_busca\/arquivo.php?codArquivo=264\" target=\"_blank\">Avalia\u00e7\u00e3o das les\u00f5es card\u00edacas e encef\u00e1licas induzidas pelas intoxica\u00e7\u00f5es por ateleia glazioviana e tetrapterys multiglandulosa em ovinos.<\/a><\/span><\/p>\n<p class=\"dicente_texto\"><span style=\"color: #464646\"><strong>Orientador:<\/strong> Ana Lucia Schild<\/span><\/p>\n<p class=\"dicente_texto\"><span style=\"color: #464646\"><strong>Defesa:<\/strong> 10\/03\/2006<\/span><\/p>\n<p class=\"dicente_texto\"><span style=\"color: #464646\">___________________________________________________________________________<\/span><\/p>\n<p class=\"titulo_discertacoes\"><span style=\"color: #464646\"><strong>Sandro de Vargas Schons<\/strong><\/span><\/p>\n<p class=\"titulo_discertacoes\"><span style=\"color: #464646\"><strong>T\u00edtulo:\u00a0<\/strong><a style=\"color: #464646\" href=\"http:\/\/www2.ufpel.edu.br\/tede\/tde_busca\/arquivo.php?codArquivo=266\" target=\"_blank\">Intoxica\u00e7\u00e3o experimental por ramaria flavo-brunnescens em bovinos: estudo da patogenia.<\/a><\/span><\/p>\n<p class=\"dicente_texto\"><span style=\"color: #464646\"><strong>Orientador:<\/strong> Ana Lucia Schild<\/span><\/p>\n<p class=\"dicente_texto\"><span style=\"color: #464646\"><strong>Defesa:<\/strong> 09\/02\/2006<\/span><\/p>\n<p class=\"dicente_texto\"><span style=\"color: #464646\">___________________________________________________________________________<\/span><\/p>\n<p class=\"titulo_discertacoes\"><span style=\"color: #464646\"><strong>Talita Bandeira Roos<\/strong><\/span><\/p>\n<p class=\"titulo_discertacoes\"><span style=\"color: #464646\"><strong>T\u00edtulo:\u00a0<\/strong><a style=\"color: #464646\" href=\"http:\/\/www2.ufpel.edu.br\/tede\/tde_busca\/arquivo.php?codArquivo=270\" target=\"_blank\">Efeito de Saccharomyces boulardii e Bacillus cereus var. toyoi na resposta imune de cordeiros vacinados contra Escherichia coli e Herpes v\u00edrus bovino-5.<\/a><\/span><\/p>\n<p class=\"dicente_texto\"><span style=\"color: #464646\"><strong>Orientador:<\/strong> Carlos Gil Turnes<\/span><\/p>\n<p class=\"dicente_texto\"><span style=\"color: #464646\"><strong>Defesa:<\/strong> 31\/10\/2006<\/span><\/p>\n<p class=\"dicente_texto\"><span style=\"color: #464646\">___________________________________________________________________________<\/span><\/p>\n<div id=\"interno1\" style=\"color: #006600\">\n<div class=\"discertacoes\" style=\"font-weight: inherit;font-style: inherit\">\n<p class=\"titulo_discertacoes\" style=\"font-weight: inherit;font-style: inherit;color: #395d24\"><span style=\"color: #464646\"><strong>Tatiane Camacho Mendes<\/strong><\/span><\/p>\n<p class=\"titulo_discertacoes\" style=\"font-weight: inherit;font-style: inherit;color: #395d24\"><span style=\"color: #464646\"><strong>T\u00edtulo:\u00a0<\/strong><a style=\"color: #464646\" href=\"http:\/\/www2.ufpel.edu.br\/tede\/tde_busca\/arquivo.php?codArquivo=267\" target=\"_blank\">Avalia\u00e7\u00e3o comparativa de dois sistemas de classifica\u00e7\u00e3o histol\u00f3gica e da validade da quantifica\u00e7\u00e3o da agnor para adenomas e carcinomas mam\u00e1rios caninos.<\/a><\/span><\/p>\n<p class=\"dicente_texto\" style=\"font-weight: inherit;font-style: inherit;color: #006600\"><span style=\"color: #464646\"><strong>Orientador:<\/strong> Cristina Gevehr Fernandes<\/span><\/p>\n<p class=\"dicente_texto\" style=\"font-weight: inherit;font-style: inherit;color: #006600\"><span style=\"color: #464646\"><strong>Defesa:<\/strong> 26\/04\/2006<\/span><\/p>\n<p><span style=\"color: #464646\">___________________________________________________________________________<\/span><\/p>\n<\/div>\n<div class=\"discertacoes\" style=\"font-weight: inherit;font-style: inherit\"><span style=\"color: #464646\">\u00a0<strong>Vinicius Coitinho Tabele\u00e3o<\/strong><\/span><\/div>\n<\/div>\n<div id=\"interno1\" style=\"color: #006600\">\n<div class=\"discertacoes\" style=\"font-weight: inherit;font-style: inherit\">\n<p class=\"dicente_texto\" style=\"font-weight: inherit;font-style: inherit;color: #006600\"><span style=\"color: #464646\"><strong>T\u00edtulo:<\/strong>\u00a0<a style=\"color: #464646\" href=\"http:\/\/www2.ufpel.edu.br\/tede\/tde_busca\/arquivo.php?codArquivo=271\" target=\"_blank\">Efeito da suplementa\u00e7\u00e3o com probi\u00f3ticos ou monensina em cordeiros sobre par\u00e2metros ruminais e metab\u00f3licos.<\/a><\/span><\/p>\n<p class=\"dicente_texto\" style=\"font-weight: inherit;font-style: inherit;color: #006600\"><span style=\"color: #464646\"><strong>Orientador:<\/strong> M\u00e1rcio Nunes Corr\u00eaa<\/span><\/p>\n<p class=\"dicente_texto\" style=\"font-weight: inherit;font-style: inherit;color: #006600\"><span style=\"color: #464646\"><strong>Defesa:<\/strong> 27\/04\/2006<\/span><\/p>\n<p><span style=\"color: #464646\">___________________________________________________________________________<\/span><\/p>\n<p>&nbsp;<\/p>\n<\/div>\n<div class=\"discertacoes\" style=\"font-weight: inherit;font-style: inherit\">\n<p class=\"dicente_texto\" style=\"font-weight: inherit;font-style: inherit;color: #006600\"><span style=\"color: #464646\">\u00a0<\/span><\/p>\n<\/div>\n<\/div>\n","protected":false},"excerpt":{"rendered":"<p>&nbsp; Disserta\u00e7\u00f5es 2006 &nbsp; ___________________________________________________________________________ Andr\u00e9a Panzardi T\u00edtulo:\u00a0Determina\u00e7\u00e3o da paternidade de leitegadas su\u00ednas por marcadores microssat\u00e9lites utilizando insemina\u00e7\u00e3o heterosp\u00e9rmica, com deposi\u00e7\u00e3o esperm\u00e1tica intracervical e intrauterina, para a verifica\u00e7\u00e3o da contribui\u00e7\u00e3o individual de machos su\u00ednos. Orientador: Thomaz Lucia Jr. Defesa: 06\/04\/2006 ___________________________________________________________________________ Friedrich Frey Junior T\u00edtulo:\u00a0\u00cdndices epidemiol\u00f3gicos em Potros Puro Sangue Ingl\u00eas, do nascimento at\u00e9 os [&hellip;]<\/p>\n","protected":false},"author":391,"featured_media":0,"parent":152,"menu_order":58,"comment_status":"closed","ping_status":"closed","template":"","meta":{"footnotes":""},"class_list":["post-170","page","type-page","status-publish","hentry"],"_links":{"self":[{"href":"https:\/\/wp.ufpel.edu.br\/ppgveterinaria\/wp-json\/wp\/v2\/pages\/170","targetHints":{"allow":["GET"]}}],"collection":[{"href":"https:\/\/wp.ufpel.edu.br\/ppgveterinaria\/wp-json\/wp\/v2\/pages"}],"about":[{"href":"https:\/\/wp.ufpel.edu.br\/ppgveterinaria\/wp-json\/wp\/v2\/types\/page"}],"author":[{"embeddable":true,"href":"https:\/\/wp.ufpel.edu.br\/ppgveterinaria\/wp-json\/wp\/v2\/users\/391"}],"replies":[{"embeddable":true,"href":"https:\/\/wp.ufpel.edu.br\/ppgveterinaria\/wp-json\/wp\/v2\/comments?post=170"}],"version-history":[{"count":18,"href":"https:\/\/wp.ufpel.edu.br\/ppgveterinaria\/wp-json\/wp\/v2\/pages\/170\/revisions"}],"predecessor-version":[{"id":2461,"href":"https:\/\/wp.ufpel.edu.br\/ppgveterinaria\/wp-json\/wp\/v2\/pages\/170\/revisions\/2461"}],"up":[{"embeddable":true,"href":"https:\/\/wp.ufpel.edu.br\/ppgveterinaria\/wp-json\/wp\/v2\/pages\/152"}],"wp:attachment":[{"href":"https:\/\/wp.ufpel.edu.br\/ppgveterinaria\/wp-json\/wp\/v2\/media?parent=170"}],"curies":[{"name":"wp","href":"https:\/\/api.w.org\/{rel}","templated":true}]}}