{"id":164,"date":"2014-07-08T08:06:08","date_gmt":"2014-07-08T11:06:08","guid":{"rendered":"https:\/\/wp.ufpel.edu.br\/ppgveterinaria\/?page_id=164"},"modified":"2016-04-07T17:44:35","modified_gmt":"2016-04-07T20:44:35","slug":"2013-2","status":"publish","type":"page","link":"https:\/\/wp.ufpel.edu.br\/ppgveterinaria\/dissertacoesteses\/dissertacoes\/2013-2\/","title":{"rendered":"2013"},"content":{"rendered":"<p>&nbsp;<\/p>\n<ul>\n<li><span style=\"color: #464646\"><strong>Disserta\u00e7\u00f5es 2013<\/strong><\/span><\/li>\n<\/ul>\n<p>&nbsp;<\/p>\n<p><span style=\"color: #464646\">___________________________________________________________________________<\/span><\/p>\n<p><span style=\"color: #464646\"><strong style=\"color: #464646;line-height: 1.5\">Alceu Gon\u00e7alves dos Santos Junior<\/strong><\/span><\/p>\n<p style=\"text-align: justify\"><span style=\"color: #464646\"><strong>T\u00edtulo:\u00a0<\/strong><span style=\"text-decoration: underline\"><a style=\"color: #464646;text-decoration: underline\" href=\"http:\/\/www2.ufpel.edu.br\/tede\/tde_busca\/arquivo.php?codArquivo=1631\" target=\"_blank\">Produ\u00e7\u00e3o de Quimera roptria 2 de Neospora caninum com a por\u00e7\u00e3o B da toxina termo l\u00e1bil de Escherichia coli enterotoxig\u00eanica (rROP\u00b2\/LTB) como imunobiol\u00f3gico<\/a><\/span><\/span><\/p>\n<p><span style=\"color: #464646\"><strong>Orientador:<\/strong> Prof. F\u00e1bio Pereira Leivas Leite<\/span><\/p>\n<p><span style=\"color: #464646\"><strong>Defesa:<\/strong> 22\/02\/13<\/span><\/p>\n<p><span style=\"color: #464646\">___________________________________________________________________________<\/span><\/p>\n<p><span style=\"color: #464646\"><strong>Alexander de Oliveira Gon\u00e7alves<\/strong><\/span><\/p>\n<p style=\"text-align: justify\"><span style=\"color: #464646\"><a style=\"color: #464646;text-decoration: underline\" href=\"http:\/\/www2.ufpel.edu.br\/tede\/tde_busca\/arquivo.php?codArquivo=2064\" target=\"_blank\"><strong>T\u00edtulo:\u00a0<\/strong><\/a><span style=\"text-decoration: underline\"><a style=\"color: #464646;text-decoration: underline\" href=\"http:\/\/www2.ufpel.edu.br\/tede\/tde_busca\/arquivo.php?codArquivo=2064\" target=\"_blank\">Prepara\u00e7\u00e3o do espermatozoide como fonte de varia\u00e7\u00e3o na produ\u00e7\u00e3o in vitro de embri\u00f5es bovinos<\/a><\/span><\/span><\/p>\n<p><span style=\"color: #464646\"><strong>Orientador: <\/strong>Prof. Ivan Bianchi<\/span><\/p>\n<p><span style=\"color: #464646\"><strong>Defesa: <\/strong>22\/02\/13<\/span><\/p>\n<p><span style=\"color: #464646\">___________________________________________________________________________<\/span><\/p>\n<p><span style=\"color: #464646\"><strong>\u00c2ngela Faccin<\/strong><\/span><\/p>\n<p style=\"text-align: justify\"><span style=\"color: #464646\"><a style=\"color: #464646\" href=\"http:\/\/www2.ufpel.edu.br\/tede\/tde_busca\/arquivo.php?codArquivo=1633\" target=\"_blank\"><strong>T\u00edtulo:\u00a0<\/strong><span style=\"text-decoration: underline\">Atividade antibacteriana in vitro e in vivo de schinus terebinthifolius raddi no controle da mastite bovina<\/span><\/a><\/span><\/p>\n<p><span style=\"color: #464646\"><strong>Orientador: <\/strong>Prof. Luiz Filipe Dam\u00e9 Schuch<\/span><\/p>\n<p><span style=\"color: #464646\"><strong>Defesa: <\/strong>22\/02\/13<\/span><\/p>\n<p><span style=\"color: #464646\">___________________________________________________________________________<\/span><\/p>\n<p><span style=\"color: #464646\"><strong>\u00c2ngela Leitzke Cabana<\/strong><\/span><\/p>\n<p style=\"text-align: justify\"><span style=\"color: #464646\"><a style=\"color: #464646\" href=\"http:\/\/www2.ufpel.edu.br\/tede\/tde_busca\/arquivo.php?codArquivo=1636\" target=\"_blank\"><strong>T\u00edtulo:\u00a0<\/strong><span style=\"text-decoration: underline\">Monitoramento sorol\u00f3gico para diagn\u00f3stico precoce da aspergilose em pinguins em cativeiro<\/span><\/a><\/span><\/p>\n<p><span style=\"color: #464646\"><strong>Orientador: <\/strong>Prof. M\u00e1rio Carlos Ara\u00fajo Meireles<\/span><\/p>\n<p><span style=\"color: #464646\"><strong>Defesa: <\/strong>28\/02\/13<\/span><\/p>\n<p><span style=\"color: #464646\">___________________________________________________________________________<\/span><\/p>\n<p><span style=\"color: #464646\"><strong>Carlos Anselmo dos Santos<\/strong><\/span><\/p>\n<p style=\"text-align: justify\"><span style=\"color: #464646\"><a style=\"color: #464646\" href=\"http:\/\/www2.ufpel.edu.br\/tede\/tde_busca\/arquivo.php?codArquivo=2063\" target=\"_blank\"><strong>T\u00edtulo:\u00a0<\/strong><span style=\"text-decoration: underline\">Altera\u00e7\u00f5es placent\u00e1rias associadas \u00e0 hipertens\u00e3o arterial em \u00e9guas com laminite cr\u00f4nica no ter\u00e7o final da gesta\u00e7\u00e3o<\/span><\/a><\/span><\/p>\n<p><span style=\"color: #464646\"><strong>Orientador: <\/strong>Prof. Carlos Eduardo Wayne Nogueira<\/span><\/p>\n<p><span style=\"color: #464646\"><strong>Defesa: <\/strong>17\/01\/13<\/span><\/p>\n<p><span style=\"color: #464646\">___________________________________________________________________________<\/span><\/p>\n<p><span style=\"color: #464646\"><strong>Carlos Eduardo Ranquetat Ferreira<\/strong><\/span><\/p>\n<p style=\"text-align: justify\"><span style=\"color: #464646\"><a style=\"color: #464646\" href=\"http:\/\/www2.ufpel.edu.br\/tede\/tde_busca\/arquivo.php?codArquivo=1644\" target=\"_blank\"><strong>T\u00edtulo:\u00a0<\/strong><span style=\"text-decoration: underline\">Contribui\u00e7\u00e3o de machos su\u00ednos para paternidade de leit\u00f5es gerados por insemina\u00e7\u00e3o artificial heterosp\u00e9rmica<\/span><\/a><\/span><\/p>\n<p><span style=\"color: #464646\"><strong>Orientador: <\/strong>Prof. Thomaz Lucia Jr<\/span><\/p>\n<p><span style=\"color: #464646\"><strong>Defesa: <\/strong>26\/02\/13<\/span><\/p>\n<p><span style=\"color: #464646\">___________________________________________________________________________<\/span><\/p>\n<p><span style=\"color: #464646\"><strong>Ciciane Pereira Marten Fernandes<\/strong><\/span><\/p>\n<p style=\"text-align: justify\"><span style=\"color: #464646\"><a style=\"color: #464646\" href=\"http:\/\/www2.ufpel.edu.br\/tede\/tde_busca\/arquivo.php?codArquivo=1645\" target=\"_blank\"><strong>T\u00edtulo:\u00a0<\/strong><span style=\"text-decoration: underline\">Avalia\u00e7\u00e3o da a\u00e7\u00e3o cicatricial e repelente de Carapa guianensis e Caesalpinia ferrea Mart<\/span><\/a><\/span><\/p>\n<p><span style=\"color: #464646\"><strong>Orientador: <\/strong>Prof\u00aa. M\u00e1rcia de Oliveira Nobre<\/span><\/p>\n<p><span style=\"color: #464646\"><strong>Defesa: <\/strong>08\/02\/13<\/span><\/p>\n<p><span style=\"color: #464646\">___________________________________________________________________________<\/span><\/p>\n<p><span style=\"color: #464646\"><strong>C\u00edntia Lidiane Guidotti Aguiar Cunha<\/strong><\/span><\/p>\n<p style=\"text-align: justify\"><span style=\"color: #464646\"><a style=\"color: #464646\" href=\"http:\/\/www2.ufpel.edu.br\/tede\/tde_busca\/arquivo.php?codArquivo=2066\" target=\"_blank\"><strong>T\u00edtulo:\u00a0<\/strong><span style=\"text-decoration: underline\">Investiga\u00e7\u00e3o de anticorpos para Neospora caninum em humanos e sua rela\u00e7\u00e3o com a infec\u00e7\u00e3o pelo V\u00edrus da Imunodefici\u00eancia Humana<\/span><\/a><\/span><\/p>\n<p><span style=\"color: #464646\"><strong>Orientador: <\/strong>Prof\u00aa. Nara Am\u00e9lia da Rosa Farias<\/span><\/p>\n<p><span style=\"color: #464646\"><strong>Defesa: <\/strong>31\/07\/13<\/span><\/p>\n<p><span style=\"color: #464646\">___________________________________________________________________________<\/span><\/p>\n<p><span style=\"color: #464646\"><strong>Claudia Giordani<\/strong><\/span><\/p>\n<p style=\"text-align: justify\"><span style=\"color: #464646\"><a style=\"color: #464646\" href=\"http:\/\/www2.ufpel.edu.br\/tede\/tde_busca\/arquivo.php?codArquivo=1657\" target=\"_blank\"><strong>T\u00edtulo:\u00a0<\/strong><span style=\"text-decoration: underline\">Investiga\u00e7\u00e3o de plantas medicinais e t\u00f3xicas em Pelotas-RS e determina\u00e7\u00e3o da atividade antif\u00fangica frente a Malassezia pachydermatis<\/span><\/a><\/span><\/p>\n<p><span style=\"color: #464646\"><strong>Orientador: <\/strong>Prof\u00aa. Marlete Brum Cleff<\/span><\/p>\n<p><span style=\"color: #464646\"><strong>Defesa:<\/strong> 28\/02\/13<\/span><\/p>\n<p><span style=\"color: #464646\">___________________________________________________________________________<\/span><\/p>\n<p><span style=\"color: #464646\"><strong>D\u00e9bora Scopel<\/strong><\/span><\/p>\n<p style=\"text-align: justify\"><span style=\"color: #464646\"><a style=\"color: #464646\" href=\"http:\/\/www2.ufpel.edu.br\/tede\/tde_busca\/arquivo.php?codArquivo=1658\" target=\"_blank\"><strong>T\u00edtulo:\u00a0<\/strong><span style=\"text-decoration: underline\">Avalia\u00e7\u00e3o da atividade do pept\u00eddeo antimicrobiano P34 frente a v\u00edrus patog\u00eanicos aos animais dom\u00e9sticos<\/span><\/a><\/span><\/p>\n<p><span style=\"color: #464646\"><strong>Orientador: <\/strong>Prof\u00aa.Silvia de Oliveira H\u00fcbner<\/span><\/p>\n<p><span style=\"color: #464646\"><strong>Defesa: <\/strong>27\/02\/13<\/span><\/p>\n<p><span style=\"color: #464646\">___________________________________________________________________________<\/span><\/p>\n<p><span style=\"color: #464646\"><strong>Maria Elvira Sica Cruzeiro<\/strong><\/span><\/p>\n<p style=\"text-align: justify\"><span style=\"color: #464646\"><a style=\"color: #464646\" href=\"http:\/\/www2.ufpel.edu.br\/tede\/tde_busca\/arquivo.php?codArquivo=1659\" target=\"_blank\"><strong>T\u00edtulo:\u00a0<\/strong><span style=\"text-decoration: underline\">Produ\u00e7\u00e3o e quantifica\u00e7\u00e3o de biofilme por Candida albicans em resinas acr\u00edlicas tratadas com extratos vegetais<\/span><\/a><\/span><\/p>\n<p><span style=\"color: #464646\"><strong>Orientador: <\/strong>Prof. M\u00e1rio Carlos Ara\u00fajo Meireles<\/span><\/p>\n<p><span style=\"color: #464646\"><strong>Defesa: <\/strong>20\/02\/13<\/span><\/p>\n<p><span style=\"color: #464646\">___________________________________________________________________________<\/span><\/p>\n<p><span style=\"color: #464646\"><strong>Marina Menoncin Weschenfelder<\/strong><\/span><\/p>\n<p style=\"text-align: justify\"><span style=\"color: #464646\"><a style=\"color: #464646\" href=\"http:\/\/www2.ufpel.edu.br\/tede\/tde_busca\/arquivo.php?codArquivo=2065\" target=\"_blank\"><strong>T\u00edtulo:\u00a0<\/strong><span style=\"text-decoration: underline\">Metabolismo energ\u00e9tico, resist\u00eancia a insulina e produ\u00e7\u00e3o de leite durante o periparto de vacas leiteiras com diferentes concentra\u00e7\u00f5es de bPL<\/span><\/a><\/span><\/p>\n<p><span style=\"color: #464646\"><strong>Orientador: <\/strong>Prof. Marcio Nunes Corr\u00eaa<\/span><\/p>\n<p><span style=\"color: #464646\"><strong>Defesa: <\/strong>26\/02\/13<\/span><\/p>\n<p><span style=\"color: #464646\">___________________________________________________________________________<\/span><\/p>\n<p><span style=\"color: #464646\"><strong>Nathalia Dode de Assis-Brasil<\/strong><\/span><\/p>\n<p style=\"text-align: justify\"><span style=\"color: #464646\"><a style=\"color: #464646\" href=\"http:\/\/www2.ufpel.edu.br\/tede\/tde_busca\/arquivo.php?codArquivo=1660\" target=\"_blank\"><strong>T\u00edtulo:\u00a0<\/strong><span style=\"text-decoration: underline\">Doen\u00e7as diagnosticadas em bezerros na regi\u00e3o Sul do Rio Grande do Sul<\/span><\/a><\/span><\/p>\n<p><span style=\"color: #464646\"><strong>Orientador:\u00a0<\/strong>Ana Lucia Schild<\/span><\/p>\n<p><span style=\"color: #464646\"><strong>Defesa:\u00a0<\/strong>07\/12\/2012<\/span><\/p>\n<p><span style=\"color: #464646\">___________________________________________________________________________<\/span><\/p>\n<p><span style=\"color: #464646\"><strong>Talita Schneid Tejada<\/strong><\/span><\/p>\n<p style=\"text-align: justify\"><span style=\"color: #464646\"><a style=\"color: #464646\" href=\"http:\/\/www2.ufpel.edu.br\/tede\/tde_busca\/arquivo.php?codArquivo=1663\" target=\"_blank\"><strong>T\u00edtulo:\u00a0<\/strong><span style=\"text-decoration: underline\">Perfis de DNA de Salmonella spp. isoladas de produtos de frango e fezes de frango e humanas<\/span><\/a><\/span><\/p>\n<p><span style=\"color: #464646\"><strong>Orientador: <\/strong>Prof. Cl\u00e1udio Dias Timm<\/span><\/p>\n<p><span style=\"color: #464646\"><strong>Defesa: <\/strong>04\/02\/13<\/span><\/p>\n<p><span style=\"color: #464646\">___________________________________________________________________________<\/span><\/p>\n<p><span style=\"color: #464646\"><strong>Tanise Pacheco Fortes<\/strong><\/span><\/p>\n<p style=\"text-align: justify\"><span style=\"color: #464646\"><a style=\"color: #464646\" href=\"http:\/\/www2.ufpel.edu.br\/tede\/tde_busca\/arquivo.php?codArquivo=1664\" target=\"_blank\"><strong>T\u00edtulo:\u00a0<\/strong><span style=\"text-decoration: underline\">Isolamento de Salmonella sp. em ruminantes abatidos em frigor\u00edfico de Pelotas, RS e avalia\u00e7\u00e3o da suscetibilidade dos isolados a antimicrobianos<\/span><\/a><\/span><\/p>\n<p><span style=\"color: #464646\"><strong>Orientador: <\/strong>Prof. \u00c9verton Fagonde da Silva<\/span><\/p>\n<p><span style=\"color: #464646\"><strong>Defesa: <\/strong>25\/02\/13<\/span><\/p>\n<p><span style=\"color: #464646\">___________________________________________________________________________<\/span><\/p>\n<p><span style=\"color: #464646\"><strong>Tony Picoli<\/strong><\/span><\/p>\n<p style=\"text-align: justify\"><span style=\"color: #464646\"><a style=\"color: #464646\" href=\"http:\/\/www2.ufpel.edu.br\/tede\/tde_busca\/arquivo.php?codArquivo=1665\" target=\"_blank\"><strong>T\u00edtulo:\u00a0<\/strong><span style=\"text-decoration: underline\">Caracteriza\u00e7\u00e3o dos sistemas de produ\u00e7\u00e3o de leite na regi\u00e3o sul do Rio Grande do Sul: rela\u00e7\u00e3o com a mastite e a qualidade do leite<\/span><\/a><\/span><\/p>\n<p><span style=\"color: #464646\"><strong>Orientador: <\/strong>Prof. Geferson Fischer<\/span><\/p>\n<p><span style=\"color: #464646\"><strong>Defesa: <\/strong>20\/02\/13<\/span><\/p>\n<p><span style=\"color: #464646\">___________________________________________________________________________<\/span><\/p>\n<p>&nbsp;<\/p>\n","protected":false},"excerpt":{"rendered":"<p>&nbsp; Disserta\u00e7\u00f5es 2013 &nbsp; ___________________________________________________________________________ Alceu Gon\u00e7alves dos Santos Junior T\u00edtulo:\u00a0Produ\u00e7\u00e3o de Quimera roptria 2 de Neospora caninum com a por\u00e7\u00e3o B da toxina termo l\u00e1bil de Escherichia coli enterotoxig\u00eanica (rROP\u00b2\/LTB) como imunobiol\u00f3gico Orientador: Prof. F\u00e1bio Pereira Leivas Leite Defesa: 22\/02\/13 ___________________________________________________________________________ Alexander de Oliveira Gon\u00e7alves T\u00edtulo:\u00a0Prepara\u00e7\u00e3o do espermatozoide como fonte de varia\u00e7\u00e3o na produ\u00e7\u00e3o [&hellip;]<\/p>\n","protected":false},"author":391,"featured_media":0,"parent":152,"menu_order":51,"comment_status":"closed","ping_status":"closed","template":"","meta":{"footnotes":""},"class_list":["post-164","page","type-page","status-publish","hentry"],"_links":{"self":[{"href":"https:\/\/wp.ufpel.edu.br\/ppgveterinaria\/wp-json\/wp\/v2\/pages\/164","targetHints":{"allow":["GET"]}}],"collection":[{"href":"https:\/\/wp.ufpel.edu.br\/ppgveterinaria\/wp-json\/wp\/v2\/pages"}],"about":[{"href":"https:\/\/wp.ufpel.edu.br\/ppgveterinaria\/wp-json\/wp\/v2\/types\/page"}],"author":[{"embeddable":true,"href":"https:\/\/wp.ufpel.edu.br\/ppgveterinaria\/wp-json\/wp\/v2\/users\/391"}],"replies":[{"embeddable":true,"href":"https:\/\/wp.ufpel.edu.br\/ppgveterinaria\/wp-json\/wp\/v2\/comments?post=164"}],"version-history":[{"count":21,"href":"https:\/\/wp.ufpel.edu.br\/ppgveterinaria\/wp-json\/wp\/v2\/pages\/164\/revisions"}],"predecessor-version":[{"id":2450,"href":"https:\/\/wp.ufpel.edu.br\/ppgveterinaria\/wp-json\/wp\/v2\/pages\/164\/revisions\/2450"}],"up":[{"embeddable":true,"href":"https:\/\/wp.ufpel.edu.br\/ppgveterinaria\/wp-json\/wp\/v2\/pages\/152"}],"wp:attachment":[{"href":"https:\/\/wp.ufpel.edu.br\/ppgveterinaria\/wp-json\/wp\/v2\/media?parent=164"}],"curies":[{"name":"wp","href":"https:\/\/api.w.org\/{rel}","templated":true}]}}