{"id":162,"date":"2014-07-08T08:05:41","date_gmt":"2014-07-08T11:05:41","guid":{"rendered":"https:\/\/wp.ufpel.edu.br\/ppgveterinaria\/?page_id=162"},"modified":"2016-04-07T17:46:58","modified_gmt":"2016-04-07T20:46:58","slug":"2012-2","status":"publish","type":"page","link":"https:\/\/wp.ufpel.edu.br\/ppgveterinaria\/dissertacoesteses\/dissertacoes\/2012-2\/","title":{"rendered":"2012"},"content":{"rendered":"<p>&nbsp;<\/p>\n<ul>\n<li><span style=\"color: #464646\"><strong>Disserta\u00e7\u00f5es 2012<\/strong><\/span><\/li>\n<\/ul>\n<p>&nbsp;<\/p>\n<p><span style=\"color: #464646\">___________________________________________________________________________<\/span><\/p>\n<div class=\"discertacoes\" style=\"color: #006600\">\n<p class=\"titulo_discertacoes\" style=\"font-weight: inherit;font-style: inherit;color: #395d24\"><span style=\"color: #464646\"><b style=\"color: #000000\">Amilton Clair Pinto Seixas Neto<\/b><\/span><\/p>\n<p class=\"titulo_discertacoes\" style=\"font-weight: inherit;font-style: inherit;color: #395d24\"><span style=\"color: #464646\"><a style=\"color: #464646\" href=\"http:\/\/www2.ufpel.edu.br\/tede\/tde_busca\/arquivo.php?codArquivo=1316\" target=\"_blank\"><strong>T\u00edtulo:<\/strong>\u00a0\u00a0<\/a><span style=\"text-decoration: underline\"><a style=\"color: #464646;text-decoration: underline\" href=\"http:\/\/www2.ufpel.edu.br\/tede\/tde_busca\/arquivo.php?codArquivo=1316\" target=\"_blank\">Isolamento de leptospiras em bovinos abatidos em frigor\u00edficos de Pelotas\/RS<\/a><\/span><\/span><\/p>\n<p class=\"titulo_discertacoes\" style=\"font-weight: inherit;font-style: inherit;color: #395d24\"><span style=\"color: #464646\"><strong>Orientador:<\/strong> Prof.\u00a0\u00c9verton Fagonde da Silva<\/span><\/p>\n<p class=\"titulo_discertacoes\" style=\"font-weight: inherit;font-style: inherit;color: #395d24\"><span style=\"color: #464646\"><strong>Defesa:<\/strong> 29\/02\/2012<\/span><\/p>\n<p><span style=\"color: #464646\">___________________________________________________________________________<\/span><\/p>\n<p class=\"titulo_discertacoes\" style=\"font-weight: inherit;font-style: inherit;color: #395d24\"><span style=\"color: #464646\"><b style=\"color: #000000\">Angelita dos Reis Gomes<\/b><\/span><\/p>\n<p class=\"titulo_discertacoes\" style=\"font-weight: inherit;font-style: inherit;color: #395d24;text-align: justify\"><span style=\"color: #464646\"><strong><a style=\"color: #464646;text-decoration: underline\" href=\"http:\/\/www2.ufpel.edu.br\/tede\/tde_busca\/arquivo.php?codArquivo=1317\" target=\"_blank\">T\u00edtulo:\u00a0<\/a><\/strong><span style=\"text-decoration: underline\"><a style=\"color: #464646;text-decoration: underline\" href=\"http:\/\/www2.ufpel.edu.br\/tede\/tde_busca\/arquivo.php?codArquivo=1317\" target=\"_blank\">Estudo retrospectivo das micoses e micotoxicoses animais na regi\u00e3o sul do Brasil<\/a><\/span><\/span><\/p>\n<p class=\"titulo_discertacoes\" style=\"font-weight: inherit;font-style: inherit;color: #395d24\"><span style=\"color: #464646\"><strong>Orientador:<\/strong> Prof.\u00a0Mario Carlos Ara\u00fajo Meireles<\/span><\/p>\n<p class=\"titulo_discertacoes\" style=\"font-weight: inherit;font-style: inherit;color: #395d24\"><span style=\"color: #464646\"><strong>Defesa:<\/strong> 27\/02\/2012<\/span><\/p>\n<p><span style=\"color: #464646\">___________________________________________________________________________<\/span><\/p>\n<p class=\"titulo_discertacoes\" style=\"font-weight: inherit;font-style: inherit;color: #395d24\"><span style=\"color: #464646\"><b style=\"color: #000000\">Bianca Sica Siedler<\/b><\/span><\/p>\n<p class=\"titulo_discertacoes\" style=\"font-weight: inherit;font-style: inherit;color: #395d24;text-align: justify\"><span style=\"color: #464646\"><strong>T\u00edtulo:\u00a0<\/strong><span style=\"text-decoration: underline\"><a style=\"color: #464646;text-decoration: underline\" href=\"http:\/\/www2.ufpel.edu.br\/tede\/tde_busca\/arquivo.php?codArquivo=1205\" target=\"_blank\">Avalia\u00e7\u00e3o de uma vacina de aplica\u00e7\u00e3o intravaginal contra o Herpesv\u00edrus bovino tipo 5 (BoHV-5) associada a subunidade B recombinante da enterotoxina termol\u00e1bil de Escherichia coli (rLTB)<\/a><\/span><\/span><\/p>\n<p class=\"titulo_discertacoes\" style=\"font-weight: inherit;font-style: inherit;color: #395d24\"><span style=\"color: #464646\"><strong>Orientador:<\/strong> Prof.\u00a0Geferson Fischer<\/span><\/p>\n<p class=\"titulo_discertacoes\" style=\"font-weight: inherit;font-style: inherit;color: #395d24\"><span style=\"color: #464646\"><strong>Defesa:<\/strong> 14\/02\/2012<\/span><\/p>\n<p><span style=\"color: #464646\">___________________________________________________________________________<\/span><\/p>\n<p class=\"titulo_discertacoes\" style=\"font-weight: inherit;font-style: inherit;color: #395d24\"><span style=\"color: #464646\"><b style=\"color: #000000\">Daiani Teixeira da Silva<\/b><\/span><\/p>\n<p class=\"titulo_discertacoes\" style=\"font-weight: inherit;font-style: inherit;color: #395d24;text-align: justify\"><span style=\"color: #464646\"><a style=\"color: #464646;text-decoration: underline\" href=\"http:\/\/www2.ufpel.edu.br\/tede\/tde_busca\/arquivo.php?codArquivo=1288\" target=\"_blank\"><strong>T\u00edtulo:\u00a0<\/strong><\/a><span style=\"text-decoration: underline\"><a style=\"color: #464646;text-decoration: underline\" href=\"http:\/\/www2.ufpel.edu.br\/tede\/tde_busca\/arquivo.php?codArquivo=1288\" target=\"_blank\">Ocorr\u00eancia de Campylobacter em carne de frango, fezes de frango e humanas e pesquisa dos genes cdt<\/a><\/span><\/span><\/p>\n<p class=\"titulo_discertacoes\" style=\"font-weight: inherit;font-style: inherit;color: #395d24\"><span style=\"color: #464646\"><strong>Orientador:<\/strong> Prof.\u00a0Cl\u00e1udio Dias Timm<\/span><\/p>\n<p class=\"titulo_discertacoes\" style=\"font-weight: inherit;font-style: inherit;color: #395d24\"><span style=\"color: #464646\"><strong>Defesa:<\/strong> 12\/07\/2012<\/span><\/p>\n<p><span style=\"color: #464646\">___________________________________________________________________________<\/span><\/p>\n<p class=\"titulo_discertacoes\" style=\"font-weight: inherit;font-style: inherit;color: #395d24\"><span style=\"color: #464646\"><b style=\"color: #000000\">F\u00e1bio da Silva e Silva<\/b><\/span><\/p>\n<p class=\"titulo_discertacoes\" style=\"font-weight: inherit;font-style: inherit;color: #395d24;text-align: justify\"><span style=\"color: #464646\"><a style=\"color: #464646;text-decoration: underline\" href=\"http:\/\/www2.ufpel.edu.br\/tede\/tde_busca\/arquivo.php?codArquivo=1210\" target=\"_blank\"><strong>T\u00edtulo:\u00a0<\/strong><\/a><span style=\"text-decoration: underline\"><a style=\"color: #464646;text-decoration: underline\" href=\"http:\/\/www2.ufpel.edu.br\/tede\/tde_busca\/arquivo.php?codArquivo=1210\" target=\"_blank\">Estudo epidemiol\u00f3gico da infec\u00e7\u00e3o pelo v\u00edrus da imunodefici\u00eancia felina em gatos dom\u00e9sticos da regi\u00e3o sul do Rio Grande do Sul<\/a><\/span><\/span><\/p>\n<p class=\"titulo_discertacoes\" style=\"font-weight: inherit;font-style: inherit;color: #395d24\"><span style=\"color: #464646\"><strong>Orientador:<\/strong> Prof\u00aa.\u00a0Silvia de Oliveira H\u00fcbner<\/span><\/p>\n<p class=\"titulo_discertacoes\" style=\"font-weight: inherit;font-style: inherit;color: #395d24\"><span style=\"color: #464646\"><strong>Defesa:<\/strong> 24\/02\/2012<\/span><\/p>\n<p><span style=\"color: #464646\">___________________________________________________________________________<\/span><\/p>\n<p class=\"titulo_discertacoes\" style=\"font-weight: inherit;font-style: inherit;color: #395d24\"><span style=\"color: #464646\"><b style=\"color: #000000\">Gustavo Desire Antunes Gastal<\/b><\/span><\/p>\n<p class=\"titulo_discertacoes\" style=\"font-weight: inherit;font-style: inherit;color: #395d24;text-align: justify\"><span style=\"color: #464646\"><a style=\"color: #464646;text-decoration: underline\" href=\"http:\/\/www2.ufpel.edu.br\/tede\/tde_busca\/arquivo.php?codArquivo=1212\" target=\"_blank\"><strong>T\u00edtulo:\u00a0<\/strong><\/a><span style=\"text-decoration: underline\"><a style=\"color: #464646;text-decoration: underline\" href=\"http:\/\/www2.ufpel.edu.br\/tede\/tde_busca\/arquivo.php?codArquivo=1212\" target=\"_blank\">Xantana como aditivo crioprotetor externo para congelamento de s\u00eamen ovino<\/a><\/span><\/span><\/p>\n<p class=\"titulo_discertacoes\" style=\"font-weight: inherit;font-style: inherit;color: #395d24\"><span style=\"color: #464646\"><strong>Orientador:<\/strong> Prof.\u00a0Thomaz Lucia Junior<\/span><\/p>\n<p class=\"titulo_discertacoes\" style=\"font-weight: inherit;font-style: inherit;color: #395d24\"><span style=\"color: #464646\"><strong>Defesa:<\/strong> 10\/02\/2012<\/span><\/p>\n<p><span style=\"color: #464646\">___________________________________________________________________________<\/span><\/p>\n<p class=\"titulo_discertacoes\" style=\"font-weight: inherit;font-style: inherit;color: #395d24\"><span style=\"color: #464646\"><b style=\"color: #000000\">Juliana Garcia da Silva<\/b><\/span><\/p>\n<p class=\"titulo_discertacoes\" style=\"font-weight: inherit;font-style: inherit;color: #395d24;text-align: justify\"><span style=\"color: #464646\"><a style=\"color: #464646;text-decoration: underline\" href=\"http:\/\/www2.ufpel.edu.br\/tede\/tde_busca\/arquivo.php?codArquivo=1287\" target=\"_blank\"><strong>T\u00edtulo:\u00a0<\/strong><\/a><span style=\"text-decoration: underline\"><a style=\"color: #464646;text-decoration: underline\" href=\"http:\/\/www2.ufpel.edu.br\/tede\/tde_busca\/arquivo.php?codArquivo=1287\" target=\"_blank\">Ehrlichiose Monoc\u00edtica Equina: caracter\u00edsticas biol\u00f3gicas de gastr\u00f3podes e tremat\u00f3deos envolvidos na transmiss\u00e3o de Neorickettsia risticii<\/a><\/span><\/span><\/p>\n<p class=\"titulo_discertacoes\" style=\"font-weight: inherit;font-style: inherit;color: #395d24\"><span style=\"color: #464646\"><strong>Orientador:<\/strong> Prof.\u00a0Luiz Felipe Dam\u00e9 Schuch<\/span><\/p>\n<p class=\"titulo_discertacoes\" style=\"font-weight: inherit;font-style: inherit;color: #395d24\"><span style=\"color: #464646\"><strong>Defesa:<\/strong> 26\/04\/2012<\/span><\/p>\n<p><span style=\"color: #464646\">___________________________________________________________________________<\/span><\/p>\n<p class=\"titulo_discertacoes\" style=\"font-weight: inherit;font-style: inherit;color: #395d24\"><span style=\"color: #464646\"><b style=\"color: #000000\">Lorena Alvariza Amaral<\/b><\/span><\/p>\n<p class=\"titulo_discertacoes\" style=\"font-weight: inherit;font-style: inherit;color: #395d24;text-align: justify\"><span style=\"color: #464646\"><a style=\"color: #464646;text-decoration: underline\" href=\"http:\/\/www2.ufpel.edu.br\/tede\/tde_busca\/arquivo.php?codArquivo=1213\" target=\"_blank\"><strong>T\u00edtulo:\u00a0<\/strong><\/a><span style=\"text-decoration: underline\"><a style=\"color: #464646;text-decoration: underline\" href=\"http:\/\/www2.ufpel.edu.br\/tede\/tde_busca\/arquivo.php?codArquivo=1213\" target=\"_blank\">Avalia\u00e7\u00e3o metab\u00f3lica de cavalos crioulos submetidos a provas funcionais<\/a><\/span><\/span><\/p>\n<p class=\"titulo_discertacoes\" style=\"font-weight: inherit;font-style: inherit;color: #395d24\"><span style=\"color: #464646\"><strong>Orientador:<\/strong> Prof.\u00a0Carlos Eduardo Wayne Nogueira<\/span><\/p>\n<p class=\"titulo_discertacoes\" style=\"font-weight: inherit;font-style: inherit;color: #395d24\"><span style=\"color: #464646\"><strong>Defesa:<\/strong> 10\/02\/2012<\/span><\/p>\n<p><span style=\"color: #464646\">___________________________________________________________________________<\/span><\/p>\n<p class=\"titulo_discertacoes\" style=\"font-weight: inherit;font-style: inherit;color: #395d24\"><span style=\"color: #464646\"><b style=\"color: #000000\">Luciana Aquini Fernandes Gil<\/b><\/span><\/p>\n<p class=\"titulo_discertacoes\" style=\"font-weight: inherit;font-style: inherit;color: #395d24;text-align: justify\"><span style=\"color: #464646\"><a style=\"color: #464646;text-decoration: underline\" href=\"http:\/\/www2.ufpel.edu.br\/tede\/tde_busca\/arquivo.php?codArquivo=1360\" target=\"_blank\"><strong>T\u00edtulo:\u00a0<\/strong><\/a><span style=\"text-decoration: underline\"><a style=\"color: #464646;text-decoration: underline\" href=\"http:\/\/www2.ufpel.edu.br\/tede\/tde_busca\/arquivo.php?codArquivo=1360\" target=\"_blank\">Produ\u00e7\u00e3o e caracteriza\u00e7\u00e3o de quimeras recombinantes C e D de Clostridium botulinum<\/a><\/span><\/span><\/p>\n<p class=\"titulo_discertacoes\" style=\"font-weight: inherit;font-style: inherit;color: #395d24\"><span style=\"color: #464646\"><strong>Orientador:<\/strong> Prof.\u00a0Fabr\u00edcio Rochedo Concei\u00e7\u00e3o<\/span><\/p>\n<p class=\"titulo_discertacoes\" style=\"font-weight: inherit;font-style: inherit;color: #395d24\"><span style=\"color: #464646\"><strong>Defesa:<\/strong> 08\/08\/2012<\/span><\/p>\n<p><span style=\"color: #464646\">___________________________________________________________________________<\/span><\/p>\n<p class=\"titulo_discertacoes\" style=\"font-weight: inherit;font-style: inherit;color: #395d24\"><span style=\"color: #464646\"><b style=\"color: #000000\">Luciana Siqueira Silveira dos Santos<\/b><\/span><\/p>\n<p class=\"titulo_discertacoes\" style=\"font-weight: inherit;font-style: inherit;color: #395d24;text-align: justify\"><span style=\"color: #464646\"><a style=\"color: #464646;text-decoration: underline\" href=\"http:\/\/www2.ufpel.edu.br\/tede\/tde_busca\/arquivo.php?codArquivo=1361\" target=\"_blank\"><strong>T\u00edtulo:\u00a0<\/strong><\/a><span style=\"text-decoration: underline\"><a style=\"color: #464646;text-decoration: underline\" href=\"http:\/\/www2.ufpel.edu.br\/tede\/tde_busca\/arquivo.php?codArquivo=1361\" target=\"_blank\">Produ\u00e7\u00e3o e caracteriza\u00e7\u00e3o de quimeras recombinantes C e D de Clostridium botulinum<\/a><\/span><\/span><\/p>\n<p class=\"titulo_discertacoes\" style=\"font-weight: inherit;font-style: inherit;color: #395d24\"><span style=\"color: #464646\"><strong>Orientador:<\/strong> Prof\u00aa.\u00a0Nara Am\u00e9lia da Rosa Farias<\/span><\/p>\n<p class=\"titulo_discertacoes\" style=\"font-weight: inherit;font-style: inherit;color: #395d24\"><span style=\"color: #464646\"><strong>Defesa:<\/strong> 24\/08\/2012<\/span><\/p>\n<p><span style=\"color: #464646\">___________________________________________________________________________<\/span><\/p>\n<p class=\"titulo_discertacoes\" style=\"font-weight: inherit;font-style: inherit;color: #395d24\"><span style=\"color: #464646\"><b style=\"color: #000000\">Patricia Almeida Ferreira<\/b><\/span><\/p>\n<p class=\"titulo_discertacoes\" style=\"font-weight: inherit;font-style: inherit;color: #395d24;text-align: justify\"><span style=\"color: #464646\"><a style=\"color: #464646;text-decoration: underline\" href=\"http:\/\/www2.ufpel.edu.br\/tede\/tde_busca\/arquivo.php?codArquivo=1217\" target=\"_blank\"><strong>T\u00edtulo:\u00a0<\/strong><\/a><span style=\"text-decoration: underline\"><a style=\"color: #464646;text-decoration: underline\" href=\"http:\/\/www2.ufpel.edu.br\/tede\/tde_busca\/arquivo.php?codArquivo=1217\" target=\"_blank\">Estudo de par\u00e2metros bioqu\u00edmicos de c\u00e3es relacionando com condi\u00e7\u00e3o corporal, jejum e alimenta\u00e7\u00e3o<\/a><\/span><\/span><\/p>\n<p class=\"titulo_discertacoes\" style=\"font-weight: inherit;font-style: inherit;color: #395d24\"><span style=\"color: #464646\"><strong>Orientador:<\/strong> Prof\u00aa.\u00a0M\u00e1rcia de Oliveira Nobre<\/span><\/p>\n<p class=\"titulo_discertacoes\" style=\"font-weight: inherit;font-style: inherit;color: #395d24\"><span style=\"color: #464646\"><strong>Defesa:<\/strong> 10\/02\/2012<\/span><\/p>\n<p><span style=\"color: #464646\">___________________________________________________________________________<\/span><\/p>\n<p class=\"titulo_discertacoes\" style=\"font-weight: inherit;font-style: inherit;color: #395d24\"><span style=\"color: #464646\"><b style=\"color: #000000\">Patr\u00edcia Gaspar da Luz<\/b><\/span><\/p>\n<p class=\"titulo_discertacoes\" style=\"font-weight: inherit;font-style: inherit;color: #395d24;text-align: justify\"><span style=\"color: #464646\"><a style=\"color: #464646;text-decoration: underline\" href=\"http:\/\/www2.ufpel.edu.br\/tede\/tde_busca\/arquivo.php?codArquivo=1218\" target=\"_blank\"><strong>T\u00edtulo:\u00a0<\/strong><\/a><span style=\"text-decoration: underline\"><a style=\"color: #464646;text-decoration: underline\" href=\"http:\/\/www2.ufpel.edu.br\/tede\/tde_busca\/arquivo.php?codArquivo=1218\" target=\"_blank\">Detec\u00e7\u00e3o de Salmonella sp. em aves silvestres cativas e avalia\u00e7\u00e3o do impacto sobre a avicultura<\/a><\/span><\/span><\/p>\n<p class=\"titulo_discertacoes\" style=\"font-weight: inherit;font-style: inherit;color: #395d24\"><span style=\"color: #464646\"><strong>Orientador:<\/strong> Prof.\u00a0Gilberto D\u2019\u00c1vila Vargas<\/span><\/p>\n<p class=\"titulo_discertacoes\" style=\"font-weight: inherit;font-style: inherit;color: #395d24\"><span style=\"color: #464646\"><strong>Defesa:<\/strong> 10\/02\/2012<\/span><\/p>\n<p><span style=\"color: #464646\">___________________________________________________________________________<\/span><\/p>\n<p class=\"titulo_discertacoes\" style=\"font-weight: inherit;font-style: inherit;color: #395d24\"><span style=\"color: #464646\"><b style=\"color: #000000\">Raquel Schiavon Schiavon<\/b><\/span><\/p>\n<p class=\"titulo_discertacoes\" style=\"font-weight: inherit;font-style: inherit;color: #395d24;text-align: justify\"><span style=\"color: #464646\"><a style=\"color: #464646;text-decoration: underline\" href=\"http:\/\/www2.ufpel.edu.br\/tede\/tde_busca\/arquivo.php?codArquivo=1318\" target=\"_blank\"><strong>T\u00edtulo:\u00a0<\/strong><\/a><span style=\"text-decoration: underline\"><a style=\"color: #464646;text-decoration: underline\" href=\"http:\/\/www2.ufpel.edu.br\/tede\/tde_busca\/arquivo.php?codArquivo=1318\" target=\"_blank\">An\u00e1lise da atividade leiteira e caracteriza\u00e7\u00e3o de diferentes sistemas de produ\u00e7\u00e3o na regi\u00e3o Centro-Oriental do Paran\u00e1<\/a><\/span><\/span><\/p>\n<p class=\"titulo_discertacoes\" style=\"font-weight: inherit;font-style: inherit;color: #395d24\"><span style=\"color: #464646\"><strong>Orientador:<\/strong> Prof.\u00a0Ivan Bianchi<\/span><\/p>\n<p class=\"titulo_discertacoes\" style=\"font-weight: inherit;font-style: inherit;color: #395d24\"><span style=\"color: #464646\"><strong>Defesa:<\/strong> 28\/02\/2012<\/span><\/p>\n<p><span style=\"color: #464646\">___________________________________________________________________________<\/span><\/p>\n<p class=\"titulo_discertacoes\" style=\"font-weight: inherit;font-style: inherit;color: #395d24\"><span style=\"color: #464646\"><b style=\"color: #000000\">Rodolfo Pinho da Silva Filho<\/b><\/span><\/p>\n<p class=\"titulo_discertacoes\" style=\"font-weight: inherit;font-style: inherit;color: #395d24;text-align: justify\"><span style=\"color: #464646\"><a style=\"color: #464646;text-decoration: underline\" href=\"http:\/\/www2.ufpel.edu.br\/tede\/tde_busca\/arquivo.php?codArquivo=1224\" target=\"_blank\"><strong>T\u00edtulo:\u00a0<\/strong><\/a><span style=\"text-decoration: underline\"><a style=\"color: #464646;text-decoration: underline\" href=\"http:\/\/www2.ufpel.edu.br\/tede\/tde_busca\/arquivo.php?codArquivo=1224\" target=\"_blank\">Avalia\u00e7\u00e3o epidemiol\u00f3gica da aspergilose em pinguins-de-Magalh\u00e3es no Centro de Recupera\u00e7\u00e3o de Animais Marinhos \u2013 FURG<\/a><\/span><\/span><\/p>\n<p class=\"titulo_discertacoes\" style=\"font-weight: inherit;font-style: inherit;color: #395d24\"><span style=\"color: #464646\"><strong>Orientador:<\/strong> Prof.\u00a0Mario Carlos Ara\u00fajo Meireles<\/span><\/p>\n<p class=\"titulo_discertacoes\" style=\"font-weight: inherit;font-style: inherit;color: #395d24\"><span style=\"color: #464646\"><strong>Defesa:<\/strong> 03\/02\/2012<\/span><\/p>\n<p><span style=\"color: #464646\">___________________________________________________________________________<\/span><\/p>\n<p class=\"titulo_discertacoes\" style=\"font-weight: inherit;font-style: inherit;color: #395d24\"><span style=\"color: #464646\"><b style=\"color: #000000\">Simone Halfen<\/b><\/span><\/p>\n<p class=\"titulo_discertacoes\" style=\"font-weight: inherit;font-style: inherit;color: #395d24;text-align: justify\"><span style=\"color: #464646\"><a style=\"color: #464646;text-decoration: underline\" href=\"http:\/\/www2.ufpel.edu.br\/tede\/tde_busca\/arquivo.php?codArquivo=1237\" target=\"_blank\"><strong>T\u00edtulo:\u00a0<\/strong><\/a><span style=\"text-decoration: underline\"><a style=\"color: #464646;text-decoration: underline\" href=\"http:\/\/www2.ufpel.edu.br\/tede\/tde_busca\/arquivo.php?codArquivo=1237\" target=\"_blank\">Rela\u00e7\u00e3o da propor\u00e7\u00e3o \u00f4mega 6\/3 na dieta da gestante com a varia\u00e7\u00e3o transgeracional do perfil metab\u00f3lico e incorpora\u00e7\u00e3o de \u00e1cidos graxos no tecido hep\u00e1tico<\/a><\/span><\/span><\/p>\n<p class=\"titulo_discertacoes\" style=\"font-weight: inherit;font-style: inherit;color: #395d24\"><span style=\"color: #464646\"><strong>Orientador:<\/strong> Prof.\u00a0M\u00e1rcio Nunes Corr\u00eaa<\/span><\/p>\n<p class=\"titulo_discertacoes\" style=\"font-weight: inherit;font-style: inherit;color: #395d24\"><span style=\"color: #464646\"><strong>Defesa:<\/strong> 27\/02\/2012<\/span><\/p>\n<p><span style=\"color: #464646\">___________________________________________________________________________<\/span><\/p>\n<p class=\"titulo_discertacoes\" style=\"font-weight: inherit;font-style: inherit;color: #395d24\"><span style=\"color: #464646\"><b style=\"color: #000000\">Taiane Rita Carnevali<\/b><\/span><\/p>\n<p class=\"titulo_discertacoes\" style=\"font-weight: inherit;font-style: inherit;color: #395d24;text-align: justify\"><span style=\"color: #464646\"><a style=\"color: #464646;text-decoration: underline\" href=\"http:\/\/www2.ufpel.edu.br\/tede\/tde_busca\/arquivo.php?codArquivo=1285\" target=\"_blank\"><strong>T\u00edtulo:\u00a0<\/strong><\/a><span style=\"text-decoration: underline\"><a style=\"color: #464646;text-decoration: underline\" href=\"http:\/\/www2.ufpel.edu.br\/tede\/tde_busca\/arquivo.php?codArquivo=1285\" target=\"_blank\">Avalia\u00e7\u00e3o radiol\u00f3gica da motilidade g\u00e1strica de ratos wistar, submetidos a a\u00e7\u00e3o da eletroacupuntura e de extratos de Rosmarinus officinalis<\/a><\/span><\/span><\/p>\n<p class=\"titulo_discertacoes\" style=\"font-weight: inherit;font-style: inherit;color: #395d24\"><span style=\"color: #464646\"><strong>Orientador:<\/strong> Prof\u00aa.\u00a0Marlete Brum Cleff<\/span><\/p>\n<p class=\"titulo_discertacoes\" style=\"font-weight: inherit;font-style: inherit;color: #395d24\"><span style=\"color: #464646\"><strong>Defesa:<\/strong> 27\/02\/2012<\/span><\/p>\n<\/div>\n<div class=\"discertacoes\" style=\"color: #006600\">\n<p><span style=\"color: #464646\">___________________________________________________________________________<\/span><\/p>\n<p class=\"dicente_texto\" style=\"font-weight: inherit;font-style: inherit;color: #006600\"><span style=\"color: #464646\">\u00a0<\/span><\/p>\n<\/div>\n","protected":false},"excerpt":{"rendered":"<p>&nbsp; Disserta\u00e7\u00f5es 2012 &nbsp; ___________________________________________________________________________ Amilton Clair Pinto Seixas Neto T\u00edtulo:\u00a0\u00a0Isolamento de leptospiras em bovinos abatidos em frigor\u00edficos de Pelotas\/RS Orientador: Prof.\u00a0\u00c9verton Fagonde da Silva Defesa: 29\/02\/2012 ___________________________________________________________________________ Angelita dos Reis Gomes T\u00edtulo:\u00a0Estudo retrospectivo das micoses e micotoxicoses animais na regi\u00e3o sul do Brasil Orientador: Prof.\u00a0Mario Carlos Ara\u00fajo Meireles Defesa: 27\/02\/2012 ___________________________________________________________________________ Bianca Sica Siedler [&hellip;]<\/p>\n","protected":false},"author":391,"featured_media":0,"parent":152,"menu_order":52,"comment_status":"closed","ping_status":"closed","template":"","meta":{"footnotes":""},"class_list":["post-162","page","type-page","status-publish","hentry"],"_links":{"self":[{"href":"https:\/\/wp.ufpel.edu.br\/ppgveterinaria\/wp-json\/wp\/v2\/pages\/162","targetHints":{"allow":["GET"]}}],"collection":[{"href":"https:\/\/wp.ufpel.edu.br\/ppgveterinaria\/wp-json\/wp\/v2\/pages"}],"about":[{"href":"https:\/\/wp.ufpel.edu.br\/ppgveterinaria\/wp-json\/wp\/v2\/types\/page"}],"author":[{"embeddable":true,"href":"https:\/\/wp.ufpel.edu.br\/ppgveterinaria\/wp-json\/wp\/v2\/users\/391"}],"replies":[{"embeddable":true,"href":"https:\/\/wp.ufpel.edu.br\/ppgveterinaria\/wp-json\/wp\/v2\/comments?post=162"}],"version-history":[{"count":22,"href":"https:\/\/wp.ufpel.edu.br\/ppgveterinaria\/wp-json\/wp\/v2\/pages\/162\/revisions"}],"predecessor-version":[{"id":2451,"href":"https:\/\/wp.ufpel.edu.br\/ppgveterinaria\/wp-json\/wp\/v2\/pages\/162\/revisions\/2451"}],"up":[{"embeddable":true,"href":"https:\/\/wp.ufpel.edu.br\/ppgveterinaria\/wp-json\/wp\/v2\/pages\/152"}],"wp:attachment":[{"href":"https:\/\/wp.ufpel.edu.br\/ppgveterinaria\/wp-json\/wp\/v2\/media?parent=162"}],"curies":[{"name":"wp","href":"https:\/\/api.w.org\/{rel}","templated":true}]}}