{"id":143,"date":"2014-07-07T16:34:37","date_gmt":"2014-07-07T19:34:37","guid":{"rendered":"https:\/\/wp.ufpel.edu.br\/ppgveterinaria\/?page_id=143"},"modified":"2024-08-09T16:38:46","modified_gmt":"2024-08-09T19:38:46","slug":"linhas-de-pesquisa","status":"publish","type":"page","link":"https:\/\/wp.ufpel.edu.br\/ppgveterinaria\/programa\/linhas-de-pesquisa\/","title":{"rendered":"\u00c1reas e Linhas de Pesquisa"},"content":{"rendered":"<p>&nbsp;<\/p>\n<p style=\"text-align: justify;\"><span style=\"color: #464646; font-family: georgia, palatino, serif; font-size: 12pt;\"><strong>\u00c1rea:<\/strong> CL\u00cdNICA M\u00c9DICA VETERIN\u00c1RIA<\/span><\/p>\n<p style=\"text-align: justify;\"><span style=\"color: #464646; font-family: georgia, palatino, serif; font-size: 12pt;\"><strong>Linha:<\/strong> Cl\u00ednica, Metabolismo e Medidas Terap\u00eauticas<\/span><\/p>\n<p style=\"text-align: justify;\"><span style=\"color: #464646; font-family: georgia, palatino, serif; font-size: 12pt;\">Linha que aborda an\u00e1lises de condi\u00e7\u00f5es cl\u00ednicas, metabolismo animal e suas associa\u00e7\u00f5es com produtividade; terapia de enfermidades, al\u00e9m de estudos relacionados a interven\u00e7\u00f5es mediadas por animais (bem estar, atividades, educa\u00e7\u00e3o e zooterapia).<\/span><\/p>\n<p>&nbsp;<\/p>\n<p style=\"text-align: justify;\"><span style=\"color: #464646; font-family: georgia, palatino, serif; font-size: 12pt;\"><strong>\u00c1rea:<\/strong> REPRODU\u00c7\u00c3O E PATOLOGIA ANIMAL<\/span><\/p>\n<p style=\"text-align: justify;\"><span style=\"color: #464646; font-family: georgia, palatino, serif; font-size: 12pt;\"><strong>Linha 1:<\/strong> Fisiopatologia e Biot\u00e9cnicas da Reprodu\u00e7\u00e3o<\/span><\/p>\n<p style=\"text-align: justify;\"><span style=\"color: #464646; font-family: georgia, palatino, serif; font-size: 12pt;\">Linha que desenvolve projetos que analisam a intera\u00e7\u00e3o entre reprodu\u00e7\u00e3o e nutri\u00e7\u00e3o; fisiologia ovariana e uterina; endocrinologia da reprodu\u00e7\u00e3o, controle do ciclo estral, efici\u00eancia reprodutiva, influ\u00eancias metab\u00f3licas e moleculares sobre a fun\u00e7\u00e3o reprodutiva; estudos em ressincroniza\u00e7\u00e3o, indu\u00e7\u00e3o da lacta\u00e7\u00e3o e criopreserva\u00e7\u00e3o de gametas.<\/span><\/p>\n<p style=\"text-align: justify;\"><span style=\"color: #464646; font-family: georgia, palatino, serif; font-size: 12pt;\"><strong>Linha 2: <\/strong>Patologia, Toxicologia e Oncologia<\/span><\/p>\n<p style=\"text-align: justify;\"><span style=\"color: #464646; font-family: georgia, palatino, serif; font-size: 12pt;\">Nessa linha de pesquisa est\u00e3o direcionados estudos sobre intoxica\u00e7\u00f5es e patologias que afetam os diversos sistemas dos animais dom\u00e9sticos, an\u00e1lises imunoistoqu\u00edmicas e pesquisas que abordam tumores.<\/span><\/p>\n<p>&nbsp;<\/p>\n<p style=\"text-align: justify;\"><span style=\"color: #464646; font-family: georgia, palatino, serif; font-size: 12pt;\"><strong>\u00c1rea:<\/strong> SA\u00daDE \u00daNICA<\/span><\/p>\n<p style=\"text-align: justify;\"><span style=\"color: #464646; font-family: georgia, palatino, serif; font-size: 12pt;\"><strong>Linha 1: <\/strong>Sanidade e Epidemiologia de Doen\u00e7as<\/span><\/p>\n<p style=\"text-align: justify;\"><span style=\"color: #464646; font-family: georgia, palatino, serif; font-size: 12pt;\">Nessa linha s\u00e3o desenvolvidos projetos em diagn\u00f3stico, caracteriza\u00e7\u00e3o epidemiol\u00f3gica e molecular de agentes causadores de doen\u00e7as, estudos em microrganismos de import\u00e2ncia em doen\u00e7as transmitidas por alimentos e zoon\u00f3ticas; sanidade dos animais.<\/span><br \/>\n<span style=\"color: #464646; font-family: georgia, palatino, serif; font-size: 12pt;\">\u00a0<\/span><br \/>\n<span style=\"color: #464646; font-family: georgia, palatino, serif; font-size: 12pt;\"><strong>Linha 2: <\/strong>Imunologia, Profilaxia e Desenvolvimento de Produtos\u00a0\u00a0<\/span><\/p>\n<p style=\"text-align: justify;\"><span style=\"color: #464646; font-family: georgia, palatino, serif; font-size: 12pt;\">Linha relacionada ao desenvolvimento de vacinas e de imunobiol\u00f3gicos; imunodiagn\u00f3stico; desenvolvimento de produtos relacionados a preven\u00e7\u00e3o e ou controle de doen\u00e7as; produtos e compostos com a\u00e7\u00e3o em sa\u00fade animal; controle biol\u00f3gico; estudo de respostas imunes e imunomodula\u00e7\u00e3o.<\/span><\/p>\n<p>&nbsp;<\/p>\n<p style=\"text-align: justify;\"><span style=\"color: #464646; font-family: georgia, palatino, serif; font-size: 12pt;\"><strong>Obs.:<\/strong> As \u00e1reas e linhas foram reformuladas no ano de 2021. Para os alunos ingressantes at\u00e9 o ano de 2020, a \u00e1rea de concentra\u00e7\u00e3o \u00e9 a SANIDADE ANIMAL.<\/span><\/p>\n","protected":false},"excerpt":{"rendered":"<p>&nbsp; \u00c1rea: CL\u00cdNICA M\u00c9DICA VETERIN\u00c1RIA Linha: Cl\u00ednica, Metabolismo e Medidas Terap\u00eauticas Linha que aborda an\u00e1lises de condi\u00e7\u00f5es cl\u00ednicas, metabolismo animal e suas associa\u00e7\u00f5es com produtividade; terapia de enfermidades, al\u00e9m de estudos relacionados a interven\u00e7\u00f5es mediadas por animais (bem estar, atividades, educa\u00e7\u00e3o e zooterapia). &nbsp; \u00c1rea: REPRODU\u00c7\u00c3O E PATOLOGIA ANIMAL Linha 1: Fisiopatologia e Biot\u00e9cnicas da [&hellip;]<\/p>\n","protected":false},"author":391,"featured_media":0,"parent":4440,"menu_order":2,"comment_status":"closed","ping_status":"closed","template":"","meta":{"footnotes":""},"class_list":["post-143","page","type-page","status-publish","hentry"],"_links":{"self":[{"href":"https:\/\/wp.ufpel.edu.br\/ppgveterinaria\/wp-json\/wp\/v2\/pages\/143","targetHints":{"allow":["GET"]}}],"collection":[{"href":"https:\/\/wp.ufpel.edu.br\/ppgveterinaria\/wp-json\/wp\/v2\/pages"}],"about":[{"href":"https:\/\/wp.ufpel.edu.br\/ppgveterinaria\/wp-json\/wp\/v2\/types\/page"}],"author":[{"embeddable":true,"href":"https:\/\/wp.ufpel.edu.br\/ppgveterinaria\/wp-json\/wp\/v2\/users\/391"}],"replies":[{"embeddable":true,"href":"https:\/\/wp.ufpel.edu.br\/ppgveterinaria\/wp-json\/wp\/v2\/comments?post=143"}],"version-history":[{"count":30,"href":"https:\/\/wp.ufpel.edu.br\/ppgveterinaria\/wp-json\/wp\/v2\/pages\/143\/revisions"}],"predecessor-version":[{"id":6954,"href":"https:\/\/wp.ufpel.edu.br\/ppgveterinaria\/wp-json\/wp\/v2\/pages\/143\/revisions\/6954"}],"up":[{"embeddable":true,"href":"https:\/\/wp.ufpel.edu.br\/ppgveterinaria\/wp-json\/wp\/v2\/pages\/4440"}],"wp:attachment":[{"href":"https:\/\/wp.ufpel.edu.br\/ppgveterinaria\/wp-json\/wp\/v2\/media?parent=143"}],"curies":[{"name":"wp","href":"https:\/\/api.w.org\/{rel}","templated":true}]}}