{"id":1282,"date":"2015-05-07T14:22:43","date_gmt":"2015-05-07T17:22:43","guid":{"rendered":"https:\/\/wp.ufpel.edu.br\/ppgveterinaria\/?page_id=1282"},"modified":"2018-05-14T11:51:57","modified_gmt":"2018-05-14T14:51:57","slug":"2015-2","status":"publish","type":"page","link":"https:\/\/wp.ufpel.edu.br\/ppgveterinaria\/dissertacoesteses\/teses\/2015-2\/","title":{"rendered":"2015"},"content":{"rendered":"<p>&nbsp;<\/p>\n<ul>\n<li><span style=\"color: #464646\"><strong>Teses 2015<\/strong><\/span><\/li>\n<\/ul>\n<p>&nbsp;<\/p>\n<p><span style=\"color: #464646\">___________________________________________________________________________<\/span><\/p>\n<p><span style=\"color: #464646\"><strong>Anelise Oliveira da Silva Fonseca \u00a0\u00a0<\/strong><\/span><\/p>\n<p style=\"text-align: justify\"><span style=\"color: #464646\"><strong>T\u00edtulo:<\/strong> <span style=\"text-decoration: underline\"><a style=\"color: #464646;text-decoration: underline\" href=\"https:\/\/wp.ufpel.edu.br\/ppgveterinaria\/files\/2015\/05\/Anelise-Oliveira-da-Silva-Fonseca.pdf\" target=\"_blank\" rel=\"noopener\">Suscetibilidade in vitro e in vivo de Pythium insidiosum a quatro \u00f3leos essenciais de plantas da fam\u00edlia Lamiaceae e proposta de um novo inoculo para testes de suscetibilidade in vitro<\/a><\/span><\/span><\/p>\n<p style=\"text-align: justify\"><span style=\"color: #464646\"><strong>Orientador:<\/strong> M\u00e1rio Carlos Ara\u00fajo Meireles<\/span><\/p>\n<p><span style=\"color: #464646\"><strong>Defesa:<\/strong> 27\/02\/15<\/span><\/p>\n<p><span style=\"color: #464646\">___________________________________________________________________________<\/span><\/p>\n<p><span style=\"color: #464646\"><strong>Ciciane Pereira Marten Fernandes\u00a0\u00a0\u00a0\u00a0\u00a0\u00a0\u00a0<\/strong><\/span><\/p>\n<p><span style=\"color: #464646\"><strong>T\u00edtulo:\u00a0<\/strong><a style=\"color: #464646\" href=\"https:\/\/wp.ufpel.edu.br\/ppgveterinaria\/files\/2015\/05\/Ciciane-Pereira-Marten-Fernandes-Resumo.pdf\" target=\"_blank\" rel=\"noopener\">Estudos toxicol\u00f3gicos de Triticum aestivum e Carapa guianensis e aplicabilidade cl\u00ednica de Triticum aestivum na otite externa canina<\/a><\/span><\/p>\n<p><span style=\"color: #464646\"><strong>Orientador: <\/strong>M\u00e1rcia de Oliveira Nobre<\/span><\/p>\n<p><span style=\"color: #464646\"><strong>Defesa:<\/strong> 29\/10\/15<\/span><\/p>\n<p><span style=\"color: #464646\">___________________________________________________________________________<\/span><\/p>\n<p><span style=\"color: #464646\"><strong>Diane Bender Almeida Schiavon<\/strong><\/span><\/p>\n<p style=\"text-align: justify\"><span style=\"color: #464646\"><strong> T\u00edtulo:<\/strong> <span style=\"text-decoration: underline\"><a style=\"color: #464646;text-decoration: underline\" href=\"https:\/\/wp.ufpel.edu.br\/ppgveterinaria\/files\/2015\/05\/Diane-Bender-Almeida-Schiavon.pdf\" target=\"_blank\" rel=\"noopener\">Resgate etnobot\u00e2nico de plantas medicinais e valida\u00e7\u00e3o da sua atividade antibacteriana<\/a><\/span><\/span><\/p>\n<p><span style=\"color: #464646\"><strong> Orientador:<\/strong> Luiz Filipe Dam\u00e9 Schuch<\/span><\/p>\n<p><span style=\"color: #464646\"><strong>Defesa:<\/strong> 23\/02\/15<\/span><\/p>\n<p><span style=\"color: #464646\">___________________________________________________________________________<\/span><\/p>\n<p><span style=\"color: #464646\"><strong>Elis\u00e2ngela Mirapalheta Madeira <\/strong>(aguardando homologa\u00e7\u00e3o)<\/span><\/p>\n<p style=\"text-align: justify\"><span style=\"color: #464646\"><strong> T\u00edtulo:<\/strong> <a style=\"color: #464646\" href=\"https:\/\/wp.ufpel.edu.br\/ppgveterinaria\/files\/2015\/05\/Elis\u00e2ngela-Mirapalheta-Madeira.pdf\" target=\"_blank\" rel=\"noopener\">Uso de etilenoglicol monometil \u00e9ter como crioprotetor na vitrifica\u00e7\u00e3o de embri\u00f5es bovinos produzidos in vitro<\/a><\/span><\/p>\n<p><span style=\"color: #464646\"><strong> Orientador:<\/strong> Thomaz Lucia Jr<\/span><\/p>\n<p><span style=\"color: #464646\"><strong>Defesa:<\/strong> 13\/03\/15<\/span><\/p>\n<p><span style=\"color: #464646\">___________________________________________________________________________<\/span><\/p>\n<p><span style=\"color: #464646\"><strong>Fernando da Silva Bandeira<\/strong><\/span><\/p>\n<p style=\"text-align: justify\"><span style=\"color: #464646\"><strong>T\u00edtulo:<\/strong> <span style=\"text-decoration: underline\"><a style=\"color: #464646;text-decoration: underline\" href=\"https:\/\/wp.ufpel.edu.br\/ppgveterinaria\/files\/2015\/05\/Fernando-da-Silva-Bandeira.pdf\" target=\"_blank\" rel=\"noopener\">Bacterina de Staphylococcus aureus contendo pr\u00f3polis como adjuvante para controle da mastite<\/a><\/span><\/span><\/p>\n<p><span style=\"color: #464646\"><strong>Orientador:<\/strong> Geferson Fischer<\/span><\/p>\n<p><span style=\"color: #464646\"><strong>Defesa:<\/strong> 25\/02\/15<\/span><\/p>\n<p><span style=\"color: #464646\">___________________________________________________________________________<\/span><\/p>\n<p><span style=\"color: #464646\"><strong>Giseli Aparecida Ritterbusch<\/strong><\/span><\/p>\n<p style=\"text-align: justify\"><span style=\"color: #464646\"><strong>T\u00edtulo:<\/strong> <a style=\"color: #464646\" href=\"https:\/\/wp.ufpel.edu.br\/ppgveterinaria\/files\/2015\/05\/Giseli-Aparecida-Ritterbusch.pdf\" target=\"_blank\" rel=\"noopener\">Desenvolvimento e avalia\u00e7\u00e3o de uma vacina recombinante contra o v\u00edrus da Bronquite Infecciosa das galinhas carreada por adenov\u00edrus defectivo.<\/a><\/span><\/p>\n<p><span style=\"color: #464646\"><strong>Orientador:<\/strong> Silvia de Oliveira H\u00fcbner<\/span><\/p>\n<p><span style=\"color: #464646\"><strong>Defesa:<\/strong> 29\/01\/15<\/span><\/p>\n<p><span style=\"color: #464646\">___________________________________________________________________________<\/span><\/p>\n<p><span style=\"color: #464646\"><strong>Let\u00edcia Fiss\u00a0\u00a0\u00a0\u00a0\u00a0\u00a0\u00a0\u00a0<\/strong><\/span><\/p>\n<p><span style=\"color: #464646\"><strong>T\u00edtulo:<\/strong>\u00a0<a style=\"color: #464646\" href=\"https:\/\/wp.ufpel.edu.br\/ppgveterinaria\/files\/2015\/05\/Let\u00edcia-Fiss-Resumo.pdf\" target=\"_blank\" rel=\"noopener\">Paratuberculose em bovinos de corte na regi\u00e3o Sul do Rio Grande do Sul: ocorr\u00eancia e diagn\u00f3stico diferencial<\/a><\/span><\/p>\n<p><span style=\"color: #464646\"><strong>Orientador: <\/strong>Ana Lucia Pereira Schild<\/span><\/p>\n<p><span style=\"color: #464646\"><strong>Defesa: <\/strong>30\/09\/15<\/span><\/p>\n<p><span style=\"color: #464646\">___________________________________________________________________________<\/span><\/p>\n<p><span style=\"color: #464646\"><strong>Patricia Almeida Ferreira\u00a0\u00a0\u00a0\u00a0\u00a0\u00a0\u00a0\u00a0\u00a0\u00a0\u00a0<\/strong><\/span><\/p>\n<p><span style=\"color: #464646\"><strong>T\u00edtulo:\u00a0<\/strong><a style=\"color: #464646\" href=\"https:\/\/wp.ufpel.edu.br\/ppgveterinaria\/files\/2015\/05\/Patricia-Almeida-Ferreira-Resumo.pdf\" target=\"_blank\" rel=\"noopener\">Avalia\u00e7\u00e3o do metabolismo de carboidratos e lip\u00eddios de modelo murino submetido \u00e0 dieta hiperlip\u00eddica e tratado com o extrato aquoso de Hibiscus rosa-sinensis<\/a><\/span><\/p>\n<p><span style=\"color: #464646\"><strong>Orientador: <\/strong>M\u00e1rcia de Oliveira Nobre<\/span><\/p>\n<p><span style=\"color: #464646\"><strong>Defesa: <\/strong>04\/12\/15<\/span><\/p>\n<p><span style=\"color: #464646\">___________________________________________________________________________<\/span><\/p>\n<p><span style=\"color: #464646\"><strong>Paula Fonseca Finger\u00a0\u00a0\u00a0<\/strong><\/span><\/p>\n<p><span style=\"color: #464646\"><strong>T\u00edtulo:\u00a0<\/strong><a style=\"color: #464646\" href=\"https:\/\/wp.ufpel.edu.br\/ppgveterinaria\/files\/2015\/05\/Paula-Fonseca-Finger.pdf\" target=\"_blank\" rel=\"noopener\">Produ\u00e7\u00e3o de imunobiol\u00f3gicos para o diagn\u00f3stico do v\u00edrus da bronquite infecciosa das galinhas<\/a><\/span><\/p>\n<p><span style=\"color: #464646\"><strong>Orientador: <\/strong>Fabricio Rochedo Concei\u00e7\u00e3o<\/span><\/p>\n<p><span style=\"color: #464646\"><strong>Defesa: <\/strong>17\/12\/15<\/span><\/p>\n<p><span style=\"color: #464646\">___________________________________________________________________________<\/span><\/p>\n<p><span style=\"color: #464646\"><strong>Priscila Alves Dias<\/strong><\/span><\/p>\n<p style=\"text-align: justify\"><span style=\"color: #464646\"><strong>T\u00edtulo:<\/strong> <span style=\"text-decoration: underline\"><a style=\"color: #464646;text-decoration: underline\" href=\"https:\/\/wp.ufpel.edu.br\/ppgveterinaria\/files\/2015\/05\/Priscila-Alves-Dias.pdf\" target=\"_blank\" rel=\"noopener\">Campylobacter spp., Salmonella enterica e Yersinia enterocolitica em aves silvestres e frangos de corte<\/a><\/span><\/span><\/p>\n<p><span style=\"color: #464646\"><strong>Orientador:<\/strong> Cl\u00e1udio Dias Timm<\/span><\/p>\n<p><span style=\"color: #464646\"><strong>Defesa:<\/strong> 27\/02\/15<\/span><\/p>\n<p><span style=\"color: #464646\">___________________________________________________________________________<\/span><\/p>\n<p><span style=\"color: #464646\"><strong>Sandra Vieira de Moura<\/strong><\/span><\/p>\n<p style=\"text-align: justify\"><span style=\"color: #464646\"><strong>T\u00edtulo:<\/strong>\u00a0<a style=\"color: #464646\" href=\"https:\/\/wp.ufpel.edu.br\/ppgveterinaria\/files\/2015\/05\/Sandra-Vieira-de-Moura.pdf\" target=\"_blank\" rel=\"noopener\">Uso de modelo experimental para estudos relacionados ao estresse animal<\/a><\/span><\/p>\n<p><span style=\"color: #464646\"><strong>Orientador:<\/strong> \u00c9verton Fagonde da Silva<\/span><\/p>\n<p><span style=\"color: #464646\"><strong>Defesa:<\/strong> 30\/04\/15\u00a0<\/span><\/p>\n<p><span style=\"color: #464646\">___________________________________________________________________________<\/span><\/p>\n<p>&nbsp;<\/p>\n","protected":false},"excerpt":{"rendered":"<p>&nbsp; Teses 2015 &nbsp; ___________________________________________________________________________ Anelise Oliveira da Silva Fonseca \u00a0\u00a0 T\u00edtulo: Suscetibilidade in vitro e in vivo de Pythium insidiosum a quatro \u00f3leos essenciais de plantas da fam\u00edlia Lamiaceae e proposta de um novo inoculo para testes de suscetibilidade in vitro Orientador: M\u00e1rio Carlos Ara\u00fajo Meireles Defesa: 27\/02\/15 ___________________________________________________________________________ Ciciane Pereira Marten Fernandes\u00a0\u00a0\u00a0\u00a0\u00a0\u00a0\u00a0 T\u00edtulo:\u00a0Estudos [&hellip;]<\/p>\n","protected":false},"author":391,"featured_media":0,"parent":426,"menu_order":-1,"comment_status":"closed","ping_status":"closed","template":"","meta":{"footnotes":""},"class_list":["post-1282","page","type-page","status-publish","hentry"],"_links":{"self":[{"href":"https:\/\/wp.ufpel.edu.br\/ppgveterinaria\/wp-json\/wp\/v2\/pages\/1282","targetHints":{"allow":["GET"]}}],"collection":[{"href":"https:\/\/wp.ufpel.edu.br\/ppgveterinaria\/wp-json\/wp\/v2\/pages"}],"about":[{"href":"https:\/\/wp.ufpel.edu.br\/ppgveterinaria\/wp-json\/wp\/v2\/types\/page"}],"author":[{"embeddable":true,"href":"https:\/\/wp.ufpel.edu.br\/ppgveterinaria\/wp-json\/wp\/v2\/users\/391"}],"replies":[{"embeddable":true,"href":"https:\/\/wp.ufpel.edu.br\/ppgveterinaria\/wp-json\/wp\/v2\/comments?post=1282"}],"version-history":[{"count":20,"href":"https:\/\/wp.ufpel.edu.br\/ppgveterinaria\/wp-json\/wp\/v2\/pages\/1282\/revisions"}],"predecessor-version":[{"id":1285,"href":"https:\/\/wp.ufpel.edu.br\/ppgveterinaria\/wp-json\/wp\/v2\/pages\/1282\/revisions\/1285"}],"up":[{"embeddable":true,"href":"https:\/\/wp.ufpel.edu.br\/ppgveterinaria\/wp-json\/wp\/v2\/pages\/426"}],"wp:attachment":[{"href":"https:\/\/wp.ufpel.edu.br\/ppgveterinaria\/wp-json\/wp\/v2\/media?parent=1282"}],"curies":[{"name":"wp","href":"https:\/\/api.w.org\/{rel}","templated":true}]}}