{"id":9494,"date":"2025-01-31T18:34:11","date_gmt":"2025-01-31T21:34:11","guid":{"rendered":"https:\/\/wp.ufpel.edu.br\/ppgs\/?page_id=9494"},"modified":"2025-01-31T18:34:11","modified_gmt":"2025-01-31T21:34:11","slug":"trabajo-organizaciones-e-identidad","status":"publish","type":"page","link":"https:\/\/wp.ufpel.edu.br\/ppgs\/lineas-de-investigacion\/trabajo-organizaciones-e-identidad\/","title":{"rendered":"Trabajo, organizaciones e identidad"},"content":{"rendered":"<div class=\"flex max-w-full flex-col flex-grow\">\n<div class=\"min-h-8 text-message flex w-full flex-col items-end gap-2 whitespace-normal break-words text-start [.text-message+&amp;]:mt-5\" dir=\"auto\" data-message-author-role=\"assistant\" data-message-id=\"4fed7780-71ae-4e90-a4e6-09b7b10a7a1d\" data-message-model-slug=\"o1\">\n<div class=\"flex w-full flex-col gap-1 empty:hidden first:pt-[3px]\">\n<div class=\"markdown prose w-full break-words dark:prose-invert light\">\n<p>Analiza las transformaciones ocurridas en el mundo del trabajo en la sociedad contempor\u00e1nea, entre las cuales se incluyen los procesos de reestructuraci\u00f3n productiva, la flexibilizaci\u00f3n de las relaciones laborales, el trabajo autogestionado y los cambios organizacionales. Aborda cuestiones que impactan tanto la dimensi\u00f3n objetiva como la subjetiva de la vida de las y los trabajadores, ya sea en lo que respecta a su \u00e1mbito de actuaci\u00f3n profesional y organizaci\u00f3n colectiva, como en su vida cotidiana. Implica el estudio de las formas de organizaci\u00f3n de clase, grupos y sectores de trabajadores, as\u00ed como sus condiciones de vida, sus formas de resistencia y las configuraciones culturales e identitarias. Asimismo, examina la generaci\u00f3n de nuevas pr\u00e1cticas econ\u00f3micas y discursos empresariales que introducen formas novedosas de relacionamiento de los individuos con sus carreras y con la generaci\u00f3n de ingresos. Adem\u00e1s, incorpora el debate sobre las relaciones de poder en las organizaciones, la empresa como un espacio social en t\u00e9rminos de trabajo y de organizaci\u00f3n, y los distintos mundos sociales que conviven en ella.<\/p>\n<p><strong>Profesores vinculados a la l\u00ednea:<\/strong><\/p>\n<ul>\n<li>Prof. Dr. Attila Magno e Silva Barbosa<\/li>\n<li>Profa. Dra. Elaine da Silveira Leite<\/li>\n<li>Prof. Dr. Pedro Robertt<\/li>\n<li>Prof. Dr. Marcus Vinicius Spolle<\/li>\n<li>Profa. Dra. Mari Cristina Fagundes de Freitas<\/li>\n<li>Profa. Dra. Marilis Lemos De Almeida<\/li>\n<\/ul>\n<p><strong>Colaboradores:<\/strong><\/p>\n<ul>\n<li>Prof. Dr. Marcio Silva Rodrigues<\/li>\n<li>Profa. Dra. Adriane Vieira Ferrarini (Profesora Visitante)<\/li>\n<\/ul>\n<\/div>\n<\/div>\n<\/div>\n<\/div>\n<div class=\"mb-2 flex gap-3 empty:hidden -ml-2\">\n<div class=\"items-center justify-start rounded-xl p-1 flex\"><\/div>\n<\/div>\n","protected":false},"excerpt":{"rendered":"<p>Analiza las transformaciones ocurridas en el mundo del trabajo en la sociedad contempor\u00e1nea, entre las cuales se incluyen los procesos de reestructuraci\u00f3n productiva, la flexibilizaci\u00f3n de las relaciones laborales, el trabajo autogestionado y los cambios organizacionales. Aborda cuestiones que impactan tanto la dimensi\u00f3n objetiva como la subjetiva de la vida de las y los trabajadores, [&hellip;]<\/p>\n","protected":false},"author":396,"featured_media":0,"parent":2072,"menu_order":0,"comment_status":"closed","ping_status":"closed","template":"","meta":{"jetpack_post_was_ever_published":false,"footnotes":""},"class_list":["post-9494","page","type-page","status-publish","hentry"],"jetpack_sharing_enabled":true,"jetpack_shortlink":"https:\/\/wp.me\/P9dZ0f-2t8","jetpack_likes_enabled":true,"jetpack-related-posts":[],"_links":{"self":[{"href":"https:\/\/wp.ufpel.edu.br\/ppgs\/wp-json\/wp\/v2\/pages\/9494","targetHints":{"allow":["GET"]}}],"collection":[{"href":"https:\/\/wp.ufpel.edu.br\/ppgs\/wp-json\/wp\/v2\/pages"}],"about":[{"href":"https:\/\/wp.ufpel.edu.br\/ppgs\/wp-json\/wp\/v2\/types\/page"}],"author":[{"embeddable":true,"href":"https:\/\/wp.ufpel.edu.br\/ppgs\/wp-json\/wp\/v2\/users\/396"}],"replies":[{"embeddable":true,"href":"https:\/\/wp.ufpel.edu.br\/ppgs\/wp-json\/wp\/v2\/comments?post=9494"}],"version-history":[{"count":1,"href":"https:\/\/wp.ufpel.edu.br\/ppgs\/wp-json\/wp\/v2\/pages\/9494\/revisions"}],"predecessor-version":[{"id":9495,"href":"https:\/\/wp.ufpel.edu.br\/ppgs\/wp-json\/wp\/v2\/pages\/9494\/revisions\/9495"}],"up":[{"embeddable":true,"href":"https:\/\/wp.ufpel.edu.br\/ppgs\/wp-json\/wp\/v2\/pages\/2072"}],"wp:attachment":[{"href":"https:\/\/wp.ufpel.edu.br\/ppgs\/wp-json\/wp\/v2\/media?parent=9494"}],"curies":[{"name":"wp","href":"https:\/\/api.w.org\/{rel}","templated":true}]}}