{"id":8836,"date":"2024-09-10T01:07:21","date_gmt":"2024-09-10T04:07:21","guid":{"rendered":"https:\/\/wp.ufpel.edu.br\/ppgs\/?page_id=8836"},"modified":"2025-12-10T09:19:07","modified_gmt":"2025-12-10T12:19:07","slug":"egressos-do-doutorado-ppgs-ufpel","status":"publish","type":"page","link":"https:\/\/wp.ufpel.edu.br\/ppgs\/doutorado\/egressos-do-doutorado-ppgs-ufpel\/","title":{"rendered":"Egressos do Doutorado"},"content":{"rendered":"<p>Egressos do Doutorado do Programa de P\u00f3s-Gradua\u00e7\u00e3o em Sociologia da Universidade Federal de Pelotas (PPGS\/UFPel):<\/p>\n<p><a href=\"https:\/\/wp.me\/p9dZ0f-2wf\">Pesquisa Perfil Egressos PPGS UFPEL<\/a><\/p>\n<p><strong>TURMA 2021<\/strong><\/p>\n<p><a href=\"http:\/\/lattes.cnpq.br\/6022741308723324\">Gabriel Alves Bresque<\/a><\/p>\n<p><a href=\"http:\/\/lattes.cnpq.br\/7661094126632027\">Rodrigo Tarouco Da Fonseca<\/a><\/p>\n<p><strong>TURMA 2020<\/strong><\/p>\n<p style=\"font-weight: 400;\"><a href=\"http:\/\/lattes.cnpq.br\/1926335640018242\">Alexandre Silveira Vergara<\/a><\/p>\n<p style=\"font-weight: 400;\"><a href=\"http:\/\/lattes.cnpq.br\/1425115368354473\">Eduardo Pinheiro Urrutia<\/a><\/p>\n<p style=\"font-weight: 400;\"><a href=\"http:\/\/lattes.cnpq.br\/7394376771376497\">Jiulia Estela Heling<\/a><\/p>\n<p style=\"font-weight: 400;\"><a href=\"http:\/\/lattes.cnpq.br\/1296894614967680\">Luana Costa Bidigaray<\/a><\/p>\n<p style=\"font-weight: 400;\"><a href=\"http:\/\/lattes.cnpq.br\/5484811664118979\">Mara Beatriz Nunes Gomes<\/a><\/p>\n<p style=\"font-weight: 400;\"><a href=\"http:\/\/lattes.cnpq.br\/6278230464909200\">Renata Vieira Rodrigues Severo<\/a><\/p>\n<p><strong><br \/>\nTURMA 2019<\/strong><\/p>\n<p style=\"font-weight: 400;\"><a href=\"http:\/\/buscatextual.cnpq.br\/buscatextual\/visualizacv.do?id=K4474103H7\">Aline Elias Lamas<\/a><\/p>\n<p style=\"font-weight: 400;\"><a href=\"http:\/\/lattes.cnpq.br\/8771087410813687\">Arielson Teixeira do Carmo<\/a><\/p>\n<p style=\"font-weight: 400;\"><a href=\"http:\/\/buscatextual.cnpq.br\/buscatextual\/visualizacv.do?id=K8743342T0\">Carolina Freitas de Oliveira Silva<\/a><\/p>\n<p style=\"font-weight: 400;\"><a href=\"http:\/\/buscatextual.cnpq.br\/buscatextual\/visualizacv.do?id=K8142011J4\">Eduardo Rosa Guedes<\/a><\/p>\n<p style=\"font-weight: 400;\"><a href=\"http:\/\/buscatextual.cnpq.br\/buscatextual\/visualizacv.do?id=K8149118D6\">Jo\u00e3o Matheus Soares Miranda<\/a><\/p>\n<p style=\"font-weight: 400;\"><a href=\"http:\/\/buscatextual.cnpq.br\/buscatextual\/visualizacv.do?id=K8492063Z5\">Julio Marinho Ferreira<\/a><\/p>\n<p style=\"font-weight: 400;\"><a href=\"http:\/\/buscatextual.cnpq.br\/buscatextual\/visualizacv.do?id=K4106560U6\">Sandro Ari Andrade de Miranda<\/a><\/p>\n","protected":false},"excerpt":{"rendered":"<p>Egressos do Doutorado do Programa de P\u00f3s-Gradua\u00e7\u00e3o em Sociologia da Universidade Federal de Pelotas (PPGS\/UFPel): Pesquisa Perfil Egressos PPGS UFPEL TURMA 2021 Gabriel Alves Bresque Rodrigo Tarouco Da Fonseca TURMA 2020 Alexandre Silveira Vergara Eduardo Pinheiro Urrutia Jiulia Estela Heling Luana Costa Bidigaray Mara Beatriz Nunes Gomes Renata Vieira Rodrigues Severo TURMA 2019 Aline Elias [&hellip;]<\/p>\n","protected":false},"author":396,"featured_media":0,"parent":3808,"menu_order":0,"comment_status":"closed","ping_status":"closed","template":"","meta":{"jetpack_post_was_ever_published":false,"footnotes":""},"class_list":["post-8836","page","type-page","status-publish","hentry"],"jetpack_sharing_enabled":true,"jetpack_shortlink":"https:\/\/wp.me\/P9dZ0f-2iw","jetpack_likes_enabled":true,"jetpack-related-posts":[],"_links":{"self":[{"href":"https:\/\/wp.ufpel.edu.br\/ppgs\/wp-json\/wp\/v2\/pages\/8836","targetHints":{"allow":["GET"]}}],"collection":[{"href":"https:\/\/wp.ufpel.edu.br\/ppgs\/wp-json\/wp\/v2\/pages"}],"about":[{"href":"https:\/\/wp.ufpel.edu.br\/ppgs\/wp-json\/wp\/v2\/types\/page"}],"author":[{"embeddable":true,"href":"https:\/\/wp.ufpel.edu.br\/ppgs\/wp-json\/wp\/v2\/users\/396"}],"replies":[{"embeddable":true,"href":"https:\/\/wp.ufpel.edu.br\/ppgs\/wp-json\/wp\/v2\/comments?post=8836"}],"version-history":[{"count":4,"href":"https:\/\/wp.ufpel.edu.br\/ppgs\/wp-json\/wp\/v2\/pages\/8836\/revisions"}],"predecessor-version":[{"id":10611,"href":"https:\/\/wp.ufpel.edu.br\/ppgs\/wp-json\/wp\/v2\/pages\/8836\/revisions\/10611"}],"up":[{"embeddable":true,"href":"https:\/\/wp.ufpel.edu.br\/ppgs\/wp-json\/wp\/v2\/pages\/3808"}],"wp:attachment":[{"href":"https:\/\/wp.ufpel.edu.br\/ppgs\/wp-json\/wp\/v2\/media?parent=8836"}],"curies":[{"name":"wp","href":"https:\/\/api.w.org\/{rel}","templated":true}]}}