{"id":8822,"date":"2024-09-10T00:54:17","date_gmt":"2024-09-10T03:54:17","guid":{"rendered":"https:\/\/wp.ufpel.edu.br\/ppgs\/?page_id=8822"},"modified":"2024-09-10T01:32:07","modified_gmt":"2024-09-10T04:32:07","slug":"egressos","status":"publish","type":"page","link":"https:\/\/wp.ufpel.edu.br\/ppgs\/egressos\/","title":{"rendered":"Egressos do PPGS\/UFPel"},"content":{"rendered":"<p>Egressos do Programa de P\u00f3s-Gradua\u00e7\u00e3o em Sociologia da Universidade Federal de Pelotas:<\/p>\n<p>&nbsp;<\/p>\n<p><a href=\"https:\/\/wp.ufpel.edu.br\/ppgs\/corpo-discente\/egressos-mestrado\/\">Mestrado<\/a><\/p>\n<p><a href=\"https:\/\/wp.ufpel.edu.br\/ppgs\/doutorado\/egressos-do-doutorado-ppgs-ufpel\/\">Doutorado<\/a><\/p>\n","protected":false},"excerpt":{"rendered":"<p>Egressos do Programa de P\u00f3s-Gradua\u00e7\u00e3o em Sociologia da Universidade Federal de Pelotas: &nbsp; Mestrado Doutorado<\/p>\n","protected":false},"author":396,"featured_media":0,"parent":0,"menu_order":1,"comment_status":"closed","ping_status":"closed","template":"","meta":{"jetpack_post_was_ever_published":false,"footnotes":""},"class_list":["post-8822","page","type-page","status-publish","hentry"],"jetpack_sharing_enabled":true,"jetpack_shortlink":"https:\/\/wp.me\/P9dZ0f-2ii","jetpack_likes_enabled":true,"jetpack-related-posts":[],"_links":{"self":[{"href":"https:\/\/wp.ufpel.edu.br\/ppgs\/wp-json\/wp\/v2\/pages\/8822","targetHints":{"allow":["GET"]}}],"collection":[{"href":"https:\/\/wp.ufpel.edu.br\/ppgs\/wp-json\/wp\/v2\/pages"}],"about":[{"href":"https:\/\/wp.ufpel.edu.br\/ppgs\/wp-json\/wp\/v2\/types\/page"}],"author":[{"embeddable":true,"href":"https:\/\/wp.ufpel.edu.br\/ppgs\/wp-json\/wp\/v2\/users\/396"}],"replies":[{"embeddable":true,"href":"https:\/\/wp.ufpel.edu.br\/ppgs\/wp-json\/wp\/v2\/comments?post=8822"}],"version-history":[{"count":6,"href":"https:\/\/wp.ufpel.edu.br\/ppgs\/wp-json\/wp\/v2\/pages\/8822\/revisions"}],"predecessor-version":[{"id":8873,"href":"https:\/\/wp.ufpel.edu.br\/ppgs\/wp-json\/wp\/v2\/pages\/8822\/revisions\/8873"}],"wp:attachment":[{"href":"https:\/\/wp.ufpel.edu.br\/ppgs\/wp-json\/wp\/v2\/media?parent=8822"}],"curies":[{"name":"wp","href":"https:\/\/api.w.org\/{rel}","templated":true}]}}