{"id":8432,"date":"2024-03-15T14:37:21","date_gmt":"2024-03-15T17:37:21","guid":{"rendered":"https:\/\/wp.ufpel.edu.br\/ppgs\/?page_id=8432"},"modified":"2025-02-26T11:10:34","modified_gmt":"2025-02-26T14:10:34","slug":"turma-2022","status":"publish","type":"page","link":"https:\/\/wp.ufpel.edu.br\/ppgs\/producaoeeventos\/dissertacoes\/turma-2022\/","title":{"rendered":"Disserta\u00e7\u00f5es: Turma 2022"},"content":{"rendered":"<p><strong>AMANDA ALBUQUERQUE PERES<\/strong><\/p>\n<p>Trabalho de conclus\u00e3o: <a href=\"https:\/\/wp.ufpel.edu.br\/ppgs\/files\/2024\/05\/Dissertacao-Amanda-Albuquerque-versao-final.pdf\"><strong>O CAMPO PSICANAL\u00cdTICO BRASILEIRO CONTEMPOR\u00c2NEO: UM ESTUDO SOCIOL\u00d3GICO<\/strong><\/a><\/p>\n<p>Orientada por: Prof. Dr. Rodrigo Cantu<br \/>\nData da Defesa: 21 de fevereiro de 2024<\/p>\n<p><strong>ANDRESA VAZ<\/strong><\/p>\n<p>Trabalho de conclus\u00e3o: <a href=\"https:\/\/wp.ufpel.edu.br\/ppgs\/files\/2025\/01\/SEI_23110.005259_2024_81.pdf\"><strong>TRAJET\u00d3RIAS DIASP\u00d3RICAS DAS MULHERES JOVENS DE GUIN\u00c9-BISSAU<\/strong><strong>-CEMGUI-OKINKAS (2020-2023)<\/strong><\/a><\/p>\n<p>Orientada por: Profa. Dra. Lara Facioli<br \/>\nData da Defesa: 05 de abril de 2024<\/p>\n<p><strong>CARLOS EDUARDO SIM\u00d5ES DA SILVA<\/strong><\/p>\n<p>Trabalho de conclus\u00e3o: <a href=\"https:\/\/wp.ufpel.edu.br\/ppgs\/files\/2024\/09\/SEI_23110.005259_2024_81.pdf\"><strong>RURALIDADES PERSISTENTES: IDENTIDADES, TRAJET\u00d3RIAS E MODOS DE VIDA ENTRE OS MIGRANTES DA SERRA PARA O BAIRRO SANTA MARTA EM CAMAQU\u00c3 &#8211; RS<\/strong><\/a><\/p>\n<p>Orientado por: Prof Dr. William H\u00e9ctor G\u00f3mez Soto<br \/>\nData da defesa:\u00a0 14 de junho de 2024.<\/p>\n<p><strong>CYNTIA BARBOSA OLIVEIRA<\/strong><\/p>\n<p>Trabalho de conclus\u00e3o: <strong><a href=\"https:\/\/wp.ufpel.edu.br\/ppgs\/files\/2024\/03\/Dissertacao_Cyntia-Barbosa-Oliveira.pdf\" target=\"_blank\" rel=\"noopener\">AFIRMANDO IDENTIDADES E CONSTRUINDO NOVAS EXIST\u00caNCIAS: UMA AN\u00c1LISE SOBRE YOUTUBERS NEGRAS<\/a><\/strong><\/p>\n<p>Orientada por: Prof. Dr. Marcus Vinicius Spolle<br \/>\nData da Defesa: 09 de fevereiro de 2024<\/p>\n<p><strong>ERLENE PEREIRA BARBOSA<\/strong><\/p>\n<p>Trabalho de conclus\u00e3o: <a href=\"https:\/\/wp.ufpel.edu.br\/ppgs\/files\/2024\/04\/BARBOSA_EP_Reflexoes_desenvolvimentono_Semiarido_cearense.pdf\" target=\"_blank\" rel=\"noopener\"><strong>REFLEX\u00d5ES SOBRE O DESENVOLVIMENTO DO SEMI\u00c1RIDO CEARENSE<\/strong><\/a><\/p>\n<p>Orientada por: Prof. Dr. Rodrigo Cantu de Souza<br \/>\nData da Defesa: 24 de fevereiro de 2024<\/p>\n<p><strong>FABRINE COELHO DA CONCEI\u00c7\u00c3O<\/strong><\/p>\n<p><a href=\"https:\/\/wp.ufpel.edu.br\/ppgs\/files\/2025\/02\/Dissertacao-Fabrine.pdf\"> <strong>POL\u00cdTICA DE ASSIST\u00caNCIA SOCIAL A PARTIR DAS PERCEP\u00c7\u00d5ES DE SEUS USU\u00c1RIOS: EXPERI\u00caNCIAS VIVENCIADAS NO CRAS DO MUNIC\u00cdPIO DO RIO GRANDE\/RS.<\/strong><\/a><\/p>\n<p>Orientado por: Prof. Dr. M\u00e1rcio Barcelos<br \/>\nData da Defesa: 04 de novembro de 2024.<\/p>\n<p><strong>FELIPE VARGAS RIBEIRO<\/strong><\/p>\n<p>Trabalho de conclus\u00e3o:<strong> <a href=\"https:\/\/wp.ufpel.edu.br\/ppgs\/files\/2024\/08\/Re-Construcoes-identitarias-no-cenario-musical-notivago-em-Pelotas-RS_Felipe-Ribeiro-1.pdf\">(RE) CONSTRU\u00c7\u00d5ES IDENTIT\u00c1RIAS NO CEN\u00c1RIO MUSICAL NOT\u00cdVAGO EM PELOTAS-RS<\/a><\/strong><\/p>\n<p>Orientado por: Prof. Dr. William H\u00e9ctor G\u00f3mez Soto<br \/>\nData da Defesa: 20 de junho de 2024.<\/p>\n<p><strong>FELISBERTO BACURIM<\/strong><\/p>\n<p>Trabalho de conclus\u00e3o: <a href=\"https:\/\/wp.ufpel.edu.br\/ppgs\/files\/2024\/05\/DISSERTACAO-VERSAO-FINAL-FELISBERTO-J.-P.-BACURIM-UFPEL.pdf\"><strong>A JAAC E A RENAJ DA GUIN\u00c9-BISSAU E OS SEUS REPERT\u00d3RIOS DE A\u00c7\u00c3O COLETIVA (2019-2023): (DES) ENCONTROS, APROXIMA\u00c7\u00d5ES E TRANSFORMA\u00c7\u00d5ES SOCIAIS<\/strong><\/a><\/p>\n<p>Orientado por: Profa. Dra. Simone da Silva Ribeiro Gomes<br \/>\nData da Defesa: 28 de fevereiro de 2024.<\/p>\n<p><strong>NARA BEATRIZ MATIAS SOARES<\/strong><\/p>\n<p>Trabalho de conclus\u00e3o: <a href=\"https:\/\/wp.ufpel.edu.br\/ppgs\/files\/2024\/05\/Versao-Final-Dissertacao-Nara-Beatriz-fechada.pdf\"><b>TRAJET\u00d3RIAS E IDENTIDADES QUILOMBOLAS: UMA AN\u00c1LISE GERACIONAL JUNTO A COMUNIDADES QUILOMBOLAS DE CANGU\u00c7U\/RS<\/b><\/a><\/p>\n<p>Orientada por: Prof. Dr. Marcus Vinicius Spolle.<br \/>\nData da Defesa: 04 de mar\u00e7o de 2024.<\/p>\n","protected":false},"excerpt":{"rendered":"<p>AMANDA ALBUQUERQUE PERES Trabalho de conclus\u00e3o: O CAMPO PSICANAL\u00cdTICO BRASILEIRO CONTEMPOR\u00c2NEO: UM ESTUDO SOCIOL\u00d3GICO Orientada por: Prof. Dr. Rodrigo Cantu Data da Defesa: 21 de fevereiro de 2024 ANDRESA VAZ Trabalho de conclus\u00e3o: TRAJET\u00d3RIAS DIASP\u00d3RICAS DAS MULHERES JOVENS DE GUIN\u00c9-BISSAU-CEMGUI-OKINKAS (2020-2023) Orientada por: Profa. Dra. Lara Facioli Data da Defesa: 05 de abril de 2024 [&hellip;]<\/p>\n","protected":false},"author":396,"featured_media":0,"parent":225,"menu_order":0,"comment_status":"closed","ping_status":"closed","template":"","meta":{"jetpack_post_was_ever_published":false,"footnotes":""},"class_list":["post-8432","page","type-page","status-publish","hentry"],"jetpack_sharing_enabled":true,"jetpack_shortlink":"https:\/\/wp.me\/P9dZ0f-2c0","jetpack_likes_enabled":true,"jetpack-related-posts":[],"_links":{"self":[{"href":"https:\/\/wp.ufpel.edu.br\/ppgs\/wp-json\/wp\/v2\/pages\/8432","targetHints":{"allow":["GET"]}}],"collection":[{"href":"https:\/\/wp.ufpel.edu.br\/ppgs\/wp-json\/wp\/v2\/pages"}],"about":[{"href":"https:\/\/wp.ufpel.edu.br\/ppgs\/wp-json\/wp\/v2\/types\/page"}],"author":[{"embeddable":true,"href":"https:\/\/wp.ufpel.edu.br\/ppgs\/wp-json\/wp\/v2\/users\/396"}],"replies":[{"embeddable":true,"href":"https:\/\/wp.ufpel.edu.br\/ppgs\/wp-json\/wp\/v2\/comments?post=8432"}],"version-history":[{"count":35,"href":"https:\/\/wp.ufpel.edu.br\/ppgs\/wp-json\/wp\/v2\/pages\/8432\/revisions"}],"predecessor-version":[{"id":9728,"href":"https:\/\/wp.ufpel.edu.br\/ppgs\/wp-json\/wp\/v2\/pages\/8432\/revisions\/9728"}],"up":[{"embeddable":true,"href":"https:\/\/wp.ufpel.edu.br\/ppgs\/wp-json\/wp\/v2\/pages\/225"}],"wp:attachment":[{"href":"https:\/\/wp.ufpel.edu.br\/ppgs\/wp-json\/wp\/v2\/media?parent=8432"}],"curies":[{"name":"wp","href":"https:\/\/api.w.org\/{rel}","templated":true}]}}