{"id":8,"date":"2014-05-26T14:15:32","date_gmt":"2014-05-26T17:15:32","guid":{"rendered":"https:\/\/wp.ufpel.edu.br\/ppgs\/?page_id=8"},"modified":"2026-04-05T12:41:01","modified_gmt":"2026-04-05T15:41:01","slug":"linhapesquisa1","status":"publish","type":"page","link":"https:\/\/wp.ufpel.edu.br\/ppgs\/linhas-de-pesquisa\/linhapesquisa1\/","title":{"rendered":"Cidade, Estado e desenvolvimento"},"content":{"rendered":"<p>Esta linha procura compreender as pr\u00e1ticas e as concep\u00e7\u00f5es de cidadania e democracia como express\u00f5es das rela\u00e7\u00f5es entre sociedade e Estado; as formas de associativismo nas cidades, assim como os conflitos espaciais e sociais; as novas sociabilidades e a vida cotidiana nas cidades; as novas ruralidades e os processos de desenvolvimento econ\u00f4mico e social nas suas inter-rela\u00e7\u00f5es epistemol\u00f3gicas com o meio ambiente; as experi\u00eancias participativas na gest\u00e3o e no planejamento urbano e regional; os movimentos sociais e as identidades coletivas.<\/p>\n<address><strong>Professores vinculados \u00e0 Linha:<\/strong><\/address>\n<address>L\u00e9o Peixoto Rodrigues<\/address>\n<address>Mari Cristina Fagundes de Freitas<\/address>\n<address>Simone da Silva Ribeiro Gomes<\/address>\n<address>Theophilos Rifiotis<\/address>\n<address>William H\u00e9ctor G\u00f3mez Soto<\/address>\n<address>\u00a0<\/address>\n<address><strong>Colaboradores:<\/strong><\/address>\n<address>Carla Rech (PIPD)<br \/>\nM\u00e1rcio Barcelos<br \/>\nLara Faccioli<\/address>\n","protected":false},"excerpt":{"rendered":"<p>Esta linha procura compreender as pr\u00e1ticas e as concep\u00e7\u00f5es de cidadania e democracia como express\u00f5es das rela\u00e7\u00f5es entre sociedade e Estado; as formas de associativismo nas cidades, assim como os conflitos espaciais e sociais; as novas sociabilidades e a vida cotidiana nas cidades; as novas ruralidades e os processos de desenvolvimento econ\u00f4mico e social nas [&hellip;]<\/p>\n","protected":false},"author":396,"featured_media":0,"parent":6,"menu_order":0,"comment_status":"closed","ping_status":"closed","template":"","meta":{"jetpack_post_was_ever_published":false,"footnotes":""},"class_list":["post-8","page","type-page","status-publish","hentry"],"jetpack_sharing_enabled":true,"jetpack_shortlink":"https:\/\/wp.me\/P9dZ0f-8","jetpack_likes_enabled":true,"jetpack-related-posts":[],"_links":{"self":[{"href":"https:\/\/wp.ufpel.edu.br\/ppgs\/wp-json\/wp\/v2\/pages\/8","targetHints":{"allow":["GET"]}}],"collection":[{"href":"https:\/\/wp.ufpel.edu.br\/ppgs\/wp-json\/wp\/v2\/pages"}],"about":[{"href":"https:\/\/wp.ufpel.edu.br\/ppgs\/wp-json\/wp\/v2\/types\/page"}],"author":[{"embeddable":true,"href":"https:\/\/wp.ufpel.edu.br\/ppgs\/wp-json\/wp\/v2\/users\/396"}],"replies":[{"embeddable":true,"href":"https:\/\/wp.ufpel.edu.br\/ppgs\/wp-json\/wp\/v2\/comments?post=8"}],"version-history":[{"count":4,"href":"https:\/\/wp.ufpel.edu.br\/ppgs\/wp-json\/wp\/v2\/pages\/8\/revisions"}],"predecessor-version":[{"id":10987,"href":"https:\/\/wp.ufpel.edu.br\/ppgs\/wp-json\/wp\/v2\/pages\/8\/revisions\/10987"}],"up":[{"embeddable":true,"href":"https:\/\/wp.ufpel.edu.br\/ppgs\/wp-json\/wp\/v2\/pages\/6"}],"wp:attachment":[{"href":"https:\/\/wp.ufpel.edu.br\/ppgs\/wp-json\/wp\/v2\/media?parent=8"}],"curies":[{"name":"wp","href":"https:\/\/api.w.org\/{rel}","templated":true}]}}