{"id":7934,"date":"2023-05-24T14:31:10","date_gmt":"2023-05-24T17:31:10","guid":{"rendered":"https:\/\/wp.ufpel.edu.br\/ppgs\/?page_id=7934"},"modified":"2024-09-10T02:03:30","modified_gmt":"2024-09-10T05:03:30","slug":"turma-2021","status":"publish","type":"page","link":"https:\/\/wp.ufpel.edu.br\/ppgs\/producaoeeventos\/dissertacoes\/turma-2021\/","title":{"rendered":"Disserta\u00e7\u00f5es: Turma 2021"},"content":{"rendered":"<p><strong>FELIPE SANTOS DA ROSA<\/strong><\/p>\n<p>Trabalho de conclus\u00e3o: <strong><a href=\"https:\/\/wp.ufpel.edu.br\/ppgs\/files\/2023\/08\/Dissertacao-Felipe-Santos-da-Rosa-1.pdf\">A PECU\u00c1RIA FAMILIAR EM BAG\u00c9 (RS): A EXPANS\u00c3O DA SOJA E AS CONTRADI\u00c7\u00d5ES DA REPRODU\u00c7\u00c3O SOCIAL<\/a><\/strong><\/p>\n<p>Orientado por: Professor Doutor William H\u00e9ctor G\u00f3mez Soto<\/p>\n<p>Data da Defesa: 20 de junho de 2023<\/p>\n<p>&nbsp;<\/p>\n<p><strong>HENRIQUE JESKE<\/strong><\/p>\n<p>Trabalho de conclus\u00e3o: <strong><a href=\"https:\/\/wp.ufpel.edu.br\/ppgs\/files\/2023\/07\/Dissertacao-Henrique-Jeske.pdf\">GUERRA E PAZ EM PELOTAS\/RS? A NARRATIVA DAS FAC\u00c7\u00d5ES CRIMINOSAS EM PIXOS E TATUAGENS.<\/a><\/strong><\/p>\n<p>Orientador: Profa. Dra. Simone da Silva Ribeiro Gomes<\/p>\n<p>Data da Defesa: 31 de mar\u00e7o de 2023<\/p>\n<p>&nbsp;<\/p>\n<p><strong>JONATAN AGOSTINHO CARDOSO<\/strong><\/p>\n<p>Trabalho de conclus\u00e3o: <a href=\"https:\/\/wp.ufpel.edu.br\/ppgs\/files\/2024\/02\/0b475929a957a0f53f5f5fd3d49fc08c.pdf\"><strong>A BIOPOL\u00cdTICA COMO A POL\u00cdTICA DA VIDA E DA VITALIDADE HUMANA: APROXIMA\u00c7\u00d5ES, DISCREP\u00c2NCIAS, COMENSURABILIDADES E AVAN\u00c7OS CONCEITUAIS NAS PROPOSTAS DE MICHEL FOUCAULT E NIKOLAS ROSE<\/strong><\/a><\/p>\n<p>Orientador: Prof. Dr. L\u00e9o Peixoto Rodrigues<\/p>\n<p>Data da Defesa: 14 de novembro de 2023<\/p>\n<p><strong>LU\u00c3 RODRIGUES SILVEIRA<\/strong><\/p>\n<p>Trabalho de conclus\u00e3o: <strong><a href=\"https:\/\/wp.ufpel.edu.br\/ppgs\/files\/2023\/11\/Dissertacao-Lua-Rodrigues-Silveira.pdf\">A SOCIOLOGIA NO DECORRER DA CRISE: A CONTRIBUI\u00c7\u00c3O T\u00c9CNICO-CIENT\u00cdFICA DA SOCIOLOGIA \u00c0 EFIC\u00c1CIA DO <em>LOCKDOWN<\/em> DURANTE A PANDEMIA DE COVID-19 NO BRASIL<\/a><\/strong><\/p>\n<p>Orientador: Prof. Dr. L\u00e9o Peixoto Rodrigues<\/p>\n<p>Data da Defesa: 22 de agosto de 2023<\/p>\n<p>&nbsp;<\/p>\n<p><strong>NAT\u00c1LIA DE AZEVEDO PEREIRA SMANIOTTO<\/strong><\/p>\n<p>Trabalho de conclus\u00e3o: <a href=\"https:\/\/wp.ufpel.edu.br\/ppgs\/files\/2023\/08\/dissertacao_nataliasmaniotto2023_assinado.pdf\"><b>EMPREENDEDORAS RESTINGA: UM OLHAR SOBRE O SIGNIFICADO DO EMPREENDEDORISMO FEMININO<\/b><\/a><\/p>\n<p>Orientador: : Profa. Dra. Elaine da Silveira Leite<\/p>\n<p>Data da Defesa: 28 de Junho de 2023<\/p>\n<p>&nbsp;<\/p>\n<p><strong>NICO AUGUSTO C\u00d3<\/strong><\/p>\n<p>Trabalho de conclus\u00e3o: <a href=\"https:\/\/wp.ufpel.edu.br\/ppgs\/files\/2023\/10\/DISSERTACAO-DE-MESTRADO-VERSAO-FINAL-NAC-1-3.pdf\"><strong>AM\u00cdLCAR CABRAL E O PER\u00cdODO DA REVOLU\u00c7\u00c3O PARA A INDEPEND\u00caNCIA DA GUIN\u00c9-BISSAU (1963 &#8211; 1973)\u00a0<\/strong><\/a><\/p>\n<p>Orientador: Prof. Dr.\u00a0 Rodrigo Cantu de Souza<\/p>\n<p>Data da Defesa: 12 de junho de 2023<\/p>\n<p>&nbsp;<\/p>\n<p><strong>ROBERTA NESS<\/strong><\/p>\n<p>Trabalho de conclus\u00e3o:\u00a0 <strong><a href=\"https:\/\/wp.ufpel.edu.br\/ppgs\/files\/2023\/09\/Dissertacao-Roberta-Ness-1.pdf\">&#8220;NASCIDAS NO CAMPO&#8221;: O ESPA\u00c7O SOCIAL DE MULHERES GESTORAS BRASILEIRAS ATUANTES EM EMPRESAS RURAIS FAMILIARES DO AGRONEG\u00d3CIO.<\/a><\/strong><\/p>\n<p>Orientador: Prof. Dr.\u00a0 Rodrigo Cantu de Souza<\/p>\n<p>Data de Defesa:\u00a0 23 de Junho de 2023<\/p>\n<p>&nbsp;<\/p>\n<p><strong>SABRINA SAMPAIO RAKOW<\/strong><\/p>\n<p>Trabalho de conclus\u00e3o: <strong><a href=\"https:\/\/wp.ufpel.edu.br\/ppgs\/files\/2023\/05\/b9e3f30f4d0e758148ba7f85c4ed71d4-1.pdf\">DE TERNO, GRAVATA E ALGEMAS: O <em>HABITUS<\/em> EMPRESARIAL NA LITERATURA ER\u00d3TICA E A CENTRALIDADE DA IDEIA DE EMPRESA.<\/a><\/strong><\/p>\n<p>Orientador: Prof. Dr. Marcio Silva Rodrigues<\/p>\n<p>Data de Defesa: 23 de fevereiro de 2023<\/p>\n<p>&nbsp;<\/p>\n<p>&nbsp;<\/p>\n<p>&nbsp;<\/p>\n<p>&nbsp;<\/p>\n","protected":false},"excerpt":{"rendered":"<p>FELIPE SANTOS DA ROSA Trabalho de conclus\u00e3o: A PECU\u00c1RIA FAMILIAR EM BAG\u00c9 (RS): A EXPANS\u00c3O DA SOJA E AS CONTRADI\u00c7\u00d5ES DA REPRODU\u00c7\u00c3O SOCIAL Orientado por: Professor Doutor William H\u00e9ctor G\u00f3mez Soto Data da Defesa: 20 de junho de 2023 &nbsp; HENRIQUE JESKE Trabalho de conclus\u00e3o: GUERRA E PAZ EM PELOTAS\/RS? A NARRATIVA DAS FAC\u00c7\u00d5ES CRIMINOSAS [&hellip;]<\/p>\n","protected":false},"author":396,"featured_media":0,"parent":225,"menu_order":0,"comment_status":"closed","ping_status":"closed","template":"","meta":{"jetpack_post_was_ever_published":false,"footnotes":""},"class_list":["post-7934","page","type-page","status-publish","hentry"],"jetpack_sharing_enabled":true,"jetpack_shortlink":"https:\/\/wp.me\/P9dZ0f-23Y","jetpack_likes_enabled":true,"jetpack-related-posts":[],"_links":{"self":[{"href":"https:\/\/wp.ufpel.edu.br\/ppgs\/wp-json\/wp\/v2\/pages\/7934","targetHints":{"allow":["GET"]}}],"collection":[{"href":"https:\/\/wp.ufpel.edu.br\/ppgs\/wp-json\/wp\/v2\/pages"}],"about":[{"href":"https:\/\/wp.ufpel.edu.br\/ppgs\/wp-json\/wp\/v2\/types\/page"}],"author":[{"embeddable":true,"href":"https:\/\/wp.ufpel.edu.br\/ppgs\/wp-json\/wp\/v2\/users\/396"}],"replies":[{"embeddable":true,"href":"https:\/\/wp.ufpel.edu.br\/ppgs\/wp-json\/wp\/v2\/comments?post=7934"}],"version-history":[{"count":14,"href":"https:\/\/wp.ufpel.edu.br\/ppgs\/wp-json\/wp\/v2\/pages\/7934\/revisions"}],"predecessor-version":[{"id":8910,"href":"https:\/\/wp.ufpel.edu.br\/ppgs\/wp-json\/wp\/v2\/pages\/7934\/revisions\/8910"}],"up":[{"embeddable":true,"href":"https:\/\/wp.ufpel.edu.br\/ppgs\/wp-json\/wp\/v2\/pages\/225"}],"wp:attachment":[{"href":"https:\/\/wp.ufpel.edu.br\/ppgs\/wp-json\/wp\/v2\/media?parent=7934"}],"curies":[{"name":"wp","href":"https:\/\/api.w.org\/{rel}","templated":true}]}}