{"id":676,"date":"2015-03-13T16:51:00","date_gmt":"2015-03-13T19:51:00","guid":{"rendered":"https:\/\/wp.ufpel.edu.br\/ppgs\/?page_id=676"},"modified":"2024-09-10T02:02:53","modified_gmt":"2024-09-10T05:02:53","slug":"turma-2012","status":"publish","type":"page","link":"https:\/\/wp.ufpel.edu.br\/ppgs\/producaoeeventos\/dissertacoes\/turma-2012\/","title":{"rendered":"Disserta\u00e7\u00f5es: Turma 2012"},"content":{"rendered":"<p><strong>ANA PAULA FERREIRA D\u2019AVILA<\/strong><\/p>\n<p>Trabalho de Conclus\u00e3o:<strong>\u00a0<a href=\"https:\/\/wp.ufpel.edu.br\/ppgs\/files\/2015\/03\/ana-paula-davila_disserta\u00e7\u00e3o.pdf\">Pop management jornal\u00edstico e o esp\u00edrito do capitalismo: os cadernos de emprego no jornal Zero Hora (2012\/2013)<\/a><\/strong><\/p>\n<p>Orientador: Pedro Robertt<\/p>\n<p>Data de defesa: 31\/03\/2014<\/p>\n<p>&nbsp;<\/p>\n<p><strong>CARLOS GUILHERME MADEIRA<\/strong><\/p>\n<p>Trabalho de Conclus\u00e3o:<strong>\u00a0<a href=\"https:\/\/wp.ufpel.edu.br\/ppgs\/files\/2015\/03\/DISSERTA\u00c7\u00c3O_Carlos_Guilherme_Madeira_Versao_Final.pdf\">Conflitos ambientais: uma an\u00e1lise das perspectivas te\u00f3rico-metodol\u00f3gicas que orientam a produ\u00e7\u00e3o acad\u00eamica brasileira no per\u00edodo de 1992 a 2012<\/a><\/strong><\/p>\n<p>Orientador: William H\u00e9ctor G\u00f3mez Soto<\/p>\n<p>Data de defesa: 08\/09\/2014<\/p>\n<p>&nbsp;<\/p>\n<p><strong>DANIELLE NEUGEBAUER WILLE<\/strong><\/p>\n<p>Trabalho de Conclus\u00e3o:<strong>\u00a0<a href=\"https:\/\/wp.ufpel.edu.br\/ppgs\/files\/2015\/03\/Danielle-Neugebauer-Wille-IMPRESS\u00c3O.pdf\">No supermercado, &#8220;o segredo \u00e9 o carinho&#8221;: um estudo sobre consumo a partir do rural, caseiro e natural em embalagens de alimentos<\/a><\/strong><\/p>\n<p>Orientador:\u00a0Renata Menasche<\/p>\n<p>Data de defesa: 20\/11\/2014<\/p>\n<p>&nbsp;<\/p>\n<p><strong>FERNANDO ANT\u00d4NIO LOPES DE FREITAS<\/strong><\/p>\n<p>Trabalho de Conclus\u00e3o:<strong>\u00a0<a href=\"https:\/\/wp.ufpel.edu.br\/ppgs\/files\/2015\/03\/FREITAS-Fernando-2014-Disserta\u00e7\u00e3o-FINAL.pdf\">Diferencia\u00e7\u00e3o de trabalhadores em uma empresa industrial de beneficiamento de arroz no Rio Grande do Sul: entre a rigidez e a flexibilidade<\/a><\/strong><\/p>\n<p>Orientador: Pedro Robertt<\/p>\n<p>Data de defesa: 25\/07\/2014<\/p>\n<p>&nbsp;<\/p>\n<p><strong>JIMENA GONZ\u00c1LEZ RUIZ<\/strong><\/p>\n<p>Trabalho de Conclus\u00e3o:\u00a0<span style=\"color: #333333;\"><strong><a style=\"color: #333333;\" href=\"https:\/\/wp.ufpel.edu.br\/ppgs\/files\/2015\/03\/Disserta\u00e7\u00e3o-Mestrado-em-Sociologia.-Jimena-Gonz\u00e1lez.pdf\">A silenciosa resist\u00eancia da produ\u00e7\u00e3o familiar na regi\u00e3o fronteiri\u00e7a de Cerro Largo no Uruguai<\/a><\/strong><\/span><\/p>\n<p>Orientador: Fl\u00e1vio Sacco dos Anjos<\/p>\n<p>data da defesa: 19\/05\/2014<\/p>\n<p>&nbsp;<\/p>\n<p><strong>LARISSA FERREIRA TAVARES<\/strong><\/p>\n<p>Trabalho de Conclus\u00e3o: <strong><a href=\"https:\/\/wp.ufpel.edu.br\/ppgs\/files\/2015\/03\/Dissertacao-formatada-Larissa-Fereira-Tavares.pdf\">Condenados a vencer: a atua\u00e7\u00e3o do SEBRAE na produ\u00e7\u00e3o discursiva do indiv\u00edduo empreendedor de si mesmo<\/a><\/strong><\/p>\n<p>Orientador: \u00c1ttila Magno e Silva Barbosa<\/p>\n<p>Data de defesa: 13\/05\/2014<\/p>\n<p>&nbsp;<\/p>\n<p><strong>PAULO PEREIRA CAVA<\/strong><\/p>\n<p>Trabalho de Conclus\u00e3o:<strong>\u00a0<a href=\"https:\/\/wp.ufpel.edu.br\/ppgs\/files\/2015\/03\/disserta\u00e7\u00e3o-Paulo-Revisada-William-9de-abril-nova-formata\u00e7\u00e3o.pdf\">Florestan Fernandes e Jos\u00e9 de Souza Martins: continuidades e descontinuidades na sociologia da USP<\/a><\/strong><\/p>\n<p>Orientador: Willian H\u00e9ctor G\u00f3mez Soto<\/p>\n<p>Data de defesa: 08\/05\/2014<\/p>\n<p>&nbsp;<\/p>\n<p><strong>RODRIGO HINZ DA SILVA<\/strong><\/p>\n<p>Trabalho de Conclus\u00e3o:<strong style=\"font-style: inherit;\">\u00a0<span style=\"color: #333333;\"><a style=\"color: #333333;\" href=\"https:\/\/wp.ufpel.edu.br\/ppgs\/files\/2015\/03\/SILVA-Rodrigo-Hinz.-Audi\u00eancia-p\u00fablica-TST-terceiriza\u00e7\u00e3o.pdf\">A audi\u00eancia p\u00fablica do TST sobre terceiriza\u00e7\u00e3o: um espa\u00e7o social de lutas pol\u00edtico-cognitivas<\/a><\/span><\/strong><\/p>\n<p>Orientador: \u00c1ttila Magno e Silva Barbosa<\/p>\n<p>Data de defesa: 28\/04\/2014<\/p>\n<p>&nbsp;<\/p>\n<p><strong>THILARA LOPES SCHWANKE XAVIER<\/strong><\/p>\n<p>Trabalho de Conclus\u00e3o:<strong style=\"font-style: inherit;\">\u00a0<span style=\"color: #333333;\"><a style=\"color: #333333;\" href=\"https:\/\/wp.ufpel.edu.br\/ppgs\/files\/2015\/03\/DISSERTA\u00c7\u00c3O-VERS\u00c3O-FINAL-COM-FICHA-CATALOGR\u00c1FICA.pdf\">Compet\u00eancias \u00e0 prova: um estudo sobre a reconfigura\u00e7\u00e3o da gest\u00e3o em uma ind\u00fastria do setor m\u00e9dico-hospitalar<\/a><\/span><\/strong><\/p>\n<p>Orientador: Ricardo Mayer<\/p>\n<p>Data de defesa: 17\/07\/2014<\/p>\n<p>&nbsp;<\/p>\n<p><strong>TIAGO MENNA FRANCKINI<\/strong><\/p>\n<p>Trabalho de Conclus\u00e3o:<strong>\u00a0<a href=\"https:\/\/wp.ufpel.edu.br\/ppgs\/files\/2015\/03\/Disserta\u00e7\u00e3o-Tiago-Menna-Franckini-Vers\u00e3o-Final-para-CDs.pdf\">Mobiliza\u00e7\u00f5es Globais no Brasil Contempor\u00e2neo: Redimensionando o Debate Democr\u00e1tico<\/a><\/strong><\/p>\n<p>Orientador: Pedro Robertt<\/p>\n<p>Data de defesa: 08\/09\/2014<\/p>\n<p>&nbsp;<\/p>\n<p>&nbsp;<\/p>\n<p>&nbsp;<\/p>\n<p>&nbsp;<\/p>\n","protected":false},"excerpt":{"rendered":"<p>ANA PAULA FERREIRA D\u2019AVILA Trabalho de Conclus\u00e3o:\u00a0Pop management jornal\u00edstico e o esp\u00edrito do capitalismo: os cadernos de emprego no jornal Zero Hora (2012\/2013) Orientador: Pedro Robertt Data de defesa: 31\/03\/2014 &nbsp; CARLOS GUILHERME MADEIRA Trabalho de Conclus\u00e3o:\u00a0Conflitos ambientais: uma an\u00e1lise das perspectivas te\u00f3rico-metodol\u00f3gicas que orientam a produ\u00e7\u00e3o acad\u00eamica brasileira no per\u00edodo de 1992 a 2012 [&hellip;]<\/p>\n","protected":false},"author":396,"featured_media":0,"parent":225,"menu_order":0,"comment_status":"closed","ping_status":"closed","template":"","meta":{"jetpack_post_was_ever_published":false,"footnotes":""},"class_list":["post-676","page","type-page","status-publish","hentry"],"jetpack_sharing_enabled":true,"jetpack_shortlink":"https:\/\/wp.me\/P9dZ0f-aU","jetpack_likes_enabled":true,"jetpack-related-posts":[],"_links":{"self":[{"href":"https:\/\/wp.ufpel.edu.br\/ppgs\/wp-json\/wp\/v2\/pages\/676","targetHints":{"allow":["GET"]}}],"collection":[{"href":"https:\/\/wp.ufpel.edu.br\/ppgs\/wp-json\/wp\/v2\/pages"}],"about":[{"href":"https:\/\/wp.ufpel.edu.br\/ppgs\/wp-json\/wp\/v2\/types\/page"}],"author":[{"embeddable":true,"href":"https:\/\/wp.ufpel.edu.br\/ppgs\/wp-json\/wp\/v2\/users\/396"}],"replies":[{"embeddable":true,"href":"https:\/\/wp.ufpel.edu.br\/ppgs\/wp-json\/wp\/v2\/comments?post=676"}],"version-history":[{"count":22,"href":"https:\/\/wp.ufpel.edu.br\/ppgs\/wp-json\/wp\/v2\/pages\/676\/revisions"}],"predecessor-version":[{"id":8905,"href":"https:\/\/wp.ufpel.edu.br\/ppgs\/wp-json\/wp\/v2\/pages\/676\/revisions\/8905"}],"up":[{"embeddable":true,"href":"https:\/\/wp.ufpel.edu.br\/ppgs\/wp-json\/wp\/v2\/pages\/225"}],"wp:attachment":[{"href":"https:\/\/wp.ufpel.edu.br\/ppgs\/wp-json\/wp\/v2\/media?parent=676"}],"curies":[{"name":"wp","href":"https:\/\/api.w.org\/{rel}","templated":true}]}}