{"id":6248,"date":"2021-04-15T16:32:25","date_gmt":"2021-04-15T19:32:25","guid":{"rendered":"https:\/\/wp.ufpel.edu.br\/ppgs\/?page_id=6248"},"modified":"2025-05-20T10:41:01","modified_gmt":"2025-05-20T13:41:01","slug":"turma-2019","status":"publish","type":"page","link":"https:\/\/wp.ufpel.edu.br\/ppgs\/producaoeeventos\/dissertacoes\/turma-2019\/","title":{"rendered":"Disserta\u00e7\u00f5es: Turma 2019"},"content":{"rendered":"<p><strong>LEONARDO TAJES FERREIRA<\/strong><\/p>\n<p>Trabalho de conclus\u00e3o: <a href=\"https:\/\/wp.ufpel.edu.br\/ppgs\/files\/2021\/09\/DISSERTACAO-LEONARDO-TAJES-FERREIRA.pdf\"><strong>As Elei\u00e7\u00f5es Presidenciais de 2018 e o marketing Pol\u00edtico Digital: Um Estudo Das Lives de Jair Bolsonaro e de Fernando Haddad \u00e0 luz da teoria do discurso de Ernesto Laclau e Chantal Mouffe<\/strong><\/a><\/p>\n<p>Orientador: Prof. Dr. L\u00e9o Peixoto Rodrigues<\/p>\n<p>Data de Defesa: 18 de Junho de 2021<\/p>\n<p>&nbsp;<\/p>\n<p><strong>LUIS MIGUEL LEVY CARVALHO\u00a0<\/strong><\/p>\n<p>Trabalho de conclus\u00e3o: <strong><a href=\"https:\/\/wp.ufpel.edu.br\/ppgs\/files\/2022\/03\/LEVY-Luis-Miguel-Negacionismo-instrumental-biblioteca.pdf\">Negacionismo instrumental: As oscila\u00e7\u00f5es do governo Bolsonaro entre ci\u00eancia e antici\u00eancia<\/a><\/strong><\/p>\n<p>Orientador: Porf. Dr. Pedro Robertt.<\/p>\n<p>Data de Defesa: 17 de dezembro de 2021.<\/p>\n<p>&nbsp;<\/p>\n<p><strong>MABIELLE PEDRA FANTI<\/strong><\/p>\n<p>Trabalho de Conclus\u00e3o: <strong><a href=\"https:\/\/wp.ufpel.edu.br\/ppgs\/files\/2021\/11\/disserta-mabielle.pdf\">Do nomadismo ao sedentarismo: transforma\u00e7\u00f5es da identidade e da cultura Romani na regi\u00e3o de Rio Grande e Pelotas<\/a><\/strong><\/p>\n<p>Orientador: Prof. Dr. Marcus Vinicius Spolle<\/p>\n<p>Data da defesa: 27 de agosto de 2021<\/p>\n<p>&nbsp;<\/p>\n<p><strong>MATHEUS LIRA BENTO<br \/>\n<\/strong><\/p>\n<p>Trabalho de conclus\u00e3o:<a href=\"https:\/\/wp.ufpel.edu.br\/ppgs\/files\/2021\/04\/Dissertacao-Matheus.pdf\"> <strong>Viol\u00eancia na migra\u00e7\u00e3o: viv\u00eancias de venezuelanos em Pelotas-RS.<\/strong><\/a><\/p>\n<p>Orientadora: Profa. Dra. Elaine da Silveira Leite<\/p>\n<p>Data de defesa: 16 de mar\u00e7o de 2021.<\/p>\n<p>&nbsp;<\/p>\n<p><strong>M\u00c1XIMO \u00cdTALO D&#8217;ALMEIDA ATHAYDE \u00c1VILA<br \/>\n<\/strong><\/p>\n<p>Trabalho de conclus\u00e3o: <a href=\"https:\/\/wp.ufpel.edu.br\/ppgs\/files\/2022\/04\/Dissertacao-Maximo-Avila-Versao-Final.pdf\"><b>O processo de algoritmiza\u00e7\u00e3o do Estado:\u00a0<\/b><b>uma an\u00e1lise das ag\u00eancias p\u00fablicas de intermedia\u00e7\u00e3o de m\u00e3o de obra.<\/b><\/a><\/p>\n<p>Orientador: Prof. Dr. Pedro Alcides Robertt Niz<\/p>\n<p>Data de defesa: 15 de fevereiro de 2022.<\/p>\n<p>&nbsp;<\/p>\n<p><strong>NEIDI\u00c2NE CARDOSO DA SILVA<\/strong><\/p>\n<p>Trabalho de conclus\u00e3o:<strong><a href=\"https:\/\/wp.ufpel.edu.br\/ppgs\/files\/2022\/06\/Dissertacao-Neidiane-Cardoso-31.05.22-Final.pdf\"> &#8220;Eu t\u00f4 no Camel\u00f4&#8221;: A constru\u00e7\u00e3o de identidades profissionais no Pop Center em Pelotas (RS)<\/a><\/strong><\/p>\n<p>Orientador: Prof. Dr. Pedro Robertt<\/p>\n<p>Data da Defesa: 28 de fevereiro de 2022.<\/p>\n<p>&nbsp;<\/p>\n<p><strong>NICOL\u00c1S EDGARDO BALADO GON\u00c7ALVES<\/strong><\/p>\n<p>Trabalho de conclus\u00e3o: <strong><a href=\"https:\/\/wp.ufpel.edu.br\/ppgs\/files\/2021\/07\/Versao-com-ficha-Cat-ass.-banca2-convertido.pdf\">Fronteiras ao vento: um estudo sobre compositores na fronteira Jaguar\u00e3o e Rio Branco entre Brasil e Uruguai<\/a><\/strong><\/p>\n<p>Orientadora: Prof. Dr. S\u00e9rgio Botton Barcellos<\/p>\n<p>Data de defesa: 25 de mar\u00e7o de 2021.<\/p>\n<p>&nbsp;<\/p>\n<p><strong>NIKOLAS YOSHITAKA DE OLIVEIRA KONISHI<\/strong><\/p>\n<p>Trabalho de conclus\u00e3o: <strong><a href=\"https:\/\/wp.ufpel.edu.br\/ppgs\/files\/2021\/10\/nikolas-dissertacao.pdf\">As novas gera\u00e7\u00f5es descendentes de imigrantes japoneses: entre nihonjins e gaijins, a racializa\u00e7\u00e3o amarela no sudeste rio-grandense<\/a><\/strong><\/p>\n<p>Orientador: Dr. Marcus Vinicius Spolle<\/p>\n<p>Data de defesa: 28 de julho de 2021<\/p>\n<p>&nbsp;<\/p>\n<p><strong>SANDRO ADAMS<\/strong><\/p>\n<p>Trabalho de conclus\u00e3o:\u00a0 <strong><a href=\"https:\/\/wp.ufpel.edu.br\/ppgs\/files\/2021\/09\/Dissertacao-Sandro-Adams.pdf\">Homem marginal e colonialismo interno: Uma ausencia latino-americana na epistemologia de(s)colonial <\/a>\u00a0<\/strong><\/p>\n<p>Orientador: Dr. William H\u00e9ctor G\u00f3mez Soto<\/p>\n<p>Data de defesa: 30 de julho de 2021.<\/p>\n<p>&nbsp;<\/p>\n<p><strong>SIMONE TEREZINHA GON\u00c7ALVES NUNES<\/strong><\/p>\n<p>Disserta\u00e7\u00e3o: <strong><a href=\"https:\/\/wp.ufpel.edu.br\/ppgs\/files\/2021\/10\/SIMONE-T.G.-NUNES.pdf\">Os vasos comunicantes e mulheres do pres\u00eddio regional de Bag\u00e9-Rio Grande do Sul<\/a><\/strong><\/p>\n<p>Orientadora: Dra. Simone da Silva Ribeiro Gomes<\/p>\n<p>Data de defesa: 30 de julho de 2021.<\/p>\n<p>&nbsp;<\/p>\n<p><strong>THIAGO FALSON SANTANA<\/strong><\/p>\n<p>Trabalho de Conclus\u00e3o: <strong><a href=\"https:\/\/wp.ufpel.edu.br\/ppgs\/files\/2021\/11\/Dissertacao-UFPel-Thiago-Santana-1.pdf\">A atua\u00e7\u00e3o do SEBRAE na dissemina\u00e7\u00e3o da figura jur\u00eddica do Microempreendedor Individual e a percep\u00e7\u00e3o de trabalhadores por conta pr\u00f3pria na cidade de Pelotas\/RS<\/a><\/strong><\/p>\n<p>Orientador: Prof. Dr. Attila Magno e Silva Barbosa<\/p>\n<p>Data da defesa: 09 de setembro de 2021<\/p>\n","protected":false},"excerpt":{"rendered":"<p>LEONARDO TAJES FERREIRA Trabalho de conclus\u00e3o: As Elei\u00e7\u00f5es Presidenciais de 2018 e o marketing Pol\u00edtico Digital: Um Estudo Das Lives de Jair Bolsonaro e de Fernando Haddad \u00e0 luz da teoria do discurso de Ernesto Laclau e Chantal Mouffe Orientador: Prof. Dr. L\u00e9o Peixoto Rodrigues Data de Defesa: 18 de Junho de 2021 &nbsp; LUIS [&hellip;]<\/p>\n","protected":false},"author":396,"featured_media":0,"parent":225,"menu_order":0,"comment_status":"closed","ping_status":"closed","template":"","meta":{"jetpack_post_was_ever_published":false,"footnotes":""},"class_list":["post-6248","page","type-page","status-publish","hentry"],"jetpack_sharing_enabled":true,"jetpack_shortlink":"https:\/\/wp.me\/P9dZ0f-1CM","jetpack_likes_enabled":true,"jetpack-related-posts":[],"_links":{"self":[{"href":"https:\/\/wp.ufpel.edu.br\/ppgs\/wp-json\/wp\/v2\/pages\/6248","targetHints":{"allow":["GET"]}}],"collection":[{"href":"https:\/\/wp.ufpel.edu.br\/ppgs\/wp-json\/wp\/v2\/pages"}],"about":[{"href":"https:\/\/wp.ufpel.edu.br\/ppgs\/wp-json\/wp\/v2\/types\/page"}],"author":[{"embeddable":true,"href":"https:\/\/wp.ufpel.edu.br\/ppgs\/wp-json\/wp\/v2\/users\/396"}],"replies":[{"embeddable":true,"href":"https:\/\/wp.ufpel.edu.br\/ppgs\/wp-json\/wp\/v2\/comments?post=6248"}],"version-history":[{"count":20,"href":"https:\/\/wp.ufpel.edu.br\/ppgs\/wp-json\/wp\/v2\/pages\/6248\/revisions"}],"predecessor-version":[{"id":8912,"href":"https:\/\/wp.ufpel.edu.br\/ppgs\/wp-json\/wp\/v2\/pages\/6248\/revisions\/8912"}],"up":[{"embeddable":true,"href":"https:\/\/wp.ufpel.edu.br\/ppgs\/wp-json\/wp\/v2\/pages\/225"}],"wp:attachment":[{"href":"https:\/\/wp.ufpel.edu.br\/ppgs\/wp-json\/wp\/v2\/media?parent=6248"}],"curies":[{"name":"wp","href":"https:\/\/api.w.org\/{rel}","templated":true}]}}