{"id":6060,"date":"2021-02-06T11:47:11","date_gmt":"2021-02-06T14:47:11","guid":{"rendered":"https:\/\/wp.ufpel.edu.br\/ppgs\/?page_id=6060"},"modified":"2021-02-06T12:09:54","modified_gmt":"2021-02-06T15:09:54","slug":"foto-edicoes-seminario-discente","status":"publish","type":"page","link":"https:\/\/wp.ufpel.edu.br\/ppgs\/foto-edicoes-seminario-discente\/","title":{"rendered":"Fotos edi\u00e7\u00f5es Semin\u00e1rio Discente"},"content":{"rendered":"<p>Semin\u00e1rio Discente 2020:<\/p>\n","protected":false},"excerpt":{"rendered":"<p>Semin\u00e1rio Discente 2020:<\/p>\n","protected":false},"author":396,"featured_media":0,"parent":0,"menu_order":0,"comment_status":"closed","ping_status":"closed","template":"","meta":{"jetpack_post_was_ever_published":false,"footnotes":""},"class_list":["post-6060","page","type-page","status-publish","hentry"],"jetpack_sharing_enabled":true,"jetpack_shortlink":"https:\/\/wp.me\/P9dZ0f-1zK","jetpack_likes_enabled":true,"jetpack-related-posts":[],"_links":{"self":[{"href":"https:\/\/wp.ufpel.edu.br\/ppgs\/wp-json\/wp\/v2\/pages\/6060","targetHints":{"allow":["GET"]}}],"collection":[{"href":"https:\/\/wp.ufpel.edu.br\/ppgs\/wp-json\/wp\/v2\/pages"}],"about":[{"href":"https:\/\/wp.ufpel.edu.br\/ppgs\/wp-json\/wp\/v2\/types\/page"}],"author":[{"embeddable":true,"href":"https:\/\/wp.ufpel.edu.br\/ppgs\/wp-json\/wp\/v2\/users\/396"}],"replies":[{"embeddable":true,"href":"https:\/\/wp.ufpel.edu.br\/ppgs\/wp-json\/wp\/v2\/comments?post=6060"}],"version-history":[{"count":2,"href":"https:\/\/wp.ufpel.edu.br\/ppgs\/wp-json\/wp\/v2\/pages\/6060\/revisions"}],"predecessor-version":[{"id":6065,"href":"https:\/\/wp.ufpel.edu.br\/ppgs\/wp-json\/wp\/v2\/pages\/6060\/revisions\/6065"}],"wp:attachment":[{"href":"https:\/\/wp.ufpel.edu.br\/ppgs\/wp-json\/wp\/v2\/media?parent=6060"}],"curies":[{"name":"wp","href":"https:\/\/api.w.org\/{rel}","templated":true}]}}