{"id":6054,"date":"2021-02-06T11:42:07","date_gmt":"2021-02-06T14:42:07","guid":{"rendered":"https:\/\/wp.ufpel.edu.br\/ppgs\/?page_id=6054"},"modified":"2025-11-10T09:50:09","modified_gmt":"2025-11-10T12:50:09","slug":"seminario-discente","status":"publish","type":"page","link":"https:\/\/wp.ufpel.edu.br\/ppgs\/seminario-discente\/","title":{"rendered":"Semin\u00e1rios Discentes"},"content":{"rendered":"<p><strong><a href=\"https:\/\/wp.ufpel.edu.br\/seminariodiscenteppgs\/\">IV Semin\u00e1rio Discente 2024 &#8211; PPGS UFPel<\/a><\/strong><\/p>\n<p>&gt; Anais<\/p>\n<p>&gt; <a href=\"https:\/\/wp.ufpel.edu.br\/seminariodiscenteppgs\/fotos-do-evento\/\">Fotos<\/a><\/p>\n<p><a href=\"https:\/\/wp.ufpel.edu.br\/ppgs\/2022\/11\/20\/programacao-iii-seminario-discente-do-ppgs-ufpel-2022\/\"><strong>III Semin\u00e1rio Discente 2022 &#8211; PPGS UFPel<\/strong><\/a><\/p>\n<p>&gt; Anais<\/p>\n<p>&gt; Fotos<\/p>\n<p><a href=\"https:\/\/wp.ufpel.edu.br\/ppgs\/2020\/08\/10\/ii-seminario-discente-ppgs-ufpel\/\"><strong>II Semin\u00e1rio Discente 2020 &#8211; PPGS UFPel<\/strong><\/a><\/p>\n<p>&gt; <a href=\"https:\/\/wp.ufpel.edu.br\/ppgs\/2021\/12\/09\/publicacao-dos-anais-do-ii-seminario-discente\/\">Anais<\/a><\/p>\n<p>&gt; Fotos<\/p>\n<p><strong>I Semin\u00e1rio Discente<\/strong><\/p>\n<p>&gt; Anais<\/p>\n<p>&gt; Fotos<\/p>\n<p>&nbsp;<\/p>\n","protected":false},"excerpt":{"rendered":"<p>IV Semin\u00e1rio Discente 2024 &#8211; PPGS UFPel &gt; Anais &gt; Fotos III Semin\u00e1rio Discente 2022 &#8211; PPGS UFPel &gt; Anais &gt; Fotos II Semin\u00e1rio Discente 2020 &#8211; PPGS UFPel &gt; Anais &gt; Fotos I Semin\u00e1rio Discente &gt; Anais &gt; Fotos &nbsp;<\/p>\n","protected":false},"author":396,"featured_media":0,"parent":0,"menu_order":0,"comment_status":"closed","ping_status":"closed","template":"","meta":{"jetpack_post_was_ever_published":false,"footnotes":""},"class_list":["post-6054","page","type-page","status-publish","hentry"],"jetpack_sharing_enabled":true,"jetpack_shortlink":"https:\/\/wp.me\/P9dZ0f-1zE","jetpack_likes_enabled":true,"jetpack-related-posts":[],"_links":{"self":[{"href":"https:\/\/wp.ufpel.edu.br\/ppgs\/wp-json\/wp\/v2\/pages\/6054","targetHints":{"allow":["GET"]}}],"collection":[{"href":"https:\/\/wp.ufpel.edu.br\/ppgs\/wp-json\/wp\/v2\/pages"}],"about":[{"href":"https:\/\/wp.ufpel.edu.br\/ppgs\/wp-json\/wp\/v2\/types\/page"}],"author":[{"embeddable":true,"href":"https:\/\/wp.ufpel.edu.br\/ppgs\/wp-json\/wp\/v2\/users\/396"}],"replies":[{"embeddable":true,"href":"https:\/\/wp.ufpel.edu.br\/ppgs\/wp-json\/wp\/v2\/comments?post=6054"}],"version-history":[{"count":4,"href":"https:\/\/wp.ufpel.edu.br\/ppgs\/wp-json\/wp\/v2\/pages\/6054\/revisions"}],"predecessor-version":[{"id":10549,"href":"https:\/\/wp.ufpel.edu.br\/ppgs\/wp-json\/wp\/v2\/pages\/6054\/revisions\/10549"}],"wp:attachment":[{"href":"https:\/\/wp.ufpel.edu.br\/ppgs\/wp-json\/wp\/v2\/media?parent=6054"}],"curies":[{"name":"wp","href":"https:\/\/api.w.org\/{rel}","templated":true}]}}