{"id":60,"date":"2014-05-26T18:17:34","date_gmt":"2014-05-26T21:17:34","guid":{"rendered":"https:\/\/wp.ufpel.edu.br\/ppgs\/?page_id=60"},"modified":"2025-02-06T11:22:24","modified_gmt":"2025-02-06T14:22:24","slug":"processo-seletivo","status":"publish","type":"page","link":"https:\/\/wp.ufpel.edu.br\/ppgs\/processo-seletivo\/","title":{"rendered":"Processo Seletivo"},"content":{"rendered":"<p>O Programa de P\u00f3s-Gradua\u00e7\u00e3o em Sociologia da Universidade Federal de Pelotas (PPGS\/UFPel) realiza sele\u00e7\u00e3o de novos alunos para os cursos de Mestrado e de Doutorado anualmente, recebendo candidatos de diversas disciplinas do conhecimento.<\/p>\n<p>Confira abaixo os editais para os processos seletivos referentes ao ano letivo de <strong>2025<\/strong>.<\/p>\n<p>Mestrado PPGS\/UFPel:<br \/>\n<strong><a href=\"https:\/\/wp.ufpel.edu.br\/ppgs\/files\/2025\/01\/SEI_2917164_Edital_de_selecao_mestrado-PPPGS-2025.pdf\">Edital de sele\u00e7\u00e3o mestrado PPGS<\/a><\/strong><br \/>\n<strong><a href=\"https:\/\/wp.ufpel.edu.br\/ppgs\/files\/2025\/01\/Anexo-1-mestrado-2025.xlsx\">Anexo-1-edital-mestrado-2025<\/a><\/strong><\/p>\n<p>Doutorado PPGS\/UFPel:<br \/>\n<strong><a href=\"https:\/\/wp.ufpel.edu.br\/ppgs\/files\/2025\/01\/SEI_2919131_Edital_de_selecao_PRPPG_9.pdf\">Edital de sele\u00e7\u00e3o doutorado PPGS<\/a><\/strong><br \/>\n<strong><a href=\"https:\/\/wp.ufpel.edu.br\/ppgs\/files\/2025\/02\/Anexo-1-doutorado-2025.xlsx\">Anexo 1 \u2013 edital doutorado 2025<\/a><\/strong><\/p>\n","protected":false},"excerpt":{"rendered":"<p>O Programa de P\u00f3s-Gradua\u00e7\u00e3o em Sociologia da Universidade Federal de Pelotas (PPGS\/UFPel) realiza sele\u00e7\u00e3o de novos alunos para os cursos de Mestrado e de Doutorado anualmente, recebendo candidatos de diversas disciplinas do conhecimento. Confira abaixo os editais para os processos seletivos referentes ao ano letivo de 2025. Mestrado PPGS\/UFPel: Edital de sele\u00e7\u00e3o mestrado PPGS Anexo-1-edital-mestrado-2025 [&hellip;]<\/p>\n","protected":false},"author":396,"featured_media":0,"parent":0,"menu_order":7,"comment_status":"closed","ping_status":"closed","template":"","meta":{"jetpack_post_was_ever_published":false,"footnotes":""},"class_list":["post-60","page","type-page","status-publish","hentry"],"jetpack_sharing_enabled":true,"jetpack_shortlink":"https:\/\/wp.me\/P9dZ0f-Y","jetpack_likes_enabled":true,"jetpack-related-posts":[],"_links":{"self":[{"href":"https:\/\/wp.ufpel.edu.br\/ppgs\/wp-json\/wp\/v2\/pages\/60","targetHints":{"allow":["GET"]}}],"collection":[{"href":"https:\/\/wp.ufpel.edu.br\/ppgs\/wp-json\/wp\/v2\/pages"}],"about":[{"href":"https:\/\/wp.ufpel.edu.br\/ppgs\/wp-json\/wp\/v2\/types\/page"}],"author":[{"embeddable":true,"href":"https:\/\/wp.ufpel.edu.br\/ppgs\/wp-json\/wp\/v2\/users\/396"}],"replies":[{"embeddable":true,"href":"https:\/\/wp.ufpel.edu.br\/ppgs\/wp-json\/wp\/v2\/comments?post=60"}],"version-history":[{"count":29,"href":"https:\/\/wp.ufpel.edu.br\/ppgs\/wp-json\/wp\/v2\/pages\/60\/revisions"}],"predecessor-version":[{"id":9569,"href":"https:\/\/wp.ufpel.edu.br\/ppgs\/wp-json\/wp\/v2\/pages\/60\/revisions\/9569"}],"wp:attachment":[{"href":"https:\/\/wp.ufpel.edu.br\/ppgs\/wp-json\/wp\/v2\/media?parent=60"}],"curies":[{"name":"wp","href":"https:\/\/api.w.org\/{rel}","templated":true}]}}