{"id":6,"date":"2014-05-26T14:14:48","date_gmt":"2014-05-26T17:14:48","guid":{"rendered":"https:\/\/wp.ufpel.edu.br\/ppgs\/?page_id=6"},"modified":"2025-01-30T11:53:27","modified_gmt":"2025-01-30T14:53:27","slug":"linhas-de-pesquisa","status":"publish","type":"page","link":"https:\/\/wp.ufpel.edu.br\/ppgs\/linhas-de-pesquisa\/","title":{"rendered":"Linhas de pesquisa"},"content":{"rendered":"<p>As <strong>linhas de pesquisa<\/strong> do Programa de P\u00f3s-Gradua\u00e7\u00e3o em Sociologia da Universidade Federal de Pelotas (PPGS\/UFPel):<\/p>\n<blockquote>\n<ul>\n<li><a href=\"https:\/\/wp.ufpel.edu.br\/ppgs\/linhas-de-pesquisa\/linhapesquisa1\/\">Cidade, Estado e Desenvolvimento<\/a>.<\/li>\n<li><a href=\"https:\/\/wp.ufpel.edu.br\/ppgs\/linhas-de-pesquisa\/linhapesquisa2\/\">Teorias Sociais e Conhecimento<\/a>.<\/li>\n<li><a href=\"https:\/\/wp.ufpel.edu.br\/ppgs\/linhas-de-pesquisa\/linhapesquisa3\/\">Trabalho, Organiza\u00e7\u00f5es e Identidade<\/a>.<\/li>\n<\/ul>\n<\/blockquote>\n<p>&nbsp;<\/p>\n","protected":false},"excerpt":{"rendered":"<p>As linhas de pesquisa do Programa de P\u00f3s-Gradua\u00e7\u00e3o em Sociologia da Universidade Federal de Pelotas (PPGS\/UFPel): Cidade, Estado e Desenvolvimento. Teorias Sociais e Conhecimento. Trabalho, Organiza\u00e7\u00f5es e Identidade. &nbsp;<\/p>\n","protected":false},"author":396,"featured_media":0,"parent":0,"menu_order":2,"comment_status":"closed","ping_status":"closed","template":"","meta":{"jetpack_post_was_ever_published":false,"footnotes":""},"class_list":["post-6","page","type-page","status-publish","hentry"],"jetpack_sharing_enabled":true,"jetpack_shortlink":"https:\/\/wp.me\/P9dZ0f-6","jetpack_likes_enabled":true,"jetpack-related-posts":[],"_links":{"self":[{"href":"https:\/\/wp.ufpel.edu.br\/ppgs\/wp-json\/wp\/v2\/pages\/6","targetHints":{"allow":["GET"]}}],"collection":[{"href":"https:\/\/wp.ufpel.edu.br\/ppgs\/wp-json\/wp\/v2\/pages"}],"about":[{"href":"https:\/\/wp.ufpel.edu.br\/ppgs\/wp-json\/wp\/v2\/types\/page"}],"author":[{"embeddable":true,"href":"https:\/\/wp.ufpel.edu.br\/ppgs\/wp-json\/wp\/v2\/users\/396"}],"replies":[{"embeddable":true,"href":"https:\/\/wp.ufpel.edu.br\/ppgs\/wp-json\/wp\/v2\/comments?post=6"}],"version-history":[{"count":9,"href":"https:\/\/wp.ufpel.edu.br\/ppgs\/wp-json\/wp\/v2\/pages\/6\/revisions"}],"predecessor-version":[{"id":9483,"href":"https:\/\/wp.ufpel.edu.br\/ppgs\/wp-json\/wp\/v2\/pages\/6\/revisions\/9483"}],"wp:attachment":[{"href":"https:\/\/wp.ufpel.edu.br\/ppgs\/wp-json\/wp\/v2\/media?parent=6"}],"curies":[{"name":"wp","href":"https:\/\/api.w.org\/{rel}","templated":true}]}}