{"id":58,"date":"2014-05-26T18:15:55","date_gmt":"2014-05-26T21:15:55","guid":{"rendered":"https:\/\/wp.ufpel.edu.br\/ppgs\/?page_id=58"},"modified":"2024-08-31T01:12:37","modified_gmt":"2024-08-31T04:12:37","slug":"revista-perspectivas-sociais","status":"publish","type":"page","link":"https:\/\/wp.ufpel.edu.br\/ppgs\/producaoeeventos\/revista-perspectivas-sociais\/","title":{"rendered":"Revista Perspectivas Sociais"},"content":{"rendered":"<p>Perspectivas Sociais \u00e9 uma revista editada anualmente pelos mestrandos do Programa de P\u00f3s-Gradua\u00e7\u00e3o em Sociologia da Universidade Federal de Pelotas.<\/p>\n<p>A fim de divulgar trabalhos cient\u00edficos e promover um debate de cunho te\u00f3rico e emp\u00edrico sobre temas das Ci\u00eancias Sociais e \u00e1reas afins, a revista abre espa\u00e7o para publica\u00e7\u00f5es de pesquisas de alunos de p\u00f3s-gradua\u00e7\u00e3o ou p\u00f3s-graduados de diferentes institui\u00e7\u00f5es do Brasil e do exterior.<\/p>\n<p>Dessa forma, reitera a import\u00e2ncia de diversas perspectivas sobre temas atuais da sociedade compartilhados tamb\u00e9m por outras \u00e1reas do conhecimento. A revista Perspectivas Sociais teve seu primeiro n\u00famero publicado no ano de 2011 e anualmente ser\u00e3o abertas chamadas para submiss\u00e3o de trabalhos de pesquisa.<\/p>\n<p><strong>&gt; <a href=\"https:\/\/periodicos.ufpel.edu.br\/index.php\/percsoc\">Acesse o site da Revista Perspectivas Sociais<\/a><\/strong><\/p>\n","protected":false},"excerpt":{"rendered":"<p>Perspectivas Sociais \u00e9 uma revista editada anualmente pelos mestrandos do Programa de P\u00f3s-Gradua\u00e7\u00e3o em Sociologia da Universidade Federal de Pelotas. A fim de divulgar trabalhos cient\u00edficos e promover um debate de cunho te\u00f3rico e emp\u00edrico sobre temas das Ci\u00eancias Sociais e \u00e1reas afins, a revista abre espa\u00e7o para publica\u00e7\u00f5es de pesquisas de alunos de p\u00f3s-gradua\u00e7\u00e3o [&hellip;]<\/p>\n","protected":false},"author":396,"featured_media":0,"parent":54,"menu_order":0,"comment_status":"closed","ping_status":"closed","template":"","meta":{"jetpack_post_was_ever_published":false,"footnotes":""},"class_list":["post-58","page","type-page","status-publish","hentry"],"jetpack_sharing_enabled":true,"jetpack_shortlink":"https:\/\/wp.me\/P9dZ0f-W","jetpack_likes_enabled":true,"jetpack-related-posts":[],"_links":{"self":[{"href":"https:\/\/wp.ufpel.edu.br\/ppgs\/wp-json\/wp\/v2\/pages\/58","targetHints":{"allow":["GET"]}}],"collection":[{"href":"https:\/\/wp.ufpel.edu.br\/ppgs\/wp-json\/wp\/v2\/pages"}],"about":[{"href":"https:\/\/wp.ufpel.edu.br\/ppgs\/wp-json\/wp\/v2\/types\/page"}],"author":[{"embeddable":true,"href":"https:\/\/wp.ufpel.edu.br\/ppgs\/wp-json\/wp\/v2\/users\/396"}],"replies":[{"embeddable":true,"href":"https:\/\/wp.ufpel.edu.br\/ppgs\/wp-json\/wp\/v2\/comments?post=58"}],"version-history":[{"count":5,"href":"https:\/\/wp.ufpel.edu.br\/ppgs\/wp-json\/wp\/v2\/pages\/58\/revisions"}],"predecessor-version":[{"id":101,"href":"https:\/\/wp.ufpel.edu.br\/ppgs\/wp-json\/wp\/v2\/pages\/58\/revisions\/101"}],"up":[{"embeddable":true,"href":"https:\/\/wp.ufpel.edu.br\/ppgs\/wp-json\/wp\/v2\/pages\/54"}],"wp:attachment":[{"href":"https:\/\/wp.ufpel.edu.br\/ppgs\/wp-json\/wp\/v2\/media?parent=58"}],"curies":[{"name":"wp","href":"https:\/\/api.w.org\/{rel}","templated":true}]}}