{"id":56,"date":"2014-05-26T18:15:31","date_gmt":"2014-05-26T21:15:31","guid":{"rendered":"https:\/\/wp.ufpel.edu.br\/ppgs\/?page_id=56"},"modified":"2025-10-20T14:27:23","modified_gmt":"2025-10-20T17:27:23","slug":"revista-norus","status":"publish","type":"page","link":"https:\/\/wp.ufpel.edu.br\/ppgs\/producaoeeventos\/revista-norus\/","title":{"rendered":"Revista Norus"},"content":{"rendered":"<p>O peri\u00f3dico NORUS (Novos Rumos Sociol\u00f3gicos) tem, dentre os seus objetivos, a ambi\u00e7\u00e3o de constituir-se como uma revista de refer\u00eancia no que diz respeito \u00e0 divulga\u00e7\u00e3o de novos conhecimentos sociol\u00f3gicos. Dessa forma, desde a sua cria\u00e7\u00e3o, a revista apresenta uma propens\u00e3o internacional, apresentando como conselho editorial pesquisadores vinculados a universidades de diversas partes do Brasil e do exterior.<\/p>\n<p>Cada n\u00famero da revista conta com dossi\u00eas tem\u00e1ticos elaborados a partir de propostas apresentadas por pesquisadores de institui\u00e7\u00f5es nacionais e internacionais. O peri\u00f3dico possui ainda uma se\u00e7\u00e3o dedicada \u00e0 divulga\u00e7\u00e3o de outros temas de interesse da comunidade acad\u00eamica, tanto no que diz respeito \u00e0 disciplina de Sociologia, como tamb\u00e9m \u00e0s demais \u00e1reas afins. A NORUS, do mesmo modo, recebe resenhas sobre obras atuais que mostrem a din\u00e2mica do conhecimento sociol\u00f3gico contempor\u00e2neo.<\/p>\n<p><strong>&gt; <a href=\"http:\/\/periodicos.ufpel.edu.br\/ojs2\/index.php\/NORUS\/index\">Acesse ao site da Revista NORUS<\/a><\/strong><\/p>\n","protected":false},"excerpt":{"rendered":"<p>O peri\u00f3dico NORUS (Novos Rumos Sociol\u00f3gicos) tem, dentre os seus objetivos, a ambi\u00e7\u00e3o de constituir-se como uma revista de refer\u00eancia no que diz respeito \u00e0 divulga\u00e7\u00e3o de novos conhecimentos sociol\u00f3gicos. Dessa forma, desde a sua cria\u00e7\u00e3o, a revista apresenta uma propens\u00e3o internacional, apresentando como conselho editorial pesquisadores vinculados a universidades de diversas partes do Brasil [&hellip;]<\/p>\n","protected":false},"author":396,"featured_media":0,"parent":54,"menu_order":0,"comment_status":"closed","ping_status":"closed","template":"","meta":{"jetpack_post_was_ever_published":false,"footnotes":""},"class_list":["post-56","page","type-page","status-publish","hentry"],"jetpack_sharing_enabled":true,"jetpack_shortlink":"https:\/\/wp.me\/P9dZ0f-U","jetpack_likes_enabled":true,"jetpack-related-posts":[],"_links":{"self":[{"href":"https:\/\/wp.ufpel.edu.br\/ppgs\/wp-json\/wp\/v2\/pages\/56","targetHints":{"allow":["GET"]}}],"collection":[{"href":"https:\/\/wp.ufpel.edu.br\/ppgs\/wp-json\/wp\/v2\/pages"}],"about":[{"href":"https:\/\/wp.ufpel.edu.br\/ppgs\/wp-json\/wp\/v2\/types\/page"}],"author":[{"embeddable":true,"href":"https:\/\/wp.ufpel.edu.br\/ppgs\/wp-json\/wp\/v2\/users\/396"}],"replies":[{"embeddable":true,"href":"https:\/\/wp.ufpel.edu.br\/ppgs\/wp-json\/wp\/v2\/comments?post=56"}],"version-history":[{"count":4,"href":"https:\/\/wp.ufpel.edu.br\/ppgs\/wp-json\/wp\/v2\/pages\/56\/revisions"}],"predecessor-version":[{"id":10447,"href":"https:\/\/wp.ufpel.edu.br\/ppgs\/wp-json\/wp\/v2\/pages\/56\/revisions\/10447"}],"up":[{"embeddable":true,"href":"https:\/\/wp.ufpel.edu.br\/ppgs\/wp-json\/wp\/v2\/pages\/54"}],"wp:attachment":[{"href":"https:\/\/wp.ufpel.edu.br\/ppgs\/wp-json\/wp\/v2\/media?parent=56"}],"curies":[{"name":"wp","href":"https:\/\/api.w.org\/{rel}","templated":true}]}}