{"id":5566,"date":"2020-06-17T18:39:06","date_gmt":"2020-06-17T21:39:06","guid":{"rendered":"https:\/\/wp.ufpel.edu.br\/ppgs\/?page_id=5566"},"modified":"2020-08-31T18:25:48","modified_gmt":"2020-08-31T21:25:48","slug":"eventos-2020","status":"publish","type":"page","link":"https:\/\/wp.ufpel.edu.br\/ppgs\/eventos-2020\/","title":{"rendered":"Eventos 2020"},"content":{"rendered":"<p><strong>&gt;<a href=\"https:\/\/wp.ufpel.edu.br\/ppgs\/2020\/08\/10\/ii-seminario-discente-ppgs-ufpel\/\">II Semin\u00e1rio Discente PPGS\u00a0<\/a><\/strong><\/p>\n<p><strong>&gt;<a href=\"https:\/\/wp.ufpel.edu.br\/ppgs\/2020\/08\/05\/divulgacao-aulas-inaugurais\/\">Aulas Inaugurais<\/a><\/strong><\/p>\n<p><strong>&gt; <a href=\"https:\/\/wp.ufpel.edu.br\/ppgs\/2020\/07\/23\/projeto-de-ensino-politica-midia-e-movimentos-sociais\/\"><span style=\"font-size: 12pt\">Projeto de ensino: Pol\u00edtica, m\u00eddia e movimentos sociais<\/span><\/a><\/strong><\/p>\n<p><strong>&gt; <a href=\"https:\/\/wp.ufpel.edu.br\/ppgs\/2020\/06\/10\/seminarios-a-economia-numa-perspectiva-sociologica-em-tempos-de-pandemia\/\">SEMIN\u00c1RIOS: A economia numa perspectiva sociol\u00f3gica em tempos de pandemia<\/a><\/strong><\/p>\n<p><strong>&gt; <a href=\"https:\/\/wp.ufpel.edu.br\/ppgs\/2020\/06\/22\/ufpel-talks-sociologia-a-pandemia-e-o-mundo-pos-pandemia\/\">UFPel Talks: Sociologia: a pandemia e o mundo p\u00f3s-pandemia\u00a0<\/a><\/strong><\/p>\n<p><strong>&gt; <a href=\"https:\/\/wp.ufpel.edu.br\/ppgs\/2020\/08\/12\/viralizar-la-solidariedad-redes-de-apoyo-mutuo-y-activismo-politico-en-tiempos-de-pandemia\/\">Viralizar la solidariedad: Redes de Apoyo Mutuo y Activismo Pol\u00edtico en tiempos de pandemia<\/a><\/strong><\/p>\n","protected":false},"excerpt":{"rendered":"<p>&gt;II Semin\u00e1rio Discente PPGS\u00a0 &gt;Aulas Inaugurais &gt; Projeto de ensino: Pol\u00edtica, m\u00eddia e movimentos sociais &gt; SEMIN\u00c1RIOS: A economia numa perspectiva sociol\u00f3gica em tempos de pandemia &gt; UFPel Talks: Sociologia: a pandemia e o mundo p\u00f3s-pandemia\u00a0 &gt; Viralizar la solidariedad: Redes de Apoyo Mutuo y Activismo Pol\u00edtico en tiempos de pandemia<\/p>\n","protected":false},"author":396,"featured_media":0,"parent":0,"menu_order":0,"comment_status":"closed","ping_status":"closed","template":"","meta":{"jetpack_post_was_ever_published":false,"footnotes":""},"class_list":["post-5566","page","type-page","status-publish","hentry"],"jetpack_sharing_enabled":true,"jetpack_shortlink":"https:\/\/wp.me\/P9dZ0f-1rM","jetpack_likes_enabled":true,"jetpack-related-posts":[],"_links":{"self":[{"href":"https:\/\/wp.ufpel.edu.br\/ppgs\/wp-json\/wp\/v2\/pages\/5566","targetHints":{"allow":["GET"]}}],"collection":[{"href":"https:\/\/wp.ufpel.edu.br\/ppgs\/wp-json\/wp\/v2\/pages"}],"about":[{"href":"https:\/\/wp.ufpel.edu.br\/ppgs\/wp-json\/wp\/v2\/types\/page"}],"author":[{"embeddable":true,"href":"https:\/\/wp.ufpel.edu.br\/ppgs\/wp-json\/wp\/v2\/users\/396"}],"replies":[{"embeddable":true,"href":"https:\/\/wp.ufpel.edu.br\/ppgs\/wp-json\/wp\/v2\/comments?post=5566"}],"version-history":[{"count":11,"href":"https:\/\/wp.ufpel.edu.br\/ppgs\/wp-json\/wp\/v2\/pages\/5566\/revisions"}],"predecessor-version":[{"id":5815,"href":"https:\/\/wp.ufpel.edu.br\/ppgs\/wp-json\/wp\/v2\/pages\/5566\/revisions\/5815"}],"wp:attachment":[{"href":"https:\/\/wp.ufpel.edu.br\/ppgs\/wp-json\/wp\/v2\/media?parent=5566"}],"curies":[{"name":"wp","href":"https:\/\/api.w.org\/{rel}","templated":true}]}}