{"id":5448,"date":"2020-04-08T20:55:53","date_gmt":"2020-04-08T23:55:53","guid":{"rendered":"https:\/\/wp.ufpel.edu.br\/ppgs\/?page_id=5448"},"modified":"2025-05-20T10:40:47","modified_gmt":"2025-05-20T13:40:47","slug":"turma-2018","status":"publish","type":"page","link":"https:\/\/wp.ufpel.edu.br\/ppgs\/producaoeeventos\/dissertacoes\/turma-2018\/","title":{"rendered":"Disserta\u00e7\u00f5es: Turma 2018"},"content":{"rendered":"<p><strong>ALEXANDRE SILVEIRA VERGARA<\/strong><\/p>\n<p>Trabalho de conclus\u00e3o: <strong><a href=\"https:\/\/wp.ufpel.edu.br\/ppgs\/files\/2020\/04\/Dissertacao_Alexandre_Vergara.pdf\" target=\"_blank\" rel=\"noopener noreferrer\">A (re)produ\u00e7\u00e3o da vida ou da metr\u00f3pole pela perspectiva da justi\u00e7a socioambiental<\/a><\/strong><\/p>\n<p>Orientador: Prof. Dr. Rafael Braz da Silva<\/p>\n<p>Data de defesa: 20\/02\/2020<\/p>\n<p>&nbsp;<\/p>\n<p><strong>ANA PAULA TIMM KROLOW\u00a0<\/strong><\/p>\n<p>Trabalho de conclus\u00e3o:<strong> <a href=\"https:\/\/wp.ufpel.edu.br\/ppgs\/files\/2020\/07\/Disserta\u00e7\u00e3o-Ana-krolow.pdf\">Benef\u00edcio de Presta\u00e7\u00e3o Continuada: Significados sociais e moralidades do dinheiro associado \u00e0 loucura<\/a><\/strong><\/p>\n<p>Orientador: Prof. Dra. Elaine da Silveira Leite<\/p>\n<p>Data de defesa: 31\/03\/2020<\/p>\n<p>&nbsp;<\/p>\n<p><strong>ESTEVAN DE FREITAS GARCIA<\/strong><\/p>\n<p>Trabalho de conclus\u00e3o: <a href=\"https:\/\/wp.ufpel.edu.br\/ppgs\/files\/2020\/05\/DISSERTA\u00c7\u00c3O-FINAL-ESTEVAN-GARCIA.pdf\" target=\"_blank\" rel=\"noopener noreferrer\"><strong>Entre disposi\u00e7\u00f5es pr\u00e1ticas e militantes: as trajet\u00f3rias de jovens jornalistas ga\u00fachos e suas rela\u00e7\u00f5es com o campo jornal\u00edstico<\/strong><\/a><\/p>\n<p>Orientador: Prof. Dr. Pedro Alcides Robertt Niz<\/p>\n<p>Data de defesa: 28\/02\/2020<\/p>\n<p>&nbsp;<\/p>\n<p><strong>FERNANDA DOS SANTOS TRINDADE<\/strong><\/p>\n<p>Trabalho de conclus\u00e3o: <strong><a href=\"https:\/\/wp.ufpel.edu.br\/ppgs\/files\/2020\/09\/Dissertac\u0327a\u0303o-versa\u0303o-final-.pdf\">As associa\u00e7\u00f5es da Associa\u00e7\u00e3o: Um estudo sobre catadores (as) de materiais recicl\u00e1veis em Sant\u2019Ana do Livramento\/RS<\/a><\/strong><\/p>\n<p>Orientador: Prof. Dr. S\u00e9rgio Botton Barcellos<\/p>\n<p>Data de defesa: 27 de mar\u00e7o de 2020<\/p>\n<p>&nbsp;<\/p>\n<p><strong> <span class=\"fontstyle0\">GABRIEL ALVES BRESQUE<\/span><\/strong><\/p>\n<p>Trabalho de conclus\u00e3o: <strong><a href=\"https:\/\/wp.ufpel.edu.br\/ppgs\/files\/2020\/05\/Disserta%C3%A7%C3%A3o-Gabriel-Bresque-vers%C3%A3o-finalizada.pdf\" target=\"_blank\" rel=\"noopener noreferrer\"><span class=\"fontstyle0\">VIRILIDADE E PRODUTO MIDI\u00c1TICO: O Grenal como diferenciador do futebol ga\u00facho<\/span> <\/a><\/strong><\/p>\n<p>Orientador: <span class=\"fontstyle0\">Prof. Dr. L\u00e9o Peixoto Rodrigues<\/span><\/p>\n<p>Data de defesa: 24\/04\/2020<\/p>\n<p>&nbsp;<\/p>\n<p><strong>LEON MCLOUIS BORGES DE LUCAS<\/strong><\/p>\n<p>Trabalho de conclus\u00e3o: <strong><a href=\"https:\/\/wp.ufpel.edu.br\/ppgs\/files\/2020\/09\/DISSERTACAO_DOCUMENTO_FINAL_LEON.pdf\">Comida n\u00e3o se colhe, se clica. Um estudo da rede de comercializa\u00e7\u00e3o virtual Bem da Terra da cidade de Pelotas\/RS.<\/a><\/strong><\/p>\n<p>Orientadora: Profa. Dra. Elaine da Silveira Leite<\/p>\n<p>Data de defesa: 31 de julho de 2020.<\/p>\n<p>&nbsp;<\/p>\n<p><strong>MARA BEATRIZ NUNES GOMES<\/strong><\/p>\n<p>Trabalho de conclus\u00e3o: <a href=\"https:\/\/wp.ufpel.edu.br\/ppgs\/files\/2020\/04\/Disserta\u00e7\u00e3o_MARA-BEATRIZ-GOMES-_VERS\u00c3O-DEP\u00d3SITO.pdf\" target=\"_blank\" rel=\"noopener noreferrer\"><strong>FURG e UFPel: uma cartografia sobre a repercuss\u00e3o da perspectiva institucional na execu\u00e7\u00e3o da Lei Federal no 12.990\/2014<\/strong><\/a><\/p>\n<p>Orientador: Prof. Dr. Marcus Vinicius Spolle<\/p>\n<p>Data de defesa: 06\/03\/2020<\/p>\n<p>&nbsp;<\/p>\n<p><strong>ROBERTO GON\u00c7ALVES DIAS<\/strong><\/p>\n<p>Trabalho de conclus\u00e3o: <strong><a href=\"https:\/\/wp.ufpel.edu.br\/ppgs\/files\/2020\/08\/Roberto-Dias-entrega-dissertacao-PPGS-UFPel.pdf\" target=\"_blank\" rel=\"noopener noreferrer\">TVE-RS: A Extin\u00e7\u00e3o da Funda\u00e7\u00e3o Piratini como configura\u00e7\u00e3o de pol\u00edticas neoliberais no RS entre os anos 2015 &#8211; 2018\u00a0<\/a><\/strong><\/p>\n<p>Orientador: Prof. Dr. S\u00e9rgio Botton Barcellos<\/p>\n<p>Data de defesa: 29\/07\/2020<\/p>\n<p>&nbsp;<\/p>\n<p><strong> <span class=\"fontstyle0\">VILMAR PINA DIAS J\u00daNIOR<\/span>\u00a0<\/strong><\/p>\n<p>Trabalho de conclus\u00e3o: <a href=\"https:\/\/wp.ufpel.edu.br\/ppgs\/files\/2020\/05\/DISSERTA\u00c7\u00c3O-VILMAR-PINA-DIAS-JR-VERSAO-FINAL-21-05-20.pdf\" target=\"_blank\" rel=\"noopener noreferrer\"><strong><span style=\"text-decoration: underline;\"><span class=\"fontstyle0\">Um olhar sociol\u00f3gico sobre o acesso \u00e0 justi\u00e7a do trabalho ap\u00f3s o advento da reforma trabalhista<\/span> <\/span><\/strong><\/a><\/p>\n<p>Orientador: <span class=\"fontstyle0\">Prof. Dr. Attila Magno e Silva Barbosa<\/span><\/p>\n<p>Data de defesa: 28\/02\/2020<\/p>\n","protected":false},"excerpt":{"rendered":"<p>ALEXANDRE SILVEIRA VERGARA Trabalho de conclus\u00e3o: A (re)produ\u00e7\u00e3o da vida ou da metr\u00f3pole pela perspectiva da justi\u00e7a socioambiental Orientador: Prof. Dr. Rafael Braz da Silva Data de defesa: 20\/02\/2020 &nbsp; ANA PAULA TIMM KROLOW\u00a0 Trabalho de conclus\u00e3o: Benef\u00edcio de Presta\u00e7\u00e3o Continuada: Significados sociais e moralidades do dinheiro associado \u00e0 loucura Orientador: Prof. Dra. Elaine da [&hellip;]<\/p>\n","protected":false},"author":396,"featured_media":0,"parent":225,"menu_order":0,"comment_status":"closed","ping_status":"closed","template":"","meta":{"jetpack_post_was_ever_published":false,"footnotes":""},"class_list":["post-5448","page","type-page","status-publish","hentry"],"jetpack_sharing_enabled":true,"jetpack_shortlink":"https:\/\/wp.me\/P9dZ0f-1pS","jetpack_likes_enabled":true,"jetpack-related-posts":[],"_links":{"self":[{"href":"https:\/\/wp.ufpel.edu.br\/ppgs\/wp-json\/wp\/v2\/pages\/5448","targetHints":{"allow":["GET"]}}],"collection":[{"href":"https:\/\/wp.ufpel.edu.br\/ppgs\/wp-json\/wp\/v2\/pages"}],"about":[{"href":"https:\/\/wp.ufpel.edu.br\/ppgs\/wp-json\/wp\/v2\/types\/page"}],"author":[{"embeddable":true,"href":"https:\/\/wp.ufpel.edu.br\/ppgs\/wp-json\/wp\/v2\/users\/396"}],"replies":[{"embeddable":true,"href":"https:\/\/wp.ufpel.edu.br\/ppgs\/wp-json\/wp\/v2\/comments?post=5448"}],"version-history":[{"count":16,"href":"https:\/\/wp.ufpel.edu.br\/ppgs\/wp-json\/wp\/v2\/pages\/5448\/revisions"}],"predecessor-version":[{"id":8914,"href":"https:\/\/wp.ufpel.edu.br\/ppgs\/wp-json\/wp\/v2\/pages\/5448\/revisions\/8914"}],"up":[{"embeddable":true,"href":"https:\/\/wp.ufpel.edu.br\/ppgs\/wp-json\/wp\/v2\/pages\/225"}],"wp:attachment":[{"href":"https:\/\/wp.ufpel.edu.br\/ppgs\/wp-json\/wp\/v2\/media?parent=5448"}],"curies":[{"name":"wp","href":"https:\/\/api.w.org\/{rel}","templated":true}]}}