{"id":4684,"date":"2019-07-05T02:42:41","date_gmt":"2019-07-05T05:42:41","guid":{"rendered":"https:\/\/wp.ufpel.edu.br\/ppgs\/?page_id=4684"},"modified":"2019-07-05T02:51:12","modified_gmt":"2019-07-05T05:51:12","slug":"lancamento-da-coletanea-ciencia-interdisciplinaridade-e-avaliacao-capes","status":"publish","type":"page","link":"https:\/\/wp.ufpel.edu.br\/ppgs\/lancamento-da-coletanea-ciencia-interdisciplinaridade-e-avaliacao-capes\/","title":{"rendered":"Lan\u00e7amento da colet\u00e2nea \u201cCi\u00eancia, interdisciplinaridade e avalia\u00e7\u00e3o CAPES\u201d"},"content":{"rendered":"<p>O lan\u00e7amento da colet\u00e2nea intitulada \u201cCi\u00eancia, interdisciplinaridade e avalia\u00e7\u00e3o CAPES\u201d \u2013 que conta com organiza\u00e7\u00e3o do Prof. Dr. L\u00e9o Peixoto (PPGS\/UFPel), do Prof. Dr. Jalcione Almeida (PPGS\/UFRGS) e do doutorando Gabriel Coelho (UFRGS) \u2013 ocorrer\u00e1 no 19\u00ba Congresso Brasileiro de Sociologia (de 9 a 12 de julho de 2019, em Florian\u00f3polis- SC). Na sequ\u00eancia, ocorrer\u00e1 de lan\u00e7amento tamb\u00e9m no VIII ESOCITE e no XXXI ALAS.<a href=\"https:\/\/i0.wp.com\/wp.ufpel.edu.br\/ppgs\/files\/2019\/07\/cienciainterdisciplinaridadeeavaliacaocapes.png?ssl=1\"><img data-recalc-dims=\"1\" data-attachment-id=\"4661\" data-permalink=\"https:\/\/wp.ufpel.edu.br\/ppgs\/producaoeeventos\/livros\/cienciainterdisciplinaridadeeavaliacaocapes\/\" data-orig-file=\"https:\/\/i0.wp.com\/wp.ufpel.edu.br\/ppgs\/files\/2019\/07\/cienciainterdisciplinaridadeeavaliacaocapes.png?fit=534%2C829&amp;ssl=1\" data-orig-size=\"534,829\" data-comments-opened=\"0\" data-image-meta=\"{&quot;aperture&quot;:&quot;0&quot;,&quot;credit&quot;:&quot;&quot;,&quot;camera&quot;:&quot;&quot;,&quot;caption&quot;:&quot;&quot;,&quot;created_timestamp&quot;:&quot;0&quot;,&quot;copyright&quot;:&quot;&quot;,&quot;focal_length&quot;:&quot;0&quot;,&quot;iso&quot;:&quot;0&quot;,&quot;shutter_speed&quot;:&quot;0&quot;,&quot;title&quot;:&quot;&quot;,&quot;orientation&quot;:&quot;0&quot;}\" data-image-title=\"cienciainterdisciplinaridadeeavaliacaocapes\" data-image-description=\"\" data-image-caption=\"\" data-medium-file=\"https:\/\/i0.wp.com\/wp.ufpel.edu.br\/ppgs\/files\/2019\/07\/cienciainterdisciplinaridadeeavaliacaocapes.png?fit=258%2C400&amp;ssl=1\" data-large-file=\"https:\/\/i0.wp.com\/wp.ufpel.edu.br\/ppgs\/files\/2019\/07\/cienciainterdisciplinaridadeeavaliacaocapes.png?fit=534%2C829&amp;ssl=1\" class=\"size-medium wp-image-4661 alignleft\" src=\"https:\/\/i0.wp.com\/wp.ufpel.edu.br\/ppgs\/files\/2019\/07\/cienciainterdisciplinaridadeeavaliacaocapes.png?resize=258%2C400&#038;ssl=1\" alt=\"\" width=\"258\" height=\"400\" srcset=\"https:\/\/i0.wp.com\/wp.ufpel.edu.br\/ppgs\/files\/2019\/07\/cienciainterdisciplinaridadeeavaliacaocapes.png?resize=258%2C400&amp;ssl=1 258w, https:\/\/i0.wp.com\/wp.ufpel.edu.br\/ppgs\/files\/2019\/07\/cienciainterdisciplinaridadeeavaliacaocapes.png?w=534&amp;ssl=1 534w\" sizes=\"(max-width: 258px) 100vw, 258px\" \/><\/a><\/p>\n<p>&#8220;O livro Ci\u00eancia, interdisciplinaridade e avalia\u00e7\u00e3o Capes, que ora apresentamos aos leitores, \u00e9 resultado de iniciativas motivadas por anos de investiga\u00e7\u00e3o e reflex\u00e3o por\u00a0 arte de alguns pesquisadores brasileiros que integram o seu escopo. A obra est\u00e1 dividida em duas partes, contemplando nove cap\u00edtulos: a primeira, \u201cInterdisciplinaridade, complexidade e ci\u00eancia: uma rela\u00e7\u00e3o inextrinc\u00e1vel\u201d, agrega contribui\u00e7\u00f5es de cunho te\u00f3rico, pr\u00e1tico e epistemol\u00f3gico sobre a pesquisa\u00a0 interdisciplinar; a segunda parte, \u201cSempre \u00e9 hora de reavaliar: a Capes avaliando a ci\u00eancia\u201d, traz contribui\u00e7\u00f5es de autores que tratam de aspectos hist\u00f3ricos, epistemol\u00f3gicos e institucionais no tocante \u00e0 avalia\u00e7\u00e3o da ci\u00eancia\u201d.<\/p>\n","protected":false},"excerpt":{"rendered":"<p>O lan\u00e7amento da colet\u00e2nea intitulada \u201cCi\u00eancia, interdisciplinaridade e avalia\u00e7\u00e3o CAPES\u201d \u2013 que conta com organiza\u00e7\u00e3o do Prof. Dr. L\u00e9o Peixoto (PPGS\/UFPel), do Prof. Dr. Jalcione Almeida (PPGS\/UFRGS) e do doutorando Gabriel Coelho (UFRGS) \u2013 ocorrer\u00e1 no 19\u00ba Congresso Brasileiro de Sociologia (de 9 a 12 de julho de 2019, em Florian\u00f3polis- SC). Na sequ\u00eancia, ocorrer\u00e1 [&hellip;]<\/p>\n","protected":false},"author":396,"featured_media":0,"parent":0,"menu_order":0,"comment_status":"closed","ping_status":"closed","template":"","meta":{"jetpack_post_was_ever_published":false,"footnotes":""},"class_list":["post-4684","page","type-page","status-publish","hentry"],"jetpack_sharing_enabled":true,"jetpack_shortlink":"https:\/\/wp.me\/P9dZ0f-1dy","jetpack_likes_enabled":true,"jetpack-related-posts":[],"_links":{"self":[{"href":"https:\/\/wp.ufpel.edu.br\/ppgs\/wp-json\/wp\/v2\/pages\/4684","targetHints":{"allow":["GET"]}}],"collection":[{"href":"https:\/\/wp.ufpel.edu.br\/ppgs\/wp-json\/wp\/v2\/pages"}],"about":[{"href":"https:\/\/wp.ufpel.edu.br\/ppgs\/wp-json\/wp\/v2\/types\/page"}],"author":[{"embeddable":true,"href":"https:\/\/wp.ufpel.edu.br\/ppgs\/wp-json\/wp\/v2\/users\/396"}],"replies":[{"embeddable":true,"href":"https:\/\/wp.ufpel.edu.br\/ppgs\/wp-json\/wp\/v2\/comments?post=4684"}],"version-history":[{"count":3,"href":"https:\/\/wp.ufpel.edu.br\/ppgs\/wp-json\/wp\/v2\/pages\/4684\/revisions"}],"predecessor-version":[{"id":4689,"href":"https:\/\/wp.ufpel.edu.br\/ppgs\/wp-json\/wp\/v2\/pages\/4684\/revisions\/4689"}],"wp:attachment":[{"href":"https:\/\/wp.ufpel.edu.br\/ppgs\/wp-json\/wp\/v2\/media?parent=4684"}],"curies":[{"name":"wp","href":"https:\/\/api.w.org\/{rel}","templated":true}]}}