{"id":4645,"date":"2019-06-29T03:21:49","date_gmt":"2019-06-29T06:21:49","guid":{"rendered":"https:\/\/wp.ufpel.edu.br\/ppgs\/?page_id=4645"},"modified":"2019-06-29T03:21:49","modified_gmt":"2019-06-29T06:21:49","slug":"i-seminario-interno-de-autoavaliacao-do-quadrienio-2017-2020-do-programa-de-pos-graduacao-em-sociologia","status":"publish","type":"page","link":"https:\/\/wp.ufpel.edu.br\/ppgs\/i-seminario-interno-de-autoavaliacao-do-quadrienio-2017-2020-do-programa-de-pos-graduacao-em-sociologia\/","title":{"rendered":"I Semin\u00e1rio Interno de Autoavalia\u00e7\u00e3o do Quadri\u00eanio (2017-2020) do Programa de P\u00f3s-gradua\u00e7\u00e3o em Sociologia"},"content":{"rendered":"<p>Na reuni\u00e3o realizada em 28 de junho de 2019, aconteceu o I Semin\u00e1rio Interno de Autoavalia\u00e7\u00e3o do Quadri\u00eanio (2017-2020) do Programa de P\u00f3s-gradua\u00e7\u00e3o em Sociologia da Universidade Federal de Pelotas, na qual foram apresentados e discutidos os seguintes documentos: Relat\u00f3rio de Grupo de Trabalho da CAPES sobre a avalia\u00e7\u00e3o da p\u00f3s-gradua\u00e7\u00e3o; Documento e Ficha de avalia\u00e7\u00e3o da \u00e1rea de Sociologia. Deste modo, foram abordados pontos referente ao Planejamen<a href=\"https:\/\/i0.wp.com\/wp.ufpel.edu.br\/ppgs\/files\/2019\/06\/20190628_172953-e1561788781143.jpg?ssl=1\"><img data-recalc-dims=\"1\" data-attachment-id=\"4642\" data-permalink=\"https:\/\/wp.ufpel.edu.br\/ppgs\/2019\/06\/29\/i-seminario-interno-de-autoavaliacao-do-quadrienio-2017-2020-do-programa-de-pos-graduacao-em-sociologia\/20190628_172953\/\" data-orig-file=\"https:\/\/i0.wp.com\/wp.ufpel.edu.br\/ppgs\/files\/2019\/06\/20190628_172953-e1561788781143.jpg?fit=2988%2C5312&amp;ssl=1\" data-orig-size=\"2988,5312\" data-comments-opened=\"0\" data-image-meta=\"{&quot;aperture&quot;:&quot;1.9&quot;,&quot;credit&quot;:&quot;&quot;,&quot;camera&quot;:&quot;SM-G925I&quot;,&quot;caption&quot;:&quot;&quot;,&quot;created_timestamp&quot;:&quot;1561742993&quot;,&quot;copyright&quot;:&quot;&quot;,&quot;focal_length&quot;:&quot;4.3&quot;,&quot;iso&quot;:&quot;125&quot;,&quot;shutter_speed&quot;:&quot;0.016666666666667&quot;,&quot;title&quot;:&quot;&quot;,&quot;orientation&quot;:&quot;6&quot;}\" data-image-title=\"20190628_172953\" data-image-description=\"\" data-image-caption=\"\" data-medium-file=\"https:\/\/i0.wp.com\/wp.ufpel.edu.br\/ppgs\/files\/2019\/06\/20190628_172953-e1561788781143.jpg?fit=225%2C400&amp;ssl=1\" data-large-file=\"https:\/\/i0.wp.com\/wp.ufpel.edu.br\/ppgs\/files\/2019\/06\/20190628_172953-e1561788781143.jpg?fit=576%2C1024&amp;ssl=1\" class=\"size-medium wp-image-4642 alignleft\" src=\"https:\/\/i0.wp.com\/wp.ufpel.edu.br\/ppgs\/files\/2019\/06\/20190628_172953-e1561788781143-225x400.jpg?resize=225%2C400&#038;ssl=1\" alt=\"\" width=\"225\" height=\"400\" srcset=\"https:\/\/i0.wp.com\/wp.ufpel.edu.br\/ppgs\/files\/2019\/06\/20190628_172953-e1561788781143.jpg?resize=225%2C400&amp;ssl=1 225w, https:\/\/i0.wp.com\/wp.ufpel.edu.br\/ppgs\/files\/2019\/06\/20190628_172953-e1561788781143.jpg?resize=768%2C1365&amp;ssl=1 768w, https:\/\/i0.wp.com\/wp.ufpel.edu.br\/ppgs\/files\/2019\/06\/20190628_172953-e1561788781143.jpg?resize=576%2C1024&amp;ssl=1 576w, https:\/\/i0.wp.com\/wp.ufpel.edu.br\/ppgs\/files\/2019\/06\/20190628_172953-e1561788781143.jpg?w=2000&amp;ssl=1 2000w\" sizes=\"(max-width: 225px) 100vw, 225px\" \/><\/a>to e Metas do Programa, bem como foi realizado um balan\u00e7o dos indicadores referente ao quadro de docentes e discentes no que tange a coer\u00eancia da proposta do Programa na forma\u00e7\u00e3o e qualifica\u00e7\u00e3o dos alunos; e, o seu impacto intelectual e social. Como resultados dos pontos referidos nos documentos e da autoavalia\u00e7\u00e3o parcial, foram compostas duas comiss\u00f5es de trabalho: a comiss\u00e3o de acompanhamento e autoavalia\u00e7\u00e3o do Programa que ter\u00e1 como objetivo monitorar a qualidade do programa, a produ\u00e7\u00e3o de conhecimento, atua\u00e7\u00e3o e impacto intelectual e social; e a comiss\u00e3o de acompanhamento de alunos e egressos que visar\u00e1 atender os crit\u00e9rios de qualidade no que tange a forma\u00e7\u00e3o discente, e acompanhamento dos egressos na perspectiva da inser\u00e7\u00e3o cient\u00edfica e social. Cabe destacar que tamb\u00e9m foi aprovado um cronograma de realiza\u00e7\u00e3o das atividades das comiss\u00f5es de trabalho, o que que prev\u00ea a realiza\u00e7\u00e3o de um semin\u00e1rio de autoavalia\u00e7\u00e3o do Programa para julho de 2020. Assim, o Programa de P\u00f3s-gradua\u00e7\u00e3o em Sociologia refor\u00e7a o seu compromisso e qualidade na forma\u00e7\u00e3o e produ\u00e7\u00e3o cient\u00edfica no pa\u00eds.<\/p>\n","protected":false},"excerpt":{"rendered":"<p>Na reuni\u00e3o realizada em 28 de junho de 2019, aconteceu o I Semin\u00e1rio Interno de Autoavalia\u00e7\u00e3o do Quadri\u00eanio (2017-2020) do Programa de P\u00f3s-gradua\u00e7\u00e3o em Sociologia da Universidade Federal de Pelotas, na qual foram apresentados e discutidos os seguintes documentos: Relat\u00f3rio de Grupo de Trabalho da CAPES sobre a avalia\u00e7\u00e3o da p\u00f3s-gradua\u00e7\u00e3o; Documento e Ficha de [&hellip;]<\/p>\n","protected":false},"author":396,"featured_media":0,"parent":0,"menu_order":0,"comment_status":"closed","ping_status":"closed","template":"","meta":{"jetpack_post_was_ever_published":false,"footnotes":""},"class_list":["post-4645","page","type-page","status-publish","hentry"],"jetpack_sharing_enabled":true,"jetpack_shortlink":"https:\/\/wp.me\/P9dZ0f-1cV","jetpack_likes_enabled":true,"jetpack-related-posts":[],"_links":{"self":[{"href":"https:\/\/wp.ufpel.edu.br\/ppgs\/wp-json\/wp\/v2\/pages\/4645","targetHints":{"allow":["GET"]}}],"collection":[{"href":"https:\/\/wp.ufpel.edu.br\/ppgs\/wp-json\/wp\/v2\/pages"}],"about":[{"href":"https:\/\/wp.ufpel.edu.br\/ppgs\/wp-json\/wp\/v2\/types\/page"}],"author":[{"embeddable":true,"href":"https:\/\/wp.ufpel.edu.br\/ppgs\/wp-json\/wp\/v2\/users\/396"}],"replies":[{"embeddable":true,"href":"https:\/\/wp.ufpel.edu.br\/ppgs\/wp-json\/wp\/v2\/comments?post=4645"}],"version-history":[{"count":1,"href":"https:\/\/wp.ufpel.edu.br\/ppgs\/wp-json\/wp\/v2\/pages\/4645\/revisions"}],"predecessor-version":[{"id":4647,"href":"https:\/\/wp.ufpel.edu.br\/ppgs\/wp-json\/wp\/v2\/pages\/4645\/revisions\/4647"}],"wp:attachment":[{"href":"https:\/\/wp.ufpel.edu.br\/ppgs\/wp-json\/wp\/v2\/media?parent=4645"}],"curies":[{"name":"wp","href":"https:\/\/api.w.org\/{rel}","templated":true}]}}