{"id":4252,"date":"2019-03-20T17:08:34","date_gmt":"2019-03-20T20:08:34","guid":{"rendered":"https:\/\/wp.ufpel.edu.br\/ppgs\/?page_id=4252"},"modified":"2025-02-18T13:32:00","modified_gmt":"2025-02-18T16:32:00","slug":"laboratorio-ifisp","status":"publish","type":"page","link":"https:\/\/wp.ufpel.edu.br\/ppgs\/laboratorio-ifisp\/","title":{"rendered":"Laborat\u00f3rio IFISP"},"content":{"rendered":"<p>Os Programas de P\u00f3s-Gradua\u00e7\u00e3o em Sociologia (PPGS) e em Ci\u00eancia Pol\u00edtica (PPGCPol) da UFPel contam, desde 2013, com um moderno laborat\u00f3rio de inform\u00e1tica (LABIFISP). O espa\u00e7o \u00e9 destinado n\u00e3o apenas \u00e0 utiliza\u00e7\u00e3o dos equipamentos sofisticados no cotidiano, mas tamb\u00e9m ao oferecimento de disciplinas voltadas ao ensino de metodologias e t\u00e9cnicas de pesquisa quantitativas e qualitativas, assim como realiza\u00e7\u00e3o de bancas h\u00edbridas, recurso amplamente utilizado pelas comunidades dos referidos Programas. A aquisi\u00e7\u00e3o se deu a partir de um esfor\u00e7o colaborativos entre os PPGs, concorrendo \u00e0 editais espec\u00edficos voltados \u00e0 compra de equipamentos. O uso do laborat\u00f3rio \u00e9 restrito a docentes e discentes vinculados aos mencionados Programas, sendo a agenda do laborat\u00f3rio disponibilizada para consulta, permitindo verificar os turnos j\u00e1 reservados.<\/p>\n<p><a href=\"https:\/\/wp.ufpel.edu.br\/ppgs\/files\/2019\/12\/regimento-laborat\u00f3rio.pdf\" target=\"_blank\" rel=\"noopener noreferrer\">Regimento do laborat\u00f3rio<\/a><\/p>\n<p><iframe style=\"border: solid 1px #777;\" src=\"https:\/\/calendar.google.com\/calendar\/embed?height=500&amp;wkst=1&amp;bgcolor=%23ffffff&amp;ctz=America%2FSao_Paulo&amp;src=YWdlbmRhbGFiaW5mb2Nwc2NAZ21haWwuY29t&amp;color=%23039BE5\" width=\"700\" height=\"500\" frameborder=\"0\" scrolling=\"no\"><span data-mce-type=\"bookmark\" style=\"display: inline-block; width: 0px; overflow: hidden; line-height: 0;\" class=\"mce_SELRES_start\">\ufeff<\/span><\/iframe><\/p>\n","protected":false},"excerpt":{"rendered":"<p>Os Programas de P\u00f3s-Gradua\u00e7\u00e3o em Sociologia (PPGS) e em Ci\u00eancia Pol\u00edtica (PPGCPol) da UFPel contam, desde 2013, com um moderno laborat\u00f3rio de inform\u00e1tica (LABIFISP). O espa\u00e7o \u00e9 destinado n\u00e3o apenas \u00e0 utiliza\u00e7\u00e3o dos equipamentos sofisticados no cotidiano, mas tamb\u00e9m ao oferecimento de disciplinas voltadas ao ensino de metodologias e t\u00e9cnicas de pesquisa quantitativas e qualitativas, [&hellip;]<\/p>\n","protected":false},"author":396,"featured_media":0,"parent":0,"menu_order":0,"comment_status":"closed","ping_status":"closed","template":"","meta":{"jetpack_post_was_ever_published":false,"footnotes":""},"class_list":["post-4252","page","type-page","status-publish","hentry"],"jetpack_sharing_enabled":true,"jetpack_shortlink":"https:\/\/wp.me\/P9dZ0f-16A","jetpack_likes_enabled":true,"jetpack-related-posts":[],"_links":{"self":[{"href":"https:\/\/wp.ufpel.edu.br\/ppgs\/wp-json\/wp\/v2\/pages\/4252","targetHints":{"allow":["GET"]}}],"collection":[{"href":"https:\/\/wp.ufpel.edu.br\/ppgs\/wp-json\/wp\/v2\/pages"}],"about":[{"href":"https:\/\/wp.ufpel.edu.br\/ppgs\/wp-json\/wp\/v2\/types\/page"}],"author":[{"embeddable":true,"href":"https:\/\/wp.ufpel.edu.br\/ppgs\/wp-json\/wp\/v2\/users\/396"}],"replies":[{"embeddable":true,"href":"https:\/\/wp.ufpel.edu.br\/ppgs\/wp-json\/wp\/v2\/comments?post=4252"}],"version-history":[{"count":13,"href":"https:\/\/wp.ufpel.edu.br\/ppgs\/wp-json\/wp\/v2\/pages\/4252\/revisions"}],"predecessor-version":[{"id":9666,"href":"https:\/\/wp.ufpel.edu.br\/ppgs\/wp-json\/wp\/v2\/pages\/4252\/revisions\/9666"}],"wp:attachment":[{"href":"https:\/\/wp.ufpel.edu.br\/ppgs\/wp-json\/wp\/v2\/media?parent=4252"}],"curies":[{"name":"wp","href":"https:\/\/api.w.org\/{rel}","templated":true}]}}