{"id":422,"date":"2014-09-06T23:41:22","date_gmt":"2014-09-07T02:41:22","guid":{"rendered":"https:\/\/wp.ufpel.edu.br\/ppgs\/?page_id=422"},"modified":"2024-09-10T02:02:49","modified_gmt":"2024-09-10T05:02:49","slug":"turma-2011","status":"publish","type":"page","link":"https:\/\/wp.ufpel.edu.br\/ppgs\/producaoeeventos\/dissertacoes\/turma-2011\/","title":{"rendered":"Disserta\u00e7\u00f5es: Turma 2011"},"content":{"rendered":"<p><strong>ALAIDES CATARINA DOS SANTOS PEREIRA<\/strong><\/p>\n<p>Trabalho de Conclus\u00e3o: <strong><a href=\"https:\/\/wp.ufpel.edu.br\/ppgs\/files\/2014\/09\/Dissertal\u00e7ao-Alaides-Catarina-dos-Santos-Pereira.pdf\">&#8220;Tens\u00e3o entre representa\u00e7\u00e3o do espa\u00e7o e pr\u00e1ticas urbanas:\u00a0um estudo sobre novos arranjos de uso e ocupa\u00e7\u00e3o do espa\u00e7o social em Pelotas&#8221;<\/a><\/strong><\/p>\n<p>Orientador:\u00a0Prof\u00aa. Dr\u00aa. Maria Thereza Rosa Ribeiro<\/p>\n<p>Data de defesa: 14\/05\/2013<\/p>\n<p>&nbsp;<\/p>\n<p><strong>AMANDA FABRES OLIVEIRA RAD\u00dcNZ<\/strong><\/p>\n<p>Trabalho de Conclus\u00e3o: <a href=\"https:\/\/wp.ufpel.edu.br\/ppgs\/files\/2014\/09\/Disserta\u00e7\u00e3o-Amanda-Fabres-Oliveira-Rad\u00fcnz.pdf\"><strong>&#8220;Agricultura familar, rela\u00e7\u00f5es de poder e mercados instiucionais: Estudo de caso\u00a0sobre o Programa Nacional de Alimenta\u00e7\u00e3o Escolar no munic\u00edpio de S\u00e3o Louren\u00e7o\u00a0do Sul&#8221;<\/strong><\/a><\/p>\n<p>Orientador: Prof. Dr.Flavio Sacco dos Anjos<\/p>\n<p>Data de defesa: 28\/06\/2013<\/p>\n<p>&nbsp;<\/p>\n<p><strong>ANA CRISTINA PORTO FABRES<\/strong><\/p>\n<p>Trabalho de Conclus\u00e3o: <a href=\"https:\/\/wp.ufpel.edu.br\/ppgs\/files\/2014\/09\/Disserta\u00e7\u00e3o-Ana-Cristina-Porto-Fabres.pdf\"><strong>&#8220;ABRINDO A CAIXA PRETA DAS COMPET\u00caNCIAS: O CASO DOS PILOTOS BRASILEIROS DE LINHA A\u00c9REA NA VIRADA DO S\u00c9CULO XXI&#8221;<\/strong><\/a><\/p>\n<p>Orientador: Prof. Dr. Pedro Robertt<\/p>\n<p>Data de defesa: 28\/05\/2013<\/p>\n<p>&nbsp;<\/p>\n<p><strong>ANDR\u00c9 DALA POSSA<\/strong><\/p>\n<p>Trabalho de Conclus\u00e3o: <strong><a href=\"https:\/\/wp.ufpel.edu.br\/ppgs\/files\/2014\/09\/Dissertacao-Andr\u00e9-Dala-Possa.pdf\">&#8220;INTERSEC\u00c7\u00c3O GERACIONAL:\u00a0A pessoa idosa em meio \u00e0s rotinas tecnologizadas&#8221;<\/a><\/strong><\/p>\n<p>Orientador: Prof. Dr. L\u00e9o Peixoto Rodrigues<\/p>\n<p>Data de defesa: 15\/04\/2013<\/p>\n<p>&nbsp;<\/p>\n<p><strong>CARLA MICHELE RECH<\/strong><\/p>\n<p>Trabalho de Conclus\u00e3o: <strong><a href=\"https:\/\/wp.ufpel.edu.br\/ppgs\/files\/2014\/09\/Disserta\u00e7\u00e3o_Carla-Rech.pdf\">&#8220;A trajet\u00f3ria do F\u00f3rum de Agricultura Familiar da Regi\u00e3o Sul do RS: entre media\u00e7\u00f5es e (re) configura\u00e7\u00f5es&#8221;<\/a><\/strong><\/p>\n<p>Orientador: Prof. Dr. Pedro Robertt<\/p>\n<p>Data de defesa: 28\/05\/2013<\/p>\n<p>&nbsp;<\/p>\n<p><strong>CELSO LUIS S\u00c1 CARVALHO<\/strong><\/p>\n<p>Trabalho de Conclus\u00e3o: <a href=\"https:\/\/wp.ufpel.edu.br\/ppgs\/files\/2014\/09\/Disserta\u00e7\u00e3o-Celso-Luis-S\u00e1-Carvalho.pdf\">&#8220;<strong>Coaliz\u00f5es no munic\u00edpio de Rio Grande\/RS e os governos de PMDB\/Fam\u00edlia Branco (1996-2012): estrat\u00e9gia, forma\u00e7\u00e3o e administra\u00e7\u00e3o&#8221;<\/strong><\/a><\/p>\n<p>Orientador: Prof. Dr. \u00c1lvaro Barreto<\/p>\n<p>Data de defesa: 26\/04\/2013<\/p>\n<p>&nbsp;<\/p>\n<p><strong>D\u00c9BORA DA COSTA CADAVAL<\/strong><\/p>\n<p>Trabalho de Conclus\u00e3o: <a href=\"https:\/\/wp.ufpel.edu.br\/ppgs\/files\/2014\/09\/Disserta\u00e7\u00e3o-D\u00e9bora-da-Costa-Cadaval.pdf\"><strong>&#8220;Bernardino Garc\u00eda e Descendentes Charrua no Uruguai contempor\u00e2neo: Uma etnografia sobre configura\u00e7\u00f5es de mem\u00f3ria e identidades amer\u00edndias em Tacuaremb\u00f3&#8221;<\/strong><\/a><\/p>\n<p>Orientador:\u00a0Prof. Dr. Rog\u00e9rio Reus Gon\u00e7alves da Rosa<\/p>\n<p>Data de defesa: 27\/05\/2013<\/p>\n<p>&nbsp;<\/p>\n<p><strong>EVERTON GARCIA DA COSTA<\/strong><\/p>\n<p>Trabalho de Conclus\u00e3o: <a href=\"https:\/\/wp.ufpel.edu.br\/ppgs\/files\/2014\/09\/Disserta\u00e7\u00e3o-Everton-Garcia-da-Costa.pdf\"><strong>&#8220;A contribui\u00e7\u00e3o da no\u00e7\u00e3o de \u201cemancipa\u00e7\u00e3o\u201d, como categoria anal\u00edtica, para o debate moderno\/p\u00f3s-moderno&#8221;<\/strong><\/a><\/p>\n<p>Orientador: Prof. Dr. L\u00e9o Peixoto Rodrigues<\/p>\n<p>Data de defesa: 07\/06\/2013<\/p>\n<p>&nbsp;<\/p>\n<p><strong>G\u00c1RI VEIGA GLASS<\/strong><\/p>\n<p>Trabalho de Conclus\u00e3o:<a href=\"https:\/\/wp.ufpel.edu.br\/ppgs\/files\/2014\/09\/Disserta\u00e7\u00e3o-Gari-Veiga-Glass.pdf\"><strong> &#8220;UM ESTUDO SOBRE SOFRIMENTO PS\u00cdQUICO E RELIGIOSIDADE ATRAV\u00c9S DAS NARRATIVAS DE USU\u00c1RIOS DE CAPS (PELOTAS, RS)&#8221;<\/strong><\/a><\/p>\n<p>Orientador: Prof\u00aa. Dr\u00aa. Lorena Gill<\/p>\n<p>Data de defesa: 28\/05\/2013<\/p>\n<p>&nbsp;<\/p>\n<p><strong>GL\u00c1UCIA CASAGRANDE PERIPOLLI<\/strong><\/p>\n<p>Trabalho de Conclus\u00e3o: <a href=\"https:\/\/wp.ufpel.edu.br\/ppgs\/files\/2014\/09\/Dissertacao-Gl\u00e1ucia-Casagrande-Peripolli.pdf\"><strong>&#8220;As Ra\u00edzes das Flores: Uma Etnografia\u00a0Entre Mulheres Ciganas em Pelotas, RS&#8221;<\/strong><\/a><\/p>\n<p>Orientador:\u00a0Prof. Dr. Rog\u00e9rio Reus\u00a0Gon\u00e7alves da Rosa<\/p>\n<p>Data de defesa: 29\/05\/2013<\/p>\n<p>&nbsp;<\/p>\n<p><strong>ISABEL DE FIGUEIREDO MARTINS<\/strong><\/p>\n<p>Trabalho de Conclus\u00e3o: <a href=\"https:\/\/wp.ufpel.edu.br\/ppgs\/files\/2014\/09\/Disserta\u00e7\u00e3o-ISABELMARTINS.pdf\"><strong>&#8220;OS LINCHAMENTOS NO RIO GRANDE DO SUL: MOTIVA\u00c7\u00d5ES E RACIONALIDADES&#8221;<\/strong><\/a><\/p>\n<p>Orientador:\u00a0Prof. Dr. William H\u00e9ctor G\u00f3mez Soto<\/p>\n<p>Data de defesa: 20\/05\/2013<\/p>\n<p>&nbsp;<\/p>\n<p><strong>MARIA LUIZA LORENZONI BERNARDI<\/strong><\/p>\n<p>Trabalho de Conclus\u00e3o: <strong><a href=\"https:\/\/wp.ufpel.edu.br\/ppgs\/files\/2014\/09\/DISSERTA\u00c7\u00c3O-Maria-Luiza-Lorenzoni-Bernardi.pdf\">&#8220;G\u00caNERO, C\u00c1RCERE E FAM\u00cdLIA:\u00a0ESTUDO ETNOGR\u00c1FICO SOBRE A EXPERI\u00caNCIA DAS MULHERES\u00a0NO TR\u00c1FICO DE DROGAS&#8221;<\/a><\/strong><\/p>\n<p>Orientador:\u00a0Profa. Dra. Fl\u00e1via Maria Rieth<\/p>\n<p>Data de defesa: 09\/05\/2013<\/p>\n<p>&nbsp;<\/p>\n<p><strong>MARLENE JOS\u00c9 MACHADO<\/strong><\/p>\n<p>Trabalho de Conclus\u00e3o:\u00a0<strong><a href=\"https:\/\/wp.ufpel.edu.br\/ppgs\/files\/2015\/03\/Disserta\u00e7\u00e3o-Marlene-Vers\u00e3o-completa-1.pdf\">Os limites do accountability: a cassa\u00e7\u00e3o da candidatura \u00e0 reelei\u00e7\u00e3o do Prefeito de Rio Grande (RS) e as elei\u00e7\u00f5es de 2004<\/a><\/strong><\/p>\n<p>Orientador: \u00c1lvaro Augusto de Borba Barreto<\/p>\n<p>Data de defesa: 25\/07\/2013<\/p>\n<p>&nbsp;<\/p>\n<p><strong>NEILO M\u00c1RCIO DA SILVA VAZ<\/strong><\/p>\n<p>Trabalho de Conclus\u00e3o:\u00a0<a href=\"https:\/\/wp.ufpel.edu.br\/ppgs\/files\/2014\/09\/DISSERTA\u00c7\u00c3O-NEILO-VAZ-PPGS-UFPEL-2013.pdf.pdf\"><strong>Agroecologia e campenisidade: um estudo a partir da Arpasul e da Cooperativa Sul Ecol\u00f3gic<\/strong>a<\/a><\/p>\n<p>Orientador:\u00a0William H\u00e9ctor G\u00f3mez Soto<\/p>\n<p>Data de defesa: 29\/05\/2013<\/p>\n<p>&nbsp;<\/p>\n<p><strong>TATIANE DA CRUZ LANG<\/strong><\/p>\n<p>Trabalho de Conclus\u00e3o:<a href=\"https:\/\/wp.ufpel.edu.br\/ppgs\/files\/2014\/09\/Disserta\u00e7\u00e3o-Mestrado-Tatiane-Lang.pdf\"><strong> &#8220;A CONSTRU\u00c7\u00c3O SOCIAL DA DOEN\u00c7A: C\u00c2NCER DE PULM\u00c3O E SUAS RESSIGNIFICA\u00c7\u00d5ES&#8221;<\/strong><\/a><\/p>\n<p>Orientador: Prof. Dr. Marcus Vinicius Spolle<\/p>\n<p>Data de defesa: 27\/11\/2013<\/p>\n","protected":false},"excerpt":{"rendered":"<p>ALAIDES CATARINA DOS SANTOS PEREIRA Trabalho de Conclus\u00e3o: &#8220;Tens\u00e3o entre representa\u00e7\u00e3o do espa\u00e7o e pr\u00e1ticas urbanas:\u00a0um estudo sobre novos arranjos de uso e ocupa\u00e7\u00e3o do espa\u00e7o social em Pelotas&#8221; Orientador:\u00a0Prof\u00aa. Dr\u00aa. Maria Thereza Rosa Ribeiro Data de defesa: 14\/05\/2013 &nbsp; AMANDA FABRES OLIVEIRA RAD\u00dcNZ Trabalho de Conclus\u00e3o: &#8220;Agricultura familar, rela\u00e7\u00f5es de poder e mercados instiucionais: [&hellip;]<\/p>\n","protected":false},"author":396,"featured_media":0,"parent":225,"menu_order":0,"comment_status":"closed","ping_status":"closed","template":"","meta":{"jetpack_post_was_ever_published":false,"footnotes":""},"class_list":["post-422","page","type-page","status-publish","hentry"],"jetpack_sharing_enabled":true,"jetpack_shortlink":"https:\/\/wp.me\/P9dZ0f-6O","jetpack_likes_enabled":true,"jetpack-related-posts":[],"_links":{"self":[{"href":"https:\/\/wp.ufpel.edu.br\/ppgs\/wp-json\/wp\/v2\/pages\/422","targetHints":{"allow":["GET"]}}],"collection":[{"href":"https:\/\/wp.ufpel.edu.br\/ppgs\/wp-json\/wp\/v2\/pages"}],"about":[{"href":"https:\/\/wp.ufpel.edu.br\/ppgs\/wp-json\/wp\/v2\/types\/page"}],"author":[{"embeddable":true,"href":"https:\/\/wp.ufpel.edu.br\/ppgs\/wp-json\/wp\/v2\/users\/396"}],"replies":[{"embeddable":true,"href":"https:\/\/wp.ufpel.edu.br\/ppgs\/wp-json\/wp\/v2\/comments?post=422"}],"version-history":[{"count":7,"href":"https:\/\/wp.ufpel.edu.br\/ppgs\/wp-json\/wp\/v2\/pages\/422\/revisions"}],"predecessor-version":[{"id":8904,"href":"https:\/\/wp.ufpel.edu.br\/ppgs\/wp-json\/wp\/v2\/pages\/422\/revisions\/8904"}],"up":[{"embeddable":true,"href":"https:\/\/wp.ufpel.edu.br\/ppgs\/wp-json\/wp\/v2\/pages\/225"}],"wp:attachment":[{"href":"https:\/\/wp.ufpel.edu.br\/ppgs\/wp-json\/wp\/v2\/media?parent=422"}],"curies":[{"name":"wp","href":"https:\/\/api.w.org\/{rel}","templated":true}]}}