{"id":4197,"date":"2019-03-08T17:51:24","date_gmt":"2019-03-08T20:51:24","guid":{"rendered":"https:\/\/wp.ufpel.edu.br\/ppgs\/?page_id=4197"},"modified":"2025-12-10T09:19:01","modified_gmt":"2025-12-10T12:19:01","slug":"corpo-discente","status":"publish","type":"page","link":"https:\/\/wp.ufpel.edu.br\/ppgs\/doutorado\/corpo-discente\/","title":{"rendered":"Turmas atuais do Doutorado"},"content":{"rendered":"<p>Corpo discente do Doutorado do Programa de P\u00f3s-Gradua\u00e7\u00e3o em Sociologia da Universidade Federal de Pelotas:<\/p>\n<p><strong>TURMA 2025<\/strong><\/p>\n<p><a href=\"https:\/\/lattes.cnpq.br\/1502077206454784\" target=\"_blank\" rel=\"noopener\">Adriana de Souza Gomes<\/a><\/p>\n<p><a href=\"http:\/\/lattes.cnpq.br\/1880216671692658\" target=\"_blank\" rel=\"noopener\">Diego da Silva Guimar\u00e3es Queiroz<\/a><\/p>\n<p><a href=\"http:\/\/lattes.cnpq.br\/6702269049689314\" target=\"_blank\" rel=\"noopener\">Gleberson de Santa dos Santos<\/a><\/p>\n<p><a href=\"https:\/\/lattes.cnpq.br\/5728096358083837\" target=\"_blank\" rel=\"noopener\">Julia Boanova Bhom<\/a><\/p>\n<p><a href=\"http:\/\/lattes.cnpq.br\/4992784454849025\" target=\"_blank\" rel=\"noopener\">Lucas Fernandes Tavares<\/a><\/p>\n<p><a href=\"http:\/\/lattes.cnpq.br\/9942694099849321\" target=\"_blank\" rel=\"noopener\">Roberta Ness<\/a><\/p>\n<p><a href=\"http:\/\/lattes.cnpq.br\/1137931089338312\" target=\"_blank\" rel=\"noopener\">Tain\u00e1 Cardoso de Oliveira<\/a><\/p>\n<p><a href=\"https:\/\/lattes.cnpq.br\/7389975721581417\" target=\"_blank\" rel=\"noopener\">Thays Alves da Silva<\/a><\/p>\n<p><a href=\"http:\/\/lattes.cnpq.br\/3389040306080899\" target=\"_blank\" rel=\"noopener\">Umaro Seidi<\/a><\/p>\n<p><strong>TURMA 2024<\/strong><\/p>\n<p><a href=\"http:\/\/lattes.cnpq.br\/4643765634010869\">Amanda Albuquerque Peres<\/a><\/p>\n<p><a href=\"http:\/\/lattes.cnpq.br\/7186161949408994\">Bruna Mendes da Rosa<\/a><\/p>\n<p><a href=\"http:\/\/lattes.cnpq.br\/7358737005832123\">Eduarda Marina Wiedemann<\/a><\/p>\n<p><a href=\"http:\/\/lattes.cnpq.br\/3392381448045143\">Frantzso Pierre<\/a><\/p>\n<p><a href=\"http:\/\/lattes.cnpq.br\/5486404073587047\">J\u00falia de Oliveira Islab\u00e3o<\/a><\/p>\n<p><a href=\"http:\/\/lattes.cnpq.br\/1367246185429086\">Lu\u00e3 Rodrigues Silveira<\/a><\/p>\n<p><a href=\"http:\/\/lattes.cnpq.br\/9522738888933942\">Lucas Fernandes Pompeu<\/a><\/p>\n<p><a href=\"http:\/\/lattes.cnpq.br\/6437424581354215\">Luciane Barcellos de Almeida<\/a><\/p>\n<p><a href=\"http:\/\/lattes.cnpq.br\/1967282574340987\">Michael Alessandro Ferreira dos Santos<\/a><\/p>\n<p><a href=\"http:\/\/lattes.cnpq.br\/1093069517990973\">Nara Beatriz Matias Soares<\/a><\/p>\n<p><a href=\"http:\/\/lattes.cnpq.br\/3030125710952547\">Thais Garcia Jeske Uarthe<\/a><\/p>\n<p>&nbsp;<\/p>\n<p><strong>TURMA 2023<\/strong><\/p>\n<p><a href=\"http:\/\/lattes.cnpq.br\/5132109340956848\"><span style=\"font-weight: 400;\">Gabriela Pecantet Siqueira<\/span><\/a><\/p>\n<p><a href=\"http:\/\/lattes.cnpq.br\/1722710681035391\"><span style=\"font-weight: 400;\">Henrique Jeske<\/span><\/a><\/p>\n<p><a href=\"http:\/\/lattes.cnpq.br\/6440438226220517\"><span style=\"font-weight: 400;\">Manoela Vieira Neutzling<\/span><\/a><\/p>\n<p><a href=\"http:\/\/lattes.cnpq.br\/4277925109796921\"><span style=\"font-weight: 400;\">Nikolas Yoshitaka de Oliviera Konishi<\/span><\/a><\/p>\n<p><a href=\"http:\/\/lattes.cnpq.br\/4663997050702569\"><span style=\"font-weight: 400;\">Sandro Adams<\/span><\/a><\/p>\n<p>&nbsp;<\/p>\n<p><strong>TURMA 2022<\/strong><\/p>\n<p><a href=\"http:\/\/lattes.cnpq.br\/6883444530145294\">Adriana de Lemos Munsberg<\/a><\/p>\n<p style=\"font-weight: 400;\"><a href=\"http:\/\/lattes.cnpq.br\/6247439070872407\">Gabriel Loret De Mola Zanatti<\/a><\/p>\n<p style=\"font-weight: 400;\"><a href=\"http:\/\/lattes.cnpq.br\/7998834609008359\">Jair Jose Gauna Quiroz<\/a><\/p>\n<p style=\"font-weight: 400;\"><a href=\"http:\/\/lattes.cnpq.br\/5839275953253486\">Pedro Schlee Soler<\/a><\/p>\n<p style=\"font-weight: 400;\"><a href=\"http:\/\/lattes.cnpq.br\/6984220004314179\">Regis Fernando Freitas Da Silva<\/a><\/p>\n<p>&nbsp;<\/p>\n<p><strong>TURMA 2021<\/strong><\/p>\n<p><a href=\"http:\/\/lattes.cnpq.br\/9755430546151144\">Adriana Bitencourt Bertollo<\/a><\/p>\n<p style=\"font-weight: 400;\"><a href=\"http:\/\/lattes.cnpq.br\/3478206886049333\">Laylson Mota Machado<\/a><\/p>\n<p style=\"font-weight: 400;\"><a href=\"http:\/\/lattes.cnpq.br\/6144014595788538\">Lourdes Helena Martins da Silva\u00a0<\/a><\/p>\n<p style=\"font-weight: 400;\"><a href=\"http:\/\/lattes.cnpq.br\/2784352958535431\">Luan Gomes dos Santos Oliveira\u00a0<\/a><\/p>\n<p style=\"font-weight: 400;\"><a href=\"http:\/\/lattes.cnpq.br\/9125720632551138\">Matheus Lira Bento<\/a><\/p>\n<p style=\"font-weight: 400;\"><a href=\"http:\/\/lattes.cnpq.br\/0046953317727011\">Pierri Ara\u00fajo Porci\u00fancula\u00a0<\/a><\/p>\n<p style=\"font-weight: 400;\"><a href=\"http:\/\/lattes.cnpq.br\/0440291837908230\">Roberta Herman Mesko<\/a><\/p>\n<p>&nbsp;<\/p>\n<p>&nbsp;<\/p>\n","protected":false},"excerpt":{"rendered":"<p>Corpo discente do Doutorado do Programa de P\u00f3s-Gradua\u00e7\u00e3o em Sociologia da Universidade Federal de Pelotas: TURMA 2025 Adriana de Souza Gomes Diego da Silva Guimar\u00e3es Queiroz Gleberson de Santa dos Santos Julia Boanova Bhom Lucas Fernandes Tavares Roberta Ness Tain\u00e1 Cardoso de Oliveira Thays Alves da Silva Umaro Seidi TURMA 2024 Amanda Albuquerque Peres Bruna [&hellip;]<\/p>\n","protected":false},"author":396,"featured_media":0,"parent":3808,"menu_order":0,"comment_status":"closed","ping_status":"closed","template":"","meta":{"jetpack_post_was_ever_published":false,"footnotes":""},"class_list":["post-4197","page","type-page","status-publish","hentry"],"jetpack_sharing_enabled":true,"jetpack_shortlink":"https:\/\/wp.me\/P9dZ0f-15H","jetpack_likes_enabled":true,"jetpack-related-posts":[],"_links":{"self":[{"href":"https:\/\/wp.ufpel.edu.br\/ppgs\/wp-json\/wp\/v2\/pages\/4197","targetHints":{"allow":["GET"]}}],"collection":[{"href":"https:\/\/wp.ufpel.edu.br\/ppgs\/wp-json\/wp\/v2\/pages"}],"about":[{"href":"https:\/\/wp.ufpel.edu.br\/ppgs\/wp-json\/wp\/v2\/types\/page"}],"author":[{"embeddable":true,"href":"https:\/\/wp.ufpel.edu.br\/ppgs\/wp-json\/wp\/v2\/users\/396"}],"replies":[{"embeddable":true,"href":"https:\/\/wp.ufpel.edu.br\/ppgs\/wp-json\/wp\/v2\/comments?post=4197"}],"version-history":[{"count":4,"href":"https:\/\/wp.ufpel.edu.br\/ppgs\/wp-json\/wp\/v2\/pages\/4197\/revisions"}],"predecessor-version":[{"id":10610,"href":"https:\/\/wp.ufpel.edu.br\/ppgs\/wp-json\/wp\/v2\/pages\/4197\/revisions\/10610"}],"up":[{"embeddable":true,"href":"https:\/\/wp.ufpel.edu.br\/ppgs\/wp-json\/wp\/v2\/pages\/3808"}],"wp:attachment":[{"href":"https:\/\/wp.ufpel.edu.br\/ppgs\/wp-json\/wp\/v2\/media?parent=4197"}],"curies":[{"name":"wp","href":"https:\/\/api.w.org\/{rel}","templated":true}]}}