{"id":4095,"date":"2019-02-18T15:49:49","date_gmt":"2019-02-18T18:49:49","guid":{"rendered":"https:\/\/wp.ufpel.edu.br\/ppgs\/?page_id=4095"},"modified":"2019-02-18T16:00:37","modified_gmt":"2019-02-18T19:00:37","slug":"iv-eics","status":"publish","type":"page","link":"https:\/\/wp.ufpel.edu.br\/ppgs\/eventos\/eventos-anos-anteriores\/iv-eics\/","title":{"rendered":"IV EICS"},"content":{"rendered":"<p><img data-recalc-dims=\"1\" class=\" alignleft\" src=\"https:\/\/i0.wp.com\/wp.ufpel.edu.br\/ppgcienciapolitica\/files\/2018\/10\/banner.jpg?resize=331%2C440&#038;ssl=1\" width=\"331\" height=\"440\" \/><\/p>\n<p>IV EICS &#8211; Encontro Internacional de Ci\u00eancias Sociais: Espa\u00e7os P\u00fablicos, Identidades e Diferen\u00e7as<\/p>\n<p>18 a 21 de novembro de 2014 \u2013 UFPel\/Pelotas-RS\/Brasil<\/p>\n<p>&nbsp;<\/p>\n<p><strong>ANAIS DO EVENTO<\/strong><\/p>\n<p><a href=\"https:\/\/wp.ufpel.edu.br\/ppgcienciapolitica\/files\/2018\/10\/Ficha-T%C3%A9cnica.pdf\">Ficha T\u00e9cnica<\/a><\/p>\n<p><a href=\"https:\/\/wp.ufpel.edu.br\/ppgcienciapolitica\/files\/2018\/10\/Ficha-Catalogr%C3%A1fica.pdf\">Ficha Catalogr\u00e1fica<\/a><\/p>\n<p><a href=\"https:\/\/wp.ufpel.edu.br\/ppgcienciapolitica\/files\/2018\/10\/Apresenta%C3%A7%C3%A3o.pdf\">Apresenta\u00e7\u00e3o<\/a><\/p>\n<p><a href=\"https:\/\/wp.ufpel.edu.br\/ppgcienciapolitica\/files\/2018\/10\/Artigos-Completos-por-GT.rar\">Artigos Completos por GT<\/a><\/p>\n<p>&nbsp;<\/p>\n","protected":false},"excerpt":{"rendered":"<p>IV EICS &#8211; Encontro Internacional de Ci\u00eancias Sociais: Espa\u00e7os P\u00fablicos, Identidades e Diferen\u00e7as 18 a 21 de novembro de 2014 \u2013 UFPel\/Pelotas-RS\/Brasil &nbsp; ANAIS DO EVENTO Ficha T\u00e9cnica Ficha Catalogr\u00e1fica Apresenta\u00e7\u00e3o Artigos Completos por GT &nbsp;<\/p>\n","protected":false},"author":396,"featured_media":0,"parent":2289,"menu_order":0,"comment_status":"closed","ping_status":"closed","template":"","meta":{"jetpack_post_was_ever_published":false,"footnotes":""},"class_list":["post-4095","page","type-page","status-publish","hentry"],"jetpack_sharing_enabled":true,"jetpack_shortlink":"https:\/\/wp.me\/P9dZ0f-143","jetpack_likes_enabled":true,"jetpack-related-posts":[],"_links":{"self":[{"href":"https:\/\/wp.ufpel.edu.br\/ppgs\/wp-json\/wp\/v2\/pages\/4095","targetHints":{"allow":["GET"]}}],"collection":[{"href":"https:\/\/wp.ufpel.edu.br\/ppgs\/wp-json\/wp\/v2\/pages"}],"about":[{"href":"https:\/\/wp.ufpel.edu.br\/ppgs\/wp-json\/wp\/v2\/types\/page"}],"author":[{"embeddable":true,"href":"https:\/\/wp.ufpel.edu.br\/ppgs\/wp-json\/wp\/v2\/users\/396"}],"replies":[{"embeddable":true,"href":"https:\/\/wp.ufpel.edu.br\/ppgs\/wp-json\/wp\/v2\/comments?post=4095"}],"version-history":[{"count":3,"href":"https:\/\/wp.ufpel.edu.br\/ppgs\/wp-json\/wp\/v2\/pages\/4095\/revisions"}],"predecessor-version":[{"id":4099,"href":"https:\/\/wp.ufpel.edu.br\/ppgs\/wp-json\/wp\/v2\/pages\/4095\/revisions\/4099"}],"up":[{"embeddable":true,"href":"https:\/\/wp.ufpel.edu.br\/ppgs\/wp-json\/wp\/v2\/pages\/2289"}],"wp:attachment":[{"href":"https:\/\/wp.ufpel.edu.br\/ppgs\/wp-json\/wp\/v2\/media?parent=4095"}],"curies":[{"name":"wp","href":"https:\/\/api.w.org\/{rel}","templated":true}]}}