{"id":3855,"date":"2018-10-30T19:49:51","date_gmt":"2018-10-30T22:49:51","guid":{"rendered":"https:\/\/wp.ufpel.edu.br\/ppgs\/?page_id=3855"},"modified":"2025-04-01T15:33:05","modified_gmt":"2025-04-01T18:33:05","slug":"mestrado","status":"publish","type":"page","link":"https:\/\/wp.ufpel.edu.br\/ppgs\/mestrado\/","title":{"rendered":"Mestrado"},"content":{"rendered":"<p>Corpo discente do Mestrado do Programa de P\u00f3s-Gradua\u00e7\u00e3o em Sociologia da Universidade Federal de Pelotas (PPGS\/UFPel):<\/p>\n<p><a href=\"https:\/\/wp.ufpel.edu.br\/ppgs\/mestrado\/mestrado-2\/\">Turmas atuais do mestrado.<\/a><\/p>\n<p><a href=\"https:\/\/wp.ufpel.edu.br\/ppgs\/corpo-discente\/egressos\/egressos-mestrado\/\">Egressos do mestrado.<\/a><\/p>\n<p><a href=\"https:\/\/wp.ufpel.edu.br\/ppgs\/processo-seletivo\/\">Processo seletivo do PPGS.<\/a><\/p>\n","protected":false},"excerpt":{"rendered":"<p>Corpo discente do Mestrado do Programa de P\u00f3s-Gradua\u00e7\u00e3o em Sociologia da Universidade Federal de Pelotas (PPGS\/UFPel): Turmas atuais do mestrado. Egressos do mestrado. Processo seletivo do PPGS.<\/p>\n","protected":false},"author":396,"featured_media":0,"parent":0,"menu_order":0,"comment_status":"closed","ping_status":"closed","template":"","meta":{"jetpack_post_was_ever_published":false,"footnotes":""},"class_list":["post-3855","page","type-page","status-publish","hentry"],"jetpack_sharing_enabled":true,"jetpack_shortlink":"https:\/\/wp.me\/P9dZ0f-10b","jetpack_likes_enabled":true,"jetpack-related-posts":[],"_links":{"self":[{"href":"https:\/\/wp.ufpel.edu.br\/ppgs\/wp-json\/wp\/v2\/pages\/3855","targetHints":{"allow":["GET"]}}],"collection":[{"href":"https:\/\/wp.ufpel.edu.br\/ppgs\/wp-json\/wp\/v2\/pages"}],"about":[{"href":"https:\/\/wp.ufpel.edu.br\/ppgs\/wp-json\/wp\/v2\/types\/page"}],"author":[{"embeddable":true,"href":"https:\/\/wp.ufpel.edu.br\/ppgs\/wp-json\/wp\/v2\/users\/396"}],"replies":[{"embeddable":true,"href":"https:\/\/wp.ufpel.edu.br\/ppgs\/wp-json\/wp\/v2\/comments?post=3855"}],"version-history":[{"count":17,"href":"https:\/\/wp.ufpel.edu.br\/ppgs\/wp-json\/wp\/v2\/pages\/3855\/revisions"}],"predecessor-version":[{"id":10650,"href":"https:\/\/wp.ufpel.edu.br\/ppgs\/wp-json\/wp\/v2\/pages\/3855\/revisions\/10650"}],"wp:attachment":[{"href":"https:\/\/wp.ufpel.edu.br\/ppgs\/wp-json\/wp\/v2\/media?parent=3855"}],"curies":[{"name":"wp","href":"https:\/\/api.w.org\/{rel}","templated":true}]}}