{"id":3808,"date":"2018-10-08T17:33:23","date_gmt":"2018-10-08T20:33:23","guid":{"rendered":"https:\/\/wp.ufpel.edu.br\/ppgs\/?page_id=3808"},"modified":"2024-09-10T02:10:13","modified_gmt":"2024-09-10T05:10:13","slug":"doutorado","status":"publish","type":"page","link":"https:\/\/wp.ufpel.edu.br\/ppgs\/doutorado\/","title":{"rendered":"Doutorado"},"content":{"rendered":"<p>Corpo discente do Doutorado do Programa de P\u00f3s-Gradua\u00e7\u00e3o em Sociologia da Universidade Federal de Pelotas (PPGS\/UFPel):<\/p>\n<p><a href=\"https:\/\/wp.ufpel.edu.br\/ppgs\/doutorado\/corpo-discente\/\">Turmas atuais do doutorado.<\/a><\/p>\n<p><a href=\"https:\/\/wp.ufpel.edu.br\/ppgs\/doutorado\/egressos-do-doutorado-ppgs-ufpel\/\">Egressos do doutorado.<\/a><\/p>\n<p><a href=\"https:\/\/wp.ufpel.edu.br\/ppgs\/processo-seletivo\/\">Processo seletivo do PPGS.<\/a><\/p>\n","protected":false},"excerpt":{"rendered":"<p>Corpo discente do Doutorado do Programa de P\u00f3s-Gradua\u00e7\u00e3o em Sociologia da Universidade Federal de Pelotas (PPGS\/UFPel): Turmas atuais do doutorado. Egressos do doutorado. Processo seletivo do PPGS.<\/p>\n","protected":false},"author":396,"featured_media":0,"parent":0,"menu_order":0,"comment_status":"closed","ping_status":"closed","template":"","meta":{"jetpack_post_was_ever_published":false,"footnotes":""},"class_list":["post-3808","page","type-page","status-publish","hentry"],"jetpack_sharing_enabled":true,"jetpack_shortlink":"https:\/\/wp.me\/P9dZ0f-Zq","jetpack_likes_enabled":true,"jetpack-related-posts":[],"_links":{"self":[{"href":"https:\/\/wp.ufpel.edu.br\/ppgs\/wp-json\/wp\/v2\/pages\/3808","targetHints":{"allow":["GET"]}}],"collection":[{"href":"https:\/\/wp.ufpel.edu.br\/ppgs\/wp-json\/wp\/v2\/pages"}],"about":[{"href":"https:\/\/wp.ufpel.edu.br\/ppgs\/wp-json\/wp\/v2\/types\/page"}],"author":[{"embeddable":true,"href":"https:\/\/wp.ufpel.edu.br\/ppgs\/wp-json\/wp\/v2\/users\/396"}],"replies":[{"embeddable":true,"href":"https:\/\/wp.ufpel.edu.br\/ppgs\/wp-json\/wp\/v2\/comments?post=3808"}],"version-history":[{"count":16,"href":"https:\/\/wp.ufpel.edu.br\/ppgs\/wp-json\/wp\/v2\/pages\/3808\/revisions"}],"predecessor-version":[{"id":8921,"href":"https:\/\/wp.ufpel.edu.br\/ppgs\/wp-json\/wp\/v2\/pages\/3808\/revisions\/8921"}],"wp:attachment":[{"href":"https:\/\/wp.ufpel.edu.br\/ppgs\/wp-json\/wp\/v2\/media?parent=3808"}],"curies":[{"name":"wp","href":"https:\/\/api.w.org\/{rel}","templated":true}]}}