{"id":38,"date":"2014-05-26T17:46:38","date_gmt":"2014-05-26T20:46:38","guid":{"rendered":"https:\/\/wp.ufpel.edu.br\/ppgs\/?page_id=38"},"modified":"2025-11-29T09:08:00","modified_gmt":"2025-11-29T12:08:00","slug":"estrutura-curricular","status":"publish","type":"page","link":"https:\/\/wp.ufpel.edu.br\/ppgs\/estrutura-curricular\/","title":{"rendered":"Estrutura Curricular"},"content":{"rendered":"<p>Os curr\u00edculos dos Cursos de Mestrado e Doutorado em Sociologia s\u00e3o constitu\u00eddos por disciplinas obrigat\u00f3rias e optativas.<\/p>\n<p>Consideram-se disciplinas obrigat\u00f3rias aquelas que representam o suporte formal e intelectivo indispens\u00e1vel ao desenvolvimento do curso. Consideram-se disciplinas optativas aquelas que visam \u00e0 forma\u00e7\u00e3o do aluno nas diferentes linhas de pesquisa do Programa.<\/p>\n<p>&nbsp;<\/p>\n<p>O discente do curso de <strong>Mestrado<\/strong> deve integralizar um m\u00ednimo de 32 (trinta e dois) cr\u00e9ditos, assim discriminados:<\/p>\n<p>I &#8211; 14 (catorze) em disciplinas obrigat\u00f3rias;<\/p>\n<p>II \u2013 12 (doze) em disciplinas optativas<\/p>\n<p>III &#8211; 06 (seis) obtidos por meio da aprova\u00e7\u00e3o na disserta\u00e7\u00e3o.<\/p>\n<p>&nbsp;<\/p>\n<p>O discente do curso de<strong> Doutorado<\/strong> deve integralizar um m\u00ednimo de 46 (quarenta e seis) cr\u00e9ditos, assim discriminados:<\/p>\n<p>I \u2013 18 (dezoito) em disciplinas obrigat\u00f3rias;<\/p>\n<p>II &#8211;\u00a0 22 (vinte e dois) em disciplinas optativas;<\/p>\n<p>III &#8211; 06 (seis) obtidos por meio da aprova\u00e7\u00e3o da tese.<\/p>\n<p>Mais informa\u00e7\u00f5es podem ser obtidas no <a href=\"https:\/\/wp.ufpel.edu.br\/ppgs\/files\/2025\/11\/Novo-regimento-PPGS-2.pdf\">Regimento do PPGSociologia<\/a><\/p>\n","protected":false},"excerpt":{"rendered":"<p>Os curr\u00edculos dos Cursos de Mestrado e Doutorado em Sociologia s\u00e3o constitu\u00eddos por disciplinas obrigat\u00f3rias e optativas. Consideram-se disciplinas obrigat\u00f3rias aquelas que representam o suporte formal e intelectivo indispens\u00e1vel ao desenvolvimento do curso. Consideram-se disciplinas optativas aquelas que visam \u00e0 forma\u00e7\u00e3o do aluno nas diferentes linhas de pesquisa do Programa. &nbsp; O discente do curso [&hellip;]<\/p>\n","protected":false},"author":396,"featured_media":0,"parent":0,"menu_order":3,"comment_status":"closed","ping_status":"closed","template":"","meta":{"jetpack_post_was_ever_published":false,"footnotes":""},"class_list":["post-38","page","type-page","status-publish","hentry"],"jetpack_sharing_enabled":true,"jetpack_shortlink":"https:\/\/wp.me\/P9dZ0f-C","jetpack_likes_enabled":true,"jetpack-related-posts":[],"_links":{"self":[{"href":"https:\/\/wp.ufpel.edu.br\/ppgs\/wp-json\/wp\/v2\/pages\/38","targetHints":{"allow":["GET"]}}],"collection":[{"href":"https:\/\/wp.ufpel.edu.br\/ppgs\/wp-json\/wp\/v2\/pages"}],"about":[{"href":"https:\/\/wp.ufpel.edu.br\/ppgs\/wp-json\/wp\/v2\/types\/page"}],"author":[{"embeddable":true,"href":"https:\/\/wp.ufpel.edu.br\/ppgs\/wp-json\/wp\/v2\/users\/396"}],"replies":[{"embeddable":true,"href":"https:\/\/wp.ufpel.edu.br\/ppgs\/wp-json\/wp\/v2\/comments?post=38"}],"version-history":[{"count":4,"href":"https:\/\/wp.ufpel.edu.br\/ppgs\/wp-json\/wp\/v2\/pages\/38\/revisions"}],"predecessor-version":[{"id":10580,"href":"https:\/\/wp.ufpel.edu.br\/ppgs\/wp-json\/wp\/v2\/pages\/38\/revisions\/10580"}],"wp:attachment":[{"href":"https:\/\/wp.ufpel.edu.br\/ppgs\/wp-json\/wp\/v2\/media?parent=38"}],"curies":[{"name":"wp","href":"https:\/\/api.w.org\/{rel}","templated":true}]}}