{"id":3208,"date":"2018-03-21T18:26:53","date_gmt":"2018-03-21T21:26:53","guid":{"rendered":"https:\/\/wp.ufpel.edu.br\/ppgs\/?page_id=3208"},"modified":"2018-11-23T17:44:04","modified_gmt":"2018-11-23T19:44:04","slug":"topicos-i-mercados-contestados-e-mercados-emergentes","status":"publish","type":"page","link":"https:\/\/wp.ufpel.edu.br\/ppgs\/eventos\/eventos-2018\/topicos-i-mercados-contestados-e-mercados-emergentes\/","title":{"rendered":"T\u00f3picos I: Mercados Contestados e Mercados Emergentes"},"content":{"rendered":"<p>O Programa de P\u00f3s-Gradua\u00e7\u00e3o, em Sociologia da Universidade Federal de Pelotas (PPGS\/UFPel), promove durante o m\u00eas de abril de 2018 a disciplina &#8220;T\u00f3picos I: Mercados Contestados e Mercados Emergentes&#8221;, que contar\u00e1 com a participa\u00e7\u00e3o do professor convidado Dr. Rafael Marques, da Universidade de Lisboa, al\u00e9m da Prof. Dra. Elaine da Silveira Leite e do Prof. Dr. M\u00e1rcio Rodrigues, do pr\u00f3prio PPGS.<\/p>\n<p>A atividade \u00e9 destinada aos alunos regulares do Programa e conceder\u00e1 1 cr\u00e9dito para aqueles que efetivamente participarem.<\/p>\n<p><span lang=\"ES-TRAD\">Os t\u00f3picos abordados ser\u00e3o: &#8220;<em>Os dilemas do cronocentrismo e suas respostas: Serendipismo e Imagina\u00e7\u00e3o Sociol\u00f3gica<\/em>&#8220;; <em>Repulsa, Moral e Poder: Convers\u00f5es de bens em mercados contestados<\/em>&#8220;; &#8220;<em>Intimidades e Moralidades no Mercado<\/em>&#8220;; &#8220;<em>Empresas, mercados e o consumo de bens simb\u00f3licos<\/em>&#8220;.<\/span><\/p>\n<p>Interessados devem solicitar matr\u00edcula junto \u00e0 secretaria do PPGSociologia\/UFPel (ou pelo e-mail <a href=\"mailto:ppgsoc.ufpel@gmail.com\" target=\"_blank\" rel=\"noopener\">ppgsoc.ufpel@gmail.com<\/a>), mediante a entrega do formul\u00e1rio 02 dispon\u00edvel em nosso site e do n\u00famero do CPF.<\/p>\n<p><strong>PROGRAMA\u00c7\u00c3O E LOCAIS DAS AULAS<\/strong><\/p>\n<p><a href=\"https:\/\/i0.wp.com\/wp.ufpel.edu.br\/ppgs\/files\/2018\/03\/T%C3%B3picosI-2018-1.jpg?ssl=1\"><img data-recalc-dims=\"1\" data-attachment-id=\"3198\" data-permalink=\"https:\/\/wp.ufpel.edu.br\/ppgs\/2018\/03\/21\/topicos-i-mercados-contestados-e-mercados-emergentes\/topicosi-2018-1\/\" data-orig-file=\"https:\/\/i0.wp.com\/wp.ufpel.edu.br\/ppgs\/files\/2018\/03\/T%C3%B3picosI-2018-1.jpg?fit=640%2C480&amp;ssl=1\" data-orig-size=\"640,480\" data-comments-opened=\"0\" data-image-meta=\"{&quot;aperture&quot;:&quot;0&quot;,&quot;credit&quot;:&quot;&quot;,&quot;camera&quot;:&quot;&quot;,&quot;caption&quot;:&quot;&quot;,&quot;created_timestamp&quot;:&quot;0&quot;,&quot;copyright&quot;:&quot;&quot;,&quot;focal_length&quot;:&quot;0&quot;,&quot;iso&quot;:&quot;0&quot;,&quot;shutter_speed&quot;:&quot;0&quot;,&quot;title&quot;:&quot;&quot;,&quot;orientation&quot;:&quot;0&quot;}\" data-image-title=\"T\u00f3picosI-2018-1\" data-image-description=\"\" data-image-caption=\"\" data-medium-file=\"https:\/\/i0.wp.com\/wp.ufpel.edu.br\/ppgs\/files\/2018\/03\/T%C3%B3picosI-2018-1.jpg?fit=400%2C300&amp;ssl=1\" data-large-file=\"https:\/\/i0.wp.com\/wp.ufpel.edu.br\/ppgs\/files\/2018\/03\/T%C3%B3picosI-2018-1.jpg?fit=640%2C480&amp;ssl=1\" class=\"size-full wp-image-3198 alignleft\" src=\"https:\/\/i0.wp.com\/wp.ufpel.edu.br\/ppgs\/files\/2018\/03\/T%C3%B3picosI-2018-1.jpg?resize=640%2C480&#038;ssl=1\" alt=\"\" width=\"640\" height=\"480\" srcset=\"https:\/\/i0.wp.com\/wp.ufpel.edu.br\/ppgs\/files\/2018\/03\/T%C3%B3picosI-2018-1.jpg?w=640&amp;ssl=1 640w, https:\/\/i0.wp.com\/wp.ufpel.edu.br\/ppgs\/files\/2018\/03\/T%C3%B3picosI-2018-1.jpg?resize=400%2C300&amp;ssl=1 400w\" sizes=\"(max-width: 640px) 100vw, 640px\" \/><\/a><\/p>\n<p>&nbsp;<\/p>\n<p>&nbsp;<\/p>\n","protected":false},"excerpt":{"rendered":"<p>O Programa de P\u00f3s-Gradua\u00e7\u00e3o, em Sociologia da Universidade Federal de Pelotas (PPGS\/UFPel), promove durante o m\u00eas de abril de 2018 a disciplina &#8220;T\u00f3picos I: Mercados Contestados e Mercados Emergentes&#8221;, que contar\u00e1 com a participa\u00e7\u00e3o do professor convidado Dr. Rafael Marques, da Universidade de Lisboa, al\u00e9m da Prof. Dra. Elaine da Silveira Leite e do Prof. [&hellip;]<\/p>\n","protected":false},"author":396,"featured_media":0,"parent":3200,"menu_order":2,"comment_status":"closed","ping_status":"closed","template":"","meta":{"jetpack_post_was_ever_published":false,"footnotes":""},"class_list":["post-3208","page","type-page","status-publish","hentry"],"jetpack_sharing_enabled":true,"jetpack_shortlink":"https:\/\/wp.me\/P9dZ0f-PK","jetpack_likes_enabled":true,"jetpack-related-posts":[],"_links":{"self":[{"href":"https:\/\/wp.ufpel.edu.br\/ppgs\/wp-json\/wp\/v2\/pages\/3208","targetHints":{"allow":["GET"]}}],"collection":[{"href":"https:\/\/wp.ufpel.edu.br\/ppgs\/wp-json\/wp\/v2\/pages"}],"about":[{"href":"https:\/\/wp.ufpel.edu.br\/ppgs\/wp-json\/wp\/v2\/types\/page"}],"author":[{"embeddable":true,"href":"https:\/\/wp.ufpel.edu.br\/ppgs\/wp-json\/wp\/v2\/users\/396"}],"replies":[{"embeddable":true,"href":"https:\/\/wp.ufpel.edu.br\/ppgs\/wp-json\/wp\/v2\/comments?post=3208"}],"version-history":[{"count":3,"href":"https:\/\/wp.ufpel.edu.br\/ppgs\/wp-json\/wp\/v2\/pages\/3208\/revisions"}],"predecessor-version":[{"id":3966,"href":"https:\/\/wp.ufpel.edu.br\/ppgs\/wp-json\/wp\/v2\/pages\/3208\/revisions\/3966"}],"up":[{"embeddable":true,"href":"https:\/\/wp.ufpel.edu.br\/ppgs\/wp-json\/wp\/v2\/pages\/3200"}],"wp:attachment":[{"href":"https:\/\/wp.ufpel.edu.br\/ppgs\/wp-json\/wp\/v2\/media?parent=3208"}],"curies":[{"name":"wp","href":"https:\/\/api.w.org\/{rel}","templated":true}]}}