{"id":3157,"date":"2018-02-28T23:47:53","date_gmt":"2018-03-01T02:47:53","guid":{"rendered":"https:\/\/wp.ufpel.edu.br\/ppgs\/?page_id=3157"},"modified":"2024-09-10T02:03:04","modified_gmt":"2024-09-10T05:03:04","slug":"turma-2016","status":"publish","type":"page","link":"https:\/\/wp.ufpel.edu.br\/ppgs\/producaoeeventos\/dissertacoes\/turma-2016\/","title":{"rendered":"Disserta\u00e7\u00f5es: Turma 2016"},"content":{"rendered":"<p><strong>ALEJANDRO RAFAEL MALDONADO FERM\u00cdN<br \/>\n<\/strong><\/p>\n<p>Trabalho de Conclus\u00e3o: <strong><a href=\"https:\/\/wp.ufpel.edu.br\/ppgs\/files\/2018\/02\/Alejandro-Maldonado-Disserta\u00e7\u00e3o2018.pdf\">Imagin\u00e1rios da inseguran\u00e7a: seguran\u00e7a privada e vida cotidiana nas cidades de Pelotas e Rio Grande &#8211; RS<\/a>.<\/strong><\/p>\n<p>Orientadora: Prof. Dra. Maria Thereza Rosa Ribeiro.<\/p>\n<p>Data de Defesa: 21\/02\/2018<\/p>\n<p>&nbsp;<\/p>\n<p><strong>ANNE PINTO BRANDALISE<br \/>\n<\/strong><\/p>\n<p>Trabalho de Conclus\u00e3o: <a href=\"https:\/\/wp.ufpel.edu.br\/ppgs\/files\/2018\/08\/Anne-Disserta\u00e7\u00e3o.pdf\"><strong>Do valor simb\u00f3lico \u00e0 precifica\u00e7\u00e3o dos riscos ambientais. A legitima\u00e7\u00e3o das Seguradoras na oferta de Seguros Ambientais no estado do Rio Grande do Sul<\/strong><\/a><\/p>\n<p>Orientadora: Prof. Dra. Elaine da Silveira Leite<\/p>\n<p>Data de Defesa: 25\/06\/2018<\/p>\n<p>&nbsp;<\/p>\n<p><strong>BRUNA SIQUEIRA DE ALMEIDA<\/strong><\/p>\n<p>Trabalho de Conclus\u00e3o: <strong><a href=\"https:\/\/wp.ufpel.edu.br\/ppgs\/files\/2018\/08\/Dissertacao-Bruna-Siqueira-de-Almeida-05.08.2018.pdf\">Entre a vigil\u00e2ncia e o controle: As propostas de gest\u00e3o e os mecanismos de engajamento em empresa multinacional do ramo de agroneg\u00f3cios no Rio Grande do Sul<\/a><\/strong><\/p>\n<p>Orientador: Prof. Dr. Attila Magno e Silva Barbosa<\/p>\n<p>Data de Defesa: 07\/06\/2018<\/p>\n<p>&nbsp;<\/p>\n<p><strong>CARLOS EDUARDO DA SILVA RIBEIRO<\/strong><\/p>\n<p>Trabalho de Conclus\u00e3o: <a href=\"https:\/\/wp.ufpel.edu.br\/ppgs\/files\/2018\/06\/disserta\u00e7\u00e3o-carlos-eduardo-da-silva-ribeiro-2018.pdf\"><strong>Mem\u00f3ria, Resist\u00eancia e Fabula\u00e7\u00e3o: uma an\u00e1lise da Ceil\u00e2ndia de Adirley Queir\u00f3s<\/strong><\/a><\/p>\n<p>Orientador: Prof. Dr. Fernando de Figueiredo Balieiro<\/p>\n<p>Data de Defesa: 11\/04\/2018<\/p>\n<p>&nbsp;<\/p>\n<p><strong>CAROLINA FREITAS DE OLIVEIRA SILVA<\/strong><\/p>\n<p>Trabalho de Conclus\u00e3o: <a href=\"https:\/\/wp.ufpel.edu.br\/ppgs\/files\/2018\/10\/Silva-Carolina-FO-A-justi\u00e7a-e-os-feminic\u00eddios-em-Pelotas-RS-um-estudo-sobre-classe-g\u00eanero-e-ra\u00e7a-nesses-crimes.pdf\"><span style=\"text-decoration: underline;\"><strong>A justi\u00e7a e os feminic\u00eddios em Pelotas-RS: Um estudo sobre classe, ra\u00e7a e g\u00eanero nesses crimes<\/strong><\/span><\/a><\/p>\n<p>Orientador: Prof. Dr. Marcus Vinicius Spolle<br \/>\nCoorientador: Prof. Dr. Am\u00edlcar Cardoso Vila\u00e7a de Freitas<\/p>\n<p>Data de Defesa: 27\/08\/2018<\/p>\n<p>&nbsp;<\/p>\n<p><strong>CAROLINA MONTEIRO ALVES<\/strong><\/p>\n<p>Trabalho de Conclus\u00e3o: <strong><a href=\"https:\/\/wp.ufpel.edu.br\/ppgs\/files\/2018\/09\/Disserta\u00e7\u00e3o-PPGS-Carolina-Monteiro-Alves.pdf\">O Neocolonialismo <em>Em War In Peace<\/em> (2007) e <em>Beasts of no Nation<\/em> (2015): Uma vis\u00e3o cr\u00edtica das cinematografias do Ocidente<\/a><\/strong><\/p>\n<p>Orientador: Prof. Dr. S\u00e9rgio Botton Barcellos<\/p>\n<p>Data de Defesa: 09\/07\/2018<\/p>\n<p>&nbsp;<\/p>\n<p><strong>EDUARDA DAM\u00c9 CASTILHO BETTIN<\/strong><\/p>\n<p>Trabalho de Conclus\u00e3o: <a href=\"https:\/\/wp.ufpel.edu.br\/ppgs\/files\/2018\/07\/Vers\u00e3o-Final-Disserta\u00e7\u00e3o.pdf\"><strong>Corpos, sexualidades e intimidades femininas na era digital: uma an\u00e1lise dos canais de YouTube JoutJout Prazer, Rayza Nic\u00e1cio e Ana de Cesaro<\/strong><\/a><\/p>\n<p>Orientador: Prof. Dr. Fernando de Figueiredo Balieiro<\/p>\n<p>Data de Defesa: 13\/06\/2018<\/p>\n<p>&nbsp;<\/p>\n<p><strong>JENIFER DA SILVA GAVILAN<\/strong><\/p>\n<p>Trabalho de Conclus\u00e3o: <strong><a href=\"https:\/\/wp.ufpel.edu.br\/ppgs\/files\/2018\/10\/Dissertac\u0327a\u0303o-Jenifer-da-Silva-Gavilan-UFPel-2018-.pdf\">Trabalho docente na rede municipal de escolas p\u00fablicas de Sobral-CE: compromisso produtivo din\u00e2mico em um contexto de \u201csucesso escolar\u201d<\/a><\/strong><\/p>\n<p>Orientador: Prof. Dr. Pedro Alcides Robertt<\/p>\n<p>Data de Defesa: 30\/08\/2018<\/p>\n<p>&nbsp;<\/p>\n<p><strong>JULIO MARINHO FERREIRA<\/strong><\/p>\n<p>Trabalho de Conclus\u00e3o: <strong><a href=\"https:\/\/wp.ufpel.edu.br\/ppgs\/files\/2018\/10\/dissertacao_julio_2018-ARRUMADA-pdf.pdf\">Entre fakes e Catfishes: Vidas online e a intera\u00e7\u00e3o entre usu\u00e1rios de redes sociais virtuais<\/a><\/strong><\/p>\n<p>Orientador: Prof. Dr. Attila Magno e Silva Barbosa<\/p>\n<p>Data de Defesa: 29\/08\/2018<\/p>\n<p>&nbsp;<\/p>\n<p><strong>LEANDRO ALMEIDA DE TUNES<\/strong><\/p>\n<p>Trabalho de Conclus\u00e3o:\u00a0<a href=\"https:\/\/wp.ufpel.edu.br\/ppgs\/files\/2018\/08\/Vers\u00e3o-final-original.pdf\"><strong>Constru\u00e7\u00e3o identit\u00e1ria e pol\u00edticas p\u00fablicas: uma abordagem sociol\u00f3gica sobre as(os) triadoras(es) de res\u00edduos de Pelotas &#8211; RS<\/strong><\/a><\/p>\n<p>Orientador: Prof. Dr. S\u00e9rgio Botton Barcellos<\/p>\n<p>Data de Defesa: 29\/06\/2018<\/p>\n<p>&nbsp;<\/p>\n<p><strong>MARIANA DIAS CABELLEIRA<\/strong><\/p>\n<p>Trabalho de Conclus\u00e3o: <strong><a href=\"https:\/\/wp.ufpel.edu.br\/ppgs\/files\/2018\/08\/VERS\u00c3O-FINAL-Disserta\u00e7\u00e3o-Mariana-Dias-Cabelleira-1.pdf\">As identidades dos alunos quilombolas da Universidade Federal de Pelotas: trajet\u00f3rias, constru\u00e7\u00f5es e articula\u00e7\u00f5es<\/a><\/strong><\/p>\n<p>Orientador: Prof. Dr. Marcus Vin\u00edcius Spolle<\/p>\n<p>Data de Defesa: 14\/06\/2018<\/p>\n<p>&nbsp;<\/p>\n<p><strong>MURILO PAIOTTI DIAS<\/strong><\/p>\n<p>Trabalho de Conclus\u00e3o: <strong><a href=\"https:\/\/wp.ufpel.edu.br\/ppgs\/files\/2018\/07\/Disserta\u00e7\u00e3o_Murilo.pdf\">O Ciberativismo (in)tolerante e (ant)agon\u00edstico em grupos de Facebook: um olhar interdisciplinar sobre o debate liberal e conservador quanto ao programa Escola Sem Partido<\/a><\/strong><\/p>\n<p>Orientador: Prof. Dr. L\u00e9o Peixoto Rodrigues<\/p>\n<p>Data de Defesa: 03\/05\/2018<\/p>\n<p>&nbsp;<\/p>\n<p><strong>TALES FLORES DA FONSECA<\/strong><\/p>\n<p>Trabalho de Conclus\u00e3o: <a href=\"https:\/\/wp.ufpel.edu.br\/ppgs\/files\/2018\/08\/disserta\u00e7\u00e3o-Tales-vers\u00e3o-final-3.pdf\"><strong>Uma an\u00e1lise sociol\u00f3gica sobre a homossexualidade na obra Em nome do desejo de Jo\u00e3o Silv\u00e9rio Trevisan<\/strong><\/a><\/p>\n<p>Orientador: Prof. Dr. Fernando de Figueiredo Balieiro<\/p>\n<p>Data de Defesa: 12\/06\/2018<\/p>\n","protected":false},"excerpt":{"rendered":"<p>ALEJANDRO RAFAEL MALDONADO FERM\u00cdN Trabalho de Conclus\u00e3o: Imagin\u00e1rios da inseguran\u00e7a: seguran\u00e7a privada e vida cotidiana nas cidades de Pelotas e Rio Grande &#8211; RS. Orientadora: Prof. Dra. Maria Thereza Rosa Ribeiro. Data de Defesa: 21\/02\/2018 &nbsp; ANNE PINTO BRANDALISE Trabalho de Conclus\u00e3o: Do valor simb\u00f3lico \u00e0 precifica\u00e7\u00e3o dos riscos ambientais. A legitima\u00e7\u00e3o das Seguradoras na [&hellip;]<\/p>\n","protected":false},"author":396,"featured_media":0,"parent":225,"menu_order":0,"comment_status":"closed","ping_status":"closed","template":"","meta":{"jetpack_post_was_ever_published":false,"footnotes":""},"class_list":["post-3157","page","type-page","status-publish","hentry"],"jetpack_sharing_enabled":true,"jetpack_shortlink":"https:\/\/wp.me\/P9dZ0f-OV","jetpack_likes_enabled":true,"jetpack-related-posts":[],"_links":{"self":[{"href":"https:\/\/wp.ufpel.edu.br\/ppgs\/wp-json\/wp\/v2\/pages\/3157","targetHints":{"allow":["GET"]}}],"collection":[{"href":"https:\/\/wp.ufpel.edu.br\/ppgs\/wp-json\/wp\/v2\/pages"}],"about":[{"href":"https:\/\/wp.ufpel.edu.br\/ppgs\/wp-json\/wp\/v2\/types\/page"}],"author":[{"embeddable":true,"href":"https:\/\/wp.ufpel.edu.br\/ppgs\/wp-json\/wp\/v2\/users\/396"}],"replies":[{"embeddable":true,"href":"https:\/\/wp.ufpel.edu.br\/ppgs\/wp-json\/wp\/v2\/comments?post=3157"}],"version-history":[{"count":17,"href":"https:\/\/wp.ufpel.edu.br\/ppgs\/wp-json\/wp\/v2\/pages\/3157\/revisions"}],"predecessor-version":[{"id":8909,"href":"https:\/\/wp.ufpel.edu.br\/ppgs\/wp-json\/wp\/v2\/pages\/3157\/revisions\/8909"}],"up":[{"embeddable":true,"href":"https:\/\/wp.ufpel.edu.br\/ppgs\/wp-json\/wp\/v2\/pages\/225"}],"wp:attachment":[{"href":"https:\/\/wp.ufpel.edu.br\/ppgs\/wp-json\/wp\/v2\/media?parent=3157"}],"curies":[{"name":"wp","href":"https:\/\/api.w.org\/{rel}","templated":true}]}}