{"id":296,"date":"2014-07-11T09:21:07","date_gmt":"2014-07-11T12:21:07","guid":{"rendered":"https:\/\/wp.ufpel.edu.br\/ppgs\/?page_id=296"},"modified":"2025-11-17T19:13:50","modified_gmt":"2025-11-17T22:13:50","slug":"eventos","status":"publish","type":"page","link":"https:\/\/wp.ufpel.edu.br\/ppgs\/eventos\/","title":{"rendered":"Eventos"},"content":{"rendered":"<p><span style=\"font-size: 14pt;\"><strong>2025<\/strong><\/span><\/p>\n<p>&gt;<a href=\"https:\/\/wp.ufpel.edu.br\/9jornadabrasileiradesociologia\/\">IX Jornada Brasileira de Sociologia<\/a><\/p>\n<p>&gt;<a href=\"https:\/\/wp.ufpel.edu.br\/ppgs\/2025\/05\/20\/9957\/\">Minicurso sobre An\u00e1lise de Eventos de Protesto (AEP)<\/a><\/p>\n<p>&gt;<a href=\"https:\/\/wp.ufpel.edu.br\/ppgs\/2025\/05\/09\/convite-para-a-palestra-efeitos-da-infraestrutura-e-da-fronteira-sobre-mercados-ilegais-e-homicidios-no-brasil-exploracoes\/\">Palestra &#8220;Efeitos da infraestrutura e da &#8220;fronteira&#8221; sobre mercados ilegais e homic\u00eddios no Brasil: explora\u00e7\u00f5es&#8221;<\/a><\/p>\n<p>&gt;<a href=\"https:\/\/wp.ufpel.edu.br\/ppgs\/2025\/05\/08\/convite-para-a-palestra-vivencias-academicas-no-exterior-o-doutorado-sanduiche-na-pratica-desde-o-edital\/\">Palestra &#8220;Viv\u00eancias Acad\u00eamicas no Exterior: O Doutorado Sandu\u00edche na Pr\u00e1tica desde o edital&#8221;.<\/a><\/p>\n<p>&nbsp;<\/p>\n<p><span style=\"font-size: 14pt;\"><strong>2024<\/strong><\/span><\/p>\n<p>&gt;I<a href=\"https:\/\/wp.ufpel.edu.br\/seminariodiscenteppgs\/\">V Semin\u00e1rio Discente<\/a><\/p>\n<p>&gt;<a href=\"https:\/\/wp.ufpel.edu.br\/ppgs\/2024\/10\/08\/palestra-direitos-humanos-democracia-e-sociedade-de-risco\/\">Palestra: DIREITOS HUMANOS, DEMOCRACIA E SOCIEDADE DE RISCO<\/a><\/p>\n<p>&gt;<a href=\"https:\/\/wp.ufpel.edu.br\/ppgs\/2024\/09\/23\/palestra-com-os-professores-william-gomez-soto-e-simone-gomes\/\">Palestra: &#8220;Neoautoritarismo e p\u00f3s-democracia na Am\u00e9rica Latina:\u00a0\u00a0orteguismo, bukelismo e chavismo&#8221;<\/a><\/p>\n<p>&gt;<a href=\"https:\/\/wp.ufpel.edu.br\/ppgs\/2024\/07\/13\/seminario-nacional-crise-e-metamorfoses-da-sociologia\/\">Semin\u00e1rio Nacional Crise e Metamorfoses da Sociologia<\/a><\/p>\n<p>&nbsp;<\/p>\n<p><span style=\"font-size: 14pt;\"><strong>2023<\/strong><\/span><\/p>\n<p>&gt;<a href=\"https:\/\/oitavajbs.wixsite.com\/novassociabilidades\"><span class=\"wixui-rich-text__text\"><span class=\"color_15 wixui-rich-text__text\">VIII Jornada Brasileira de Sociologia<\/span><\/span><\/a><\/p>\n<p>&gt;<a href=\"https:\/\/wp.ufpel.edu.br\/ppgs\/2023\/09\/05\/grupo-cidade-vida-cotidiana-e-imagem-realizara-seu-primeiro-seminario\/\">Grupo &#8220;Cidade, vida cotidiana e imagem&#8221; realizar\u00e1 seu primeiro semin\u00e1rio<\/a><\/p>\n<p>&gt;<a href=\"https:\/\/wp.ufpel.edu.br\/ppgs\/2023\/06\/30\/palestra-de-boas-vindas-com-a-professora-visitante-adriane-vieira-ferrarini\/\">Palestra de boas-vindas com a professora visitante Adriane Vieira Ferrarini<\/a><\/p>\n<p>&gt;<a href=\"https:\/\/wp.ufpel.edu.br\/ppgs\/2023\/04\/17\/palestra-ppgsociologia-ufpel-elite-financeira-e-capitalismo-de-indices-no-brasil\/\">Palestra PPGSociologia\/UFPel &#8211; Elite financeira e capitalismo de \u00edndices no Brasil<\/a><\/p>\n<p>&nbsp;<\/p>\n<p><span style=\"font-size: 14pt;\"><strong>2022<\/strong><\/span><\/p>\n<p>&gt;A<a href=\"https:\/\/wp.ufpel.edu.br\/ppgs\/2022\/11\/20\/aula-inaugural-do-ppgs-profa-raquel-weiss-ufrgs-presente-no-passado-a-heranca-classica-a-partir-da-america-latina\/\">ula Inaugural 2022<\/a><\/p>\n<p>&gt;<a href=\"https:\/\/seminarioboltanski.weebly.com\/\">Semin\u00e1rio Internacional Cr\u00edtica e Pragmatismo nas Ci\u00eancias Sociais: em torno da Obra de Luc Boltanski<\/a><\/p>\n<p>&gt;<a href=\"https:\/\/wp.ufpel.edu.br\/ppgs\/files\/2022\/03\/Slide1-1-1.jpg\">GENS<\/a><\/p>\n<p>&nbsp;<\/p>\n<p><span style=\"font-size: 14pt;\"><strong>2021<\/strong><\/span><\/p>\n<p>&gt;<a href=\"https:\/\/viijornadabrasileiradesociologiaufpel.wordpress.com\/about\/\">VII Jornada Brasileira de Sociologia<\/a><\/p>\n<p>&gt;<a href=\"https:\/\/wp.ufpel.edu.br\/ppgs\/2021\/11\/18\/aula-inaugural-do-ppgs\/\">Aula Inaugural 2021<\/a><\/p>\n<p>&gt;<a href=\"https:\/\/wp.ufpel.edu.br\/ppgs\/2021\/05\/12\/o-ppgsociologia-ufpel-no-international-network-of-sociology-of-sensibilities\/\"><span style=\"font-size: 12pt;\">O PPGSociologia\/UFPel no International Network of Sociology of Sensibilities<\/span><\/a><\/p>\n<p>&gt;<a href=\"https:\/\/wp.ufpel.edu.br\/ppgs\/2021\/05\/20\/webnario-dialogos-dgenerus\/\">Webn\u00e1rio: Di\u00e1logos D\u2019Generus<\/a><\/p>\n<p>&gt;<a href=\"https:\/\/wp.ufpel.edu.br\/ppgs\/2021\/02\/24\/12o-workshop-empresa-empresarios-e-sociedade\/\"> GENS<\/a><\/p>\n<p>&nbsp;<\/p>\n<p><span style=\"font-size: 14pt;\"><strong>2020<\/strong><\/span><\/p>\n<p>&gt;<a href=\"https:\/\/wp.ufpel.edu.br\/ppgs\/2020\/08\/10\/ii-seminario-discente-ppgs-ufpel\/\">I<\/a><a href=\"https:\/\/wp.ufpel.edu.br\/ppgs\/2020\/08\/10\/ii-seminario-discente-ppgs-ufpel\/\">I Semin\u00e1rio Discente PPGS\u00a0<\/a><\/p>\n<p>&gt;<a href=\"https:\/\/wp.ufpel.edu.br\/ppgs\/2020\/08\/05\/divulgacao-aulas-inaugurais\/\">Aulas Inaugurais<\/a><\/p>\n<p>&gt; <a href=\"https:\/\/wp.ufpel.edu.br\/ppgs\/2020\/07\/23\/projeto-de-ensino-politica-midia-e-movimentos-sociais\/\">Projeto de ensino: Pol\u00edtica, m\u00eddia e movimentos sociais<\/a><\/p>\n<p>&gt; <a href=\"https:\/\/wp.ufpel.edu.br\/ppgs\/2020\/06\/10\/seminarios-a-economia-numa-perspectiva-sociologica-em-tempos-de-pandemia\/\">SEMIN\u00c1RIOS: A economia numa perspectiva sociol\u00f3gica em tempos de pandemia<\/a><\/p>\n<p>&gt; <a href=\"https:\/\/wp.ufpel.edu.br\/ppgs\/2020\/06\/22\/ufpel-talks-sociologia-a-pandemia-e-o-mundo-pos-pandemia\/\">UFPel Talks: Sociologia: a pandemia e o mundo p\u00f3s-pandemia\u00a0<\/a><\/p>\n<p>&gt; <a href=\"https:\/\/wp.ufpel.edu.br\/ppgs\/2020\/08\/12\/viralizar-la-solidariedad-redes-de-apoyo-mutuo-y-activismo-politico-en-tiempos-de-pandemia\/\">Viralizar la solidariedad: Redes de Apoyo Mutuo y Activismo Pol\u00edtico en tiempos de pandemia<\/a><\/p>\n<p>&nbsp;<\/p>\n<p><span style=\"font-size: 14pt;\"><strong>2019<\/strong><\/span><\/p>\n<p><strong>&gt;<\/strong> <a href=\"https:\/\/wp.ufpel.edu.br\/ppgs\/atividades-gens\/\">Atividades GENS<\/a><\/p>\n<p><a href=\"https:\/\/wp.ufpel.edu.br\/ppgs\/ciclo-de-debates-do-nucleo-interseccionalidades\/\"><strong>&gt; <\/strong>Ciclo de debates do N\u00facleo Interseccionalidades<\/a><strong><br \/>\n<\/strong><\/p>\n<p><strong>&gt;<\/strong><a href=\"https:\/\/wp.ufpel.edu.br\/ppgs\/junho-de-2013-6-aportes-teoricos-e-empiricos-das-manifestacoes\/\">Junho de 2013 + 6: aportes te\u00f3ricos e emp\u00edricos das manifesta\u00e7\u00f5es<\/a><\/p>\n<p><a href=\"https:\/\/wp.ufpel.edu.br\/ppgs\/lancamento-da-coletanea-ciencia-interdisciplinaridade-e-avaliacao-capes\/\">&gt;Lan\u00e7amento da colet\u00e2nea \u201cCi\u00eancia, interdisciplinaridade e avalia\u00e7\u00e3o CAPES\u201d<\/a><\/p>\n<p><a href=\"https:\/\/wp.ufpel.edu.br\/ppgs\/vi-jornada-brasileira-de-sociologia-jbs\/\">&gt;VI Jornada Brasileira de Sociologia (JBS)<\/a><\/p>\n<p><a href=\"https:\/\/wp.ufpel.edu.br\/ppgs\/aula-inaugural-2019\/\">&gt;Aula Inaugural 2019<\/a><\/p>\n<p><a href=\"https:\/\/wp.ufpel.edu.br\/ppgs\/brasil-en-crisis-modelos-civilizatorios-y-conflictos-emergentes\/\">&gt;Brasil en crisis: Modelos civilizatorios y conflictos emergentes<\/a><\/p>\n<p><a href=\"https:\/\/wp.ufpel.edu.br\/ppgs\/ciencia-interdisciplinaridade-e-avaliacao-capes\/\">&gt;Ci\u00eancia, interdisciplinaridade e avalia\u00e7\u00e3o CAPES<\/a><\/p>\n<p><a href=\"https:\/\/wp.ufpel.edu.br\/ppgs\/i-seminario-interno-de-autoavaliacao-do-quadrienio-2017-2020-do-programa-de-pos-graduacao-em-sociologia\/\">&gt;I Semin\u00e1rio Interno de Autoavalia\u00e7\u00e3o do Quadri\u00eanio (2017-2020) do Programa de P\u00f3s-gradua\u00e7\u00e3o em Sociologia <\/a><\/p>\n<p><a href=\"https:\/\/wp.ufpel.edu.br\/ppgs\/lancamento-do-observaasul\/\">&gt;Lan\u00e7amento do OBSERVAASul<\/a><\/p>\n<p>&nbsp;<\/p>\n<p><span style=\"font-size: 14pt;\"><strong>2018<\/strong><\/span><\/p>\n<p><strong>&gt;<\/strong> <a href=\"https:\/\/wp.ufpel.edu.br\/ppgs\/eventos\/eventos-2018\/aula-inaugural-2018\/\">Aula inaugural \u2013 Prof. Dr. Rafael Marques (SOCIUS &#8211; Universidade de Lisboa)<\/a><\/p>\n<p>&gt; <a href=\"https:\/\/wp.ufpel.edu.br\/ppgs\/eventos\/eventos-2018\/topicos-i-mercados-contestados-e-mercados-emergentes\/\">T\u00f3picos I: Mercados Contestados e Mercados Emergentes<\/a><\/p>\n<p><span style=\"font-size: 12pt;\">&gt;\u00a0<\/span><span style=\"font-size: 12pt;\"><a href=\"https:\/\/wp.ufpel.edu.br\/ppgs\/2018\/05\/10\/cine-debate-filme-um-sonho-intenso\/\">Cine-Debate: filme \u201cUm Sonho Intenso\u201d<\/a><\/span><\/p>\n<p><span style=\"font-size: 12pt;\">&gt;\u00a0<\/span><span style=\"font-size: 12pt;\"><a href=\"https:\/\/wp.ufpel.edu.br\/ppgs\/2018\/05\/18\/lancamento-do-livro-carmen-miranda-entre-os-desejos-de-duas-nacoes-cultura-de-massas-performatividade-e-cumplicidade-subversiva\/\">Lan\u00e7amento do livro \u201cCarmen Miranda entre os desejos de duas na\u00e7\u00f5es: cultura de massas, performatividade e cumplicidade subversiva\u201d<\/a><\/span><\/p>\n<p>&gt; <a href=\"https:\/\/wp.ufpel.edu.br\/ppgs\/brasil-analise-da-conjuntura-politica-e-eleicoes-2018\/\"><span style=\"text-decoration: underline;\">Painel: Brasil &#8211; An\u00e1lise da conjuntura pol\u00edtica e Elei\u00e7\u00f5es 2018<\/span><\/a><\/p>\n<p><span style=\"font-size: 12pt;\">&gt;\u00a0<\/span><a href=\"https:\/\/wp.ufpel.edu.br\/ppgs\/2018\/08\/22\/3682\/\"><span style=\"text-decoration: underline;\"><span style=\"font-size: 12pt;\">Semin\u00e1rio: Discutindo a modernidade hoje: discursos, desigualdades e emo\u00e7\u00f5es<\/span><\/span><\/a><\/p>\n<p><span style=\"font-size: 12pt;\">&gt;\u00a0<\/span><span style=\"text-decoration: underline;\"><span style=\"font-size: 12pt;\">Minicurso \u201cInterdisciplinaridade e ci\u00eancias ambientais: aportes epistemol\u00f3gico, te\u00f3rico e emp\u00edrico\u201d<\/span><\/span><\/p>\n<p>&gt;\u00a0<a href=\"https:\/\/wp.ufpel.edu.br\/ppgs\/lancamento-do-livro-flexiveis-virtuais-e-precarios\/\"><span style=\"text-decoration: underline;\"><span style=\"font-size: 12pt;\">Lan\u00e7amento do livro \u201cFlex\u00edveis, virtuais e prec\u00e1rios\u201d<\/span><\/span><\/a><\/p>\n<p><a href=\"https:\/\/wp.me\/P9dZ0f-ZV\">&gt;\u00a0Palestra &#8211; &#8220;A justi\u00e7a e os feminic\u00eddios em Pelotas\/RS: um estudo sobre classe, ra\u00e7a e g\u00eanero nesses crimes&#8221;<\/a><\/p>\n<p>&gt;\u00a0<span style=\"font-size: 12pt;\"><a href=\"https:\/\/wp.me\/P9dZ0f-11L\">Palestra \u2013 Envelhecimento, defici\u00eancia, ra\u00e7a, g\u00eanero e sexualidade<\/a><\/span><\/p>\n<p>&gt; <a href=\"https:\/\/wp.me\/P9dZ0f-11n\">Semin\u00e1rio: Teorias Sociol\u00f3gicas e agendas de pesquisa para pensar o Brasil hoje<\/a><\/p>\n<p>&nbsp;<\/p>\n<p><strong><span class=\"Apple-style-span\" style=\"font-size: 19px; line-height: 27px;\"><span class=\"Apple-style-span\">2017<\/span><\/span><\/strong><\/p>\n<p>&gt; <a href=\"https:\/\/wp.ufpel.edu.br\/jbs\/\">V Jornada Brasileira de Sociologia &#8211; Dilemas, desafios e oportunidades nas sociedades democr\u00e1ticas<\/a>.<\/p>\n<p>&gt; <a href=\"https:\/\/wp.ufpel.edu.br\/ppgs\/2017\/09\/22\/ii-simposio-pos-estruturalismo-e-teoria-social-ernesto-laclau-e-seus-interlocutores\/\">II Simp\u00f3sio p\u00f3s-estruturalismo e teoria social: Ernesto Laclau e seus interlocutores<\/a>.<\/p>\n<p>&gt; <a href=\"https:\/\/wp.ufpel.edu.br\/ppgs\/eventos\/eventos-2017\/projeto-controle-social-e-cinema\/\">Projeto &#8220;Controle Social e Cinema&#8221;<\/a>.<\/p>\n<p>&gt; <a href=\"https:\/\/wp.ufpel.edu.br\/ppgs\/eventos\/eventos-2017\/encontros-e-debates-em-sociologia-metodos-e-tecnicas-de-pesquisa-em\/\">Encontros e debates em sociologia: m\u00e9todos e t\u00e9cnicas de pesquisa em&#8230;<\/a><\/p>\n<p>&gt; <a href=\"https:\/\/wp.ufpel.edu.br\/ppgs\/eventos\/eventos-2017\/ciclo-de-palestras-virtuais-do-gens\/\">Ciclo de Palestras Virtuais do GENS<\/a>.<\/p>\n<p>&gt; <a href=\"https:\/\/wp.ufpel.edu.br\/ppgs\/2017\/05\/22\/convite-aula-inaugural-2017-ppg-sociologiaufpel\/\">Aula inaugural do PPGS &#8211; Profa. Dra. Lorena Holzmann &#8211; &#8220;As dimens\u00f5es do tempo e da mem\u00f3ria e as rela\u00e7\u00f5es de trabalho atuais&#8221;<\/a>.<\/p>\n<p>&gt;\u00a0<a href=\"https:\/\/wp.ufpel.edu.br\/ppgs\/v-eics-2017\/\">V EICS &#8211; Encontro Internacional de Ci\u00eancias Sociais<\/a>.<\/p>\n<p>&nbsp;<\/p>\n<p><strong><span style=\"font-size: 14pt;\">2016<\/span><\/strong><\/p>\n<p>&gt;\u00a0<a href=\"https:\/\/wp.ufpel.edu.br\/ppgs\/2016\/11\/16\/tecnologias-digitais-afetos-e-as-ciencias-sociais-tensoes-conceituais-e-desafios-teoricos-metodologicos-do-presente-com-a-profa-dra-larissa-pelucio\/\"><span style=\"text-decoration: underline;\">Palestra\u00a0\u201cTecnologias digitais, afetos e as Ci\u00eancias Sociais: tens\u00f5es conceituais e desafios te\u00f3ricos metodol\u00f3gicos do presente\u201d\u00a0<\/span><\/a><\/p>\n<p><span style=\"text-decoration: underline;\">&gt;\u00a0<a style=\"text-decoration: underline;\" href=\"https:\/\/wp.ufpel.edu.br\/ppgs\/2016\/09\/30\/convite-para-palestra-e-lancamento-de-livros\/\">Palestra e Lan\u00e7amento de Livro<\/a><\/span><\/p>\n<p>&gt;\u00a0<span style=\"text-decoration: underline;\"><a style=\"text-decoration: underline;\" href=\"https:\/\/wp.ufpel.edu.br\/ppgs\/2016\/09\/13\/ciclo-de-palestras-virtual-as-interfaces-da-sociologia-economica\/\">Ciclo de Palestras Virtual &#8211;\u00a0As interfaces da Sociologia Econ\u00f4mica<\/a><\/span><\/p>\n<p>&gt; <a href=\"https:\/\/wp.ufpel.edu.br\/ppgs\/2016\/08\/15\/convite-lancamento-de-livro-2\/\"><span style=\"text-decoration: underline;\">Convite &#8211; Lan\u00e7amento de Livro<\/span><\/a><\/p>\n<p>&gt;\u00a0<a href=\"https:\/\/wp.ufpel.edu.br\/ppgs\/2016\/08\/03\/palestra-aprendendo-intersubjetividades-experiencias-com-grupos-focais\/\"><span style=\"text-decoration: underline;\">Palestra PPGS\u00a0&#8211; &#8220;Aprendendo intersubjetividades: experi\u00eancias com grupos focais&#8221;<\/span><\/a><\/p>\n<p>&gt; <a href=\"https:\/\/wp.ufpel.edu.br\/ppgs\/2016\/05\/26\/palestra-cooperacao-brasil-x-italia-relato-de-experiencia\/\"><span style=\"text-decoration: underline;\">Palestra &#8211; Coopera\u00e7\u00e3o Brasil &#8211; It\u00e1lia: Relato de Experi\u00eancia<\/span><\/a><\/p>\n<p>&gt; <a href=\"https:\/\/wp.ufpel.edu.br\/ppgs\/2016\/04\/20\/convite-lancamento-de-livro\/\"><span style=\"text-decoration: underline;\">Convite &#8211; Lan\u00e7amento de Livro<\/span><\/a><\/p>\n<p>&gt; <a href=\"https:\/\/wp.ufpel.edu.br\/ppgs\/2016\/04\/10\/ciclo-de-cinema-sociedade-e-diferencas\/\"><span style=\"text-decoration: underline;\">Ciclo de Cinema &#8220;Sociedade e Diferen\u00e7as&#8221;<\/span><\/a><\/p>\n<p>&gt; <span style=\"text-decoration: underline;\"><a style=\"text-decoration: underline;\" href=\"https:\/\/wp.ufpel.edu.br\/ppgs\/2016\/03\/01\/palestra-subjetividades-corporificadas-ensaiando-novas-formas-de-pensar-e-pesquisar-com-miriam-adelman-ufpr\/\">Palestra \u201cSubjetividades corporificadas: ensaiando novas formas de pensar e pesquisar\u201d<\/a><\/span><\/p>\n<p>&gt;\u00a0<a href=\"https:\/\/wp.ufpel.edu.br\/ppgs\/2016\/03\/16\/convite-aula-inaugural-do-ppg-sociologia-prof-dra-cibele-saliba-rizek\/\">Convite: Aula Inaugural do\u00a0Programa de P\u00f3s-Gradua\u00e7\u00e3o em Sociologia &#8211;\u00a0Prof. Dra. Cibele Saliba Rizek<\/a><\/p>\n<p>&gt; <span style=\"text-decoration: underline;\"><a style=\"text-decoration: underline;\" href=\"https:\/\/wp.ufpel.edu.br\/ppgs\/2016\/04\/10\/lancamento-de-livro\/\">Lan\u00e7amento do Livro &#8220;Teorias e Pr\u00e1ticas Sociol\u00f3gicas&#8221; (PPGS)<\/a><\/span><\/p>\n<p>&nbsp;<\/p>\n<p><strong><span style=\"font-size: 14pt;\">2015<\/span><\/strong><\/p>\n<p>&gt;\u00a0<a href=\"https:\/\/wp.ufpel.edu.br\/ppgs\/eventos\/eventos-anos-anteriores\/iv-jornada-brasileira-de-sociologia-i-jornada-brasileira-de-ciencia-politica\/\">IV Jornada Brasileira de Sociologia \/ I Jornada Brasileira de Ci\u00eancia Pol\u00edtica<\/a><\/p>\n<p>&gt; <a href=\"https:\/\/wp.ufpel.edu.br\/ppgs\/2015\/08\/21\/convite-palestra-discurso-trabalho-e-movimentos-sociais\/\">Palestra: Discurso, Trabalho e Movimentos Sociais<\/a><\/p>\n<p>&gt; <a href=\"https:\/\/wp.ufpel.edu.br\/ppgs\/2015\/07\/15\/iii-seminario-de-integracao-sociologica\/\">III Semin\u00e1rio de Integra\u00e7\u00e3o Sociol\u00f3gica<\/a><\/p>\n<p>&gt;\u00a0<a href=\"https:\/\/wp.ufpel.edu.br\/ppgs\/2015\/07\/14\/elisio-estanque-professor-visitante-no-ppgs-sociologia-da-ufpel\/\">Semin\u00e1rios Avan\u00e7ados: An\u00e1lise de Classes e Rela\u00e7\u00f5es de Trabalho no Capitalismo Globall, com Prof. Dr. El\u00edsio Estanque<\/a><\/p>\n<p>&gt; <a href=\"https:\/\/wp.ufpel.edu.br\/ppgs\/2015\/07\/14\/elisio-estanque-professor-visitante-no-ppgs-sociologia-da-ufpel\/\">Em agosto contamos com o professor visitante El\u00edsio Estanque<\/a><\/p>\n<p>&gt;\u00a0<a href=\"https:\/\/wp.ufpel.edu.br\/ppgs\/2015\/06\/01\/i-simposio-pos-estruturalismo-e-teoria-social-o-legado-de-ernesto-laclau\/\">I Simp\u00f3sio: P\u00f3s-Estruturalismo e Teoria Social em debate: o legado de Ernesto Laclau<\/a><\/p>\n<p>&gt;\u00a0<a href=\"https:\/\/wp.ufpel.edu.br\/ppgs\/2015\/05\/06\/oferta-da-disciplina-sociologia-da-acao-de-alain-touraine\/\">Sociologia da a\u00e7\u00e3o de Alain Touraine, com Prof. Dr. Ra\u00fal Enrique Rojo<\/a><\/p>\n<p>&gt;\u00a0<a href=\"https:\/\/wp.ufpel.edu.br\/ppgs\/2015\/05\/10\/ppgs-convida-para-a-palestra-fuga-de-cerebros-brain-drain-as-consequencias-para-o-desenvolvimento\/\">Palestra \u201cFuga de C\u00e9rebros (Brain Drain): as consequ\u00eancias para o desenvolvimento\u201d<\/a><\/p>\n<p>&gt;<a title=\"Convite: Aula Inaugural do IFISP \u2013 Profa. Dra. Vera Silva Telles\" href=\"https:\/\/wp.ufpel.edu.br\/ppgs\/2015\/04\/08\/convite-aula-inaugural-do-ifisp\/\">Convite: Aula Inaugural do IFISP &#8211; Profa. Dra. Vera Silva Telles<\/a><\/p>\n<p>&nbsp;<\/p>\n<p><strong><span style=\"font-size: 14pt;\">2014<\/span><\/strong><\/p>\n<p><strong>&gt;<\/strong>\u00a0<a href=\"https:\/\/wp.ufpel.edu.br\/ppgs\/2014\/04\/24\/faculdade-de-direito-em-parceria-com-o-ppgs-convida-para-a-aula-inaugural-do-curso-de-direito\/\">Palestra &#8221; O Direito do Trabalho e as intera\u00e7\u00f5es que o acompanham&#8221; &#8211; \u00a0Prof. M\u00e1rcio T\u00falio Viana<\/a><\/p>\n<p>&gt;\u00a0<a href=\"https:\/\/wp.ufpel.edu.br\/ppgs\/2014\/05\/15\/professor-uruguaio-palestra-no-ifisp\/\">&#8220;As mudan\u00e7as na sociedade rural do Uruguai no come\u00e7o do S\u00e9culo 21&#8221; \u00a0&#8211; Prof. Diego Pi\u00f1ero<\/a><\/p>\n<p>&gt;\u00a0<a href=\"https:\/\/wp.ufpel.edu.br\/ppgs\/2014\/03\/18\/ciclo-de-palestras-de-sociologia-historica\/\">Ciclo de Palestras de Sociologia Hist\u00f3ria<\/a><\/p>\n<p>&gt;\u00a0<a href=\"https:\/\/wp.ufpel.edu.br\/ppgs\/2014\/06\/04\/ppgs-convida-para-palestra\/\">&#8220;Homo Faber: Refletindo sobre pr\u00e1ticas de trabalho na Serra Ga\u00facha\/RS&#8221; &#8211; Profa. Dra. Beatriz Rodrigues Kanaan<\/a><\/p>\n<p>&gt; <a href=\"https:\/\/wp.ufpel.edu.br\/ppgs\/2014\/07\/21\/ppgs-convida-para-palestra-alain-touraine-e-o-fim-das-sociedades\/\">Palestra\u00a0\u201cAlain Touraine e o fim das sociedades\u201d &#8211; Prof. Dr. Raul Rojo<\/a><\/p>\n<p>&gt;\u00a0<a title=\"O PPGS\/UFPel e a participa\u00e7\u00e3o no II Semin\u00e1rio de Integra\u00e7\u00e3o Sociol\u00f3gica\" href=\"https:\/\/wp.ufpel.edu.br\/ppgs\/2014\/11\/01\/o-ppgsufpel-e-a-participacao-no-ii-seminario-de-integracao-sociologica\/\">II Semin\u00e1rio de Integra\u00e7\u00e3o Sociol\u00f3gica &#8211; UFPEL \/ UFRGS<\/a><\/p>\n<p>&gt;\u00a0<a title=\"Palestra de \u00c2ngelo Martins J\u00fanior no PPGS\" href=\"https:\/\/wp.ufpel.edu.br\/ppgs\/2014\/11\/12\/palestra-de-angelo-martins-junior-no-ppgs\/\">Palestra, no PPGS, de \u00c2ngelo Martins J\u00fanior sobre Descolonialismo na Am\u00e9rica Latina e a &gt; experi\u00eancia dos imigrantes brasileiros\u00a0em Londres.<\/a><\/p>\n<p>&gt;\u00a0<a title=\"IV EICS\" href=\"http:\/\/www2.ufpel.edu.br\/ifisp\/ppgs\/eics\/\" target=\"_blank\" rel=\"noopener noreferrer\">IV Encontro Internacional de Ci\u00eancias Sociais, de 18 a 21 de novembro de 2014<\/a><\/p>\n<p>&gt;\u00a0<a title=\"Integrantes do PPGS\/UFPel lan\u00e7am livros no IV EICS\" href=\"https:\/\/wp.ufpel.edu.br\/ppgs\/2014\/11\/17\/integrantes-do-ppgsufpel-lancam-livros-no-iv-eics\/\" target=\"_blank\" rel=\"noopener noreferrer\">Lan\u00e7amento de livros no IV EICS<\/a><\/p>\n<p><span style=\"text-decoration: underline;\">&gt;\u00a0<a style=\"text-decoration: underline;\" title=\"PPGS\/UFPel adere ao Programa \u2013 Escola de Altos Estudos [EAE] do PPGS\/UFRGS\" href=\"https:\/\/wp.ufpel.edu.br\/ppgs\/2014\/11\/17\/546\/\" target=\"_blank\" rel=\"noopener noreferrer\">Acordo Escola de Altos Estudos UFPel \/ UFRGS<\/a><\/span><\/p>\n<p>&gt;\u00a0<a title=\"Mini-curso na UFPel com a Profa. Dra. Alice Gates\" href=\"https:\/\/wp.ufpel.edu.br\/ppgs\/2014\/11\/23\/mini-curso-na-ufpel-com-a-profa-dra-alice-gates\/\" target=\"_blank\" rel=\"noopener noreferrer\">Mini-curso na UFPel com a Profa. Dra. Alice Gates<\/a><\/p>\n<p><span style=\"text-decoration: underline;\">&gt;\u00a0<a style=\"text-decoration: underline;\" title=\"Pesquisador argentino ministra palestra sobre Trabalho e emo\u00e7\u00f5es nesta ter\u00e7a-feira\" href=\"https:\/\/wp.ufpel.edu.br\/ppgs\/2014\/12\/08\/pesquisador-argentino-ministra-palestra-sobre-trabalho-e-emocoes-nesta-terca-feira\/\" target=\"_blank\" rel=\"noopener noreferrer\">Palestra do pesquisador argentino do Conicet Dr. Pedro Lisdero<\/a><\/span><\/p>\n<p>&nbsp;<\/p>\n<p><span style=\"font-size: 14pt;\"><strong>Anteriores<\/strong><\/span><\/p>\n<p><a href=\"https:\/\/wp.ufpel.edu.br\/ppgs\/eventos\/eventos-anos-anteriores\/iv-eics\/\">&gt;IV EICS<\/a><\/p>\n<p><a href=\"https:\/\/wp.ufpel.edu.br\/ppgs\/iii-eics\/\">&gt;III EICS<\/a><\/p>\n<p>&gt; <a href=\"http:\/\/www2.ufpel.edu.br\/isp\/ecs-sul\/\">I<\/a><a href=\"http:\/\/www2.ufpel.edu.br\/isp\/ecs-sul\/\"> EICS<\/a><\/p>\n<p><strong>\u00a0<\/strong><\/p>\n<h1 class=\"corTexto\"><\/h1>\n","protected":false},"excerpt":{"rendered":"<p>2025 &gt;IX Jornada Brasileira de Sociologia &gt;Minicurso sobre An\u00e1lise de Eventos de Protesto (AEP) &gt;Palestra &#8220;Efeitos da infraestrutura e da &#8220;fronteira&#8221; sobre mercados ilegais e homic\u00eddios no Brasil: explora\u00e7\u00f5es&#8221; &gt;Palestra &#8220;Viv\u00eancias Acad\u00eamicas no Exterior: O Doutorado Sandu\u00edche na Pr\u00e1tica desde o edital&#8221;. &nbsp; 2024 &gt;IV Semin\u00e1rio Discente &gt;Palestra: DIREITOS HUMANOS, DEMOCRACIA E SOCIEDADE DE RISCO [&hellip;]<\/p>\n","protected":false},"author":396,"featured_media":0,"parent":0,"menu_order":8,"comment_status":"closed","ping_status":"closed","template":"","meta":{"jetpack_post_was_ever_published":false,"footnotes":""},"class_list":["post-296","page","type-page","status-publish","hentry"],"jetpack_sharing_enabled":true,"jetpack_shortlink":"https:\/\/wp.me\/P9dZ0f-4M","jetpack_likes_enabled":true,"jetpack-related-posts":[],"_links":{"self":[{"href":"https:\/\/wp.ufpel.edu.br\/ppgs\/wp-json\/wp\/v2\/pages\/296","targetHints":{"allow":["GET"]}}],"collection":[{"href":"https:\/\/wp.ufpel.edu.br\/ppgs\/wp-json\/wp\/v2\/pages"}],"about":[{"href":"https:\/\/wp.ufpel.edu.br\/ppgs\/wp-json\/wp\/v2\/types\/page"}],"author":[{"embeddable":true,"href":"https:\/\/wp.ufpel.edu.br\/ppgs\/wp-json\/wp\/v2\/users\/396"}],"replies":[{"embeddable":true,"href":"https:\/\/wp.ufpel.edu.br\/ppgs\/wp-json\/wp\/v2\/comments?post=296"}],"version-history":[{"count":4,"href":"https:\/\/wp.ufpel.edu.br\/ppgs\/wp-json\/wp\/v2\/pages\/296\/revisions"}],"predecessor-version":[{"id":10567,"href":"https:\/\/wp.ufpel.edu.br\/ppgs\/wp-json\/wp\/v2\/pages\/296\/revisions\/10567"}],"wp:attachment":[{"href":"https:\/\/wp.ufpel.edu.br\/ppgs\/wp-json\/wp\/v2\/media?parent=296"}],"curies":[{"name":"wp","href":"https:\/\/api.w.org\/{rel}","templated":true}]}}