{"id":2920,"date":"2017-09-28T21:37:58","date_gmt":"2017-09-29T00:37:58","guid":{"rendered":"https:\/\/wp.ufpel.edu.br\/ppgs\/?page_id=2920"},"modified":"2024-09-10T02:00:58","modified_gmt":"2024-09-10T05:00:58","slug":"jbs","status":"publish","type":"page","link":"https:\/\/wp.ufpel.edu.br\/ppgs\/eventos\/eventos-2017\/jbs\/","title":{"rendered":"V Jornada Brasileira de Sociologia (JBS 2017)"},"content":{"rendered":"<p><strong>Site do Evento<\/strong><br \/>\n<a href=\"https:\/\/wp.ufpel.edu.br\/jbs\/\">V Jornada Brasileira de Sociologia<\/a><\/p>\n<p>&nbsp;<\/p>\n<p><strong>Apresenta\u00e7\u00e3o<\/strong><\/p>\n<p>Neste come\u00e7o do s\u00e9culo XXI n\u00e3o se tem d\u00favida de que o car\u00e1ter da democracia vem sendo posta a prova de m\u00faltiplas maneiras, as quais abrangem, por uma parte, quest\u00f5es te\u00f3ricas nas que aqueles princ\u00edpios considerados fundamentais \u2013 soberania, representa\u00e7\u00e3o, liberdade, respeito \u00e0s minorias, etc. \u2013 est\u00e3o sendo questionados. Por outra, as express\u00f5es pr\u00e1ticas que se refletem nos direitos cidad\u00e3os e a conviv\u00eancia nas nossas sociedades \u2013 xenofobia, racismo, homofobia, bem como na desregulamenta\u00e7\u00e3o, flexibiliza\u00e7\u00e3o e pauperiza\u00e7\u00e3o das condi\u00e7\u00f5es de trabalho, sa\u00fade, educa\u00e7\u00e3o e moradia, por outra.<\/p>\n<p>\u00c9 esse quadro que marca o devir de nossas sociedades democr\u00e1ticas, especialmente em pa\u00edses como Brasil \u2013 mas que pode ser pensado para o assim dito \u201cSul Global\u201d \u2013 onde a agenda pol\u00edtica de reformas e o estado da polariza\u00e7\u00e3o e confronto entre op\u00e7\u00f5es e vis\u00f5es democr\u00e1ticas est\u00e3o se agudizando, gerando um enfraquecimento dos debates e, em consequ\u00eancia, da pr\u00f3pria qualidade da democracia.<\/p>\n<p>Assim, a V Jornada Brasileira de Sociologia se prop\u00f5e como um espa\u00e7o para incentivar as discuss\u00f5es sobre quais s\u00e3o os desafios, dilemas e oportunidades que uma sociedade democr\u00e1tica tem hoje, ao teor dos problemas sociais, culturais, pol\u00edticos e econ\u00f4micos que parecem estar se aprofundado nas \u00faltimas duas d\u00e9cadas. Desta forma, chamamos \u00e0 comunidade acad\u00eamica das ci\u00eancias humanas e sociais a enviar resumos que visem acrescentar a esses debates em torno dos seguintes Grupos de Trabalho (GTs):<\/p>\n<p>1. Identidades, diferen\u00e7as e desigualdades em debate.<br \/>\n2. Desregulamenta\u00e7\u00e3o, flexibiliza\u00e7\u00e3o e novos desafios da quest\u00e3o laboral.<br \/>\n3. Cidade, tecnologia e controle.<br \/>\n4. Ambiente, desenvolvimento e novas ruralidades.<br \/>\n5. Economia, pol\u00edtica e sociedade no s\u00e9culo XXI.<\/p>\n<p>&nbsp;<\/p>\n<p><strong>Fotos do Evento<\/strong><\/p>\n\n\t\t<style type=\"text\/css\">\n\t\t\t#gallery-1 {\n\t\t\t\tmargin: auto;\n\t\t\t}\n\t\t\t#gallery-1 .gallery-item {\n\t\t\t\tfloat: left;\n\t\t\t\tmargin-top: 10px;\n\t\t\t\ttext-align: center;\n\t\t\t\twidth: 12%;\n\t\t\t}\n\t\t\t#gallery-1 img {\n\t\t\t\tborder: 2px solid #cfcfcf;\n\t\t\t}\n\t\t\t#gallery-1 .gallery-caption {\n\t\t\t\tmargin-left: 0;\n\t\t\t}\n\t\t\t\/* see gallery_shortcode() in wp-includes\/media.php *\/\n\t\t<\/style>\n\t\t<div data-carousel-extra='{&quot;blog_id&quot;:398,&quot;permalink&quot;:&quot;https:\/\/wp.ufpel.edu.br\/ppgs\/eventos\/eventos-2017\/jbs\/&quot;}' id='gallery-1' class='gallery galleryid-2920 gallery-columns-8 gallery-size-large'><dl class='gallery-item'>\n\t\t\t<dt class='gallery-icon landscape'>\n\t\t\t\t<a href='https:\/\/wp.ufpel.edu.br\/ppgs\/galeria-de-fotos\/944404a2-e618-453d-b4ab-2055a57c4b2c\/'><img width=\"1024\" height=\"576\" src=\"https:\/\/i0.wp.com\/wp.ufpel.edu.br\/ppgs\/files\/2018\/05\/944404a2-e618-453d-b4ab-2055a57c4b2c.jpg?fit=1024%2C576&amp;ssl=1\" class=\"attachment-large size-large\" alt=\"\" srcset=\"https:\/\/i0.wp.com\/wp.ufpel.edu.br\/ppgs\/files\/2018\/05\/944404a2-e618-453d-b4ab-2055a57c4b2c.jpg?w=1032&amp;ssl=1 1032w, https:\/\/i0.wp.com\/wp.ufpel.edu.br\/ppgs\/files\/2018\/05\/944404a2-e618-453d-b4ab-2055a57c4b2c.jpg?resize=400%2C225&amp;ssl=1 400w, https:\/\/i0.wp.com\/wp.ufpel.edu.br\/ppgs\/files\/2018\/05\/944404a2-e618-453d-b4ab-2055a57c4b2c.jpg?resize=768%2C432&amp;ssl=1 768w, https:\/\/i0.wp.com\/wp.ufpel.edu.br\/ppgs\/files\/2018\/05\/944404a2-e618-453d-b4ab-2055a57c4b2c.jpg?resize=1024%2C576&amp;ssl=1 1024w\" sizes=\"(max-width: 1000px) 100vw, 1000px\" data-attachment-id=\"3393\" data-permalink=\"https:\/\/wp.ufpel.edu.br\/ppgs\/galeria-de-fotos\/944404a2-e618-453d-b4ab-2055a57c4b2c\/\" data-orig-file=\"https:\/\/i0.wp.com\/wp.ufpel.edu.br\/ppgs\/files\/2018\/05\/944404a2-e618-453d-b4ab-2055a57c4b2c.jpg?fit=1032%2C581&amp;ssl=1\" data-orig-size=\"1032,581\" data-comments-opened=\"0\" data-image-meta=\"{&quot;aperture&quot;:&quot;0&quot;,&quot;credit&quot;:&quot;&quot;,&quot;camera&quot;:&quot;&quot;,&quot;caption&quot;:&quot;&quot;,&quot;created_timestamp&quot;:&quot;0&quot;,&quot;copyright&quot;:&quot;&quot;,&quot;focal_length&quot;:&quot;0&quot;,&quot;iso&quot;:&quot;0&quot;,&quot;shutter_speed&quot;:&quot;0&quot;,&quot;title&quot;:&quot;&quot;,&quot;orientation&quot;:&quot;0&quot;}\" data-image-title=\"944404a2-e618-453d-b4ab-2055a57c4b2c\" data-image-description=\"\" data-image-caption=\"\" data-medium-file=\"https:\/\/i0.wp.com\/wp.ufpel.edu.br\/ppgs\/files\/2018\/05\/944404a2-e618-453d-b4ab-2055a57c4b2c.jpg?fit=400%2C225&amp;ssl=1\" data-large-file=\"https:\/\/i0.wp.com\/wp.ufpel.edu.br\/ppgs\/files\/2018\/05\/944404a2-e618-453d-b4ab-2055a57c4b2c.jpg?fit=1024%2C576&amp;ssl=1\" \/><\/a>\n\t\t\t<\/dt><\/dl><dl class='gallery-item'>\n\t\t\t<dt class='gallery-icon landscape'>\n\t\t\t\t<a href='https:\/\/wp.ufpel.edu.br\/ppgs\/galeria-de-fotos\/8d3a3f89-798c-42b2-b3b8-f0d290096949\/'><img width=\"1024\" height=\"768\" src=\"https:\/\/i0.wp.com\/wp.ufpel.edu.br\/ppgs\/files\/2018\/05\/8d3a3f89-798c-42b2-b3b8-f0d290096949.jpg?fit=1024%2C768&amp;ssl=1\" class=\"attachment-large size-large\" alt=\"\" srcset=\"https:\/\/i0.wp.com\/wp.ufpel.edu.br\/ppgs\/files\/2018\/05\/8d3a3f89-798c-42b2-b3b8-f0d290096949.jpg?w=1040&amp;ssl=1 1040w, https:\/\/i0.wp.com\/wp.ufpel.edu.br\/ppgs\/files\/2018\/05\/8d3a3f89-798c-42b2-b3b8-f0d290096949.jpg?resize=400%2C300&amp;ssl=1 400w, https:\/\/i0.wp.com\/wp.ufpel.edu.br\/ppgs\/files\/2018\/05\/8d3a3f89-798c-42b2-b3b8-f0d290096949.jpg?resize=768%2C576&amp;ssl=1 768w, https:\/\/i0.wp.com\/wp.ufpel.edu.br\/ppgs\/files\/2018\/05\/8d3a3f89-798c-42b2-b3b8-f0d290096949.jpg?resize=1024%2C768&amp;ssl=1 1024w\" sizes=\"(max-width: 1000px) 100vw, 1000px\" data-attachment-id=\"3404\" data-permalink=\"https:\/\/wp.ufpel.edu.br\/ppgs\/galeria-de-fotos\/8d3a3f89-798c-42b2-b3b8-f0d290096949\/\" data-orig-file=\"https:\/\/i0.wp.com\/wp.ufpel.edu.br\/ppgs\/files\/2018\/05\/8d3a3f89-798c-42b2-b3b8-f0d290096949.jpg?fit=1040%2C780&amp;ssl=1\" data-orig-size=\"1040,780\" data-comments-opened=\"0\" data-image-meta=\"{&quot;aperture&quot;:&quot;0&quot;,&quot;credit&quot;:&quot;&quot;,&quot;camera&quot;:&quot;&quot;,&quot;caption&quot;:&quot;&quot;,&quot;created_timestamp&quot;:&quot;0&quot;,&quot;copyright&quot;:&quot;&quot;,&quot;focal_length&quot;:&quot;0&quot;,&quot;iso&quot;:&quot;0&quot;,&quot;shutter_speed&quot;:&quot;0&quot;,&quot;title&quot;:&quot;&quot;,&quot;orientation&quot;:&quot;0&quot;}\" data-image-title=\"8d3a3f89-798c-42b2-b3b8-f0d290096949\" data-image-description=\"\" data-image-caption=\"\" data-medium-file=\"https:\/\/i0.wp.com\/wp.ufpel.edu.br\/ppgs\/files\/2018\/05\/8d3a3f89-798c-42b2-b3b8-f0d290096949.jpg?fit=400%2C300&amp;ssl=1\" data-large-file=\"https:\/\/i0.wp.com\/wp.ufpel.edu.br\/ppgs\/files\/2018\/05\/8d3a3f89-798c-42b2-b3b8-f0d290096949.jpg?fit=1024%2C768&amp;ssl=1\" \/><\/a>\n\t\t\t<\/dt><\/dl><dl class='gallery-item'>\n\t\t\t<dt class='gallery-icon landscape'>\n\t\t\t\t<a href='https:\/\/wp.ufpel.edu.br\/ppgs\/galeria-de-fotos\/2dd1258d-0102-4584-be63-2dff38a30e22\/'><img width=\"1024\" height=\"511\" src=\"https:\/\/i0.wp.com\/wp.ufpel.edu.br\/ppgs\/files\/2018\/05\/2dd1258d-0102-4584-be63-2dff38a30e22.jpg?fit=1024%2C511&amp;ssl=1\" class=\"attachment-large size-large\" alt=\"\" srcset=\"https:\/\/i0.wp.com\/wp.ufpel.edu.br\/ppgs\/files\/2018\/05\/2dd1258d-0102-4584-be63-2dff38a30e22.jpg?w=1280&amp;ssl=1 1280w, https:\/\/i0.wp.com\/wp.ufpel.edu.br\/ppgs\/files\/2018\/05\/2dd1258d-0102-4584-be63-2dff38a30e22.jpg?resize=400%2C200&amp;ssl=1 400w, https:\/\/i0.wp.com\/wp.ufpel.edu.br\/ppgs\/files\/2018\/05\/2dd1258d-0102-4584-be63-2dff38a30e22.jpg?resize=768%2C383&amp;ssl=1 768w, https:\/\/i0.wp.com\/wp.ufpel.edu.br\/ppgs\/files\/2018\/05\/2dd1258d-0102-4584-be63-2dff38a30e22.jpg?resize=1024%2C511&amp;ssl=1 1024w\" sizes=\"(max-width: 1000px) 100vw, 1000px\" data-attachment-id=\"3402\" data-permalink=\"https:\/\/wp.ufpel.edu.br\/ppgs\/galeria-de-fotos\/2dd1258d-0102-4584-be63-2dff38a30e22\/\" data-orig-file=\"https:\/\/i0.wp.com\/wp.ufpel.edu.br\/ppgs\/files\/2018\/05\/2dd1258d-0102-4584-be63-2dff38a30e22.jpg?fit=1280%2C639&amp;ssl=1\" data-orig-size=\"1280,639\" data-comments-opened=\"0\" data-image-meta=\"{&quot;aperture&quot;:&quot;0&quot;,&quot;credit&quot;:&quot;&quot;,&quot;camera&quot;:&quot;&quot;,&quot;caption&quot;:&quot;&quot;,&quot;created_timestamp&quot;:&quot;0&quot;,&quot;copyright&quot;:&quot;&quot;,&quot;focal_length&quot;:&quot;0&quot;,&quot;iso&quot;:&quot;0&quot;,&quot;shutter_speed&quot;:&quot;0&quot;,&quot;title&quot;:&quot;&quot;,&quot;orientation&quot;:&quot;0&quot;}\" data-image-title=\"2dd1258d-0102-4584-be63-2dff38a30e22\" data-image-description=\"\" data-image-caption=\"\" data-medium-file=\"https:\/\/i0.wp.com\/wp.ufpel.edu.br\/ppgs\/files\/2018\/05\/2dd1258d-0102-4584-be63-2dff38a30e22.jpg?fit=400%2C200&amp;ssl=1\" data-large-file=\"https:\/\/i0.wp.com\/wp.ufpel.edu.br\/ppgs\/files\/2018\/05\/2dd1258d-0102-4584-be63-2dff38a30e22.jpg?fit=1024%2C511&amp;ssl=1\" \/><\/a>\n\t\t\t<\/dt><\/dl><dl class='gallery-item'>\n\t\t\t<dt class='gallery-icon landscape'>\n\t\t\t\t<a href='https:\/\/wp.ufpel.edu.br\/ppgs\/galeria-de-fotos\/51b0c7d4-f46d-4861-9879-58bfd3e7bdfb\/'><img width=\"1024\" height=\"576\" src=\"https:\/\/i0.wp.com\/wp.ufpel.edu.br\/ppgs\/files\/2018\/05\/51b0c7d4-f46d-4861-9879-58bfd3e7bdfb.jpg?fit=1024%2C576&amp;ssl=1\" class=\"attachment-large size-large\" alt=\"\" srcset=\"https:\/\/i0.wp.com\/wp.ufpel.edu.br\/ppgs\/files\/2018\/05\/51b0c7d4-f46d-4861-9879-58bfd3e7bdfb.jpg?w=1040&amp;ssl=1 1040w, https:\/\/i0.wp.com\/wp.ufpel.edu.br\/ppgs\/files\/2018\/05\/51b0c7d4-f46d-4861-9879-58bfd3e7bdfb.jpg?resize=400%2C225&amp;ssl=1 400w, https:\/\/i0.wp.com\/wp.ufpel.edu.br\/ppgs\/files\/2018\/05\/51b0c7d4-f46d-4861-9879-58bfd3e7bdfb.jpg?resize=768%2C432&amp;ssl=1 768w, https:\/\/i0.wp.com\/wp.ufpel.edu.br\/ppgs\/files\/2018\/05\/51b0c7d4-f46d-4861-9879-58bfd3e7bdfb.jpg?resize=1024%2C576&amp;ssl=1 1024w\" sizes=\"(max-width: 1000px) 100vw, 1000px\" data-attachment-id=\"3400\" data-permalink=\"https:\/\/wp.ufpel.edu.br\/ppgs\/galeria-de-fotos\/51b0c7d4-f46d-4861-9879-58bfd3e7bdfb\/\" data-orig-file=\"https:\/\/i0.wp.com\/wp.ufpel.edu.br\/ppgs\/files\/2018\/05\/51b0c7d4-f46d-4861-9879-58bfd3e7bdfb.jpg?fit=1040%2C585&amp;ssl=1\" data-orig-size=\"1040,585\" data-comments-opened=\"0\" data-image-meta=\"{&quot;aperture&quot;:&quot;0&quot;,&quot;credit&quot;:&quot;&quot;,&quot;camera&quot;:&quot;&quot;,&quot;caption&quot;:&quot;&quot;,&quot;created_timestamp&quot;:&quot;0&quot;,&quot;copyright&quot;:&quot;&quot;,&quot;focal_length&quot;:&quot;0&quot;,&quot;iso&quot;:&quot;0&quot;,&quot;shutter_speed&quot;:&quot;0&quot;,&quot;title&quot;:&quot;&quot;,&quot;orientation&quot;:&quot;0&quot;}\" data-image-title=\"51b0c7d4-f46d-4861-9879-58bfd3e7bdfb\" data-image-description=\"\" data-image-caption=\"\" data-medium-file=\"https:\/\/i0.wp.com\/wp.ufpel.edu.br\/ppgs\/files\/2018\/05\/51b0c7d4-f46d-4861-9879-58bfd3e7bdfb.jpg?fit=400%2C225&amp;ssl=1\" data-large-file=\"https:\/\/i0.wp.com\/wp.ufpel.edu.br\/ppgs\/files\/2018\/05\/51b0c7d4-f46d-4861-9879-58bfd3e7bdfb.jpg?fit=1024%2C576&amp;ssl=1\" \/><\/a>\n\t\t\t<\/dt><\/dl><dl class='gallery-item'>\n\t\t\t<dt class='gallery-icon landscape'>\n\t\t\t\t<a href='https:\/\/wp.ufpel.edu.br\/ppgs\/galeria-de-fotos\/d069200f-6d19-460d-aab6-d3d91f8e0070\/'><img width=\"1024\" height=\"614\" src=\"https:\/\/i0.wp.com\/wp.ufpel.edu.br\/ppgs\/files\/2018\/05\/d069200f-6d19-460d-aab6-d3d91f8e0070.jpg?fit=1024%2C614&amp;ssl=1\" class=\"attachment-large size-large\" alt=\"\" srcset=\"https:\/\/i0.wp.com\/wp.ufpel.edu.br\/ppgs\/files\/2018\/05\/d069200f-6d19-460d-aab6-d3d91f8e0070.jpg?w=1280&amp;ssl=1 1280w, https:\/\/i0.wp.com\/wp.ufpel.edu.br\/ppgs\/files\/2018\/05\/d069200f-6d19-460d-aab6-d3d91f8e0070.jpg?resize=400%2C240&amp;ssl=1 400w, https:\/\/i0.wp.com\/wp.ufpel.edu.br\/ppgs\/files\/2018\/05\/d069200f-6d19-460d-aab6-d3d91f8e0070.jpg?resize=768%2C461&amp;ssl=1 768w, https:\/\/i0.wp.com\/wp.ufpel.edu.br\/ppgs\/files\/2018\/05\/d069200f-6d19-460d-aab6-d3d91f8e0070.jpg?resize=1024%2C614&amp;ssl=1 1024w\" sizes=\"(max-width: 1000px) 100vw, 1000px\" data-attachment-id=\"3399\" data-permalink=\"https:\/\/wp.ufpel.edu.br\/ppgs\/galeria-de-fotos\/d069200f-6d19-460d-aab6-d3d91f8e0070\/\" data-orig-file=\"https:\/\/i0.wp.com\/wp.ufpel.edu.br\/ppgs\/files\/2018\/05\/d069200f-6d19-460d-aab6-d3d91f8e0070.jpg?fit=1280%2C768&amp;ssl=1\" data-orig-size=\"1280,768\" data-comments-opened=\"0\" data-image-meta=\"{&quot;aperture&quot;:&quot;0&quot;,&quot;credit&quot;:&quot;&quot;,&quot;camera&quot;:&quot;&quot;,&quot;caption&quot;:&quot;&quot;,&quot;created_timestamp&quot;:&quot;0&quot;,&quot;copyright&quot;:&quot;&quot;,&quot;focal_length&quot;:&quot;0&quot;,&quot;iso&quot;:&quot;0&quot;,&quot;shutter_speed&quot;:&quot;0&quot;,&quot;title&quot;:&quot;&quot;,&quot;orientation&quot;:&quot;0&quot;}\" data-image-title=\"d069200f-6d19-460d-aab6-d3d91f8e0070\" data-image-description=\"\" data-image-caption=\"\" data-medium-file=\"https:\/\/i0.wp.com\/wp.ufpel.edu.br\/ppgs\/files\/2018\/05\/d069200f-6d19-460d-aab6-d3d91f8e0070.jpg?fit=400%2C240&amp;ssl=1\" data-large-file=\"https:\/\/i0.wp.com\/wp.ufpel.edu.br\/ppgs\/files\/2018\/05\/d069200f-6d19-460d-aab6-d3d91f8e0070.jpg?fit=1024%2C614&amp;ssl=1\" \/><\/a>\n\t\t\t<\/dt><\/dl><dl class='gallery-item'>\n\t\t\t<dt class='gallery-icon landscape'>\n\t\t\t\t<a href='https:\/\/wp.ufpel.edu.br\/ppgs\/galeria-de-fotos\/5f326991-6fc9-4981-baeb-fc397f9fe9d4\/'><img width=\"1024\" height=\"524\" src=\"https:\/\/i0.wp.com\/wp.ufpel.edu.br\/ppgs\/files\/2018\/05\/5f326991-6fc9-4981-baeb-fc397f9fe9d4.jpg?fit=1024%2C524&amp;ssl=1\" class=\"attachment-large size-large\" alt=\"\" srcset=\"https:\/\/i0.wp.com\/wp.ufpel.edu.br\/ppgs\/files\/2018\/05\/5f326991-6fc9-4981-baeb-fc397f9fe9d4.jpg?w=1280&amp;ssl=1 1280w, https:\/\/i0.wp.com\/wp.ufpel.edu.br\/ppgs\/files\/2018\/05\/5f326991-6fc9-4981-baeb-fc397f9fe9d4.jpg?resize=400%2C205&amp;ssl=1 400w, https:\/\/i0.wp.com\/wp.ufpel.edu.br\/ppgs\/files\/2018\/05\/5f326991-6fc9-4981-baeb-fc397f9fe9d4.jpg?resize=768%2C393&amp;ssl=1 768w, https:\/\/i0.wp.com\/wp.ufpel.edu.br\/ppgs\/files\/2018\/05\/5f326991-6fc9-4981-baeb-fc397f9fe9d4.jpg?resize=1024%2C524&amp;ssl=1 1024w\" sizes=\"(max-width: 1000px) 100vw, 1000px\" data-attachment-id=\"3397\" data-permalink=\"https:\/\/wp.ufpel.edu.br\/ppgs\/galeria-de-fotos\/5f326991-6fc9-4981-baeb-fc397f9fe9d4\/\" data-orig-file=\"https:\/\/i0.wp.com\/wp.ufpel.edu.br\/ppgs\/files\/2018\/05\/5f326991-6fc9-4981-baeb-fc397f9fe9d4.jpg?fit=1280%2C655&amp;ssl=1\" data-orig-size=\"1280,655\" data-comments-opened=\"0\" data-image-meta=\"{&quot;aperture&quot;:&quot;0&quot;,&quot;credit&quot;:&quot;&quot;,&quot;camera&quot;:&quot;&quot;,&quot;caption&quot;:&quot;&quot;,&quot;created_timestamp&quot;:&quot;0&quot;,&quot;copyright&quot;:&quot;&quot;,&quot;focal_length&quot;:&quot;0&quot;,&quot;iso&quot;:&quot;0&quot;,&quot;shutter_speed&quot;:&quot;0&quot;,&quot;title&quot;:&quot;&quot;,&quot;orientation&quot;:&quot;0&quot;}\" data-image-title=\"5f326991-6fc9-4981-baeb-fc397f9fe9d4\" data-image-description=\"\" data-image-caption=\"\" data-medium-file=\"https:\/\/i0.wp.com\/wp.ufpel.edu.br\/ppgs\/files\/2018\/05\/5f326991-6fc9-4981-baeb-fc397f9fe9d4.jpg?fit=400%2C205&amp;ssl=1\" data-large-file=\"https:\/\/i0.wp.com\/wp.ufpel.edu.br\/ppgs\/files\/2018\/05\/5f326991-6fc9-4981-baeb-fc397f9fe9d4.jpg?fit=1024%2C524&amp;ssl=1\" \/><\/a>\n\t\t\t<\/dt><\/dl><dl class='gallery-item'>\n\t\t\t<dt class='gallery-icon landscape'>\n\t\t\t\t<a href='https:\/\/wp.ufpel.edu.br\/ppgs\/galeria-de-fotos\/860aac93-fd36-487e-ab94-38a362c39160\/'><img width=\"1024\" height=\"768\" src=\"https:\/\/i0.wp.com\/wp.ufpel.edu.br\/ppgs\/files\/2018\/05\/860aac93-fd36-487e-ab94-38a362c39160.jpg?fit=1024%2C768&amp;ssl=1\" class=\"attachment-large size-large\" alt=\"\" srcset=\"https:\/\/i0.wp.com\/wp.ufpel.edu.br\/ppgs\/files\/2018\/05\/860aac93-fd36-487e-ab94-38a362c39160.jpg?w=1280&amp;ssl=1 1280w, https:\/\/i0.wp.com\/wp.ufpel.edu.br\/ppgs\/files\/2018\/05\/860aac93-fd36-487e-ab94-38a362c39160.jpg?resize=400%2C300&amp;ssl=1 400w, https:\/\/i0.wp.com\/wp.ufpel.edu.br\/ppgs\/files\/2018\/05\/860aac93-fd36-487e-ab94-38a362c39160.jpg?resize=768%2C576&amp;ssl=1 768w, https:\/\/i0.wp.com\/wp.ufpel.edu.br\/ppgs\/files\/2018\/05\/860aac93-fd36-487e-ab94-38a362c39160.jpg?resize=1024%2C768&amp;ssl=1 1024w\" sizes=\"(max-width: 1000px) 100vw, 1000px\" data-attachment-id=\"3396\" data-permalink=\"https:\/\/wp.ufpel.edu.br\/ppgs\/galeria-de-fotos\/860aac93-fd36-487e-ab94-38a362c39160\/\" data-orig-file=\"https:\/\/i0.wp.com\/wp.ufpel.edu.br\/ppgs\/files\/2018\/05\/860aac93-fd36-487e-ab94-38a362c39160.jpg?fit=1280%2C960&amp;ssl=1\" data-orig-size=\"1280,960\" data-comments-opened=\"0\" data-image-meta=\"{&quot;aperture&quot;:&quot;0&quot;,&quot;credit&quot;:&quot;&quot;,&quot;camera&quot;:&quot;&quot;,&quot;caption&quot;:&quot;&quot;,&quot;created_timestamp&quot;:&quot;0&quot;,&quot;copyright&quot;:&quot;&quot;,&quot;focal_length&quot;:&quot;0&quot;,&quot;iso&quot;:&quot;0&quot;,&quot;shutter_speed&quot;:&quot;0&quot;,&quot;title&quot;:&quot;&quot;,&quot;orientation&quot;:&quot;0&quot;}\" data-image-title=\"860aac93-fd36-487e-ab94-38a362c39160\" data-image-description=\"\" data-image-caption=\"\" data-medium-file=\"https:\/\/i0.wp.com\/wp.ufpel.edu.br\/ppgs\/files\/2018\/05\/860aac93-fd36-487e-ab94-38a362c39160.jpg?fit=400%2C300&amp;ssl=1\" data-large-file=\"https:\/\/i0.wp.com\/wp.ufpel.edu.br\/ppgs\/files\/2018\/05\/860aac93-fd36-487e-ab94-38a362c39160.jpg?fit=1024%2C768&amp;ssl=1\" \/><\/a>\n\t\t\t<\/dt><\/dl><dl class='gallery-item'>\n\t\t\t<dt class='gallery-icon landscape'>\n\t\t\t\t<a href='https:\/\/wp.ufpel.edu.br\/ppgs\/galeria-de-fotos\/5737110a-8529-454a-a3b2-908000f09468\/'><img width=\"1024\" height=\"768\" src=\"https:\/\/i0.wp.com\/wp.ufpel.edu.br\/ppgs\/files\/2018\/05\/5737110a-8529-454a-a3b2-908000f09468.jpg?fit=1024%2C768&amp;ssl=1\" class=\"attachment-large size-large\" alt=\"\" srcset=\"https:\/\/i0.wp.com\/wp.ufpel.edu.br\/ppgs\/files\/2018\/05\/5737110a-8529-454a-a3b2-908000f09468.jpg?w=1280&amp;ssl=1 1280w, https:\/\/i0.wp.com\/wp.ufpel.edu.br\/ppgs\/files\/2018\/05\/5737110a-8529-454a-a3b2-908000f09468.jpg?resize=400%2C300&amp;ssl=1 400w, https:\/\/i0.wp.com\/wp.ufpel.edu.br\/ppgs\/files\/2018\/05\/5737110a-8529-454a-a3b2-908000f09468.jpg?resize=768%2C576&amp;ssl=1 768w, https:\/\/i0.wp.com\/wp.ufpel.edu.br\/ppgs\/files\/2018\/05\/5737110a-8529-454a-a3b2-908000f09468.jpg?resize=1024%2C768&amp;ssl=1 1024w\" sizes=\"(max-width: 1000px) 100vw, 1000px\" data-attachment-id=\"3395\" data-permalink=\"https:\/\/wp.ufpel.edu.br\/ppgs\/galeria-de-fotos\/5737110a-8529-454a-a3b2-908000f09468\/\" data-orig-file=\"https:\/\/i0.wp.com\/wp.ufpel.edu.br\/ppgs\/files\/2018\/05\/5737110a-8529-454a-a3b2-908000f09468.jpg?fit=1280%2C960&amp;ssl=1\" data-orig-size=\"1280,960\" data-comments-opened=\"0\" data-image-meta=\"{&quot;aperture&quot;:&quot;0&quot;,&quot;credit&quot;:&quot;&quot;,&quot;camera&quot;:&quot;&quot;,&quot;caption&quot;:&quot;&quot;,&quot;created_timestamp&quot;:&quot;0&quot;,&quot;copyright&quot;:&quot;&quot;,&quot;focal_length&quot;:&quot;0&quot;,&quot;iso&quot;:&quot;0&quot;,&quot;shutter_speed&quot;:&quot;0&quot;,&quot;title&quot;:&quot;&quot;,&quot;orientation&quot;:&quot;0&quot;}\" data-image-title=\"5737110a-8529-454a-a3b2-908000f09468\" data-image-description=\"\" data-image-caption=\"\" data-medium-file=\"https:\/\/i0.wp.com\/wp.ufpel.edu.br\/ppgs\/files\/2018\/05\/5737110a-8529-454a-a3b2-908000f09468.jpg?fit=400%2C300&amp;ssl=1\" data-large-file=\"https:\/\/i0.wp.com\/wp.ufpel.edu.br\/ppgs\/files\/2018\/05\/5737110a-8529-454a-a3b2-908000f09468.jpg?fit=1024%2C768&amp;ssl=1\" \/><\/a>\n\t\t\t<\/dt><\/dl><br style=\"clear: both\" \/>\n\t\t<\/div>\n\n","protected":false},"excerpt":{"rendered":"<p>Site do Evento V Jornada Brasileira de Sociologia &nbsp; Apresenta\u00e7\u00e3o Neste come\u00e7o do s\u00e9culo XXI n\u00e3o se tem d\u00favida de que o car\u00e1ter da democracia vem sendo posta a prova de m\u00faltiplas maneiras, as quais abrangem, por uma parte, quest\u00f5es te\u00f3ricas nas que aqueles princ\u00edpios considerados fundamentais \u2013 soberania, representa\u00e7\u00e3o, liberdade, respeito \u00e0s minorias, etc. [&hellip;]<\/p>\n","protected":false},"author":396,"featured_media":0,"parent":2281,"menu_order":1,"comment_status":"closed","ping_status":"closed","template":"","meta":{"jetpack_post_was_ever_published":false,"footnotes":""},"class_list":["post-2920","page","type-page","status-publish","hentry"],"jetpack_sharing_enabled":true,"jetpack_shortlink":"https:\/\/wp.me\/P9dZ0f-L6","jetpack_likes_enabled":true,"jetpack-related-posts":[],"_links":{"self":[{"href":"https:\/\/wp.ufpel.edu.br\/ppgs\/wp-json\/wp\/v2\/pages\/2920","targetHints":{"allow":["GET"]}}],"collection":[{"href":"https:\/\/wp.ufpel.edu.br\/ppgs\/wp-json\/wp\/v2\/pages"}],"about":[{"href":"https:\/\/wp.ufpel.edu.br\/ppgs\/wp-json\/wp\/v2\/types\/page"}],"author":[{"embeddable":true,"href":"https:\/\/wp.ufpel.edu.br\/ppgs\/wp-json\/wp\/v2\/users\/396"}],"replies":[{"embeddable":true,"href":"https:\/\/wp.ufpel.edu.br\/ppgs\/wp-json\/wp\/v2\/comments?post=2920"}],"version-history":[{"count":7,"href":"https:\/\/wp.ufpel.edu.br\/ppgs\/wp-json\/wp\/v2\/pages\/2920\/revisions"}],"predecessor-version":[{"id":8897,"href":"https:\/\/wp.ufpel.edu.br\/ppgs\/wp-json\/wp\/v2\/pages\/2920\/revisions\/8897"}],"up":[{"embeddable":true,"href":"https:\/\/wp.ufpel.edu.br\/ppgs\/wp-json\/wp\/v2\/pages\/2281"}],"wp:attachment":[{"href":"https:\/\/wp.ufpel.edu.br\/ppgs\/wp-json\/wp\/v2\/media?parent=2920"}],"curies":[{"name":"wp","href":"https:\/\/api.w.org\/{rel}","templated":true}]}}