{"id":2859,"date":"2017-09-13T10:57:04","date_gmt":"2017-09-13T13:57:04","guid":{"rendered":"https:\/\/wp.ufpel.edu.br\/ppgs\/?page_id=2859"},"modified":"2017-10-11T23:47:51","modified_gmt":"2017-10-12T02:47:51","slug":"projeto-controle-social-e-cinema","status":"publish","type":"page","link":"https:\/\/wp.ufpel.edu.br\/ppgs\/eventos\/eventos-2017\/projeto-controle-social-e-cinema\/","title":{"rendered":"Projeto &#8220;Controle Social e Cinema&#8221;"},"content":{"rendered":"<p>O projeto \u201cControle social e Cinema\u201d do Programa de P\u00f3s-Gradua\u00e7\u00e3o em Sociologia, busca promover debates que utilizem a teoria sociol\u00f3gica para compreender melhor tanto express\u00f5es midi\u00e1ticas e art\u00edsticas, quanto quest\u00f5es voltadas para a compreens\u00e3o da proje\u00e7\u00e3o de sistemas de controle social. Portanto, promove a exibi\u00e7\u00e3o e discuss\u00e3o de filmes que tratam da tem\u00e1tica \u00e9 uma das formas de compreender como a constitui\u00e7\u00e3o do imagin\u00e1rio sobre a quest\u00e3o. Dessa forma, se pode ampliar os debates te\u00f3ricos e dar abrang\u00eancia aos conte\u00fados para outros ambientes para al\u00e9m das salas de aula. Embora se constitua no \u00e2mbito do PPGS, os debates est\u00e3o abertos a toda a comunidade acad\u00eamica.<\/p>\n<p>A relev\u00e2ncia social de quest\u00f5es que envolvam o papel da pol\u00edcia, as pr\u00e1ticas policiais e a persegui\u00e7\u00e3o e puni\u00e7\u00e3o de grandes estratos da popula\u00e7\u00e3o \u2013 sem contar na forma como essas pr\u00e1ticas ocorrem \u2013 se torna uma das quest\u00f5es centrais de nosso tempo. Dessa forma, debater sobre essas quest\u00f5es se torna uma das maneiras de promover a interpreta\u00e7\u00e3o sociol\u00f3gica desses fen\u00f4menos. Por\u00e9m, mais do que a compreens\u00e3o direta sobre essas pr\u00e1ticas, buscamos a discuss\u00e3o sobre os imagin\u00e1rios. Desse modo, prop\u00f5e-se a apresenta\u00e7\u00e3o de filmes feitos para uma grande audi\u00eancia e tamb\u00e9m sobre filmes de fic\u00e7\u00e3o cient\u00edfica.<\/p>\n<p>Oferecemos atestado de participa\u00e7\u00e3o de 20 horas para os participantes (m\u00ednimo de 75% de presen\u00e7a).<\/p>\n<p><strong>Programa\u00e7\u00e3o semestre 2017\/2<\/strong>:<\/p>\n<p>&#8211; <a href=\"https:\/\/wp.ufpel.edu.br\/ppgs\/2017\/09\/13\/controle-social-e-cinema-robocop-o-policial-do-futuro-1909-as-18hs30\/\">ROBOCOP &#8211; O policial do futuro<\/a> (1987). Ter\u00e7a-feira, 19\/09, \u00e0s 18hs30, sala 207, IFISP (Alberto Rosa, 154).<\/p>\n<p>&#8211; <a href=\"https:\/\/wp.ufpel.edu.br\/ppgs\/2017\/10\/11\/projeto-controle-social-e-cinema-2o-filme\/\">ROBOCOP<\/a> (2014). Ter\u00e7a-feira, 17\/10, \u00e0s 18hs30, sala 201, IFISP (Alberto Rosa, 154).<\/p>\n<p>&#8211; MINORITY REPORT: a nova lei (2001). Quinta-feira, 09\/11, \u00e0s 14hs, Audit\u00f3rio da FaE &#8211; sala 352, IFISP (Alberto Rosa, 154).<\/p>\n<p>&#8211; BLADE RUNNER: o ca\u00e7ador de andr\u00f3ides (1982). Ter\u00e7a-feira, 05\/12.<\/p>\n<p>&#8211; TROPA DE ELITE (2007). Fevereiro de 2018.<\/p>\n","protected":false},"excerpt":{"rendered":"<p>O projeto \u201cControle social e Cinema\u201d do Programa de P\u00f3s-Gradua\u00e7\u00e3o em Sociologia, busca promover debates que utilizem a teoria sociol\u00f3gica para compreender melhor tanto express\u00f5es midi\u00e1ticas e art\u00edsticas, quanto quest\u00f5es voltadas para a compreens\u00e3o da proje\u00e7\u00e3o de sistemas de controle social. Portanto, promove a exibi\u00e7\u00e3o e discuss\u00e3o de filmes que tratam da tem\u00e1tica \u00e9 uma [&hellip;]<\/p>\n","protected":false},"author":396,"featured_media":0,"parent":2281,"menu_order":1,"comment_status":"closed","ping_status":"closed","template":"","meta":{"jetpack_post_was_ever_published":false,"footnotes":""},"class_list":["post-2859","page","type-page","status-publish","hentry"],"jetpack_sharing_enabled":true,"jetpack_shortlink":"https:\/\/wp.me\/P9dZ0f-K7","jetpack_likes_enabled":true,"jetpack-related-posts":[],"_links":{"self":[{"href":"https:\/\/wp.ufpel.edu.br\/ppgs\/wp-json\/wp\/v2\/pages\/2859","targetHints":{"allow":["GET"]}}],"collection":[{"href":"https:\/\/wp.ufpel.edu.br\/ppgs\/wp-json\/wp\/v2\/pages"}],"about":[{"href":"https:\/\/wp.ufpel.edu.br\/ppgs\/wp-json\/wp\/v2\/types\/page"}],"author":[{"embeddable":true,"href":"https:\/\/wp.ufpel.edu.br\/ppgs\/wp-json\/wp\/v2\/users\/396"}],"replies":[{"embeddable":true,"href":"https:\/\/wp.ufpel.edu.br\/ppgs\/wp-json\/wp\/v2\/comments?post=2859"}],"version-history":[{"count":4,"href":"https:\/\/wp.ufpel.edu.br\/ppgs\/wp-json\/wp\/v2\/pages\/2859\/revisions"}],"predecessor-version":[{"id":2988,"href":"https:\/\/wp.ufpel.edu.br\/ppgs\/wp-json\/wp\/v2\/pages\/2859\/revisions\/2988"}],"up":[{"embeddable":true,"href":"https:\/\/wp.ufpel.edu.br\/ppgs\/wp-json\/wp\/v2\/pages\/2281"}],"wp:attachment":[{"href":"https:\/\/wp.ufpel.edu.br\/ppgs\/wp-json\/wp\/v2\/media?parent=2859"}],"curies":[{"name":"wp","href":"https:\/\/api.w.org\/{rel}","templated":true}]}}