{"id":231,"date":"2014-06-26T14:21:06","date_gmt":"2014-06-26T17:21:06","guid":{"rendered":"https:\/\/wp.ufpel.edu.br\/ppgs\/?page_id=231"},"modified":"2024-09-10T02:02:41","modified_gmt":"2024-09-10T05:02:41","slug":"2007-2","status":"publish","type":"page","link":"https:\/\/wp.ufpel.edu.br\/ppgs\/producaoeeventos\/dissertacoes\/2007-2\/","title":{"rendered":"Disserta\u00e7\u00f5es: Turma 2007"},"content":{"rendered":"<p><span class=\"text11\"><strong>ALEXANDRE NEVES SAPPER\u00a0<\/strong><br \/>\nTrabalho de Conclus\u00e3o:<strong> <a href=\"https:\/\/wp.ufpel.edu.br\/ppgs\/files\/2014\/06\/alexandre-neves-sapper_2007.pdf\" rel=\"\">A campanha do referendo constitucional venezuelano de 2007 e a fronteira discursiva entre o &#8220;si&#8221; e o &#8220;no&#8221;.<\/a><\/strong><br \/>\nOrientador: Daniel de Mendon\u00e7a\u00a0<\/span><br \/>\nData da defesa: 06\/04\/2009<\/p>\n<p><strong>CAMILO LUIZ VAZ BARBOSA<\/strong><br \/>\nTrabalho de Conclus\u00e3o: <strong><a href=\"https:\/\/wp.ufpel.edu.br\/ppgs\/files\/2014\/06\/camilo.pdf\" rel=\"\">\u201cqui&#8230; o qu\u00ea?\u201d: uma etnografia da categoria quilombola no Rinc\u00e3o da Cruz<\/a><\/strong><br \/>\nOrientador: Rog\u00e9rio Rosa<br \/>\nData da defesa: 16\/12\/2009<\/p>\n<p><strong>JAIR ALBERTO MAYER<\/strong><br \/>\nTrabalho de Conclus\u00e3o: <strong><a href=\"https:\/\/wp.ufpel.edu.br\/ppgs\/files\/2014\/06\/jair_mayer.pdf\" rel=\"\">Rela\u00e7\u00f5es prec\u00e1rias em cooperativas de trabalho: estudo de caso em Pelotas &#8211; RS<\/a><\/strong><br \/>\nOrientador: Beatriz Loner<br \/>\nData da defesa: 15\/10\/2009<\/p>\n<p><strong>LA\u00cdNE JESKE WAGNER<\/strong><br \/>\nTrabalho de Conclus\u00e3o:<strong> <a href=\"https:\/\/wp.ufpel.edu.br\/ppgs\/files\/2014\/06\/laine.pdf\" rel=\"\">Um Estudo sobre o Programa Fome Zero no munic\u00edpio de S\u00e3o Louren\u00e7o do Sul (RS)<\/a><\/strong><br \/>\nOrientador: \u00c1lvaro Barreto<br \/>\nData da defesa: 10\/06\/2009<\/p>\n<p><strong>LAURO LUIS BORGES J\u00daNIOR<\/strong><br \/>\nTrabalho de Conclus\u00e3o: <strong><a href=\"https:\/\/wp.ufpel.edu.br\/ppgs\/files\/2014\/06\/lauro_borges.pdf\" rel=\"\">As Rela\u00e7\u00f5es perigosas: o PT e o governo municipal de Pelotas (2001-2004)<\/a><\/strong><br \/>\nOrientador: \u00c1lvaro Barreto<br \/>\nData da defesa: 28\/08\/2009<\/p>\n<p><strong>LEONARDO BETEMPS KONTZ<\/strong><br \/>\nTrabalho de Conclus\u00e3o: <strong><a href=\"https:\/\/wp.ufpel.edu.br\/ppgs\/files\/2014\/06\/leonardo.pdf\" rel=\"\">Pol\u00edticas Sociais Brasileiras: A Situa\u00e7\u00e3o Social dos Benefici\u00e1rios do Programa de Erradica\u00e7\u00e3o do Trabalho Infantil.<\/a><\/strong><br \/>\nOrientador: Maria Thereza Ribeiro<br \/>\nData da defesa: 10\/11\/2009<\/p>\n<p><strong>LIANA SOUTO CORR\u00caA<\/strong><br \/>\nTrabalho de Conclus\u00e3o: <strong><a href=\"https:\/\/wp.ufpel.edu.br\/ppgs\/files\/2014\/06\/liana.pdf\" rel=\"\">Hist\u00f3rias de enfrentamentos: as portadoras da infec\u00e7\u00e3o pelo HIV\/AIDS em Pelotas (RS).<\/a><\/strong><br \/>\nOrientador: Lorena Gill<br \/>\nData da defesa: 24\/06\/2009<\/p>\n<p><strong>LOURDES HELENA MARTINS DA SILVA<\/strong><br \/>\nTrabalho de Conclus\u00e3o: <strong><a href=\"https:\/\/wp.ufpel.edu.br\/ppgs\/files\/2014\/06\/lourdes.pdf\" rel=\"\">Crimes da paix\u00e3o: uma hist\u00f3ria de g\u00eanero na cidade de Bag\u00e9<\/a><\/strong><br \/>\nOrientador: Lorena Gill<br \/>\nData da defesa: 24\/11\/2009<\/p>\n<p><strong>MARIA DA GRA\u00c7A DE OLIVEIRA SOARES<\/strong><br \/>\nTrabalho de Conclus\u00e3o: <strong><a href=\"https:\/\/wp.ufpel.edu.br\/ppgs\/files\/2014\/06\/maria_da_graca.pdf\" rel=\"\">Do latif\u00fandio \u00e0 reforma agr\u00e1ria: A diversidade social na constru\u00e7\u00e3o do territ\u00f3rio \u2013 o caso do Projeto de Assentamento Santa Alice \u2013 Herval\/RS.<\/a><\/strong><br \/>\nOrientador: Giancarla Salamoni<br \/>\nData da defesa: 27\/05\/2009<\/p>\n<p><strong>MAR\u00cdLIA FLOOR KOSBY<\/strong><br \/>\nTrabalho de Conclus\u00e3o: <strong><a href=\"https:\/\/wp.ufpel.edu.br\/ppgs\/files\/2014\/06\/marilia.pdf\" rel=\"\">\u201cSe eu morrer hoje, amanh\u00e3 eu melhoro\u201d: Sobre afec\u00e7\u00e3o na etnografia dos processos de feitura da pessoa de religi\u00e3o no Batuque, em Pelotas\/RS<\/a><\/strong><br \/>\nOrientador: Fl\u00e1via Rieth<br \/>\nData da defesa: 27\/04\/2009<\/p>\n<p><strong>NADJA KARIN PELLEJERO<\/strong><br \/>\nTrabalho de Conclus\u00e3o: <strong><a href=\"https:\/\/wp.ufpel.edu.br\/ppgs\/files\/2014\/06\/nadja.pdf\" rel=\"\">Direitos sociais e a\u00e7\u00f5es coletivas nas m\u00faltiplas escalas entre o local e o global: a luta pela moradia no munic\u00edpio de Rio Grande\/RS<\/a><\/strong><br \/>\nOrientador: Maria Thereza Rosa Ribeiro<br \/>\nData da defesa: 22\/10\/2009<\/p>\n<p><strong>PAULO S\u00c9RGIO MANSIJA PINTO<\/strong><br \/>\nTrabalho de Conclus\u00e3o: <strong><a href=\"https:\/\/wp.ufpel.edu.br\/ppgs\/files\/2014\/06\/paulo.pdf\" rel=\"\">O Perfil da Cultura Pol\u00edtica da cidade do Rio Grande em 2008<\/a><\/strong><br \/>\nOrientador: \u00c1lvaro Barreto<br \/>\nData da defesa: 17\/11\/2009<\/p>\n<p><strong>ROBERTO VIEIRA J\u00daNIOR<\/strong><br \/>\nTrabalho de Conclus\u00e3o: <strong><a href=\"https:\/\/wp.ufpel.edu.br\/ppgs\/files\/2014\/06\/roberto.pdf\" rel=\"\">Desenvolvimentistas e ambientalistas: a quest\u00e3o da silvicultura na regi\u00e3o sul do Rio Grande do Sul sob a \u00f3tica da teoria do discurso.<\/a><\/strong><br \/>\nOrientador: Daniel de Mendon\u00e7a<br \/>\nData da defesa: 07\/04\/2009<\/p>\n<p><strong>SABRINA ROSA PAZ<\/strong><br \/>\nTrabalho de Conclus\u00e3o: <strong><a href=\"https:\/\/wp.ufpel.edu.br\/ppgs\/files\/2014\/06\/sabrina.pdf\" rel=\"\">\u201cA Caravana do Amor\u201d: Um estudo sobre reciprocidades, afetos e sexualidade em um estabelecimento prisional que comporta homens e mulheres em seu interior, Rio Grande\/ RS.<\/a><\/strong><br \/>\nOrientador: Fl\u00e1via Rieth<br \/>\nData da defesa: 14\/12\/2009<\/p>\n<p><strong>SANDRO ARI ANDRADE DE MIRANDA<\/strong><br \/>\nTrabalho de Conclus\u00e3o: <strong><a href=\"https:\/\/wp.ufpel.edu.br\/ppgs\/files\/2014\/06\/sandro.pdf\" rel=\"\">O Local e o Global na Periferia da Globaliza\u00e7\u00e3o: a Agenda 21 como alternativa democr\u00e1tica na Regi\u00e3o Sul do Rio Grande do Sul (Pelotas, S\u00e3o Jos\u00e9 do Norte e S\u00e3o Louren\u00e7o do Sul<\/a>)<\/strong><br \/>\nOrientador: Alfredo Gugliano<br \/>\nData da defesa: 13\/10\/2009<\/p>\n","protected":false},"excerpt":{"rendered":"<p>ALEXANDRE NEVES SAPPER\u00a0 Trabalho de Conclus\u00e3o: A campanha do referendo constitucional venezuelano de 2007 e a fronteira discursiva entre o &#8220;si&#8221; e o &#8220;no&#8221;. Orientador: Daniel de Mendon\u00e7a\u00a0 Data da defesa: 06\/04\/2009 CAMILO LUIZ VAZ BARBOSA Trabalho de Conclus\u00e3o: \u201cqui&#8230; o qu\u00ea?\u201d: uma etnografia da categoria quilombola no Rinc\u00e3o da Cruz Orientador: Rog\u00e9rio Rosa Data [&hellip;]<\/p>\n","protected":false},"author":396,"featured_media":0,"parent":225,"menu_order":0,"comment_status":"closed","ping_status":"closed","template":"","meta":{"jetpack_post_was_ever_published":false,"footnotes":""},"class_list":["post-231","page","type-page","status-publish","hentry"],"jetpack_sharing_enabled":true,"jetpack_shortlink":"https:\/\/wp.me\/P9dZ0f-3J","jetpack_likes_enabled":true,"jetpack-related-posts":[],"_links":{"self":[{"href":"https:\/\/wp.ufpel.edu.br\/ppgs\/wp-json\/wp\/v2\/pages\/231","targetHints":{"allow":["GET"]}}],"collection":[{"href":"https:\/\/wp.ufpel.edu.br\/ppgs\/wp-json\/wp\/v2\/pages"}],"about":[{"href":"https:\/\/wp.ufpel.edu.br\/ppgs\/wp-json\/wp\/v2\/types\/page"}],"author":[{"embeddable":true,"href":"https:\/\/wp.ufpel.edu.br\/ppgs\/wp-json\/wp\/v2\/users\/396"}],"replies":[{"embeddable":true,"href":"https:\/\/wp.ufpel.edu.br\/ppgs\/wp-json\/wp\/v2\/comments?post=231"}],"version-history":[{"count":6,"href":"https:\/\/wp.ufpel.edu.br\/ppgs\/wp-json\/wp\/v2\/pages\/231\/revisions"}],"predecessor-version":[{"id":8901,"href":"https:\/\/wp.ufpel.edu.br\/ppgs\/wp-json\/wp\/v2\/pages\/231\/revisions\/8901"}],"up":[{"embeddable":true,"href":"https:\/\/wp.ufpel.edu.br\/ppgs\/wp-json\/wp\/v2\/pages\/225"}],"wp:attachment":[{"href":"https:\/\/wp.ufpel.edu.br\/ppgs\/wp-json\/wp\/v2\/media?parent=231"}],"curies":[{"name":"wp","href":"https:\/\/api.w.org\/{rel}","templated":true}]}}