{"id":23,"date":"2014-05-26T14:31:28","date_gmt":"2014-05-26T17:31:28","guid":{"rendered":"https:\/\/wp.ufpel.edu.br\/ppgs\/?page_id=23"},"modified":"2025-10-22T10:46:26","modified_gmt":"2025-10-22T13:46:26","slug":"linhapesquisa3","status":"publish","type":"page","link":"https:\/\/wp.ufpel.edu.br\/ppgs\/linhas-de-pesquisa\/linhapesquisa3\/","title":{"rendered":"Trabalho, organiza\u00e7\u00f5es e identidade"},"content":{"rendered":"<p>Analisa as transforma\u00e7\u00f5es ocorridas no mundo do trabalho na sociedade contempor\u00e2nea, entre as quais: processos de reestrutura\u00e7\u00e3o produtiva, flexibiliza\u00e7\u00e3o das rela\u00e7\u00f5es de trabalho, trabalho autogestion\u00e1rio, mudan\u00e7as organizacionais. Trata sobre quest\u00f5es que incidem tanto sobre a dimens\u00e3o objetiva, quanto subjetiva da vida dos trabalhadores, seja no que diz respeito ao seu espa\u00e7o de atua\u00e7\u00e3o profissional e organiza\u00e7\u00e3o coletiva, seja em suas vidas cotidianas. Envolve o estudo das formas de organiza\u00e7\u00e3o de classe, de grupos e de setores de trabalhadores, bem como as suas condi\u00e7\u00f5es de vida, as suas formas de resist\u00eancia e as conforma\u00e7\u00f5es culturais e identit\u00e1rias. Tamb\u00e9m analisa a produ\u00e7\u00e3o de novas pr\u00e1ticas econ\u00f4micas e discursos empresariais que instilam novas formas dos indiv\u00edduos relacionarem-se com suas carreiras e com formas de gera\u00e7\u00e3o de renda. Incorpora o debate sobre as rela\u00e7\u00f5es de poder nas organiza\u00e7\u00f5es, a empresa como um espa\u00e7o social\u00a0em termos de trabalho e de organiza\u00e7\u00e3o\u00a0e os diferentes\u00a0mundos sociais da empresa.<\/p>\n<address><strong>Professores vinculados \u00e0 linha:<\/strong><\/address>\n<address>Ana Paula Ferreira D\u2019\u00c1vila<\/address>\n<address>Attila Magno e Silva Barbosa<\/address>\n<address>Elaine da Silveira Leite<\/address>\n<address>Pedro Robertt<\/address>\n<address>Marcus Vinicius Spolle<\/address>\n<address>Mari Cristina Fagundes de Freitas<\/address>\n<address>Marilis Lemos De Almeida<\/address>\n<address>\u00a0<\/address>\n<address><strong>Colaboradores:<\/strong><\/address>\n<address>Marcio Silva Rodrigues<\/address>\n<address>Adriane Vieira Ferrarini (Profa. Visitante)<\/address>\n","protected":false},"excerpt":{"rendered":"<p>Analisa as transforma\u00e7\u00f5es ocorridas no mundo do trabalho na sociedade contempor\u00e2nea, entre as quais: processos de reestrutura\u00e7\u00e3o produtiva, flexibiliza\u00e7\u00e3o das rela\u00e7\u00f5es de trabalho, trabalho autogestion\u00e1rio, mudan\u00e7as organizacionais. Trata sobre quest\u00f5es que incidem tanto sobre a dimens\u00e3o objetiva, quanto subjetiva da vida dos trabalhadores, seja no que diz respeito ao seu espa\u00e7o de atua\u00e7\u00e3o profissional e [&hellip;]<\/p>\n","protected":false},"author":396,"featured_media":0,"parent":6,"menu_order":0,"comment_status":"closed","ping_status":"closed","template":"","meta":{"jetpack_post_was_ever_published":false,"footnotes":""},"class_list":["post-23","page","type-page","status-publish","hentry"],"jetpack_sharing_enabled":true,"jetpack_shortlink":"https:\/\/wp.me\/P9dZ0f-n","jetpack_likes_enabled":true,"jetpack-related-posts":[],"_links":{"self":[{"href":"https:\/\/wp.ufpel.edu.br\/ppgs\/wp-json\/wp\/v2\/pages\/23","targetHints":{"allow":["GET"]}}],"collection":[{"href":"https:\/\/wp.ufpel.edu.br\/ppgs\/wp-json\/wp\/v2\/pages"}],"about":[{"href":"https:\/\/wp.ufpel.edu.br\/ppgs\/wp-json\/wp\/v2\/types\/page"}],"author":[{"embeddable":true,"href":"https:\/\/wp.ufpel.edu.br\/ppgs\/wp-json\/wp\/v2\/users\/396"}],"replies":[{"embeddable":true,"href":"https:\/\/wp.ufpel.edu.br\/ppgs\/wp-json\/wp\/v2\/comments?post=23"}],"version-history":[{"count":4,"href":"https:\/\/wp.ufpel.edu.br\/ppgs\/wp-json\/wp\/v2\/pages\/23\/revisions"}],"predecessor-version":[{"id":10463,"href":"https:\/\/wp.ufpel.edu.br\/ppgs\/wp-json\/wp\/v2\/pages\/23\/revisions\/10463"}],"up":[{"embeddable":true,"href":"https:\/\/wp.ufpel.edu.br\/ppgs\/wp-json\/wp\/v2\/pages\/6"}],"wp:attachment":[{"href":"https:\/\/wp.ufpel.edu.br\/ppgs\/wp-json\/wp\/v2\/media?parent=23"}],"curies":[{"name":"wp","href":"https:\/\/api.w.org\/{rel}","templated":true}]}}