{"id":2201,"date":"2017-01-30T12:00:01","date_gmt":"2017-01-30T14:00:01","guid":{"rendered":"https:\/\/wp.ufpel.edu.br\/ppgs\/?page_id=2201"},"modified":"2025-02-18T13:30:48","modified_gmt":"2025-02-18T16:30:48","slug":"pos-doutorandos","status":"publish","type":"page","link":"https:\/\/wp.ufpel.edu.br\/ppgs\/pos-doutorandos\/","title":{"rendered":"P\u00f3s-doutorado"},"content":{"rendered":"<p>P\u00f3s-doutorandos do do Programa de P\u00f3s-Gradua\u00e7\u00e3o em Sociologia da Universidade Federal de Pelotas (PPGS\/UFPel):<\/p>\n<p>&nbsp;<\/p>\n<p><strong>2024-2025<\/strong><\/p>\n<p><a href=\"http:\/\/lattes.cnpq.br\/4807406994560347\" target=\"_blank\" rel=\"noopener noreferrer\"><img data-recalc-dims=\"1\" src=\"https:\/\/i0.wp.com\/wp.ufpel.edu.br\/ppgs\/files\/2014\/05\/lattes.gif?resize=22%2C26&#038;ssl=1\" alt=\"lattes\" width=\"22\" height=\"26\" \/><\/a>\u00a0<strong>Carla Michele Rech<\/strong><br \/>\ne-mail para contato: carlatsul@yahoo.com.br<\/p>\n<p><a href=\"http:\/\/lattes.cnpq.br\/1836271207305517\" target=\"_blank\" rel=\"noopener noreferrer\"><img data-recalc-dims=\"1\" src=\"https:\/\/i0.wp.com\/wp.ufpel.edu.br\/ppgs\/files\/2014\/05\/lattes.gif?resize=22%2C26&#038;ssl=1\" alt=\"lattes\" width=\"22\" height=\"26\" \/><\/a>\u00a0<strong>Marciele Agosta de Vasconcelos<\/strong><br \/>\ne-mail para contato: ciele.vasconcellos@gmail.com<\/p>\n<p>&nbsp;<\/p>\n<p><strong>2022-2024:<\/strong><\/p>\n<p><a href=\"http:\/\/buscatextual.cnpq.br\/buscatextual\/visualizacv.do?id=K4350984D6\" target=\"_blank\" rel=\"noopener noreferrer\"><img data-recalc-dims=\"1\" src=\"https:\/\/i0.wp.com\/wp.ufpel.edu.br\/ppgs\/files\/2014\/05\/lattes.gif?resize=22%2C26&#038;ssl=1\" alt=\"lattes\" width=\"22\" height=\"26\" \/><\/a>\u00a0<strong>Profa. Dra. Ana Paula Ferreira D\u2019\u00c1vila<\/strong><br \/>\ne-mail para contato: anapaulasocio10@gmail.com<\/p>\n<p><a href=\"http:\/\/lattes.cnpq.br\/5686365464129223\" target=\"_blank\" rel=\"noopener noreferrer\"><img data-recalc-dims=\"1\" src=\"https:\/\/i0.wp.com\/wp.ufpel.edu.br\/ppgs\/files\/2014\/05\/lattes.gif?resize=22%2C26&#038;ssl=1\" alt=\"lattes\" width=\"22\" height=\"26\" \/><\/a>\u00a0<strong>Prof. Dr. Marcos Aur\u00e9lio Lacerda da Silva<\/strong><br \/>\ne-mail para contato: lacerda.marcos81@gmail.com<\/p>\n<p>&nbsp;<\/p>\n<p><strong>2020 &#8211; 2021:<\/strong><\/p>\n<p><a href=\"http:\/\/buscatextual.cnpq.br\/buscatextual\/visualizacv.do?id=K4350984D6\" target=\"_blank\" rel=\"noopener noreferrer\"><img data-recalc-dims=\"1\" src=\"https:\/\/i0.wp.com\/wp.ufpel.edu.br\/ppgs\/files\/2014\/05\/lattes.gif?resize=22%2C26&#038;ssl=1\" alt=\"lattes\" width=\"22\" height=\"26\" \/><\/a>\u00a0<strong>Profa. Dra. Ana Paula Ferreira D\u2019\u00c1vila<\/strong><br \/>\ne-mail para contato: anapaulasocio10@gmail.com<\/p>\n<p><a href=\"http:\/\/lattes.cnpq.br\/5686365464129223\" target=\"_blank\" rel=\"noopener noreferrer\"><img data-recalc-dims=\"1\" src=\"https:\/\/i0.wp.com\/wp.ufpel.edu.br\/ppgs\/files\/2014\/05\/lattes.gif?resize=22%2C26&#038;ssl=1\" alt=\"lattes\" width=\"22\" height=\"26\" \/><\/a>\u00a0<strong>Prof. Dr. Marcos Aur\u00e9lio Lacerda da Silv<\/strong>a<br \/>\ne-mail para contato: lacerda.marcos81@gmail.com<\/p>\n<p>&nbsp;<\/p>\n<p><strong>2019-2020:<\/strong><\/p>\n<p><a href=\"http:\/\/buscatextual.cnpq.br\/buscatextual\/visualizacv.do?id=K4350984D6\" target=\"_blank\" rel=\"noopener noreferrer\"><img data-recalc-dims=\"1\" src=\"https:\/\/i0.wp.com\/wp.ufpel.edu.br\/ppgs\/files\/2014\/05\/lattes.gif?resize=22%2C26&#038;ssl=1\" alt=\"lattes\" width=\"22\" height=\"26\" \/><\/a> Profa. Dra. Ana Paula Ferreira D\u2019\u00c1vila<br \/>\ne-mail para contato:\u00a0<a href=\"mailto:anapaulasocio10@gmail.com\" target=\"_blank\" rel=\"noopener noreferrer\">anapaulasocio10@gmail.com<\/a><\/p>\n<p><a href=\"http:\/\/buscatextual.cnpq.br\/buscatextual\/visualizacv.do?id=K4423827D1\" target=\"_blank\" rel=\"noopener noreferrer\"><img data-recalc-dims=\"1\" src=\"https:\/\/i0.wp.com\/wp.ufpel.edu.br\/ppgs\/files\/2014\/05\/lattes.gif?resize=22%2C26&#038;ssl=1\" alt=\"lattes\" width=\"22\" height=\"26\" \/><\/a>\u00a0Profa. Dra. Camila Dellagnese Prates<br \/>\ne-mail para contato:\u00a0<a href=\"mailto:camilapratescs@gmail.com\" target=\"_blank\" rel=\"noopener noreferrer\">camilapratescs@gmail.com<\/a><\/p>\n<p><a href=\"http:\/\/lattes.cnpq.br\/5686365464129223\" target=\"_blank\" rel=\"noopener noreferrer\"><img data-recalc-dims=\"1\" src=\"https:\/\/i0.wp.com\/wp.ufpel.edu.br\/ppgs\/files\/2014\/05\/lattes.gif?resize=22%2C26&#038;ssl=1\" alt=\"lattes\" width=\"22\" height=\"26\" \/><\/a> Prof. Dr. Marcos Aur\u00e9lio Lacerda da Silva<br \/>\ne-mail para contato:\u00a0<a href=\"mailto:lacerda.marcos81@gmail.com\" target=\"_blank\" rel=\"noopener noreferrer\">lacerda.marcos81@gmail.com<\/a><\/p>\n<p><strong>2018-2019:<\/strong><\/p>\n<p><a href=\"http:\/\/buscatextual.cnpq.br\/buscatextual\/visualizacv.do?id=K4350984D6\" target=\"_blank\" rel=\"noopener noreferrer\"><img data-recalc-dims=\"1\" src=\"https:\/\/i0.wp.com\/wp.ufpel.edu.br\/ppgs\/files\/2014\/05\/lattes.gif?resize=22%2C26&#038;ssl=1\" alt=\"lattes\" width=\"22\" height=\"26\" \/><\/a> Profa. Dra. Ana Paula Ferreira D&#8217;\u00c1vila<br \/>\ne-mail para contato: anapaulasocio10@gmail.com<\/p>\n<p><a href=\"http:\/\/buscatextual.cnpq.br\/buscatextual\/visualizacv.do?id=K4423827D1\" target=\"_blank\" rel=\"noopener noreferrer\"><img data-recalc-dims=\"1\" src=\"https:\/\/i0.wp.com\/wp.ufpel.edu.br\/ppgs\/files\/2014\/05\/lattes.gif?resize=22%2C26&#038;ssl=1\" alt=\"lattes\" width=\"22\" height=\"26\" \/><\/a>\u00a0 Profa. Dra. Camila Dellagnese Prates<br \/>\ne-mail para contato: camilapratescs@gmail.com<\/p>\n<p><a href=\"http:\/\/lattes.cnpq.br\/0314360149038167\" target=\"_blank\" rel=\"noopener noreferrer\"><img data-recalc-dims=\"1\" src=\"https:\/\/i0.wp.com\/wp.ufpel.edu.br\/ppgs\/files\/2014\/05\/lattes.gif?resize=22%2C26&#038;ssl=1\" alt=\"lattes\" width=\"22\" height=\"26\" \/><\/a>\u00a0Prof. Dr.\u00a0Lucas Trindade da Silva<br \/>\ne-mail para contato:\u00a0trindadelucas88@gmail.com<\/p>\n<p><a href=\"http:\/\/lattes.cnpq.br\/5686365464129223\" target=\"_blank\" rel=\"noopener noreferrer\"><img data-recalc-dims=\"1\" src=\"https:\/\/i0.wp.com\/wp.ufpel.edu.br\/ppgs\/files\/2014\/05\/lattes.gif?resize=22%2C26&#038;ssl=1\" alt=\"lattes\" width=\"22\" height=\"26\" \/><\/a> Prof. Dr. Marcos Aur\u00e9lio Lacerda da Silva<br \/>\ne-mail para contato: lacerda.marcos81@gmail.com<\/p>\n<p><strong>2017-2018:<\/strong><\/p>\n<p><a href=\"http:\/\/buscatextual.cnpq.br\/buscatextual\/visualizacv.do?id=K4350984D6\" target=\"_blank\" rel=\"noopener noreferrer\"><img data-recalc-dims=\"1\" src=\"https:\/\/i0.wp.com\/wp.ufpel.edu.br\/ppgs\/files\/2014\/05\/lattes.gif?resize=22%2C26&#038;ssl=1\" alt=\"lattes\" width=\"22\" height=\"26\" \/><\/a>\u00a0 Profa. Dra.\u00a0Ana Paula Ferreira D&#8217;\u00c1vila<br \/>\ne-mail para contato: anapaulasocio10@gmail.com<\/p>\n<p><a href=\"http:\/\/buscatextual.cnpq.br\/buscatextual\/visualizacv.do?id=K4423827D1\" target=\"_blank\" rel=\"noopener noreferrer\"><img data-recalc-dims=\"1\" src=\"https:\/\/i0.wp.com\/wp.ufpel.edu.br\/ppgs\/files\/2014\/05\/lattes.gif?resize=22%2C26&#038;ssl=1\" alt=\"lattes\" width=\"22\" height=\"26\" \/><\/a>\u00a0 Profa. Dra. Camila Dellagnese Prates<br \/>\ne-mail para contato: camilapratescs@gmail.com<\/p>\n<p><a href=\"http:\/\/lattes.cnpq.br\/3263690246028982\" target=\"_blank\" rel=\"noopener noreferrer\"><img data-recalc-dims=\"1\" src=\"https:\/\/i0.wp.com\/wp.ufpel.edu.br\/ppgs\/files\/2014\/05\/lattes.gif?resize=22%2C26&#038;ssl=1\" alt=\"lattes\" width=\"22\" height=\"26\" \/><\/a>\u00a0 Prof. Dr. Am\u00edlcar Cardoso Vila\u00e7a de Freitas<br \/>\ne-mail para contato: amilcarchicago@yahoo.com.br<\/p>\n<p><a href=\"http:\/\/lattes.cnpq.br\/5886835126532459\" target=\"_blank\" rel=\"noopener noreferrer\"><img data-recalc-dims=\"1\" src=\"https:\/\/i0.wp.com\/wp.ufpel.edu.br\/ppgs\/files\/2014\/05\/lattes.gif?resize=22%2C26&#038;ssl=1\" alt=\"lattes\" width=\"22\" height=\"26\" \/><\/a>\u00a0 Profa. Dra. Thays Wolfarth Mossi<br \/>\ne-mail para contato: thaysmossi@gmail.com<\/p>\n<p>&nbsp;<\/p>\n<p><strong>2016-2017:<\/strong><\/p>\n<p><a href=\"http:\/\/buscatextual.cnpq.br\/buscatextual\/visualizacv.do?id=K4423827D1\" target=\"_blank\" rel=\"noopener noreferrer\"><img data-recalc-dims=\"1\" src=\"https:\/\/i0.wp.com\/wp.ufpel.edu.br\/ppgs\/files\/2014\/05\/lattes.gif?resize=22%2C26&#038;ssl=1\" alt=\"lattes\" width=\"22\" height=\"26\" \/><\/a>\u00a0 Profa. Dra. Camila Dellagnese Prates<br \/>\ne-mail para contato: camilapratescs@gmail.com<\/p>\n<p><a href=\"http:\/\/buscatextual.cnpq.br\/buscatextual\/visualizacv.do?id=K4564684Y5\" target=\"_blank\" rel=\"noopener noreferrer\"><img data-recalc-dims=\"1\" src=\"https:\/\/i0.wp.com\/wp.ufpel.edu.br\/ppgs\/files\/2014\/05\/lattes.gif?resize=22%2C26&#038;ssl=1\" alt=\"lattes\" width=\"22\" height=\"26\" \/><\/a>\u00a0 Prof. Dr.\u00a0Eder Claudio Malta Souza<br \/>\ne-mail para contato:\u00a0ecmsouza@gmail.com<\/p>\n<p><a href=\"http:\/\/lattes.cnpq.br\/3263690246028982\" target=\"_blank\" rel=\"noopener noreferrer\"><img data-recalc-dims=\"1\" src=\"https:\/\/i0.wp.com\/wp.ufpel.edu.br\/ppgs\/files\/2014\/05\/lattes.gif?resize=22%2C26&#038;ssl=1\" alt=\"lattes\" width=\"22\" height=\"26\" \/><\/a>\u00a0 Prof. Dr. Am\u00edlcar Cardoso Vila\u00e7a de Freitas<br \/>\ne-mail para contato: amilcarchicago@yahoo.com.br<\/p>\n<p><strong>2015-2016:<\/strong><\/p>\n<p><a href=\"http:\/\/buscatextual.cnpq.br\/buscatextual\/visualizacv.do?id=K4423827D1\" target=\"_blank\" rel=\"noopener noreferrer\"><img data-recalc-dims=\"1\" src=\"https:\/\/i0.wp.com\/wp.ufpel.edu.br\/ppgs\/files\/2014\/05\/lattes.gif?resize=22%2C26&#038;ssl=1\" alt=\"lattes\" width=\"22\" height=\"26\" \/><\/a>\u00a0 Profa. Dra. Camila Dellagnese Prates<br \/>\ne-mail para contato: camilapratescs@gmail.com<\/p>\n<p><a href=\"http:\/\/buscatextual.cnpq.br\/buscatextual\/visualizacv.do?id=K4564684Y5\" target=\"_blank\" rel=\"noopener noreferrer\"><img data-recalc-dims=\"1\" src=\"https:\/\/i0.wp.com\/wp.ufpel.edu.br\/ppgs\/files\/2014\/05\/lattes.gif?resize=22%2C26&#038;ssl=1\" alt=\"lattes\" width=\"22\" height=\"26\" \/><\/a>\u00a0 Prof. Dr.\u00a0Eder Claudio Malta Souza<br \/>\ne-mail para contato:\u00a0ecmsouza@gmail.com<\/p>\n<p><a href=\"http:\/\/buscatextual.cnpq.br\/buscatextual\/visualizacv.do?id=K4730122A2\" target=\"_blank\" rel=\"noopener noreferrer\"><img data-recalc-dims=\"1\" src=\"https:\/\/i0.wp.com\/wp.ufpel.edu.br\/ppgs\/files\/2014\/05\/lattes.gif?resize=22%2C26&#038;ssl=1\" alt=\"lattes\" width=\"22\" height=\"26\" \/><\/a>\u00a0 Profa. Dra.\u00a0Renata Ferreira Brauner<br \/>\ne-mail para contato: renatabrauner@yahoo.com.br<\/p>\n<p><a href=\"http:\/\/buscatextual.cnpq.br\/buscatextual\/visualizacv.do?id=K4230758U7\" target=\"_blank\" rel=\"noopener noreferrer\"><img data-recalc-dims=\"1\" src=\"https:\/\/i0.wp.com\/wp.ufpel.edu.br\/ppgs\/files\/2014\/05\/lattes.gif?resize=22%2C26&#038;ssl=1\" alt=\"lattes\" width=\"22\" height=\"26\" \/><\/a>\u00a0 Prof. Dr. S\u00e9rgio Botton Barcellos<br \/>\ne-mail para contato: sergiobbarcellos@hotmail.com<\/p>\n<p><strong>2014-2015:<\/strong><\/p>\n<p><a href=\"http:\/\/buscatextual.cnpq.br\/buscatextual\/visualizacv.do?id=K4518526D4\" target=\"_blank\" rel=\"noopener noreferrer\"><img data-recalc-dims=\"1\" src=\"https:\/\/i0.wp.com\/wp.ufpel.edu.br\/ppgs\/files\/2014\/05\/lattes.gif?resize=22%2C26&#038;ssl=1\" alt=\"lattes\" width=\"22\" height=\"26\" \/><\/a>\u00a0 Prof. Dr. Fernando Figueiredo Balieiro<br \/>\ne-mail para contato: fernandofbalieiro@gmail.com<\/p>\n<p><a href=\"http:\/\/buscatextual.cnpq.br\/buscatextual\/visualizacv.do?id=K4730122A2\" target=\"_blank\" rel=\"noopener noreferrer\"><img data-recalc-dims=\"1\" src=\"https:\/\/i0.wp.com\/wp.ufpel.edu.br\/ppgs\/files\/2014\/05\/lattes.gif?resize=22%2C26&#038;ssl=1\" alt=\"lattes\" width=\"22\" height=\"26\" \/><\/a>\u00a0 Profa. Dra.\u00a0Renata Ferreira Brauner<br \/>\ne-mail para contato: renatabrauner@yahoo.com.br<\/p>\n<p><a href=\"http:\/\/buscatextual.cnpq.br\/buscatextual\/visualizacv.do?id=K4230758U7\" target=\"_blank\" rel=\"noopener noreferrer\"><img data-recalc-dims=\"1\" src=\"https:\/\/i0.wp.com\/wp.ufpel.edu.br\/ppgs\/files\/2014\/05\/lattes.gif?resize=22%2C26&#038;ssl=1\" alt=\"lattes\" width=\"22\" height=\"26\" \/><\/a>\u00a0 Prof. Dr. S\u00e9rgio Botton Barcellos<br \/>\ne-mail para contato: sergiobbarcellos@hotmail.com<\/p>\n<p><strong>2013-2014:<\/strong><\/p>\n<p><a href=\"http:\/\/buscatextual.cnpq.br\/buscatextual\/visualizacv.do?metodo=apresentar&amp;id=K4769308U6\" target=\"_blank\" rel=\"noopener noreferrer\"><img data-recalc-dims=\"1\" src=\"https:\/\/i0.wp.com\/wp.ufpel.edu.br\/ppgs\/files\/2014\/05\/lattes.gif?resize=22%2C26&#038;ssl=1\" alt=\"lattes\" width=\"22\" height=\"26\" \/><\/a>\u00a0 Prof. Dr. Marcus Vinicius Spolle<br \/>\ne-mail para contato: sociomarcus@yahoo.com.br<\/p>\n<p><a href=\"http:\/\/buscatextual.cnpq.br\/buscatextual\/visualizacv.do?id=K4730122A2\" target=\"_blank\" rel=\"noopener noreferrer\"><img data-recalc-dims=\"1\" src=\"https:\/\/i0.wp.com\/wp.ufpel.edu.br\/ppgs\/files\/2014\/05\/lattes.gif?resize=22%2C26&#038;ssl=1\" alt=\"lattes\" width=\"22\" height=\"26\" \/><\/a>\u00a0 Profa. Dra.\u00a0Renata Ferreira Brauner<br \/>\ne-mail para contato: renatabrauner@yahoo.com.br<\/p>\n<p><strong>2012-2013:<\/strong><\/p>\n<p><a href=\"http:\/\/buscatextual.cnpq.br\/buscatextual\/visualizacv.do?metodo=apresentar&amp;id=K4745626P0\" target=\"_blank\" rel=\"noopener noreferrer\"><img data-recalc-dims=\"1\" src=\"https:\/\/i0.wp.com\/wp.ufpel.edu.br\/ppgs\/files\/2014\/05\/lattes.gif?resize=22%2C26&#038;ssl=1\" alt=\"lattes\" width=\"22\" height=\"26\" \/><\/a>\u00a0 Profa. Dra. Elaine da Silveira Leite<br \/>\ne-mail para contato: elaineleite10@gmail.com<\/p>\n<p><a href=\"http:\/\/buscatextual.cnpq.br\/buscatextual\/visualizacv.do?metodo=apresentar&amp;id=K4769308U6\" target=\"_blank\" rel=\"noopener noreferrer\"><img data-recalc-dims=\"1\" src=\"https:\/\/i0.wp.com\/wp.ufpel.edu.br\/ppgs\/files\/2014\/05\/lattes.gif?resize=22%2C26&#038;ssl=1\" alt=\"lattes\" width=\"22\" height=\"26\" \/><\/a>\u00a0 Prof. Dr. Marcus Vinicius Spolle<br \/>\ne-mail para contato: sociomarcus@yahoo.com.br<\/p>\n","protected":false},"excerpt":{"rendered":"<p>P\u00f3s-doutorandos do do Programa de P\u00f3s-Gradua\u00e7\u00e3o em Sociologia da Universidade Federal de Pelotas (PPGS\/UFPel): &nbsp; 2024-2025 \u00a0Carla Michele Rech e-mail para contato: carlatsul@yahoo.com.br \u00a0Marciele Agosta de Vasconcelos e-mail para contato: ciele.vasconcellos@gmail.com &nbsp; 2022-2024: \u00a0Profa. Dra. Ana Paula Ferreira D\u2019\u00c1vila e-mail para contato: anapaulasocio10@gmail.com \u00a0Prof. Dr. Marcos Aur\u00e9lio Lacerda da Silva e-mail para contato: lacerda.marcos81@gmail.com &nbsp; [&hellip;]<\/p>\n","protected":false},"author":396,"featured_media":0,"parent":0,"menu_order":0,"comment_status":"closed","ping_status":"closed","template":"","meta":{"jetpack_post_was_ever_published":false,"footnotes":""},"class_list":["post-2201","page","type-page","status-publish","hentry"],"jetpack_sharing_enabled":true,"jetpack_shortlink":"https:\/\/wp.me\/P9dZ0f-zv","jetpack_likes_enabled":true,"jetpack-related-posts":[],"_links":{"self":[{"href":"https:\/\/wp.ufpel.edu.br\/ppgs\/wp-json\/wp\/v2\/pages\/2201","targetHints":{"allow":["GET"]}}],"collection":[{"href":"https:\/\/wp.ufpel.edu.br\/ppgs\/wp-json\/wp\/v2\/pages"}],"about":[{"href":"https:\/\/wp.ufpel.edu.br\/ppgs\/wp-json\/wp\/v2\/types\/page"}],"author":[{"embeddable":true,"href":"https:\/\/wp.ufpel.edu.br\/ppgs\/wp-json\/wp\/v2\/users\/396"}],"replies":[{"embeddable":true,"href":"https:\/\/wp.ufpel.edu.br\/ppgs\/wp-json\/wp\/v2\/comments?post=2201"}],"version-history":[{"count":37,"href":"https:\/\/wp.ufpel.edu.br\/ppgs\/wp-json\/wp\/v2\/pages\/2201\/revisions"}],"predecessor-version":[{"id":9664,"href":"https:\/\/wp.ufpel.edu.br\/ppgs\/wp-json\/wp\/v2\/pages\/2201\/revisions\/9664"}],"wp:attachment":[{"href":"https:\/\/wp.ufpel.edu.br\/ppgs\/wp-json\/wp\/v2\/media?parent=2201"}],"curies":[{"name":"wp","href":"https:\/\/api.w.org\/{rel}","templated":true}]}}