{"id":21,"date":"2014-05-26T14:28:44","date_gmt":"2014-05-26T17:28:44","guid":{"rendered":"https:\/\/wp.ufpel.edu.br\/ppgs\/?page_id=21"},"modified":"2026-01-29T10:31:56","modified_gmt":"2026-01-29T13:31:56","slug":"linhapesquisa2","status":"publish","type":"page","link":"https:\/\/wp.ufpel.edu.br\/ppgs\/linhas-de-pesquisa\/linhapesquisa2\/","title":{"rendered":"Teorias sociais e conhecimento"},"content":{"rendered":"<p>A linha de pesquisa est\u00e1 interessada em debater o conhecimento em sentido amplo. Aborda quest\u00f5es referentes \u00e0 sociologia do conhecimento, \u00e0 sociologia da ci\u00eancia e \u00e0 sociologia da sociologia. Abrange diversas tem\u00e1ticas tais como as perspectivas epistemol\u00f3gicas das teorias sociais; a problematiza\u00e7\u00e3o critica da rela\u00e7\u00e3o entre conhecimento e sociedade; a produ\u00e7\u00e3o cient\u00edfica tanto no \u00e2mbito disciplinar como interdisciplinar; a ci\u00eancia como um espa\u00e7o social aut\u00f4nomo em rela\u00e7\u00e3o a outros espa\u00e7os,\u00a0a sociologia brasileira e outras sociologias nacionais assim como discute a pertin\u00eancia de novas e velhas categorias\u00a0de conhecimento para pensar o social, tais como classe, ra\u00e7a, etnia, g\u00eanero, etc.<\/p>\n<address><strong>Professores vinculados \u00e0 Linha:<\/strong><\/address>\n<address>Francisco dos Santos Kieling<\/address>\n<address>L\u00e9o Peixoto Rodrigues\u00a0<\/address>\n<address>Marilis Almeida<\/address>\n<address>Marcus Vinicius Spolle<\/address>\n<address>Pedro Robertt<\/address>\n<address>Rodrigo Cantu<\/address>\n<address>William H\u00e9ctor G\u00f3mez Soto<\/address>\n<address>\u00a0<\/address>\n<address><strong>Colaboradores:<\/strong><\/address>\n<address>Alfredo Falero<\/address>\n<address>Analisa Zorzi<\/address>\n<address>\u00a0<\/address>\n","protected":false},"excerpt":{"rendered":"<p>A linha de pesquisa est\u00e1 interessada em debater o conhecimento em sentido amplo. Aborda quest\u00f5es referentes \u00e0 sociologia do conhecimento, \u00e0 sociologia da ci\u00eancia e \u00e0 sociologia da sociologia. Abrange diversas tem\u00e1ticas tais como as perspectivas epistemol\u00f3gicas das teorias sociais; a problematiza\u00e7\u00e3o critica da rela\u00e7\u00e3o entre conhecimento e sociedade; a produ\u00e7\u00e3o cient\u00edfica tanto no \u00e2mbito [&hellip;]<\/p>\n","protected":false},"author":396,"featured_media":0,"parent":6,"menu_order":0,"comment_status":"closed","ping_status":"closed","template":"","meta":{"jetpack_post_was_ever_published":false,"footnotes":""},"class_list":["post-21","page","type-page","status-publish","hentry"],"jetpack_sharing_enabled":true,"jetpack_shortlink":"https:\/\/wp.me\/P9dZ0f-l","jetpack_likes_enabled":true,"jetpack-related-posts":[],"_links":{"self":[{"href":"https:\/\/wp.ufpel.edu.br\/ppgs\/wp-json\/wp\/v2\/pages\/21","targetHints":{"allow":["GET"]}}],"collection":[{"href":"https:\/\/wp.ufpel.edu.br\/ppgs\/wp-json\/wp\/v2\/pages"}],"about":[{"href":"https:\/\/wp.ufpel.edu.br\/ppgs\/wp-json\/wp\/v2\/types\/page"}],"author":[{"embeddable":true,"href":"https:\/\/wp.ufpel.edu.br\/ppgs\/wp-json\/wp\/v2\/users\/396"}],"replies":[{"embeddable":true,"href":"https:\/\/wp.ufpel.edu.br\/ppgs\/wp-json\/wp\/v2\/comments?post=21"}],"version-history":[{"count":2,"href":"https:\/\/wp.ufpel.edu.br\/ppgs\/wp-json\/wp\/v2\/pages\/21\/revisions"}],"predecessor-version":[{"id":10704,"href":"https:\/\/wp.ufpel.edu.br\/ppgs\/wp-json\/wp\/v2\/pages\/21\/revisions\/10704"}],"up":[{"embeddable":true,"href":"https:\/\/wp.ufpel.edu.br\/ppgs\/wp-json\/wp\/v2\/pages\/6"}],"wp:attachment":[{"href":"https:\/\/wp.ufpel.edu.br\/ppgs\/wp-json\/wp\/v2\/media?parent=21"}],"curies":[{"name":"wp","href":"https:\/\/api.w.org\/{rel}","templated":true}]}}