{"id":2072,"date":"2016-12-13T19:32:09","date_gmt":"2016-12-13T21:32:09","guid":{"rendered":"https:\/\/wp.ufpel.edu.br\/ppgs\/?page_id=2072"},"modified":"2017-10-06T00:01:16","modified_gmt":"2017-10-06T03:01:16","slug":"lineas-de-investigacion","status":"publish","type":"page","link":"https:\/\/wp.ufpel.edu.br\/ppgs\/lineas-de-investigacion\/","title":{"rendered":"L\u00edneas de investigaci\u00f3n"},"content":{"rendered":"<p><strong>Ciudad, Estado y Desarrollo<\/strong><br \/>\nEsta l\u00ednea busca comprender as pr\u00e1cticas y concepciones de ciudadan\u00eda y democracia como expresiones de las relaciones entre sociedad y Estado; as formas de asociativismo en las ciudades, as\u00ed como los conflictos espaciales y sociales; as nuevas sociabilidades y la vida cotidiana en las ciudades; las nuevas ruralidades y los procesos de desarrollo econ\u00f3mico y social en sus relaciones epistemol\u00f3gicas con el medio ambiente; las experiencias participativas en la gesti\u00f3n y en la planificaci\u00f3n urbana y regional; los movimientos sociales y las identidades colectivas.<\/p>\n<p><em>Profesores vinculados a la l\u00ednea<\/em>: <span class=\"Apple-style-span\">Fl\u00e1vio Sacco dos Anjos<\/span>, <span class=\"Apple-style-span\">L\u00e9o Peixoto Rodrigues<\/span>, Maria Thereza Rosa Ribeiro<span class=\"Apple-style-span\">, Rafael Braz da Silva, S\u00e9rgio Bottom Barcellos, William H\u00e9ctor G\u00f3mez Soto, Camila Dellagnese Prates (Profesora Colaboradora), Eder Claudio Malta Souza (Profesor Colaborador)<\/span>.<\/p>\n<p><strong>Teor\u00edas Sociales y Conocimiento<\/strong><br \/>\nEsta l\u00ednea de investigaci\u00f3n est\u00e1 interesada en debatir el conocimiento en sentido amplio. Aborda cuestiones referentes a la sociolog\u00eda del conocimiento, a la sociolog\u00eda de la ciencia y a la sociolog\u00eda de la sociolog\u00eda. Abarca diversas tem\u00e1ticas, tales como las perspectivas epistemol\u00f3gicas de las teor\u00edas sociales; la problematizaci\u00f3n cr\u00edtica de la relaci\u00f3n entre conocimiento y sociedad; la producci\u00f3n cient\u00edfica tanto en el \u00e1mbito disciplinar como interdisciplinar; la ciencia como un espacio social aut\u00f3nomo en relaci\u00f3n con otros espacios, con la sociolog\u00eda brasilera y otras sociolog\u00edas nacionales; as\u00ed como tambi\u00e9n discute la pertinencia de nuevas y viejas categor\u00edas de conocimiento para pensar lo social, tales como clase, raza, etnia, g\u00e9nero, entre otras.<\/p>\n<p><span class=\"Apple-style-span\"><em>Profesores vinculados a la l\u00ednea<\/em>: L\u00e9o Peixoto Rodrigues, Marcus Vinicius Spolle, Maria Thereza Rosa Ribeiro, Pedro Robertt, William H\u00e9ctor G\u00f3mez Soto, Fernando de Figueiredo Balieiro (Profesor Colaborador).<\/span><\/p>\n<p><strong>Trabajo, Organizaciones e Identidad<\/strong><br \/>\nAnaliza las transformaciones ocurridas en el mundo del trabajo en la sociedad contempor\u00e1nea, entre ellas: procesos de restructuraci\u00f3n productiva, flexibilizaci\u00f3n de las relaciones de trabajo, trabajo augestionario, cambios organizacionales. Aborda cuestiones que inciden tanto sobre la dimensi\u00f3n objetiva, como en la subjetiva de la vida de los trabajadores, ya sea en lo referente a su espacio de actuaci\u00f3n profesional y organizaci\u00f3n colectiva, o a sus vidas cotidianas. Envuelve el estudio de las formas de organizaci\u00f3n de clase, de grupos y de sectores de trabajadores, as\u00ed como de sus condiciones de vida, sus formas de resistencia y sus conformaciones culturales e identitarias. Tambi\u00e9n analiza la producci\u00f3n de nuevas pr\u00e1cticas econ\u00f3micas y discursos empresariales que instilan nuevas formas de relacionarse los individuos con sus carreras y con las formas de generaci\u00f3n de ingresos. Incorpora el debate sobre las relaciones poder en las organizaci\u00f3n, de la empresa como un espacio social en t\u00e9rminos de trabajo y de organizaci\u00f3n, y de los diferentes mundos sociales de la empresa.<\/p>\n<p><span class=\"Apple-style-span\"><em>Profesores vinculados a la l\u00ednea<\/em>: Attila Magno e Silva Barbosa, Elaine da Silveira Leite, Lorena Almeida Gill, Pedro Robertt, Am\u00edlcar Cardoso Vila\u00e7a de Freitas (Profesor Colaborador), Marcio Silva Rodrigues (Profesor Colaborador).<\/span><\/p>\n","protected":false},"excerpt":{"rendered":"<p>Ciudad, Estado y Desarrollo Esta l\u00ednea busca comprender as pr\u00e1cticas y concepciones de ciudadan\u00eda y democracia como expresiones de las relaciones entre sociedad y Estado; as formas de asociativismo en las ciudades, as\u00ed como los conflictos espaciales y sociales; as nuevas sociabilidades y la vida cotidiana en las ciudades; las nuevas ruralidades y los procesos [&hellip;]<\/p>\n","protected":false},"author":396,"featured_media":0,"parent":0,"menu_order":2,"comment_status":"closed","ping_status":"closed","template":"","meta":{"jetpack_post_was_ever_published":false,"footnotes":""},"class_list":["post-2072","page","type-page","status-publish","hentry"],"jetpack_sharing_enabled":true,"jetpack_shortlink":"https:\/\/wp.me\/P9dZ0f-xq","jetpack_likes_enabled":true,"jetpack-related-posts":[],"_links":{"self":[{"href":"https:\/\/wp.ufpel.edu.br\/ppgs\/wp-json\/wp\/v2\/pages\/2072","targetHints":{"allow":["GET"]}}],"collection":[{"href":"https:\/\/wp.ufpel.edu.br\/ppgs\/wp-json\/wp\/v2\/pages"}],"about":[{"href":"https:\/\/wp.ufpel.edu.br\/ppgs\/wp-json\/wp\/v2\/types\/page"}],"author":[{"embeddable":true,"href":"https:\/\/wp.ufpel.edu.br\/ppgs\/wp-json\/wp\/v2\/users\/396"}],"replies":[{"embeddable":true,"href":"https:\/\/wp.ufpel.edu.br\/ppgs\/wp-json\/wp\/v2\/comments?post=2072"}],"version-history":[{"count":9,"href":"https:\/\/wp.ufpel.edu.br\/ppgs\/wp-json\/wp\/v2\/pages\/2072\/revisions"}],"predecessor-version":[{"id":2955,"href":"https:\/\/wp.ufpel.edu.br\/ppgs\/wp-json\/wp\/v2\/pages\/2072\/revisions\/2955"}],"wp:attachment":[{"href":"https:\/\/wp.ufpel.edu.br\/ppgs\/wp-json\/wp\/v2\/media?parent=2072"}],"curies":[{"name":"wp","href":"https:\/\/api.w.org\/{rel}","templated":true}]}}