{"id":2069,"date":"2016-12-13T19:21:19","date_gmt":"2016-12-13T21:21:19","guid":{"rendered":"https:\/\/wp.ufpel.edu.br\/ppgs\/?page_id=2069"},"modified":"2025-10-16T10:41:03","modified_gmt":"2025-10-16T13:41:03","slug":"sobre-el-ppgs","status":"publish","type":"page","link":"https:\/\/wp.ufpel.edu.br\/ppgs\/sobre-el-ppgs\/","title":{"rendered":"Sobre el PPGS"},"content":{"rendered":"<p data-start=\"0\" data-end=\"793\"><strong>Hist\u00f3rico y Calificaci\u00f3n CAPES<\/strong><\/p>\n<p data-start=\"0\" data-end=\"793\">El Programa de Posgrado en Sociolog\u00eda de la Universidad Federal de Pelotas es heredero del Programa de Posgrado en Ciencias Sociales, aprobado por la Capes en 2005, y que comenz\u00f3 a funcionar en 2006. Para comprender el estado actual del PPG en Sociolog\u00eda es necesario destacar la historia del antiguo PPG en Ciencias Sociales. Este programa se inici\u00f3 con una propuesta interdisciplinaria que, en sus comienzos, abarcaba diferentes \u00e1reas del conocimiento cient\u00edfico en Ciencias Sociales. As\u00ed, en 2010, la CAPES aprob\u00f3 el Programa de Posgrado en Ciencia Pol\u00edtica, en el Instituto de Filosof\u00eda, Sociolog\u00eda y Pol\u00edtica de la UFPel. A su vez, a fines del a\u00f1o 2011, tambi\u00e9n fue aprobado el Programa de Posgrado en Antropolog\u00eda y Arqueolog\u00eda, ubicado en el Instituto de Ciencias Humanas de la UFPel.<\/p>\n<p data-start=\"795\" data-end=\"1299\">El nuevo paso, consecuencia de este proceso de consolidaci\u00f3n de las \u00e1reas disciplinares, se dio en 2012. Ese a\u00f1o, el PPG en Ciencias Sociales cambi\u00f3 de nombre y pas\u00f3 a denominarse PPG en Sociolog\u00eda, con curso a nivel de Maestr\u00eda. Con la evaluaci\u00f3n cuatrienal 2017\u20132020 de la CAPES, el programa fue acreditado para la apertura del curso de Doctorado, aprobado en septiembre de 2018 e iniciado en marzo de 2019. En la \u00faltima evaluaci\u00f3n cuatrienal 2021\u20132024 de CAPES, el Programa de Posgrado en Sociolog\u00eda obtuvo el concepto 5.<\/p>\n<p data-start=\"1301\" data-end=\"1551\">El Programa cuenta con un cuerpo docente calificado en el \u00e1rea de Sociolog\u00eda y l\u00edneas de investigaci\u00f3n espec\u00edficas que abarcan temas como las ciudades, el Estado, el conocimiento en la sociedad actual, el desarrollo, el trabajo y el medio ambiente.<\/p>\n<h3 data-start=\"1553\" data-end=\"1577\">Objetivos del PPGS<\/h3>\n<p data-start=\"1579\" data-end=\"2180\">El objetivo general del Programa de Posgrado en Sociolog\u00eda de la Universidad Federal de Pelotas \u2013 Maestr\u00eda y Doctorado \u2013 es estimular, promover y orientar trabajos acad\u00e9micos, sean de ense\u00f1anza, investigaci\u00f3n o extensi\u00f3n, orientados principalmente a la realidad brasile\u00f1a \u2013 en sus aspectos nacionales y regionales (con especial \u00e9nfasis en el Cono Sur) \u2013, pero tambi\u00e9n latinoamericanos e internacionales, desde una perspectiva sociol\u00f3gica abierta al di\u00e1logo, particularmente con otras Ciencias Sociales. En este sentido, buscamos formar investigadores acad\u00e9micos calificados en el \u00e1rea de Sociolog\u00eda.<\/p>\n<p data-start=\"2182\" data-end=\"2223\">Los objetivos espec\u00edficos del PPGS son:<\/p>\n<p data-start=\"2225\" data-end=\"2583\">I. Mantener los esfuerzos permanentes de consolidaci\u00f3n de un equipo de soci\u00f3logos capaz de desarrollar proyectos de investigaci\u00f3n que centren su atenci\u00f3n, por un lado, en las tendencias de desarrollo de Brasil en sus aspectos sociopol\u00edticos y econ\u00f3micos, y por otro, en los procesos socioculturales que trascienden las fronteras de los pa\u00edses del Mercosur.<\/p>\n<p data-start=\"2585\" data-end=\"3048\">II. Consolidar la constituci\u00f3n de n\u00facleos de investigaci\u00f3n vinculados a sociolog\u00edas espec\u00edficas, buscando la integraci\u00f3n entre estudiantes y docentes en torno a grupos de investigaci\u00f3n, de manera que se promueva la producci\u00f3n colectiva del conocimiento. Esto, sin embargo, no implica la ausencia de di\u00e1logo con otras Ciencias Sociales, ya que se entiende que el di\u00e1logo interdisciplinario es una caracter\u00edstica central del conocimiento cient\u00edfico contempor\u00e1neo.<\/p>\n<p data-start=\"3050\" data-end=\"3548\">III. Establecer lazos de cooperaci\u00f3n acad\u00e9mica, tales como intercambio de estudiantes y docentes, nuevas experiencias de investigaci\u00f3n, extensi\u00f3n e intercambio de conocimientos con instituciones de educaci\u00f3n superior brasile\u00f1as y, con especial atenci\u00f3n, con instituciones del Cono Sur, con el objetivo de consolidar la presencia de los estudiantes en centros y universidades de referencia, en Brasil y en el exterior, bajo la modalidad de pasant\u00eda \u201cs\u00e1ndwich\u201d durante la realizaci\u00f3n del doctorado.<\/p>\n<p data-start=\"3550\" data-end=\"3877\">IV. Fomentar la integraci\u00f3n regional del PPGS mediante la concreci\u00f3n de convenios e intercambios con los pa\u00edses Brasil, Argentina y Uruguay. Este esfuerzo tiene como finalidad establecer lazos duraderos de cooperaci\u00f3n que fortalezcan las potencialidades regionales del Cono Sur en sus dimensiones social, cultural y pol\u00edtica.<\/p>\n<h3 data-start=\"3879\" data-end=\"3910\">Fuentes de Financiamiento<\/h3>\n<p data-start=\"3912\" data-end=\"4307\" data-is-last-node=\"\" data-is-only-node=\"\">El PPGS obtiene anualmente becas de estudio para sus estudiantes, otorgadas por las agencias de fomento CNPq, CAPES y FAPERGS. Tambi\u00e9n dispone de recursos del Programa de Apoyo a la Posgraduaci\u00f3n (Proap) de la Capes para apoyar actividades acad\u00e9micas de docentes y estudiantes. Adem\u00e1s de tres becas de posdoctorado, el PNPD otorga recursos econ\u00f3micos para la adquisici\u00f3n de equipos y materiales.<\/p>\n<h3 data-start=\"53\" data-end=\"69\">Conozca m\u00e1s:<\/h3>\n<p data-start=\"71\" data-end=\"96\"><a href=\"https:\/\/wp.ufpel.edu.br\/ppgs\/files\/2018\/09\/Regimento-do-Mestrado-e-Doutorado-Sociologia-UFPel.pdf\"><strong data-start=\"71\" data-end=\"94\">REGLAMENTO DEL PPGS<\/strong><\/a><\/p>\n<p data-start=\"98\" data-end=\"130\"><a href=\"https:\/\/wp.ufpel.edu.br\/ppgs\/files\/2019\/12\/regimento-laborat\u00f3rio.pdf\"><strong data-start=\"98\" data-end=\"128\">REGLAMENTO DEL LABORATORIO<\/strong><\/a><\/p>\n<p data-start=\"132\" data-end=\"169\"><strong data-start=\"132\" data-end=\"167\">Resoluciones del PPGS en vigor:<\/strong><\/p>\n<ul data-start=\"171\" data-end=\"761\">\n<li data-start=\"171\" data-end=\"334\">\n<p data-start=\"173\" data-end=\"334\"><a href=\"https:\/\/wp.ufpel.edu.br\/ppgs\/files\/2023\/12\/ResolucaoPPGS1-2023.pdf\"><strong data-start=\"173\" data-end=\"202\">Resoluci\u00f3n PPGS n\u00ba 1\/2023<\/strong><\/a> \u2013 Nueva norma que establece la comisi\u00f3n, los criterios para la distribuci\u00f3n, concesi\u00f3n y mantenimiento de becas en el PPGS\/UFPel.<\/p>\n<\/li>\n<li data-start=\"335\" data-end=\"490\">\n<p data-start=\"337\" data-end=\"490\"><a href=\"https:\/\/wp.ufpel.edu.br\/ppgs\/files\/2018\/09\/Resolu\u00e7\u00e3o-01-2017.pdf\"><strong data-start=\"337\" data-end=\"374\">Resoluci\u00f3n n\u00ba 1\/2017 \u2013 04\/10\/2017<\/strong><\/a> \u2013 Dispone sobre la comisi\u00f3n, criterios para la distribuci\u00f3n, concesi\u00f3n y mantenimiento de becas en el PPGS\/UFPel.<\/p>\n<\/li>\n<li data-start=\"491\" data-end=\"618\">\n<p data-start=\"493\" data-end=\"618\"><strong data-start=\"493\" data-end=\"526\"><a href=\"https:\/\/wp.ufpel.edu.br\/ppgs\/files\/2019\/03\/ANEXO-01-\u2013-Resolu\u00e7\u00e3o-01.2017-regras-de-transi\u00e7\u00e3o-Doutorado.pdf\">ANEXO 01<\/a> \u2013 <\/strong>Resoluci\u00f3n 01\/2017 del Programa de Posgrado en Sociolog\u00eda de la Universidad Federal de Pelotas \u2013 PPGS\/UFPel.<\/p>\n<\/li>\n<li data-start=\"619\" data-end=\"761\">\n<p data-start=\"621\" data-end=\"761\"><strong data-start=\"621\" data-end=\"658\"><a href=\"https:\/\/wp.ufpel.edu.br\/ppgs\/files\/2017\/10\/Resolu\u00e7\u00e3o-2-2017-Credenciamento-e-Perman\u00eancia-Professores-PPGS.pdf\">Resoluci\u00f3n n\u00ba 2\/2017<\/a> \u2013 <\/strong>04\/10\/2017 \u2013 Dispone sobre la acreditaci\u00f3n de profesores en el Programa de Posgrado en Sociolog\u00eda \u2013 PPGS\/UFPel.<\/p>\n<\/li>\n<\/ul>\n<p data-start=\"763\" data-end=\"810\"><strong data-start=\"763\" data-end=\"808\">Resoluciones del CONSUN \u2013 UFPel en vigor:<\/strong><\/p>\n<ul data-start=\"812\" data-end=\"1218\">\n<li data-start=\"812\" data-end=\"1027\">\n<p data-start=\"814\" data-end=\"1027\"><a href=\"https:\/\/wp.ufpel.edu.br\/ppgs\/files\/2017\/10\/Resolu\u00e7\u00e3o-n.-05-de-26-de-abril-de-2017-1-CONSUN-A\u00c7\u00c3O-AFIRMATIVA-UFPEL.pdf\"><strong data-start=\"814\" data-end=\"846\">Resoluci\u00f3n n\u00ba 5 \u2013 26\/04\/2017<\/strong><\/a> \u2013 Establece la pol\u00edtica de acciones afirmativas para personas negras, quilombolas, ind\u00edgenas y personas con discapacidad en los Programas de Posgrado <em data-start=\"997\" data-end=\"1012\">stricto sensu<\/em> de la UFPel.<\/p>\n<\/li>\n<li data-start=\"1028\" data-end=\"1218\">\n<p data-start=\"1030\" data-end=\"1218\"><a href=\"https:\/\/wp.ufpel.edu.br\/prppgi\/files\/2019\/07\/RES.-092019-Aprova-a-pol%C3%ADtica-de-vagas-discentes-nos-PPG-stricto-sensu-para-servidores-da-UFPel.pdf\"><strong data-start=\"1030\" data-end=\"1062\">Resoluci\u00f3n n\u00ba 9 \u2013 28\/05\/2019<\/strong><\/a> \u2013 Establece la pol\u00edtica de oferta de vacantes estudiantiles en los Programas de Posgrado <em data-start=\"1152\" data-end=\"1167\">stricto sensu<\/em> de la UFPel para funcionarios de la instituci\u00f3n.<\/p>\n<\/li>\n<\/ul>\n<p data-start=\"1220\" data-end=\"1267\"><strong data-start=\"1220\" data-end=\"1265\">Resoluciones del COCEPE \u2013 UFPel en vigor:<\/strong><\/p>\n<ul data-start=\"1269\" data-end=\"1355\">\n<li data-start=\"1269\" data-end=\"1355\">\n<p data-start=\"1271\" data-end=\"1355\"><a href=\"https:\/\/wp.ufpel.edu.br\/prppgi\/files\/2013\/08\/resolu%c3%a7%c3%a3o-13.2010.pdf?file=2013\/08\/resolu%C3%A7%C3%A3o-13.2010.pdf\"><strong data-start=\"1271\" data-end=\"1296\">Resoluci\u00f3n n\u00ba 13\/2010<\/strong><\/a> \u2013 Dispone sobre el Programa de Posdoctorado en la UFPel.<\/p>\n<\/li>\n<\/ul>\n<p data-start=\"1357\" data-end=\"1422\"><a href=\"https:\/\/wp.ufpel.edu.br\/ppgs\/files\/2017\/04\/PORTARIA-N-156-PROAP.pdf\"><strong data-start=\"1357\" data-end=\"1420\">REGLAMENTO DEL PROGRAMA DE APOYO A LA POSGRADUACI\u00d3N (PROAP)<\/strong><\/a><\/p>\n<p data-start=\"1424\" data-end=\"1457\"><strong data-start=\"1424\" data-end=\"1455\">REGLAMENTO DE BECAS FAPERGS<\/strong><\/p>\n<p data-start=\"1459\" data-end=\"1510\"><a href=\"https:\/\/wp.ufpel.edu.br\/ppgs\/files\/2017\/04\/Portaria_076_RegulamentoDS.pdf\"><strong data-start=\"1459\" data-end=\"1508\">REGLAMENTO DE BECAS DE DEMANDA SOCIAL \u2013 CAPES<\/strong><\/a><\/p>\n<p><strong>Coordinaci\u00f3n:<\/strong><\/p>\n<p><strong>Coordinador:<\/strong> Prof. Dr. Pedro Robertt<\/p>\n<p><strong>Coordinadora Adjunta: <\/strong>Profa. Dra. Mari Cristina de Freitas Fagundes<\/p>\n<p><strong>Secretar\u00eda:<\/strong> Fl\u00e1via Lucimeri Rodrigues de Freitas<\/p>\n<p><strong>Contacto: <\/strong><a href=\"mailto:ppgs@ufpel.edu.br\">ppgs@ufpel.edu.br<\/a><\/p>\n","protected":false},"excerpt":{"rendered":"<p>Hist\u00f3rico y Calificaci\u00f3n CAPES El Programa de Posgrado en Sociolog\u00eda de la Universidad Federal de Pelotas es heredero del Programa de Posgrado en Ciencias Sociales, aprobado por la Capes en 2005, y que comenz\u00f3 a funcionar en 2006. Para comprender el estado actual del PPG en Sociolog\u00eda es necesario destacar la historia del antiguo PPG [&hellip;]<\/p>\n","protected":false},"author":396,"featured_media":0,"parent":0,"menu_order":1,"comment_status":"closed","ping_status":"closed","template":"","meta":{"jetpack_post_was_ever_published":false,"footnotes":""},"class_list":["post-2069","page","type-page","status-publish","hentry"],"jetpack_sharing_enabled":true,"jetpack_shortlink":"https:\/\/wp.me\/P9dZ0f-xn","jetpack_likes_enabled":true,"jetpack-related-posts":[],"_links":{"self":[{"href":"https:\/\/wp.ufpel.edu.br\/ppgs\/wp-json\/wp\/v2\/pages\/2069","targetHints":{"allow":["GET"]}}],"collection":[{"href":"https:\/\/wp.ufpel.edu.br\/ppgs\/wp-json\/wp\/v2\/pages"}],"about":[{"href":"https:\/\/wp.ufpel.edu.br\/ppgs\/wp-json\/wp\/v2\/types\/page"}],"author":[{"embeddable":true,"href":"https:\/\/wp.ufpel.edu.br\/ppgs\/wp-json\/wp\/v2\/users\/396"}],"replies":[{"embeddable":true,"href":"https:\/\/wp.ufpel.edu.br\/ppgs\/wp-json\/wp\/v2\/comments?post=2069"}],"version-history":[{"count":4,"href":"https:\/\/wp.ufpel.edu.br\/ppgs\/wp-json\/wp\/v2\/pages\/2069\/revisions"}],"predecessor-version":[{"id":10365,"href":"https:\/\/wp.ufpel.edu.br\/ppgs\/wp-json\/wp\/v2\/pages\/2069\/revisions\/10365"}],"wp:attachment":[{"href":"https:\/\/wp.ufpel.edu.br\/ppgs\/wp-json\/wp\/v2\/media?parent=2069"}],"curies":[{"name":"wp","href":"https:\/\/api.w.org\/{rel}","templated":true}]}}