{"id":1925,"date":"2016-11-17T20:10:04","date_gmt":"2016-11-17T22:10:04","guid":{"rendered":"https:\/\/wp.ufpel.edu.br\/ppgs\/?page_id=1925"},"modified":"2024-09-10T02:03:01","modified_gmt":"2024-09-10T05:03:01","slug":"turma-2015","status":"publish","type":"page","link":"https:\/\/wp.ufpel.edu.br\/ppgs\/producaoeeventos\/dissertacoes\/turma-2015\/","title":{"rendered":"Disserta\u00e7\u00f5es: Turma 2015"},"content":{"rendered":"<p><strong>ANA ESTELA VAZ XAVIER<br \/>\n<\/strong><\/p>\n<p>Trabalho de Conclus\u00e3o: <strong><a href=\"https:\/\/wp.ufpel.edu.br\/ppgs\/files\/2017\/07\/Ana-Estela-Vaz-Disserta\u00e7\u00e3o2017.pdf\">A revitaliza\u00e7\u00e3o do mercado p\u00fablico de Pelotas e sua ressignifica\u00e7\u00e3o social<\/a>.<\/strong><\/p>\n<p>Orientadora: Maria Thereza Rosa Ribeiro.<\/p>\n<p>Data de Defesa: 09\/05\/2017.<\/p>\n<p>&nbsp;<\/p>\n<p><strong>BERENICE DE LEMOS SILVA SALVADOR<br \/>\n<\/strong><\/p>\n<p>Trabalho de Conclus\u00e3o: <strong><a href=\"https:\/\/wp.ufpel.edu.br\/ppgs\/files\/2017\/09\/Berenice-Salvador-Disserta\u00e7\u00e3o2017.pdf\">Disposi\u00e7\u00f5es socializadores e ideal de profiss\u00e3o independente: um estudo de trajet\u00f3rias individuais de &#8220;pejotas&#8221; na cidade de Pelotas &#8211; RS<\/a>.<\/strong><\/p>\n<p>Orientador: Pedro Alcides Robertt Niz.<\/p>\n<p>Data de Defesa: 07\/07\/2017.<\/p>\n<p>&nbsp;<\/p>\n<p><strong>DIANINE CENSON LOPES<br \/>\n<\/strong><\/p>\n<p>Trabalho de Conclus\u00e3o: <strong><a href=\"https:\/\/wp.ufpel.edu.br\/ppgs\/files\/2017\/06\/Dianine-Censon-Disserta\u00e7\u00e3o2017.pdf\">Entre os fantasmas do passado e a cren\u00e7a no futuro: uma narrativa sobre estrat\u00e9gias adotadas pelo governo de Jaguar\u00e3o (RS) frente \u00e0s diretrizes do Programa de Promo\u00e7\u00e3o do Desenvolvimento da Faixa de Fronteira<\/a>.<\/strong><\/p>\n<p>Orientadora: Elaine da Silveira Leite.<\/p>\n<p>Coorientador: M\u00e1rcio Silva Rodrigues.<\/p>\n<p>Data de Defesa: 05\/05\/2017.<\/p>\n<p>&nbsp;<\/p>\n<p><strong>F\u00c1BIO DIAS RIBEIRO ELSTE<br \/>\n<\/strong><\/p>\n<p>Trabalho de Conclus\u00e3o: <strong><a href=\"https:\/\/wp.ufpel.edu.br\/ppgs\/files\/2017\/12\/F%C3%A1bio-Ribeiro-Disserta\u00e7\u00e3o2017.pdf\">Os Guardi\u00f5es de Semente no Passo do Louren\u00e7o, Cangu\u00e7u &#8211; RS: a semente crioula e o <em>habitus<\/em> do campon\u00eas<\/a>.<\/strong><\/p>\n<p>Orientador: William H\u00e9ctor G\u00f3mez Soto.<\/p>\n<p>Data de Defesa: 23\/08\/2017.<\/p>\n<p>&nbsp;<\/p>\n<p><strong>FL\u00c1VIA GIRIBONE ACOSTA DUARTE<br \/>\n<\/strong><\/p>\n<p>Trabalho de Conclus\u00e3o: <strong><a href=\"https:\/\/wp.ufpel.edu.br\/ppgs\/files\/2017\/06\/Fl\u00e1via-Acosta-Disserta\u00e7\u00e3o2017.pdf\">Racismo e a constru\u00e7\u00e3o das identidades das adolescentes negras em Santana do Livramento &#8211; RS : um estudo de caso comparativo entre o bairro Carolina e o bairro Centro<\/a>.<\/strong><\/p>\n<p>Orientador: Marcus Vinicius Spolle.<\/p>\n<p>Data de Defesa: 31\/03\/2017.<\/p>\n<p>&nbsp;<\/p>\n<p><strong>GERSON LUIZ CARDOSO DA SILVA<\/strong><\/p>\n<p>Trabalho de Conclus\u00e3o: <strong><a href=\"https:\/\/wp.ufpel.edu.br\/ppgs\/files\/2017\/03\/Gerson-Cardoso-da-Silva-Disserta\u00e7\u00e3o2017.pdf\">A din\u00e2mica das intera\u00e7\u00f5es sociais e seus limites: uma an\u00e1lise dos desafios da constru\u00e7\u00e3o do capital social na pra\u00e7a Dom Antonio Zattera \u2013 Pelotas \u2013 RS<\/a>.<\/strong><\/p>\n<p>Orientador: Guilherme Camargo Massa\u00fa.<\/p>\n<p>Data de Defesa: 17\/03\/2017.<\/p>\n<p>&nbsp;<\/p>\n<p><strong>GIOVANNA IASINIEWICZ<br \/>\n<\/strong><\/p>\n<p>Trabalho de Conclus\u00e3o: <strong><a href=\"https:\/\/wp.ufpel.edu.br\/ppgs\/files\/2017\/10\/Giovanna-Iasiniewicz-Disserta\u00e7\u00e3o2017.pdf\">Trabalho dom\u00e9stico no Brasil: entre o poder simb\u00f3lico patronal e a luta por reconhecimento jur\u00eddico<\/a>.<\/strong><\/p>\n<p>Orientador: Attila Magno e Silva Barbosa.<\/p>\n<p>Data de Defesa: 12\/07\/2017.<\/p>\n<p>&nbsp;<\/p>\n<p><strong>HUMBERTO RIBEIRO DUARTE<br \/>\n<\/strong><\/p>\n<p>Trabalho de Conclus\u00e3o: <strong><a href=\"https:\/\/wp.ufpel.edu.br\/ppgs\/files\/2017\/08\/Humberto-Duarte-Disserta\u00e7\u00e3o2017.pdf\">Os negros do \u201cSarav\u00e1, meu Pai\u201d para o \u201cAm\u00e9m, Jesus\u201d: abordagem sobre quest\u00f5es de f\u00e9 e identidade<\/a>.<\/strong><\/p>\n<p>Orientador: Marcus Vinicius Spolle.<\/p>\n<p>Data de Defesa: 23\/06\/2017.<\/p>\n<p>&nbsp;<\/p>\n<p><strong>JO\u00c3O MATHEUS SOARES MIRANDA<br \/>\n<\/strong><\/p>\n<p>Trabalho de Conclus\u00e3o: <strong><a href=\"https:\/\/wp.ufpel.edu.br\/ppgs\/files\/2017\/07\/Joao-Matheus-Miranda-Disserta\u00e7\u00e3o2017.pdf\">O futuro pede passagem e vem de moto?: a experi\u00eancia dos mototrabalhadores em Pelotas\/RS<\/a>.<\/strong><\/p>\n<p>Orientadora: Lorena Almeida Gill.<\/p>\n<p>Data de Defesa: 31\/05\/2017.<\/p>\n<p>&nbsp;<\/p>\n<p><strong>JULIANA LIMA CASTRO<br \/>\n<\/strong><\/p>\n<p>Trabalho de Conclus\u00e3o: <strong><a href=\"https:\/\/wp.ufpel.edu.br\/ppgs\/files\/2017\/08\/Juliana-Lima-Castro-Disserta\u00e7\u00e3o2017.pdf\">G\u00eanero e sociabilidades no Caf\u00e9 Aqu\u00e1rios: um estudo sobre as mudan\u00e7as dos fluxos femininos em um espa\u00e7o historicamente masculino<\/a>.<\/strong><\/p>\n<p>Orientador: Fernando de Figueiredo Balieiro.<\/p>\n<p>Coorientador: Marcus Vinicius Spolle.<\/p>\n<p>Data de Defesa: 27\/06\/2017.<\/p>\n<p>&nbsp;<\/p>\n<p><strong>MARIA EMILIA VALLI B\u00dcTTOW<br \/>\n<\/strong><\/p>\n<p>Trabalho de Conclus\u00e3o: <a href=\"https:\/\/wp.ufpel.edu.br\/ppgs\/files\/2017\/10\/Maria-Emilia-B\u00fcttow-Disserta\u00e7\u00e3o2017.pdf\"><strong>Trabalho dom\u00e9stico: as percep\u00e7\u00f5es sociais sobre a luta por reconhecimento e a nova legisla\u00e7\u00e3o trabalhista em audi\u00eancias na Justi\u00e7a do Trabalho de Pelotas<\/strong><\/a><strong>.<\/strong><\/p>\n<p>Orientador: Attila Magno e Silva Barbosa.<\/p>\n<p>Coorientadora: Elaine da Silveira Leite.<\/p>\n<p>Data de Defesa: 21\/07\/2017.<\/p>\n<p>&nbsp;<\/p>\n<p><strong>SU\u00c9LEN ALMEIDA FREDA<br \/>\n<\/strong><\/p>\n<p>Trabalho de Conclus\u00e3o: <strong><a href=\"https:\/\/wp.ufpel.edu.br\/ppgs\/files\/2017\/06\/Su\u00e9len-Freda-Disserta\u00e7\u00e3o2017.pdf\">Classes sociais e jornalismo popular: uma vis\u00e3o a partir de leitores da cidade de Pelotas\/RS sobre e no jornal impresso Di\u00e1rio Ga\u00facho<\/a>.<\/strong><\/p>\n<p>Orientadora: Maria Thereza Rosa Ribeiro.<\/p>\n<p>Data de Defesa: 24\/04\/2017.<\/p>\n<p>&nbsp;<\/p>\n<p><strong>TANISE BRINCKER<br \/>\n<\/strong><\/p>\n<p>Trabalho de Conclus\u00e3o: <strong><a href=\"https:\/\/wp.ufpel.edu.br\/ppgs\/files\/2017\/07\/Tanise-Brincker-Disserta\u00e7\u00e3o2017.pdf\">Entre o amor e dinheiro: as tramas cotidianas das transa\u00e7\u00f5es econ\u00f4micas<\/a>.<\/strong><\/p>\n<p>Orientadora: Elaine da Silveira Leite.<\/p>\n<p>Data de Defesa: 03\/05\/2017.<\/p>\n","protected":false},"excerpt":{"rendered":"<p>ANA ESTELA VAZ XAVIER Trabalho de Conclus\u00e3o: A revitaliza\u00e7\u00e3o do mercado p\u00fablico de Pelotas e sua ressignifica\u00e7\u00e3o social. Orientadora: Maria Thereza Rosa Ribeiro. Data de Defesa: 09\/05\/2017. &nbsp; BERENICE DE LEMOS SILVA SALVADOR Trabalho de Conclus\u00e3o: Disposi\u00e7\u00f5es socializadores e ideal de profiss\u00e3o independente: um estudo de trajet\u00f3rias individuais de &#8220;pejotas&#8221; na cidade de Pelotas &#8211; [&hellip;]<\/p>\n","protected":false},"author":396,"featured_media":0,"parent":225,"menu_order":0,"comment_status":"closed","ping_status":"closed","template":"","meta":{"jetpack_post_was_ever_published":false,"footnotes":""},"class_list":["post-1925","page","type-page","status-publish","hentry"],"jetpack_sharing_enabled":true,"jetpack_shortlink":"https:\/\/wp.me\/P9dZ0f-v3","jetpack_likes_enabled":true,"jetpack-related-posts":[],"_links":{"self":[{"href":"https:\/\/wp.ufpel.edu.br\/ppgs\/wp-json\/wp\/v2\/pages\/1925","targetHints":{"allow":["GET"]}}],"collection":[{"href":"https:\/\/wp.ufpel.edu.br\/ppgs\/wp-json\/wp\/v2\/pages"}],"about":[{"href":"https:\/\/wp.ufpel.edu.br\/ppgs\/wp-json\/wp\/v2\/types\/page"}],"author":[{"embeddable":true,"href":"https:\/\/wp.ufpel.edu.br\/ppgs\/wp-json\/wp\/v2\/users\/396"}],"replies":[{"embeddable":true,"href":"https:\/\/wp.ufpel.edu.br\/ppgs\/wp-json\/wp\/v2\/comments?post=1925"}],"version-history":[{"count":25,"href":"https:\/\/wp.ufpel.edu.br\/ppgs\/wp-json\/wp\/v2\/pages\/1925\/revisions"}],"predecessor-version":[{"id":8908,"href":"https:\/\/wp.ufpel.edu.br\/ppgs\/wp-json\/wp\/v2\/pages\/1925\/revisions\/8908"}],"up":[{"embeddable":true,"href":"https:\/\/wp.ufpel.edu.br\/ppgs\/wp-json\/wp\/v2\/pages\/225"}],"wp:attachment":[{"href":"https:\/\/wp.ufpel.edu.br\/ppgs\/wp-json\/wp\/v2\/media?parent=1925"}],"curies":[{"name":"wp","href":"https:\/\/api.w.org\/{rel}","templated":true}]}}